{"id":9366,"date":"2024-10-07T10:13:08","date_gmt":"2024-10-07T10:13:08","guid":{"rendered":"https:\/\/simchocolate.com\/produto\/calabaza-de-chocolate-pintada\/"},"modified":"2025-12-02T17:13:27","modified_gmt":"2025-12-02T17:13:27","slug":"calabaza-de-chocolate-pintada","status":"publish","type":"product","link":"https:\/\/simchocolate.com\/es\/produto\/calabaza-de-chocolate-pintada\/","title":{"rendered":"Calabaza de chocolate pintada"},"content":{"rendered":"<h5 style=\"text-align: left\">Un Halloween lleno de sabor<\/h5>\n<p style=\"text-align: left\">La Calabaza de Chocolate Pintada es una aut\u00e9ntica obra maestra de la reposter\u00eda artesana, creada para impresionar y deleitar a los amantes del chocolate. Fabricada con chocolate de primera calidad, <g id=\"gid_0\">esta pieza est\u00e1 moldeada con precisi\u00f3n y decorada a mano por nuestros talentosos maestros chocolateros<\/g>, que dan vida a cada detalle con cuidadosas pinceladas y un acabado vibrante que resalta los rasgos realistas de una calabaza. Este meticuloso proceso de pintura utiliza t\u00e9cnicas especializadas, garantizando que cada pieza sea \u00fanica y visualmente impactante,<strong> ideal para crear un punto focal en las mesas de celebraci\u00f3n o para regalar como detalle sofisticado y creativo en cualquier ocasi\u00f3n especial, como Halloween<\/strong>, fiestas tem\u00e1ticas o eventos estacionales.  <\/p>\n<p style=\"text-align: left\">El chocolate utilizado no s\u00f3lo ofrece una experiencia visual, sino tambi\u00e9n un sabor excepcional. Con su textura cremosa y su extraordinario sabor, se funde en la boca, proporcionando una sensaci\u00f3n rica y complaciente que agrada a los paladares m\u00e1s exigentes. Esta calabaza es perfecta para quienes valoran la combinaci\u00f3n de est\u00e9tica y calidad gustativa, y es un producto que destaca por su versatilidad.  <\/p>\n<p style=\"text-align: left\"><strong style=\"letter-spacing: 0.01em\">*Mantener a una temperatura entre 16\u00ba &#8211; 20\u00ba grados<\/strong><\/p>\n<p style=\"text-align: left\"><strong>ATENCI\u00d3N:<\/strong> Al tratarse de un producto muy fr\u00e1gil, te recomendamos que lo recojas en nuestra tienda f\u00edsica.<\/p>\n<p>&nbsp;<\/p>\n","protected":false},"excerpt":{"rendered":"<p>Calabaza de chocolate pintada a mano, hecha con chocolate de alta calidad y decoraci\u00f3n art\u00edstica.<\/p>\n","protected":false},"featured_media":9367,"comment_status":"open","ping_status":"closed","template":"","meta":[],"product_brand":[],"product_cat":[190],"product_tag":[203],"class_list":{"0":"post-9366","1":"product","2":"type-product","3":"status-publish","4":"has-post-thumbnail","6":"product_cat-todo-el-chocolate","7":"product_tag-calabaza","9":"first","10":"outofstock","11":"featured","12":"shipping-taxable","13":"purchasable","14":"product-type-simple"},"yoast_head":"<!-- This site is optimized with the Yoast SEO plugin v27.5 - https:\/\/yoast.com\/product\/yoast-seo-wordpress\/ -->\n<title>Calabaza de chocolate pintada | SIM Chocolate<\/title>\n<meta name=\"description\" content=\"Sorprende con una calabaza de chocolate pintada a mano. Un dulce sofisticado, decorado a mano, perfecto para regalar en ocasiones especiales.\" \/>\n<meta name=\"robots\" content=\"index, follow, max-snippet:-1, max-image-preview:large, max-video-preview:-1\" \/>\n<link rel=\"canonical\" href=\"https:\/\/simchocolate.com\/es\/produto\/calabaza-de-chocolate-pintada\/\" \/>\n<meta property=\"og:locale\" content=\"es_ES\" \/>\n<meta property=\"og:type\" content=\"article\" \/>\n<meta property=\"og:title\" content=\"Calabaza de chocolate pintada | SIM Chocolate\" \/>\n<meta property=\"og:description\" content=\"Sorprende con una calabaza de chocolate pintada a mano. Un dulce sofisticado, decorado a mano, perfecto para regalar en ocasiones especiales.\" \/>\n<meta property=\"og:url\" content=\"https:\/\/simchocolate.com\/es\/produto\/calabaza-de-chocolate-pintada\/\" \/>\n<meta property=\"og:site_name\" content=\"SIM Chocolate\" \/>\n<meta property=\"article:publisher\" content=\"https:\/\/www.facebook.com\/SimBombons\" \/>\n<meta property=\"article:modified_time\" content=\"2025-12-02T17:13:27+00:00\" \/>\n<meta property=\"og:image\" content=\"https:\/\/simchocolate.com\/wp-content\/uploads\/2024\/10\/abobora2-scaled.jpg\" \/>\n\t<meta property=\"og:image:width\" content=\"2560\" \/>\n\t<meta property=\"og:image:height\" content=\"1707\" \/>\n\t<meta property=\"og:image:type\" content=\"image\/jpeg\" \/>\n<meta name=\"twitter:card\" content=\"summary_large_image\" \/>\n<meta name=\"twitter:label1\" content=\"Tiempo de lectura\" \/>\n\t<meta name=\"twitter:data1\" content=\"1 minuto\" \/>\n<script type=\"application\/ld+json\" class=\"yoast-schema-graph\">{\"@context\":\"https:\\\/\\\/schema.org\",\"@graph\":[{\"@type\":\"WebPage\",\"@id\":\"https:\\\/\\\/simchocolate.com\\\/es\\\/produto\\\/calabaza-de-chocolate-pintada\\\/\",\"url\":\"https:\\\/\\\/simchocolate.com\\\/es\\\/produto\\\/calabaza-de-chocolate-pintada\\\/\",\"name\":\"Calabaza de chocolate pintada | SIM Chocolate\",\"isPartOf\":{\"@id\":\"https:\\\/\\\/simchocolate.com\\\/es\\\/#website\"},\"primaryImageOfPage\":{\"@id\":\"https:\\\/\\\/simchocolate.com\\\/es\\\/produto\\\/calabaza-de-chocolate-pintada\\\/#primaryimage\"},\"image\":{\"@id\":\"https:\\\/\\\/simchocolate.com\\\/es\\\/produto\\\/calabaza-de-chocolate-pintada\\\/#primaryimage\"},\"thumbnailUrl\":\"https:\\\/\\\/simchocolate.com\\\/wp-content\\\/uploads\\\/2024\\\/10\\\/abobora2-scaled.jpg\",\"datePublished\":\"2024-10-07T10:13:08+00:00\",\"dateModified\":\"2025-12-02T17:13:27+00:00\",\"description\":\"Sorprende con una calabaza de chocolate pintada a mano. Un dulce sofisticado, decorado a mano, perfecto para regalar en ocasiones especiales.\",\"breadcrumb\":{\"@id\":\"https:\\\/\\\/simchocolate.com\\\/es\\\/produto\\\/calabaza-de-chocolate-pintada\\\/#breadcrumb\"},\"inLanguage\":\"es\",\"potentialAction\":[{\"@type\":\"ReadAction\",\"target\":[\"https:\\\/\\\/simchocolate.com\\\/es\\\/produto\\\/calabaza-de-chocolate-pintada\\\/\"]}]},{\"@type\":\"ImageObject\",\"inLanguage\":\"es\",\"@id\":\"https:\\\/\\\/simchocolate.com\\\/es\\\/produto\\\/calabaza-de-chocolate-pintada\\\/#primaryimage\",\"url\":\"https:\\\/\\\/simchocolate.com\\\/wp-content\\\/uploads\\\/2024\\\/10\\\/abobora2-scaled.jpg\",\"contentUrl\":\"https:\\\/\\\/simchocolate.com\\\/wp-content\\\/uploads\\\/2024\\\/10\\\/abobora2-scaled.jpg\",\"width\":2560,\"height\":1707,\"caption\":\"calabaza de chocolate pintada\"},{\"@type\":\"BreadcrumbList\",\"@id\":\"https:\\\/\\\/simchocolate.com\\\/es\\\/produto\\\/calabaza-de-chocolate-pintada\\\/#breadcrumb\",\"itemListElement\":[{\"@type\":\"ListItem\",\"position\":1,\"name\":\"In\u00edcio\",\"item\":\"https:\\\/\\\/simchocolate.com\\\/es\\\/\"},{\"@type\":\"ListItem\",\"position\":2,\"name\":\"Productos\",\"item\":\"https:\\\/\\\/simchocolate.com\\\/es\\\/shop\\\/\"},{\"@type\":\"ListItem\",\"position\":3,\"name\":\"Calabaza de chocolate pintada\"}]},{\"@type\":\"WebSite\",\"@id\":\"https:\\\/\\\/simchocolate.com\\\/es\\\/#website\",\"url\":\"https:\\\/\\\/simchocolate.com\\\/es\\\/\",\"name\":\"SIM Chocolate\",\"description\":\"Do amor incondicional entre uma m\u00e3e e sua filha, nasce a marca SIM Bombons no Natal de 2014\",\"potentialAction\":[{\"@type\":\"SearchAction\",\"target\":{\"@type\":\"EntryPoint\",\"urlTemplate\":\"https:\\\/\\\/simchocolate.com\\\/es\\\/?s={search_term_string}\"},\"query-input\":{\"@type\":\"PropertyValueSpecification\",\"valueRequired\":true,\"valueName\":\"search_term_string\"}}],\"inLanguage\":\"es\"}]}<\/script>\n<!-- \/ Yoast SEO plugin. -->","yoast_head_json":{"title":"Calabaza de chocolate pintada | SIM Chocolate","description":"Sorprende con una calabaza de chocolate pintada a mano. Un dulce sofisticado, decorado a mano, perfecto para regalar en ocasiones especiales.","robots":{"index":"index","follow":"follow","max-snippet":"max-snippet:-1","max-image-preview":"max-image-preview:large","max-video-preview":"max-video-preview:-1"},"canonical":"https:\/\/simchocolate.com\/es\/produto\/calabaza-de-chocolate-pintada\/","og_locale":"es_ES","og_type":"article","og_title":"Calabaza de chocolate pintada | SIM Chocolate","og_description":"Sorprende con una calabaza de chocolate pintada a mano. Un dulce sofisticado, decorado a mano, perfecto para regalar en ocasiones especiales.","og_url":"https:\/\/simchocolate.com\/es\/produto\/calabaza-de-chocolate-pintada\/","og_site_name":"SIM Chocolate","article_publisher":"https:\/\/www.facebook.com\/SimBombons","article_modified_time":"2025-12-02T17:13:27+00:00","og_image":[{"width":2560,"height":1707,"url":"https:\/\/simchocolate.com\/wp-content\/uploads\/2024\/10\/abobora2-scaled.jpg","type":"image\/jpeg"}],"twitter_card":"summary_large_image","twitter_misc":{"Tiempo de lectura":"1 minuto"},"schema":{"@context":"https:\/\/schema.org","@graph":[{"@type":"WebPage","@id":"https:\/\/simchocolate.com\/es\/produto\/calabaza-de-chocolate-pintada\/","url":"https:\/\/simchocolate.com\/es\/produto\/calabaza-de-chocolate-pintada\/","name":"Calabaza de chocolate pintada | SIM Chocolate","isPartOf":{"@id":"https:\/\/simchocolate.com\/es\/#website"},"primaryImageOfPage":{"@id":"https:\/\/simchocolate.com\/es\/produto\/calabaza-de-chocolate-pintada\/#primaryimage"},"image":{"@id":"https:\/\/simchocolate.com\/es\/produto\/calabaza-de-chocolate-pintada\/#primaryimage"},"thumbnailUrl":"https:\/\/simchocolate.com\/wp-content\/uploads\/2024\/10\/abobora2-scaled.jpg","datePublished":"2024-10-07T10:13:08+00:00","dateModified":"2025-12-02T17:13:27+00:00","description":"Sorprende con una calabaza de chocolate pintada a mano. Un dulce sofisticado, decorado a mano, perfecto para regalar en ocasiones especiales.","breadcrumb":{"@id":"https:\/\/simchocolate.com\/es\/produto\/calabaza-de-chocolate-pintada\/#breadcrumb"},"inLanguage":"es","potentialAction":[{"@type":"ReadAction","target":["https:\/\/simchocolate.com\/es\/produto\/calabaza-de-chocolate-pintada\/"]}]},{"@type":"ImageObject","inLanguage":"es","@id":"https:\/\/simchocolate.com\/es\/produto\/calabaza-de-chocolate-pintada\/#primaryimage","url":"https:\/\/simchocolate.com\/wp-content\/uploads\/2024\/10\/abobora2-scaled.jpg","contentUrl":"https:\/\/simchocolate.com\/wp-content\/uploads\/2024\/10\/abobora2-scaled.jpg","width":2560,"height":1707,"caption":"calabaza de chocolate pintada"},{"@type":"BreadcrumbList","@id":"https:\/\/simchocolate.com\/es\/produto\/calabaza-de-chocolate-pintada\/#breadcrumb","itemListElement":[{"@type":"ListItem","position":1,"name":"In\u00edcio","item":"https:\/\/simchocolate.com\/es\/"},{"@type":"ListItem","position":2,"name":"Productos","item":"https:\/\/simchocolate.com\/es\/shop\/"},{"@type":"ListItem","position":3,"name":"Calabaza de chocolate pintada"}]},{"@type":"WebSite","@id":"https:\/\/simchocolate.com\/es\/#website","url":"https:\/\/simchocolate.com\/es\/","name":"SIM Chocolate","description":"Do amor incondicional entre uma m\u00e3e e sua filha, nasce a marca SIM Bombons no Natal de 2014","potentialAction":[{"@type":"SearchAction","target":{"@type":"EntryPoint","urlTemplate":"https:\/\/simchocolate.com\/es\/?s={search_term_string}"},"query-input":{"@type":"PropertyValueSpecification","valueRequired":true,"valueName":"search_term_string"}}],"inLanguage":"es"}]}},"_links":{"self":[{"href":"https:\/\/simchocolate.com\/es\/wp-json\/wp\/v2\/product\/9366","targetHints":{"allow":["GET"]}}],"collection":[{"href":"https:\/\/simchocolate.com\/es\/wp-json\/wp\/v2\/product"}],"about":[{"href":"https:\/\/simchocolate.com\/es\/wp-json\/wp\/v2\/types\/product"}],"replies":[{"embeddable":true,"href":"https:\/\/simchocolate.com\/es\/wp-json\/wp\/v2\/comments?post=9366"}],"wp:featuredmedia":[{"embeddable":true,"href":"https:\/\/simchocolate.com\/es\/wp-json\/wp\/v2\/media\/9367"}],"wp:attachment":[{"href":"https:\/\/simchocolate.com\/es\/wp-json\/wp\/v2\/media?parent=9366"}],"wp:term":[{"taxonomy":"product_brand","embeddable":true,"href":"https:\/\/simchocolate.com\/es\/wp-json\/wp\/v2\/product_brand?post=9366"},{"taxonomy":"product_cat","embeddable":true,"href":"https:\/\/simchocolate.com\/es\/wp-json\/wp\/v2\/product_cat?post=9366"},{"taxonomy":"product_tag","embeddable":true,"href":"https:\/\/simchocolate.com\/es\/wp-json\/wp\/v2\/product_tag?post=9366"}],"curies":[{"name":"wp","href":"https:\/\/api.w.org\/{rel}","templated":true}]}}