{"id":9372,"date":"2024-04-19T14:17:28","date_gmt":"2024-04-19T14:17:28","guid":{"rendered":"https:\/\/simchocolate.com\/produto\/mi-queen-raspberry-tablet-dubai\/"},"modified":"2024-04-19T14:17:28","modified_gmt":"2024-04-19T14:17:28","slug":"mi-queen-raspberry-tablet-dubai","status":"publish","type":"product","link":"https:\/\/simchocolate.com\/es\/produto\/mi-queen-raspberry-tablet-dubai\/","title":{"rendered":"Mi Queen Raspberry Tablet Dubai"},"content":{"rendered":"<h4 style=\"text-align: left\">Un encuentro ex\u00f3tico entre intensidad y frescura<\/h4>\n<p class=\"\" style=\"text-align: left\" data-start=\"787\" data-end=\"1115\">D\u00e9jate envolver por la sofisticaci\u00f3n de nuestra <strong data-start=\"832\" data-end=\"891\">Tableta de Chocolate Negro con Frambuesa y Pastel Kadaif<\/strong>, una creaci\u00f3n audaz y memorable que lleva el chocolate a una nueva dimensi\u00f3n sensorial. Ideal para los verdaderos conocedores de sabores \u00fanicos, esta tableta combina lo mejor de la confiter\u00eda artesanal con un toque de innovaci\u00f3n. <\/p>\n<p class=\"\" style=\"text-align: left\" data-start=\"1117\" data-end=\"1538\">La base de <strong data-start=\"1127\" data-end=\"1154\">chocolate negro de primera calidad<\/strong> proporciona una intensidad rica y profunda, perfecta para realzar los elementos que lo acompa\u00f1an. La <g id=\"gid_1\">frambuesa<\/g>, con su suave acidez afrutada, introduce un refrescante contraste que equilibra armoniosamente la fuerza del cacao. Para rematar, la <strong data-start=\"1404\" data-end=\"1420\">masa kadaif<\/strong> -crujiente y ligera- a\u00f1ade una textura sorprendente, haciendo de cada bocado una experiencia envolvente y distintiva.  <\/p>\n<p class=\"\" style=\"text-align: left\" data-start=\"1540\" data-end=\"1736\">Esta tableta no es s\u00f3lo un chocolate, es un momento. Ideal para regalar o saborear durante una pausa sofisticada, te transporta a un universo de sabores intensos y elegantes contrastes. <\/p>\n<p class=\"\" style=\"text-align: left\" data-start=\"1738\" data-end=\"1965\">Elaborada con ingredientes cuidadosamente seleccionados, la <strong data-start=\"1796\" data-end=\"1855\">Tableta de Chocolate Negro con Frambuesas y Pasta Kadaif<\/strong> es tambi\u00e9n una excelente elecci\u00f3n para quienes valoran la originalidad, la calidad y las sensaciones aut\u00e9nticas en el paladar.<\/p>\n<h5 style=\"text-align: left\" data-start=\"1967\" data-end=\"2043\">M\u00e9todo de conservaci\u00f3n:<\/h5>\n<p style=\"text-align: left\" data-start=\"1967\" data-end=\"2043\"><br data-start=\"1991\" data-end=\"1994\"><em data-start=\"1994\" data-end=\"2042\">Cons\u00e9rvala a una temperatura de entre 16\u00ba y 20\u00ba Celsius<\/em>.<\/p>\n","protected":false},"excerpt":{"rendered":"<p>Nuestra Tableta de Chocolate con Frambuesa combina un sabor intenso, notas afrutadas y una textura sorprendente.<\/p>\n<p>&nbsp;<\/p>\n","protected":false},"featured_media":9386,"comment_status":"open","ping_status":"closed","template":"","meta":[],"product_brand":[],"product_cat":[200],"product_tag":[],"class_list":{"0":"post-9372","1":"product","2":"type-product","3":"status-publish","4":"has-post-thumbnail","6":"product_cat-tabletas-de-chocolate","7":"edicoes-especial-si","9":"first","10":"instock","11":"shipping-taxable","12":"purchasable","13":"product-type-simple"},"yoast_head":"<!-- This site is optimized with the Yoast SEO plugin v27.2 - https:\/\/yoast.com\/product\/yoast-seo-wordpress\/ -->\n<title>Tableta de chocolate y frambuesa | SIM Chocolate%<\/title>\n<meta name=\"description\" content=\"Descubre nuestra elegante tableta de chocolate negro con frambuesas y pasta kadaif: una sofisticada combinaci\u00f3n de intensidad, frescura y textura crujiente.\" \/>\n<meta name=\"robots\" content=\"index, follow, max-snippet:-1, max-image-preview:large, max-video-preview:-1\" \/>\n<link rel=\"canonical\" href=\"https:\/\/simchocolate.com\/es\/produto\/mi-queen-raspberry-tablet-dubai\/\" \/>\n<meta property=\"og:locale\" content=\"es_ES\" \/>\n<meta property=\"og:type\" content=\"article\" \/>\n<meta property=\"og:title\" content=\"Tableta de chocolate y frambuesa | SIM Chocolate%\" \/>\n<meta property=\"og:description\" content=\"Descubre nuestra elegante tableta de chocolate negro con frambuesas y pasta kadaif: una sofisticada combinaci\u00f3n de intensidad, frescura y textura crujiente.\" \/>\n<meta property=\"og:url\" content=\"https:\/\/simchocolate.com\/es\/produto\/mi-queen-raspberry-tablet-dubai\/\" \/>\n<meta property=\"og:site_name\" content=\"SIM Chocolate\" \/>\n<meta property=\"article:publisher\" content=\"https:\/\/www.facebook.com\/SimBombons\" \/>\n<meta property=\"og:image\" content=\"https:\/\/simchocolate.com\/wp-content\/uploads\/2024\/04\/tablete-scaled.jpg\" \/>\n\t<meta property=\"og:image:width\" content=\"2560\" \/>\n\t<meta property=\"og:image:height\" content=\"2560\" \/>\n\t<meta property=\"og:image:type\" content=\"image\/jpeg\" \/>\n<meta name=\"twitter:card\" content=\"summary_large_image\" \/>\n<meta name=\"twitter:label1\" content=\"Tiempo de lectura\" \/>\n\t<meta name=\"twitter:data1\" content=\"1 minuto\" \/>\n<script type=\"application\/ld+json\" class=\"yoast-schema-graph\">{\"@context\":\"https:\/\/schema.org\",\"@graph\":[{\"@type\":\"WebPage\",\"@id\":\"https:\/\/simchocolate.com\/es\/produto\/mi-queen-raspberry-tablet-dubai\/\",\"url\":\"https:\/\/simchocolate.com\/es\/produto\/mi-queen-raspberry-tablet-dubai\/\",\"name\":\"Tableta de chocolate y frambuesa | SIM Chocolate%\",\"isPartOf\":{\"@id\":\"https:\/\/simchocolate.com\/es\/#website\"},\"primaryImageOfPage\":{\"@id\":\"https:\/\/simchocolate.com\/es\/produto\/mi-queen-raspberry-tablet-dubai\/#primaryimage\"},\"image\":{\"@id\":\"https:\/\/simchocolate.com\/es\/produto\/mi-queen-raspberry-tablet-dubai\/#primaryimage\"},\"thumbnailUrl\":\"https:\/\/simchocolate.com\/wp-content\/uploads\/2024\/04\/tablete-scaled.jpg\",\"datePublished\":\"2024-04-19T14:17:28+00:00\",\"description\":\"Descubre nuestra elegante tableta de chocolate negro con frambuesas y pasta kadaif: una sofisticada combinaci\u00f3n de intensidad, frescura y textura crujiente.\",\"breadcrumb\":{\"@id\":\"https:\/\/simchocolate.com\/es\/produto\/mi-queen-raspberry-tablet-dubai\/#breadcrumb\"},\"inLanguage\":\"es\",\"potentialAction\":[{\"@type\":\"ReadAction\",\"target\":[\"https:\/\/simchocolate.com\/es\/produto\/mi-queen-raspberry-tablet-dubai\/\"]}]},{\"@type\":\"ImageObject\",\"inLanguage\":\"es\",\"@id\":\"https:\/\/simchocolate.com\/es\/produto\/mi-queen-raspberry-tablet-dubai\/#primaryimage\",\"url\":\"https:\/\/simchocolate.com\/wp-content\/uploads\/2024\/04\/tablete-scaled.jpg\",\"contentUrl\":\"https:\/\/simchocolate.com\/wp-content\/uploads\/2024\/04\/tablete-scaled.jpg\",\"width\":2560,\"height\":2560,\"caption\":\"Tablete de Chocolate Framboesa\"},{\"@type\":\"BreadcrumbList\",\"@id\":\"https:\/\/simchocolate.com\/es\/produto\/mi-queen-raspberry-tablet-dubai\/#breadcrumb\",\"itemListElement\":[{\"@type\":\"ListItem\",\"position\":1,\"name\":\"In\u00edcio\",\"item\":\"https:\/\/simchocolate.com\/es\/\"},{\"@type\":\"ListItem\",\"position\":2,\"name\":\"Productos\",\"item\":\"https:\/\/simchocolate.com\/es\/shop\/\"},{\"@type\":\"ListItem\",\"position\":3,\"name\":\"Mi Queen Raspberry Tablet Dubai\"}]},{\"@type\":\"WebSite\",\"@id\":\"https:\/\/simchocolate.com\/es\/#website\",\"url\":\"https:\/\/simchocolate.com\/es\/\",\"name\":\"SIM Chocolate\",\"description\":\"Do amor incondicional entre uma m\u00e3e e sua filha, nasce a marca SIM Bombons no Natal de 2014\",\"potentialAction\":[{\"@type\":\"SearchAction\",\"target\":{\"@type\":\"EntryPoint\",\"urlTemplate\":\"https:\/\/simchocolate.com\/es\/?s={search_term_string}\"},\"query-input\":{\"@type\":\"PropertyValueSpecification\",\"valueRequired\":true,\"valueName\":\"search_term_string\"}}],\"inLanguage\":\"es\"}]}<\/script>\n<!-- \/ Yoast SEO plugin. -->","yoast_head_json":{"title":"Tableta de chocolate y frambuesa | SIM Chocolate%","description":"Descubre nuestra elegante tableta de chocolate negro con frambuesas y pasta kadaif: una sofisticada combinaci\u00f3n de intensidad, frescura y textura crujiente.","robots":{"index":"index","follow":"follow","max-snippet":"max-snippet:-1","max-image-preview":"max-image-preview:large","max-video-preview":"max-video-preview:-1"},"canonical":"https:\/\/simchocolate.com\/es\/produto\/mi-queen-raspberry-tablet-dubai\/","og_locale":"es_ES","og_type":"article","og_title":"Tableta de chocolate y frambuesa | SIM Chocolate%","og_description":"Descubre nuestra elegante tableta de chocolate negro con frambuesas y pasta kadaif: una sofisticada combinaci\u00f3n de intensidad, frescura y textura crujiente.","og_url":"https:\/\/simchocolate.com\/es\/produto\/mi-queen-raspberry-tablet-dubai\/","og_site_name":"SIM Chocolate","article_publisher":"https:\/\/www.facebook.com\/SimBombons","og_image":[{"width":2560,"height":2560,"url":"https:\/\/simchocolate.com\/wp-content\/uploads\/2024\/04\/tablete-scaled.jpg","type":"image\/jpeg"}],"twitter_card":"summary_large_image","twitter_misc":{"Tiempo de lectura":"1 minuto"},"schema":{"@context":"https:\/\/schema.org","@graph":[{"@type":"WebPage","@id":"https:\/\/simchocolate.com\/es\/produto\/mi-queen-raspberry-tablet-dubai\/","url":"https:\/\/simchocolate.com\/es\/produto\/mi-queen-raspberry-tablet-dubai\/","name":"Tableta de chocolate y frambuesa | SIM Chocolate%","isPartOf":{"@id":"https:\/\/simchocolate.com\/es\/#website"},"primaryImageOfPage":{"@id":"https:\/\/simchocolate.com\/es\/produto\/mi-queen-raspberry-tablet-dubai\/#primaryimage"},"image":{"@id":"https:\/\/simchocolate.com\/es\/produto\/mi-queen-raspberry-tablet-dubai\/#primaryimage"},"thumbnailUrl":"https:\/\/simchocolate.com\/wp-content\/uploads\/2024\/04\/tablete-scaled.jpg","datePublished":"2024-04-19T14:17:28+00:00","description":"Descubre nuestra elegante tableta de chocolate negro con frambuesas y pasta kadaif: una sofisticada combinaci\u00f3n de intensidad, frescura y textura crujiente.","breadcrumb":{"@id":"https:\/\/simchocolate.com\/es\/produto\/mi-queen-raspberry-tablet-dubai\/#breadcrumb"},"inLanguage":"es","potentialAction":[{"@type":"ReadAction","target":["https:\/\/simchocolate.com\/es\/produto\/mi-queen-raspberry-tablet-dubai\/"]}]},{"@type":"ImageObject","inLanguage":"es","@id":"https:\/\/simchocolate.com\/es\/produto\/mi-queen-raspberry-tablet-dubai\/#primaryimage","url":"https:\/\/simchocolate.com\/wp-content\/uploads\/2024\/04\/tablete-scaled.jpg","contentUrl":"https:\/\/simchocolate.com\/wp-content\/uploads\/2024\/04\/tablete-scaled.jpg","width":2560,"height":2560,"caption":"Tablete de Chocolate Framboesa"},{"@type":"BreadcrumbList","@id":"https:\/\/simchocolate.com\/es\/produto\/mi-queen-raspberry-tablet-dubai\/#breadcrumb","itemListElement":[{"@type":"ListItem","position":1,"name":"In\u00edcio","item":"https:\/\/simchocolate.com\/es\/"},{"@type":"ListItem","position":2,"name":"Productos","item":"https:\/\/simchocolate.com\/es\/shop\/"},{"@type":"ListItem","position":3,"name":"Mi Queen Raspberry Tablet Dubai"}]},{"@type":"WebSite","@id":"https:\/\/simchocolate.com\/es\/#website","url":"https:\/\/simchocolate.com\/es\/","name":"SIM Chocolate","description":"Do amor incondicional entre uma m\u00e3e e sua filha, nasce a marca SIM Bombons no Natal de 2014","potentialAction":[{"@type":"SearchAction","target":{"@type":"EntryPoint","urlTemplate":"https:\/\/simchocolate.com\/es\/?s={search_term_string}"},"query-input":{"@type":"PropertyValueSpecification","valueRequired":true,"valueName":"search_term_string"}}],"inLanguage":"es"}]}},"_links":{"self":[{"href":"https:\/\/simchocolate.com\/es\/wp-json\/wp\/v2\/product\/9372","targetHints":{"allow":["GET"]}}],"collection":[{"href":"https:\/\/simchocolate.com\/es\/wp-json\/wp\/v2\/product"}],"about":[{"href":"https:\/\/simchocolate.com\/es\/wp-json\/wp\/v2\/types\/product"}],"replies":[{"embeddable":true,"href":"https:\/\/simchocolate.com\/es\/wp-json\/wp\/v2\/comments?post=9372"}],"wp:featuredmedia":[{"embeddable":true,"href":"https:\/\/simchocolate.com\/es\/wp-json\/wp\/v2\/media\/9386"}],"wp:attachment":[{"href":"https:\/\/simchocolate.com\/es\/wp-json\/wp\/v2\/media?parent=9372"}],"wp:term":[{"taxonomy":"product_brand","embeddable":true,"href":"https:\/\/simchocolate.com\/es\/wp-json\/wp\/v2\/product_brand?post=9372"},{"taxonomy":"product_cat","embeddable":true,"href":"https:\/\/simchocolate.com\/es\/wp-json\/wp\/v2\/product_cat?post=9372"},{"taxonomy":"product_tag","embeddable":true,"href":"https:\/\/simchocolate.com\/es\/wp-json\/wp\/v2\/product_tag?post=9372"}],"curies":[{"name":"wp","href":"https:\/\/api.w.org\/{rel}","templated":true}]}}