{"id":9393,"date":"2024-05-22T09:34:43","date_gmt":"2024-05-22T09:34:43","guid":{"rendered":"https:\/\/simchocolate.com\/produto\/caja-de-2-bombones-profesion-de-fe\/"},"modified":"2025-12-02T17:13:33","modified_gmt":"2025-12-02T17:13:33","slug":"caja-de-2-bombones-profesion-de-fe","status":"publish","type":"product","link":"https:\/\/simchocolate.com\/es\/produto\/caja-de-2-bombones-profesion-de-fe\/","title":{"rendered":"Caja de 2 bombones Profesi\u00f3n de fe"},"content":{"rendered":"<h5 style=\"text-align: left\"><strong>Dulzura y Elegancia para un D\u00eda Inolvidable<\/strong><\/h5>\n<p style=\"text-align: left\">Celebra tu bautizo de una forma realmente especial con nuestra caja de 2 bombones \u00abProfesi\u00f3n de fe\u00bb. Esta exclusiva selecci\u00f3n de bombones hechos a mano es una forma encantadora y deliciosa de <g id=\"gid_0\">celebrar uno de los momentos m\u00e1s importantes y sagrados de la vida<\/g>. Perfecta para regalar o para disfrutar en fiestas de profesi\u00f3n de fe, esta caja es la encarnaci\u00f3n de la elegancia y la sofisticaci\u00f3n.  <\/p>\n<p style=\"text-align: left\">Cada bomb\u00f3n se elabora cuidadosamente con chocolate de primera calidad. El suave y lujoso exterior de chocolate se funde en la boca, revelando deliciosos rellenos que deleitan el paladar. Esta armoniosa combinaci\u00f3n ofrece una experiencia gustativa refinada e irresistible.  <\/p>\n<p style=\"text-align: left\"><strong>Ideal para regalar a los padres, padrinos, invitados o como recuerdo especial del d\u00eda.<\/strong>  La sencillez y sofisticaci\u00f3n de los bombones hacen que este regalo sea apto para todas las edades y gustos, garantizando que todos puedan disfrutar de la dulzura de este d\u00eda tan especial.<\/p>\n<p style=\"text-align: left\">Eleva la celebraci\u00f3n de este d\u00eda con una experiencia gourmet que ser\u00e1 recordada y apreciada.<\/p>\n","protected":false},"excerpt":{"rendered":"<p>Celebra un d\u00eda \u00fanico con nuestra caja de 2 bombones artesanales con un envoltorio sofisticado y un sabor \u00fanico, ofreciendo a tus invitados un recuerdo dulce e inolvidable.<\/p>\n<p>Personalizaci\u00f3n especial: Es posible personalizar <strong>la caja<\/strong> con un toque m\u00e1s personal, como el nombre del ni\u00f1o y\/o la fecha de profesi\u00f3n de fe. (Para este tipo de personalizaci\u00f3n, ponte en contacto con <strong>910271695 o susana@simchocolate.com<\/strong> antes de comprar <strong>)<\/strong> <\/p>\n","protected":false},"featured_media":9394,"comment_status":"closed","ping_status":"closed","template":"","meta":[],"product_brand":[],"product_cat":[190],"product_tag":[],"class_list":{"0":"post-9393","1":"product","2":"type-product","3":"status-publish","4":"has-post-thumbnail","6":"product_cat-todo-el-chocolate","7":"edicoes-recuerdos-de-chocolate","9":"first","10":"instock","11":"shipping-taxable","12":"purchasable","13":"product-type-simple"},"yoast_head":"<!-- This site is optimized with the Yoast SEO plugin v27.2 - https:\/\/yoast.com\/product\/yoast-seo-wordpress\/ -->\n<title>Profesi\u00f3n de fe | Caja de 2 bombones<\/title>\n<meta name=\"description\" content=\"Celebra la profesi\u00f3n de fe con 2 bombones hechos a mano con un envoltorio sofisticado y un sabor \u00fanico, ofreciendo a tus invitados un recuerdo inolvidable.\" \/>\n<meta name=\"robots\" content=\"index, follow, max-snippet:-1, max-image-preview:large, max-video-preview:-1\" \/>\n<link rel=\"canonical\" href=\"https:\/\/simchocolate.com\/es\/produto\/caja-de-2-bombones-profesion-de-fe\/\" \/>\n<meta property=\"og:locale\" content=\"es_ES\" \/>\n<meta property=\"og:type\" content=\"article\" \/>\n<meta property=\"og:title\" content=\"Profesi\u00f3n de fe | Caja de 2 bombones\" \/>\n<meta property=\"og:description\" content=\"Celebra la profesi\u00f3n de fe con 2 bombones hechos a mano con un envoltorio sofisticado y un sabor \u00fanico, ofreciendo a tus invitados un recuerdo inolvidable.\" \/>\n<meta property=\"og:url\" content=\"https:\/\/simchocolate.com\/es\/produto\/caja-de-2-bombones-profesion-de-fe\/\" \/>\n<meta property=\"og:site_name\" content=\"SIM Chocolate\" \/>\n<meta property=\"article:publisher\" content=\"https:\/\/www.facebook.com\/SimBombons\" \/>\n<meta property=\"article:modified_time\" content=\"2025-12-02T17:13:33+00:00\" \/>\n<meta property=\"og:image\" content=\"https:\/\/simchocolate.com\/wp-content\/uploads\/2024\/05\/BX0059.jpg\" \/>\n\t<meta property=\"og:image:width\" content=\"1150\" \/>\n\t<meta property=\"og:image:height\" content=\"1150\" \/>\n\t<meta property=\"og:image:type\" content=\"image\/jpeg\" \/>\n<meta name=\"twitter:card\" content=\"summary_large_image\" \/>\n<meta name=\"twitter:label1\" content=\"Tiempo de lectura\" \/>\n\t<meta name=\"twitter:data1\" content=\"1 minuto\" \/>\n<script type=\"application\/ld+json\" class=\"yoast-schema-graph\">{\"@context\":\"https:\/\/schema.org\",\"@graph\":[{\"@type\":\"WebPage\",\"@id\":\"https:\/\/simchocolate.com\/es\/produto\/caja-de-2-bombones-profesion-de-fe\/\",\"url\":\"https:\/\/simchocolate.com\/es\/produto\/caja-de-2-bombones-profesion-de-fe\/\",\"name\":\"Profesi\u00f3n de fe | Caja de 2 bombones\",\"isPartOf\":{\"@id\":\"https:\/\/simchocolate.com\/es\/#website\"},\"primaryImageOfPage\":{\"@id\":\"https:\/\/simchocolate.com\/es\/produto\/caja-de-2-bombones-profesion-de-fe\/#primaryimage\"},\"image\":{\"@id\":\"https:\/\/simchocolate.com\/es\/produto\/caja-de-2-bombones-profesion-de-fe\/#primaryimage\"},\"thumbnailUrl\":\"https:\/\/simchocolate.com\/wp-content\/uploads\/2024\/05\/BX0059.jpg\",\"datePublished\":\"2024-05-22T09:34:43+00:00\",\"dateModified\":\"2025-12-02T17:13:33+00:00\",\"description\":\"Celebra la profesi\u00f3n de fe con 2 bombones hechos a mano con un envoltorio sofisticado y un sabor \u00fanico, ofreciendo a tus invitados un recuerdo inolvidable.\",\"breadcrumb\":{\"@id\":\"https:\/\/simchocolate.com\/es\/produto\/caja-de-2-bombones-profesion-de-fe\/#breadcrumb\"},\"inLanguage\":\"es\",\"potentialAction\":[{\"@type\":\"ReadAction\",\"target\":[\"https:\/\/simchocolate.com\/es\/produto\/caja-de-2-bombones-profesion-de-fe\/\"]}]},{\"@type\":\"ImageObject\",\"inLanguage\":\"es\",\"@id\":\"https:\/\/simchocolate.com\/es\/produto\/caja-de-2-bombones-profesion-de-fe\/#primaryimage\",\"url\":\"https:\/\/simchocolate.com\/wp-content\/uploads\/2024\/05\/BX0059.jpg\",\"contentUrl\":\"https:\/\/simchocolate.com\/wp-content\/uploads\/2024\/05\/BX0059.jpg\",\"width\":1150,\"height\":1150,\"caption\":\"caja de 2 bombones alusivos a la profesi\u00f3n de fe\"},{\"@type\":\"BreadcrumbList\",\"@id\":\"https:\/\/simchocolate.com\/es\/produto\/caja-de-2-bombones-profesion-de-fe\/#breadcrumb\",\"itemListElement\":[{\"@type\":\"ListItem\",\"position\":1,\"name\":\"In\u00edcio\",\"item\":\"https:\/\/simchocolate.com\/es\/\"},{\"@type\":\"ListItem\",\"position\":2,\"name\":\"Productos\",\"item\":\"https:\/\/simchocolate.com\/es\/shop\/\"},{\"@type\":\"ListItem\",\"position\":3,\"name\":\"Caja de 2 bombones Profesi\u00f3n de fe\"}]},{\"@type\":\"WebSite\",\"@id\":\"https:\/\/simchocolate.com\/es\/#website\",\"url\":\"https:\/\/simchocolate.com\/es\/\",\"name\":\"SIM Chocolate\",\"description\":\"Do amor incondicional entre uma m\u00e3e e sua filha, nasce a marca SIM Bombons no Natal de 2014\",\"potentialAction\":[{\"@type\":\"SearchAction\",\"target\":{\"@type\":\"EntryPoint\",\"urlTemplate\":\"https:\/\/simchocolate.com\/es\/?s={search_term_string}\"},\"query-input\":{\"@type\":\"PropertyValueSpecification\",\"valueRequired\":true,\"valueName\":\"search_term_string\"}}],\"inLanguage\":\"es\"}]}<\/script>\n<!-- \/ Yoast SEO plugin. -->","yoast_head_json":{"title":"Profesi\u00f3n de fe | Caja de 2 bombones","description":"Celebra la profesi\u00f3n de fe con 2 bombones hechos a mano con un envoltorio sofisticado y un sabor \u00fanico, ofreciendo a tus invitados un recuerdo inolvidable.","robots":{"index":"index","follow":"follow","max-snippet":"max-snippet:-1","max-image-preview":"max-image-preview:large","max-video-preview":"max-video-preview:-1"},"canonical":"https:\/\/simchocolate.com\/es\/produto\/caja-de-2-bombones-profesion-de-fe\/","og_locale":"es_ES","og_type":"article","og_title":"Profesi\u00f3n de fe | Caja de 2 bombones","og_description":"Celebra la profesi\u00f3n de fe con 2 bombones hechos a mano con un envoltorio sofisticado y un sabor \u00fanico, ofreciendo a tus invitados un recuerdo inolvidable.","og_url":"https:\/\/simchocolate.com\/es\/produto\/caja-de-2-bombones-profesion-de-fe\/","og_site_name":"SIM Chocolate","article_publisher":"https:\/\/www.facebook.com\/SimBombons","article_modified_time":"2025-12-02T17:13:33+00:00","og_image":[{"width":1150,"height":1150,"url":"https:\/\/simchocolate.com\/wp-content\/uploads\/2024\/05\/BX0059.jpg","type":"image\/jpeg"}],"twitter_card":"summary_large_image","twitter_misc":{"Tiempo de lectura":"1 minuto"},"schema":{"@context":"https:\/\/schema.org","@graph":[{"@type":"WebPage","@id":"https:\/\/simchocolate.com\/es\/produto\/caja-de-2-bombones-profesion-de-fe\/","url":"https:\/\/simchocolate.com\/es\/produto\/caja-de-2-bombones-profesion-de-fe\/","name":"Profesi\u00f3n de fe | Caja de 2 bombones","isPartOf":{"@id":"https:\/\/simchocolate.com\/es\/#website"},"primaryImageOfPage":{"@id":"https:\/\/simchocolate.com\/es\/produto\/caja-de-2-bombones-profesion-de-fe\/#primaryimage"},"image":{"@id":"https:\/\/simchocolate.com\/es\/produto\/caja-de-2-bombones-profesion-de-fe\/#primaryimage"},"thumbnailUrl":"https:\/\/simchocolate.com\/wp-content\/uploads\/2024\/05\/BX0059.jpg","datePublished":"2024-05-22T09:34:43+00:00","dateModified":"2025-12-02T17:13:33+00:00","description":"Celebra la profesi\u00f3n de fe con 2 bombones hechos a mano con un envoltorio sofisticado y un sabor \u00fanico, ofreciendo a tus invitados un recuerdo inolvidable.","breadcrumb":{"@id":"https:\/\/simchocolate.com\/es\/produto\/caja-de-2-bombones-profesion-de-fe\/#breadcrumb"},"inLanguage":"es","potentialAction":[{"@type":"ReadAction","target":["https:\/\/simchocolate.com\/es\/produto\/caja-de-2-bombones-profesion-de-fe\/"]}]},{"@type":"ImageObject","inLanguage":"es","@id":"https:\/\/simchocolate.com\/es\/produto\/caja-de-2-bombones-profesion-de-fe\/#primaryimage","url":"https:\/\/simchocolate.com\/wp-content\/uploads\/2024\/05\/BX0059.jpg","contentUrl":"https:\/\/simchocolate.com\/wp-content\/uploads\/2024\/05\/BX0059.jpg","width":1150,"height":1150,"caption":"caja de 2 bombones alusivos a la profesi\u00f3n de fe"},{"@type":"BreadcrumbList","@id":"https:\/\/simchocolate.com\/es\/produto\/caja-de-2-bombones-profesion-de-fe\/#breadcrumb","itemListElement":[{"@type":"ListItem","position":1,"name":"In\u00edcio","item":"https:\/\/simchocolate.com\/es\/"},{"@type":"ListItem","position":2,"name":"Productos","item":"https:\/\/simchocolate.com\/es\/shop\/"},{"@type":"ListItem","position":3,"name":"Caja de 2 bombones Profesi\u00f3n de fe"}]},{"@type":"WebSite","@id":"https:\/\/simchocolate.com\/es\/#website","url":"https:\/\/simchocolate.com\/es\/","name":"SIM Chocolate","description":"Do amor incondicional entre uma m\u00e3e e sua filha, nasce a marca SIM Bombons no Natal de 2014","potentialAction":[{"@type":"SearchAction","target":{"@type":"EntryPoint","urlTemplate":"https:\/\/simchocolate.com\/es\/?s={search_term_string}"},"query-input":{"@type":"PropertyValueSpecification","valueRequired":true,"valueName":"search_term_string"}}],"inLanguage":"es"}]}},"_links":{"self":[{"href":"https:\/\/simchocolate.com\/es\/wp-json\/wp\/v2\/product\/9393","targetHints":{"allow":["GET"]}}],"collection":[{"href":"https:\/\/simchocolate.com\/es\/wp-json\/wp\/v2\/product"}],"about":[{"href":"https:\/\/simchocolate.com\/es\/wp-json\/wp\/v2\/types\/product"}],"replies":[{"embeddable":true,"href":"https:\/\/simchocolate.com\/es\/wp-json\/wp\/v2\/comments?post=9393"}],"wp:featuredmedia":[{"embeddable":true,"href":"https:\/\/simchocolate.com\/es\/wp-json\/wp\/v2\/media\/9394"}],"wp:attachment":[{"href":"https:\/\/simchocolate.com\/es\/wp-json\/wp\/v2\/media?parent=9393"}],"wp:term":[{"taxonomy":"product_brand","embeddable":true,"href":"https:\/\/simchocolate.com\/es\/wp-json\/wp\/v2\/product_brand?post=9393"},{"taxonomy":"product_cat","embeddable":true,"href":"https:\/\/simchocolate.com\/es\/wp-json\/wp\/v2\/product_cat?post=9393"},{"taxonomy":"product_tag","embeddable":true,"href":"https:\/\/simchocolate.com\/es\/wp-json\/wp\/v2\/product_tag?post=9393"}],"curies":[{"name":"wp","href":"https:\/\/api.w.org\/{rel}","templated":true}]}}