{"id":9399,"date":"2024-04-19T14:09:41","date_gmt":"2024-04-19T14:09:41","guid":{"rendered":"https:\/\/simchocolate.com\/produto\/caja-de-2-bombones-my-queen\/"},"modified":"2024-04-19T14:09:41","modified_gmt":"2024-04-19T14:09:41","slug":"caja-de-2-bombones-my-queen","status":"publish","type":"product","link":"https:\/\/simchocolate.com\/es\/produto\/caja-de-2-bombones-my-queen\/","title":{"rendered":"Caja de 2 bombones My Queen"},"content":{"rendered":"<h4 class=\"\" style=\"text-align: left\" data-start=\"761\" data-end=\"813\">Dos sabores, un gesto de amor inolvidable<\/h4>\n<p class=\"\" style=\"text-align: left\" data-start=\"815\" data-end=\"1123\">D\u00e9jate sorprender por la ternura y la elegancia de nuestra Caja de 2 Bombones Mi Reina, creada para rendir un homenaje especial a la mujer m\u00e1s importante de tu vida. Ya sea para celebrar <strong data-start=\"994\" data-end=\"1008\">el D\u00eda de la Madre<\/strong>, un cumplea\u00f1os o simplemente para expresar gratitud, esta peque\u00f1a caja de bombones ofrece un gran impacto emocional. <\/p>\n<p class=\"\" style=\"text-align: left\" data-start=\"1125\" data-end=\"1294\">En esta edici\u00f3n exclusiva, cada bomb\u00f3n tiene la forma de una delicada flor y est\u00e1<strong> cuidadosamente preparado con chocolate de primera calidad e ingredientes inspirados en nuestra gama de Dubai:<\/strong><\/p>\n<ul style=\"text-align: left\" data-start=\"1295\" data-end=\"1579\">\n<li class=\"\" data-start=\"1295\" data-end=\"1436\">\n<p class=\"\" data-start=\"1297\" data-end=\"1436\"><strong data-start=\"1297\" data-end=\"1339\">1 Bomb\u00f3n de Frambuesa con Masa Kadaif<\/strong>, con su sabor afrutado y su textura crujiente, proporciona una sensaci\u00f3n refrescante y sofisticada;<\/p>\n<\/li>\n<li class=\"\" data-start=\"1437\" data-end=\"1579\">\n<p class=\"\" data-start=\"1439\" data-end=\"1579\"><strong data-start=\"1439\" data-end=\"1488\">1 Bomb\u00f3n de Caramelo Salado con Masa Kadaif<\/strong>, que combina el dulzor envolvente con un toque salado, equilibrando el paladar con elegancia.<\/p>\n<\/li>\n<\/ul>\n<p class=\"\" style=\"text-align: left\" data-start=\"1581\" data-end=\"1812\">Estos dos sabores contrastados y complementarios se han dise\u00f1ado para crear una experiencia de degustaci\u00f3n \u00fanica. La masa kadaif aporta una textura sorprendente, realzando a\u00fan m\u00e1s la calidad y el refinamiento del chocolate utilizado. <\/p>\n<p class=\"\" style=\"text-align: left\" data-start=\"1814\" data-end=\"2053\">Peque\u00f1a en tama\u00f1o pero enorme en simbolismo, esta caja es perfecta como regalo delicado y memorable. Ideal para quienes valoran el detalle, el buen gusto y la originalidad, nuestra Caja de 2 Bombones Mi Reina es un dulce homenaje que llega al coraz\u00f3n. <\/p>\n<h5 style=\"text-align: left\" data-start=\"2055\" data-end=\"2131\">M\u00e9todo de conservaci\u00f3n:<\/h5>\n<p style=\"text-align: left\" data-start=\"2055\" data-end=\"2131\"><em data-start=\"2082\" data-end=\"2130\">Cons\u00e9rvala a una temperatura de entre 16\u00ba y 20\u00ba Celsius<\/em>.<\/p>\n","protected":false},"excerpt":{"rendered":"<p class=\"\" data-start=\"540\" data-end=\"712\">Descubre la expresi\u00f3n perfecta de afecto y sofisticaci\u00f3n para regalar este D\u00eda de la Madre.<\/p>\n<p data-start=\"540\" data-end=\"712\"><strong>Esta caja contiene<\/strong><\/p>\n<ul>\n<li data-start=\"540\" data-end=\"712\">1 Bomb\u00f3n de Pasta de Frambuesa y Kadaif<\/li>\n<li data-start=\"540\" data-end=\"712\">1 Bombones de Caramelo Salado y Pasta Kadaif<\/li>\n<\/ul>\n","protected":false},"featured_media":11227,"comment_status":"open","ping_status":"closed","template":"","meta":[],"product_brand":[],"product_cat":[],"product_tag":[],"class_list":{"0":"post-9399","1":"product","2":"type-product","3":"status-publish","4":"has-post-thumbnail","6":"edicoes-especial-si","8":"first","9":"instock","10":"shipping-taxable","11":"purchasable","12":"product-type-simple"},"yoast_head":"<!-- This site is optimized with the Yoast SEO plugin v27.5 - https:\/\/yoast.com\/product\/yoast-seo-wordpress\/ -->\n<title>Caja de 2 bombones My Queen | SIM Chocolate<\/title>\n<meta name=\"description\" content=\"Descubre la elegante Caja de 2 Bombones Mi Reina, con exquisitos sabores a frambuesa y caramelo salado. El regalo ideal para el D\u00eda de la Madre.\" \/>\n<meta name=\"robots\" content=\"index, follow, max-snippet:-1, max-image-preview:large, max-video-preview:-1\" \/>\n<link rel=\"canonical\" href=\"https:\/\/simchocolate.com\/es\/produto\/caja-de-2-bombones-my-queen\/\" \/>\n<meta property=\"og:locale\" content=\"es_ES\" \/>\n<meta property=\"og:type\" content=\"article\" \/>\n<meta property=\"og:title\" content=\"Caja de 2 bombones My Queen | SIM Chocolate\" \/>\n<meta property=\"og:description\" content=\"Descubre la elegante Caja de 2 Bombones Mi Reina, con exquisitos sabores a frambuesa y caramelo salado. El regalo ideal para el D\u00eda de la Madre.\" \/>\n<meta property=\"og:url\" content=\"https:\/\/simchocolate.com\/es\/produto\/caja-de-2-bombones-my-queen\/\" \/>\n<meta property=\"og:site_name\" content=\"SIM Chocolate\" \/>\n<meta property=\"article:publisher\" content=\"https:\/\/www.facebook.com\/SimBombons\" \/>\n<meta property=\"og:image\" content=\"https:\/\/simchocolate.com\/wp-content\/uploads\/2024\/04\/BX0054.jpg\" \/>\n\t<meta property=\"og:image:width\" content=\"1150\" \/>\n\t<meta property=\"og:image:height\" content=\"1150\" \/>\n\t<meta property=\"og:image:type\" content=\"image\/jpeg\" \/>\n<meta name=\"twitter:card\" content=\"summary_large_image\" \/>\n<meta name=\"twitter:label1\" content=\"Tiempo de lectura\" \/>\n\t<meta name=\"twitter:data1\" content=\"1 minuto\" \/>\n<script type=\"application\/ld+json\" class=\"yoast-schema-graph\">{\"@context\":\"https:\\\/\\\/schema.org\",\"@graph\":[{\"@type\":\"WebPage\",\"@id\":\"https:\\\/\\\/simchocolate.com\\\/es\\\/produto\\\/caja-de-2-bombones-my-queen\\\/\",\"url\":\"https:\\\/\\\/simchocolate.com\\\/es\\\/produto\\\/caja-de-2-bombones-my-queen\\\/\",\"name\":\"Caja de 2 bombones My Queen | SIM Chocolate\",\"isPartOf\":{\"@id\":\"https:\\\/\\\/simchocolate.com\\\/es\\\/#website\"},\"primaryImageOfPage\":{\"@id\":\"https:\\\/\\\/simchocolate.com\\\/es\\\/produto\\\/caja-de-2-bombones-my-queen\\\/#primaryimage\"},\"image\":{\"@id\":\"https:\\\/\\\/simchocolate.com\\\/es\\\/produto\\\/caja-de-2-bombones-my-queen\\\/#primaryimage\"},\"thumbnailUrl\":\"https:\\\/\\\/simchocolate.com\\\/wp-content\\\/uploads\\\/2024\\\/04\\\/9.jpg\",\"datePublished\":\"2024-04-19T14:09:41+00:00\",\"description\":\"Descubre la elegante Caja de 2 Bombones Mi Reina, con exquisitos sabores a frambuesa y caramelo salado. El regalo ideal para el D\u00eda de la Madre.\",\"breadcrumb\":{\"@id\":\"https:\\\/\\\/simchocolate.com\\\/es\\\/produto\\\/caja-de-2-bombones-my-queen\\\/#breadcrumb\"},\"inLanguage\":\"es\",\"potentialAction\":[{\"@type\":\"ReadAction\",\"target\":[\"https:\\\/\\\/simchocolate.com\\\/es\\\/produto\\\/caja-de-2-bombones-my-queen\\\/\"]}]},{\"@type\":\"ImageObject\",\"inLanguage\":\"es\",\"@id\":\"https:\\\/\\\/simchocolate.com\\\/es\\\/produto\\\/caja-de-2-bombones-my-queen\\\/#primaryimage\",\"url\":\"https:\\\/\\\/simchocolate.com\\\/wp-content\\\/uploads\\\/2024\\\/04\\\/9.jpg\",\"contentUrl\":\"https:\\\/\\\/simchocolate.com\\\/wp-content\\\/uploads\\\/2024\\\/04\\\/9.jpg\",\"width\":1000,\"height\":1000,\"caption\":\"Caixa For My Queen 2 Bombons\"},{\"@type\":\"BreadcrumbList\",\"@id\":\"https:\\\/\\\/simchocolate.com\\\/es\\\/produto\\\/caja-de-2-bombones-my-queen\\\/#breadcrumb\",\"itemListElement\":[{\"@type\":\"ListItem\",\"position\":1,\"name\":\"In\u00edcio\",\"item\":\"https:\\\/\\\/simchocolate.com\\\/es\\\/\"},{\"@type\":\"ListItem\",\"position\":2,\"name\":\"Productos\",\"item\":\"https:\\\/\\\/simchocolate.com\\\/es\\\/shop\\\/\"},{\"@type\":\"ListItem\",\"position\":3,\"name\":\"Caja de 2 bombones My Queen\"}]},{\"@type\":\"WebSite\",\"@id\":\"https:\\\/\\\/simchocolate.com\\\/es\\\/#website\",\"url\":\"https:\\\/\\\/simchocolate.com\\\/es\\\/\",\"name\":\"SIM Chocolate\",\"description\":\"Do amor incondicional entre uma m\u00e3e e sua filha, nasce a marca SIM Bombons no Natal de 2014\",\"potentialAction\":[{\"@type\":\"SearchAction\",\"target\":{\"@type\":\"EntryPoint\",\"urlTemplate\":\"https:\\\/\\\/simchocolate.com\\\/es\\\/?s={search_term_string}\"},\"query-input\":{\"@type\":\"PropertyValueSpecification\",\"valueRequired\":true,\"valueName\":\"search_term_string\"}}],\"inLanguage\":\"es\"}]}<\/script>\n<!-- \/ Yoast SEO plugin. -->","yoast_head_json":{"title":"Caja de 2 bombones My Queen | SIM Chocolate","description":"Descubre la elegante Caja de 2 Bombones Mi Reina, con exquisitos sabores a frambuesa y caramelo salado. El regalo ideal para el D\u00eda de la Madre.","robots":{"index":"index","follow":"follow","max-snippet":"max-snippet:-1","max-image-preview":"max-image-preview:large","max-video-preview":"max-video-preview:-1"},"canonical":"https:\/\/simchocolate.com\/es\/produto\/caja-de-2-bombones-my-queen\/","og_locale":"es_ES","og_type":"article","og_title":"Caja de 2 bombones My Queen | SIM Chocolate","og_description":"Descubre la elegante Caja de 2 Bombones Mi Reina, con exquisitos sabores a frambuesa y caramelo salado. El regalo ideal para el D\u00eda de la Madre.","og_url":"https:\/\/simchocolate.com\/es\/produto\/caja-de-2-bombones-my-queen\/","og_site_name":"SIM Chocolate","article_publisher":"https:\/\/www.facebook.com\/SimBombons","og_image":[{"width":1150,"height":1150,"url":"https:\/\/simchocolate.com\/wp-content\/uploads\/2024\/04\/BX0054.jpg","type":"image\/jpeg"}],"twitter_card":"summary_large_image","twitter_misc":{"Tiempo de lectura":"1 minuto"},"schema":{"@context":"https:\/\/schema.org","@graph":[{"@type":"WebPage","@id":"https:\/\/simchocolate.com\/es\/produto\/caja-de-2-bombones-my-queen\/","url":"https:\/\/simchocolate.com\/es\/produto\/caja-de-2-bombones-my-queen\/","name":"Caja de 2 bombones My Queen | SIM Chocolate","isPartOf":{"@id":"https:\/\/simchocolate.com\/es\/#website"},"primaryImageOfPage":{"@id":"https:\/\/simchocolate.com\/es\/produto\/caja-de-2-bombones-my-queen\/#primaryimage"},"image":{"@id":"https:\/\/simchocolate.com\/es\/produto\/caja-de-2-bombones-my-queen\/#primaryimage"},"thumbnailUrl":"https:\/\/simchocolate.com\/wp-content\/uploads\/2024\/04\/9.jpg","datePublished":"2024-04-19T14:09:41+00:00","description":"Descubre la elegante Caja de 2 Bombones Mi Reina, con exquisitos sabores a frambuesa y caramelo salado. El regalo ideal para el D\u00eda de la Madre.","breadcrumb":{"@id":"https:\/\/simchocolate.com\/es\/produto\/caja-de-2-bombones-my-queen\/#breadcrumb"},"inLanguage":"es","potentialAction":[{"@type":"ReadAction","target":["https:\/\/simchocolate.com\/es\/produto\/caja-de-2-bombones-my-queen\/"]}]},{"@type":"ImageObject","inLanguage":"es","@id":"https:\/\/simchocolate.com\/es\/produto\/caja-de-2-bombones-my-queen\/#primaryimage","url":"https:\/\/simchocolate.com\/wp-content\/uploads\/2024\/04\/9.jpg","contentUrl":"https:\/\/simchocolate.com\/wp-content\/uploads\/2024\/04\/9.jpg","width":1000,"height":1000,"caption":"Caixa For My Queen 2 Bombons"},{"@type":"BreadcrumbList","@id":"https:\/\/simchocolate.com\/es\/produto\/caja-de-2-bombones-my-queen\/#breadcrumb","itemListElement":[{"@type":"ListItem","position":1,"name":"In\u00edcio","item":"https:\/\/simchocolate.com\/es\/"},{"@type":"ListItem","position":2,"name":"Productos","item":"https:\/\/simchocolate.com\/es\/shop\/"},{"@type":"ListItem","position":3,"name":"Caja de 2 bombones My Queen"}]},{"@type":"WebSite","@id":"https:\/\/simchocolate.com\/es\/#website","url":"https:\/\/simchocolate.com\/es\/","name":"SIM Chocolate","description":"Do amor incondicional entre uma m\u00e3e e sua filha, nasce a marca SIM Bombons no Natal de 2014","potentialAction":[{"@type":"SearchAction","target":{"@type":"EntryPoint","urlTemplate":"https:\/\/simchocolate.com\/es\/?s={search_term_string}"},"query-input":{"@type":"PropertyValueSpecification","valueRequired":true,"valueName":"search_term_string"}}],"inLanguage":"es"}]}},"_links":{"self":[{"href":"https:\/\/simchocolate.com\/es\/wp-json\/wp\/v2\/product\/9399","targetHints":{"allow":["GET"]}}],"collection":[{"href":"https:\/\/simchocolate.com\/es\/wp-json\/wp\/v2\/product"}],"about":[{"href":"https:\/\/simchocolate.com\/es\/wp-json\/wp\/v2\/types\/product"}],"replies":[{"embeddable":true,"href":"https:\/\/simchocolate.com\/es\/wp-json\/wp\/v2\/comments?post=9399"}],"wp:featuredmedia":[{"embeddable":true,"href":"https:\/\/simchocolate.com\/es\/wp-json\/wp\/v2\/media\/11227"}],"wp:attachment":[{"href":"https:\/\/simchocolate.com\/es\/wp-json\/wp\/v2\/media?parent=9399"}],"wp:term":[{"taxonomy":"product_brand","embeddable":true,"href":"https:\/\/simchocolate.com\/es\/wp-json\/wp\/v2\/product_brand?post=9399"},{"taxonomy":"product_cat","embeddable":true,"href":"https:\/\/simchocolate.com\/es\/wp-json\/wp\/v2\/product_cat?post=9399"},{"taxonomy":"product_tag","embeddable":true,"href":"https:\/\/simchocolate.com\/es\/wp-json\/wp\/v2\/product_tag?post=9399"}],"curies":[{"name":"wp","href":"https:\/\/api.w.org\/{rel}","templated":true}]}}