{"id":9407,"date":"2024-04-19T14:14:41","date_gmt":"2024-04-19T14:14:41","guid":{"rendered":"https:\/\/simchocolate.com\/produto\/caja-de-9-bombones-my-queen\/"},"modified":"2024-04-19T14:14:41","modified_gmt":"2024-04-19T14:14:41","slug":"caja-de-9-bombones-my-queen","status":"publish","type":"product","link":"https:\/\/simchocolate.com\/es\/produto\/caja-de-9-bombones-my-queen\/","title":{"rendered":"Caja de 9 bombones My Queen"},"content":{"rendered":"<h4 class=\"\" style=\"text-align: left\" data-start=\"678\" data-end=\"735\">Un delicado homenaje a la Reina de Nuestro Coraz\u00f3n<\/h4>\n<p class=\"\" style=\"text-align: left\" data-start=\"737\" data-end=\"1044\">Nuestra Caja de 9 bombones Mi Reina fue creada para eternizar el amor, la ternura y la fuerza de las madres en un regalo exquisito, elegante e inolvidable. Esta edici\u00f3n especial para el D\u00eda de la Madre re\u00fane 9 bombones hechos a mano con un dise\u00f1o en forma de flor, que representan la belleza y la delicadeza maternas en cada detalle. <\/p>\n<p class=\"\" style=\"text-align: left\" data-start=\"1046\" data-end=\"1401\">Compuesto por 3<strong data-start=\"1059\" data-end=\"1102\"> bombones de frambuesa<\/strong><strong data-start=\"1201\" data-end=\"1251\"> con pasta kadaif<\/strong>, que combinan la frescura afrutada de las frambuesas con la textura crujiente y dorada de la pasta kadaif, y 6<strong data-start=\"1201\" data-end=\"1251\"> bombones de caramelo salado con pasta kadaif<\/strong>, que ofrecen un equilibrio perfecto entre dulzor y un sutil toque de sal, este estuche ofrece una experiencia sensorial sofisticada y memorable.<\/p>\n<p class=\"\" style=\"text-align: left\" data-start=\"1403\" data-end=\"1699\">Los bombones est\u00e1n hechos a mano con excelentes ingredientes y una meticulosa atenci\u00f3n al detalle. El chocolate de primera calidad y la forma floral hacen de esta caja una aut\u00e9ntica joya de nuestra colecci\u00f3n, ideal para celebrar momentos especiales y hacer que cada madre se sienta \u00fanica y valorada. <\/p>\n<p class=\"\" style=\"text-align: left\" data-start=\"1701\" data-end=\"1870\">M\u00e1s que un regalo, esta caja es una declaraci\u00f3n de afecto y reconocimiento. Perfecta para sorprender, deleitar y crear un momento dulce y emotivo este D\u00eda de la Madre. <\/p>\n<h5 style=\"text-align: left\" data-start=\"1872\" data-end=\"1948\">M\u00e9todo de conservaci\u00f3n:<\/h5>\n<p class=\"\" style=\"text-align: left\" data-start=\"1872\" data-end=\"1948\"><em data-start=\"1899\" data-end=\"1947\">Cons\u00e9rvala a una temperatura de entre 16\u00ba y 20\u00ba Celsius<\/em>.<\/p>\n","protected":false},"excerpt":{"rendered":"<p class=\"\" data-start=\"437\" data-end=\"629\">La Caja de 9 Bombones Mi Reina es un dulce y sofisticado homenaje a las mam\u00e1s.<\/p>\n<p data-start=\"437\" data-end=\"629\"><strong>Esta caja contiene<\/strong><\/p>\n<ul>\n<li data-start=\"437\" data-end=\"629\">3 Bombones de Pasta de Frambuesa y Kadaif<\/li>\n<li data-start=\"437\" data-end=\"629\">6 Bombones de Caramelo Salado y Pasta Kadaif<\/li>\n<\/ul>\n","protected":false},"featured_media":11194,"comment_status":"open","ping_status":"closed","template":"","meta":[],"product_brand":[],"product_cat":[189],"product_tag":[],"class_list":{"0":"post-9407","1":"product","2":"type-product","3":"status-publish","4":"has-post-thumbnail","6":"product_cat-caja-de-bombones","7":"edicoes-especial-si","9":"first","10":"instock","11":"shipping-taxable","12":"purchasable","13":"product-type-simple"},"yoast_head":"<!-- This site is optimized with the Yoast SEO plugin v27.2 - https:\/\/yoast.com\/product\/yoast-seo-wordpress\/ -->\n<title>Caja de 9 bombones My Queen | SIM Chocolate<\/title>\n<meta name=\"description\" content=\"Sorprende con la Caja de 9 Bombones Mi Reina, una exquisita selecci\u00f3n de bombones surtidos. El regalo perfecto para endulzar el D\u00eda de la Madre.\" \/>\n<meta name=\"robots\" content=\"index, follow, max-snippet:-1, max-image-preview:large, max-video-preview:-1\" \/>\n<link rel=\"canonical\" href=\"https:\/\/simchocolate.com\/es\/produto\/caja-de-9-bombones-my-queen\/\" \/>\n<meta property=\"og:locale\" content=\"es_ES\" \/>\n<meta property=\"og:type\" content=\"article\" \/>\n<meta property=\"og:title\" content=\"Caja de 9 bombones My Queen | SIM Chocolate\" \/>\n<meta property=\"og:description\" content=\"Sorprende con la Caja de 9 Bombones Mi Reina, una exquisita selecci\u00f3n de bombones surtidos. El regalo perfecto para endulzar el D\u00eda de la Madre.\" \/>\n<meta property=\"og:url\" content=\"https:\/\/simchocolate.com\/es\/produto\/caja-de-9-bombones-my-queen\/\" \/>\n<meta property=\"og:site_name\" content=\"SIM Chocolate\" \/>\n<meta property=\"article:publisher\" content=\"https:\/\/www.facebook.com\/SimBombons\" \/>\n<meta property=\"og:image\" content=\"https:\/\/simchocolate.com\/wp-content\/uploads\/2024\/04\/3-1.jpg\" \/>\n\t<meta property=\"og:image:width\" content=\"1000\" \/>\n\t<meta property=\"og:image:height\" content=\"1000\" \/>\n\t<meta property=\"og:image:type\" content=\"image\/jpeg\" \/>\n<meta name=\"twitter:card\" content=\"summary_large_image\" \/>\n<meta name=\"twitter:label1\" content=\"Tiempo de lectura\" \/>\n\t<meta name=\"twitter:data1\" content=\"1 minuto\" \/>\n<script type=\"application\/ld+json\" class=\"yoast-schema-graph\">{\"@context\":\"https:\/\/schema.org\",\"@graph\":[{\"@type\":\"WebPage\",\"@id\":\"https:\/\/simchocolate.com\/es\/produto\/caja-de-9-bombones-my-queen\/\",\"url\":\"https:\/\/simchocolate.com\/es\/produto\/caja-de-9-bombones-my-queen\/\",\"name\":\"Caja de 9 bombones My Queen | SIM Chocolate\",\"isPartOf\":{\"@id\":\"https:\/\/simchocolate.com\/es\/#website\"},\"primaryImageOfPage\":{\"@id\":\"https:\/\/simchocolate.com\/es\/produto\/caja-de-9-bombones-my-queen\/#primaryimage\"},\"image\":{\"@id\":\"https:\/\/simchocolate.com\/es\/produto\/caja-de-9-bombones-my-queen\/#primaryimage\"},\"thumbnailUrl\":\"https:\/\/simchocolate.com\/wp-content\/uploads\/2024\/04\/3-1.jpg\",\"datePublished\":\"2024-04-19T14:14:41+00:00\",\"description\":\"Sorprende con la Caja de 9 Bombones Mi Reina, una exquisita selecci\u00f3n de bombones surtidos. El regalo perfecto para endulzar el D\u00eda de la Madre.\",\"breadcrumb\":{\"@id\":\"https:\/\/simchocolate.com\/es\/produto\/caja-de-9-bombones-my-queen\/#breadcrumb\"},\"inLanguage\":\"es\",\"potentialAction\":[{\"@type\":\"ReadAction\",\"target\":[\"https:\/\/simchocolate.com\/es\/produto\/caja-de-9-bombones-my-queen\/\"]}]},{\"@type\":\"ImageObject\",\"inLanguage\":\"es\",\"@id\":\"https:\/\/simchocolate.com\/es\/produto\/caja-de-9-bombones-my-queen\/#primaryimage\",\"url\":\"https:\/\/simchocolate.com\/wp-content\/uploads\/2024\/04\/3-1.jpg\",\"contentUrl\":\"https:\/\/simchocolate.com\/wp-content\/uploads\/2024\/04\/3-1.jpg\",\"width\":1000,\"height\":1000,\"caption\":\"Caixa For My Queen com 9 bombons\"},{\"@type\":\"BreadcrumbList\",\"@id\":\"https:\/\/simchocolate.com\/es\/produto\/caja-de-9-bombones-my-queen\/#breadcrumb\",\"itemListElement\":[{\"@type\":\"ListItem\",\"position\":1,\"name\":\"In\u00edcio\",\"item\":\"https:\/\/simchocolate.com\/es\/\"},{\"@type\":\"ListItem\",\"position\":2,\"name\":\"Productos\",\"item\":\"https:\/\/simchocolate.com\/es\/shop\/\"},{\"@type\":\"ListItem\",\"position\":3,\"name\":\"Caja de 9 bombones My Queen\"}]},{\"@type\":\"WebSite\",\"@id\":\"https:\/\/simchocolate.com\/es\/#website\",\"url\":\"https:\/\/simchocolate.com\/es\/\",\"name\":\"SIM Chocolate\",\"description\":\"Do amor incondicional entre uma m\u00e3e e sua filha, nasce a marca SIM Bombons no Natal de 2014\",\"potentialAction\":[{\"@type\":\"SearchAction\",\"target\":{\"@type\":\"EntryPoint\",\"urlTemplate\":\"https:\/\/simchocolate.com\/es\/?s={search_term_string}\"},\"query-input\":{\"@type\":\"PropertyValueSpecification\",\"valueRequired\":true,\"valueName\":\"search_term_string\"}}],\"inLanguage\":\"es\"}]}<\/script>\n<!-- \/ Yoast SEO plugin. -->","yoast_head_json":{"title":"Caja de 9 bombones My Queen | SIM Chocolate","description":"Sorprende con la Caja de 9 Bombones Mi Reina, una exquisita selecci\u00f3n de bombones surtidos. El regalo perfecto para endulzar el D\u00eda de la Madre.","robots":{"index":"index","follow":"follow","max-snippet":"max-snippet:-1","max-image-preview":"max-image-preview:large","max-video-preview":"max-video-preview:-1"},"canonical":"https:\/\/simchocolate.com\/es\/produto\/caja-de-9-bombones-my-queen\/","og_locale":"es_ES","og_type":"article","og_title":"Caja de 9 bombones My Queen | SIM Chocolate","og_description":"Sorprende con la Caja de 9 Bombones Mi Reina, una exquisita selecci\u00f3n de bombones surtidos. El regalo perfecto para endulzar el D\u00eda de la Madre.","og_url":"https:\/\/simchocolate.com\/es\/produto\/caja-de-9-bombones-my-queen\/","og_site_name":"SIM Chocolate","article_publisher":"https:\/\/www.facebook.com\/SimBombons","og_image":[{"width":1000,"height":1000,"url":"https:\/\/simchocolate.com\/wp-content\/uploads\/2024\/04\/3-1.jpg","type":"image\/jpeg"}],"twitter_card":"summary_large_image","twitter_misc":{"Tiempo de lectura":"1 minuto"},"schema":{"@context":"https:\/\/schema.org","@graph":[{"@type":"WebPage","@id":"https:\/\/simchocolate.com\/es\/produto\/caja-de-9-bombones-my-queen\/","url":"https:\/\/simchocolate.com\/es\/produto\/caja-de-9-bombones-my-queen\/","name":"Caja de 9 bombones My Queen | SIM Chocolate","isPartOf":{"@id":"https:\/\/simchocolate.com\/es\/#website"},"primaryImageOfPage":{"@id":"https:\/\/simchocolate.com\/es\/produto\/caja-de-9-bombones-my-queen\/#primaryimage"},"image":{"@id":"https:\/\/simchocolate.com\/es\/produto\/caja-de-9-bombones-my-queen\/#primaryimage"},"thumbnailUrl":"https:\/\/simchocolate.com\/wp-content\/uploads\/2024\/04\/3-1.jpg","datePublished":"2024-04-19T14:14:41+00:00","description":"Sorprende con la Caja de 9 Bombones Mi Reina, una exquisita selecci\u00f3n de bombones surtidos. El regalo perfecto para endulzar el D\u00eda de la Madre.","breadcrumb":{"@id":"https:\/\/simchocolate.com\/es\/produto\/caja-de-9-bombones-my-queen\/#breadcrumb"},"inLanguage":"es","potentialAction":[{"@type":"ReadAction","target":["https:\/\/simchocolate.com\/es\/produto\/caja-de-9-bombones-my-queen\/"]}]},{"@type":"ImageObject","inLanguage":"es","@id":"https:\/\/simchocolate.com\/es\/produto\/caja-de-9-bombones-my-queen\/#primaryimage","url":"https:\/\/simchocolate.com\/wp-content\/uploads\/2024\/04\/3-1.jpg","contentUrl":"https:\/\/simchocolate.com\/wp-content\/uploads\/2024\/04\/3-1.jpg","width":1000,"height":1000,"caption":"Caixa For My Queen com 9 bombons"},{"@type":"BreadcrumbList","@id":"https:\/\/simchocolate.com\/es\/produto\/caja-de-9-bombones-my-queen\/#breadcrumb","itemListElement":[{"@type":"ListItem","position":1,"name":"In\u00edcio","item":"https:\/\/simchocolate.com\/es\/"},{"@type":"ListItem","position":2,"name":"Productos","item":"https:\/\/simchocolate.com\/es\/shop\/"},{"@type":"ListItem","position":3,"name":"Caja de 9 bombones My Queen"}]},{"@type":"WebSite","@id":"https:\/\/simchocolate.com\/es\/#website","url":"https:\/\/simchocolate.com\/es\/","name":"SIM Chocolate","description":"Do amor incondicional entre uma m\u00e3e e sua filha, nasce a marca SIM Bombons no Natal de 2014","potentialAction":[{"@type":"SearchAction","target":{"@type":"EntryPoint","urlTemplate":"https:\/\/simchocolate.com\/es\/?s={search_term_string}"},"query-input":{"@type":"PropertyValueSpecification","valueRequired":true,"valueName":"search_term_string"}}],"inLanguage":"es"}]}},"_links":{"self":[{"href":"https:\/\/simchocolate.com\/es\/wp-json\/wp\/v2\/product\/9407","targetHints":{"allow":["GET"]}}],"collection":[{"href":"https:\/\/simchocolate.com\/es\/wp-json\/wp\/v2\/product"}],"about":[{"href":"https:\/\/simchocolate.com\/es\/wp-json\/wp\/v2\/types\/product"}],"replies":[{"embeddable":true,"href":"https:\/\/simchocolate.com\/es\/wp-json\/wp\/v2\/comments?post=9407"}],"wp:featuredmedia":[{"embeddable":true,"href":"https:\/\/simchocolate.com\/es\/wp-json\/wp\/v2\/media\/11194"}],"wp:attachment":[{"href":"https:\/\/simchocolate.com\/es\/wp-json\/wp\/v2\/media?parent=9407"}],"wp:term":[{"taxonomy":"product_brand","embeddable":true,"href":"https:\/\/simchocolate.com\/es\/wp-json\/wp\/v2\/product_brand?post=9407"},{"taxonomy":"product_cat","embeddable":true,"href":"https:\/\/simchocolate.com\/es\/wp-json\/wp\/v2\/product_cat?post=9407"},{"taxonomy":"product_tag","embeddable":true,"href":"https:\/\/simchocolate.com\/es\/wp-json\/wp\/v2\/product_tag?post=9407"}],"curies":[{"name":"wp","href":"https:\/\/api.w.org\/{rel}","templated":true}]}}