{"id":9415,"date":"2024-03-21T11:13:44","date_gmt":"2024-03-21T11:13:44","guid":{"rendered":"https:\/\/simchocolate.com\/produto\/conejo-de-pascua-de-chocolate-blanco\/"},"modified":"2024-03-21T11:13:44","modified_gmt":"2024-03-21T11:13:44","slug":"conejo-de-pascua-de-chocolate-blanco","status":"publish","type":"product","link":"https:\/\/simchocolate.com\/es\/produto\/conejo-de-pascua-de-chocolate-blanco\/","title":{"rendered":"Conejo de Pascua de chocolate blanco"},"content":{"rendered":"<h5 style=\"text-align: left\" data-start=\"460\" data-end=\"541\">Dulzura y frescura para una Pascua especial<\/h5>\n<p style=\"text-align: left\">El <strong data-start=\"569\" data-end=\"619\">Conejo de Pascua de Chocolate Blanco y Yogur<\/strong> es una edici\u00f3n especial para quienes aprecian los sabores sofisticados y equilibrados. La suavidad del chocolate blanco se combina armoniosamente con el toque ligeramente \u00e1cido del yogur, creando una experiencia \u00fanica con cada pieza. Perfecto para regalar a ni\u00f1os y mayores o para hacer tu Pascua a\u00fan m\u00e1s especial con un toque de innovaci\u00f3n y dulzura.  <\/p>\n<div class=\"qodef-content-grid qodef-description--in-grid\" style=\"text-align: left\">\n<div class=\"woocommerce-tabs wc-tabs-wrapper\">\n<div id=\"tab-description\" class=\"woocommerce-Tabs-panel woocommerce-Tabs-panel--description panel entry-content wc-tab\" role=\"tabpanel\" aria-labelledby=\"tab-title-description\">\n<p><strong>*Mantener a una temperatura entre 16\u00ba &#8211; 20\u00ba grados<\/strong><\/p>\n<\/div>\n<\/div>\n<\/div>\n<div class=\"qodef-content-grid\" style=\"text-align: left\"><strong>ATENCI\u00d3N:<\/strong> Al tratarse de un producto muy fr\u00e1gil, te recomendamos que lo recojas en nuestra tienda f\u00edsica, ya que <strong>no nos hacemos responsables en caso de rotura.<\/strong><\/div>\n<p style=\"text-align: left\" data-start=\"543\" data-end=\"968\" data-is-only-node=\"\" data-is-last-node=\"\">\n","protected":false},"excerpt":{"rendered":"<p>D\u00e9jate hechizar por el sabor \u00fanico del <strong data-start=\"301\" data-end=\"341\">Conejito de Chocolate Blanco y Yogur<\/strong>. Una delicada fusi\u00f3n entre la cremosidad del chocolate y la frescura del yogur. <\/p>\n","protected":false},"featured_media":10928,"comment_status":"open","ping_status":"closed","template":"","meta":[],"product_brand":[],"product_cat":[190],"product_tag":[],"class_list":{"0":"post-9415","1":"product","2":"type-product","3":"status-publish","4":"has-post-thumbnail","6":"product_cat-todo-el-chocolate","7":"edicoes-pascua","9":"first","10":"instock","11":"shipping-taxable","12":"purchasable","13":"product-type-simple"},"yoast_head":"<!-- This site is optimized with the Yoast SEO plugin v27.2 - https:\/\/yoast.com\/product\/yoast-seo-wordpress\/ -->\n<title>Conejo de Pascua de chocolate blanco | SIM Chocolate<\/title>\n<meta name=\"description\" content=\"\u00a1Una sorpresa dulce e irresistible para Pascua! Descubre nuestro Conejo de Chocolate Blanco, la combinaci\u00f3n perfecta de suavidad y ligera acidez.\" \/>\n<meta name=\"robots\" content=\"index, follow, max-snippet:-1, max-image-preview:large, max-video-preview:-1\" \/>\n<link rel=\"canonical\" href=\"https:\/\/simchocolate.com\/es\/produto\/conejo-de-pascua-de-chocolate-blanco\/\" \/>\n<meta property=\"og:locale\" content=\"es_ES\" \/>\n<meta property=\"og:type\" content=\"article\" \/>\n<meta property=\"og:title\" content=\"Conejo de Pascua de chocolate blanco | SIM Chocolate\" \/>\n<meta property=\"og:description\" content=\"\u00a1Una sorpresa dulce e irresistible para Pascua! Descubre nuestro Conejo de Chocolate Blanco, la combinaci\u00f3n perfecta de suavidad y ligera acidez.\" \/>\n<meta property=\"og:url\" content=\"https:\/\/simchocolate.com\/es\/produto\/conejo-de-pascua-de-chocolate-blanco\/\" \/>\n<meta property=\"og:site_name\" content=\"SIM Chocolate\" \/>\n<meta property=\"article:publisher\" content=\"https:\/\/www.facebook.com\/SimBombons\" \/>\n<meta property=\"og:image\" content=\"https:\/\/simchocolate.com\/wp-content\/uploads\/2024\/03\/4.jpg\" \/>\n\t<meta property=\"og:image:width\" content=\"1000\" \/>\n\t<meta property=\"og:image:height\" content=\"1000\" \/>\n\t<meta property=\"og:image:type\" content=\"image\/jpeg\" \/>\n<meta name=\"twitter:card\" content=\"summary_large_image\" \/>\n<meta name=\"twitter:label1\" content=\"Tiempo de lectura\" \/>\n\t<meta name=\"twitter:data1\" content=\"1 minuto\" \/>\n<script type=\"application\/ld+json\" class=\"yoast-schema-graph\">{\"@context\":\"https:\/\/schema.org\",\"@graph\":[{\"@type\":\"WebPage\",\"@id\":\"https:\/\/simchocolate.com\/es\/produto\/conejo-de-pascua-de-chocolate-blanco\/\",\"url\":\"https:\/\/simchocolate.com\/es\/produto\/conejo-de-pascua-de-chocolate-blanco\/\",\"name\":\"Conejo de Pascua de chocolate blanco | SIM Chocolate\",\"isPartOf\":{\"@id\":\"https:\/\/simchocolate.com\/es\/#website\"},\"primaryImageOfPage\":{\"@id\":\"https:\/\/simchocolate.com\/es\/produto\/conejo-de-pascua-de-chocolate-blanco\/#primaryimage\"},\"image\":{\"@id\":\"https:\/\/simchocolate.com\/es\/produto\/conejo-de-pascua-de-chocolate-blanco\/#primaryimage\"},\"thumbnailUrl\":\"https:\/\/simchocolate.com\/wp-content\/uploads\/2024\/03\/4.jpg\",\"datePublished\":\"2024-03-21T11:13:44+00:00\",\"description\":\"\u00a1Una sorpresa dulce e irresistible para Pascua! Descubre nuestro Conejo de Chocolate Blanco, la combinaci\u00f3n perfecta de suavidad y ligera acidez.\",\"breadcrumb\":{\"@id\":\"https:\/\/simchocolate.com\/es\/produto\/conejo-de-pascua-de-chocolate-blanco\/#breadcrumb\"},\"inLanguage\":\"es\",\"potentialAction\":[{\"@type\":\"ReadAction\",\"target\":[\"https:\/\/simchocolate.com\/es\/produto\/conejo-de-pascua-de-chocolate-blanco\/\"]}]},{\"@type\":\"ImageObject\",\"inLanguage\":\"es\",\"@id\":\"https:\/\/simchocolate.com\/es\/produto\/conejo-de-pascua-de-chocolate-blanco\/#primaryimage\",\"url\":\"https:\/\/simchocolate.com\/wp-content\/uploads\/2024\/03\/4.jpg\",\"contentUrl\":\"https:\/\/simchocolate.com\/wp-content\/uploads\/2024\/03\/4.jpg\",\"width\":1000,\"height\":1000,\"caption\":\"coelho de chocolate\"},{\"@type\":\"BreadcrumbList\",\"@id\":\"https:\/\/simchocolate.com\/es\/produto\/conejo-de-pascua-de-chocolate-blanco\/#breadcrumb\",\"itemListElement\":[{\"@type\":\"ListItem\",\"position\":1,\"name\":\"In\u00edcio\",\"item\":\"https:\/\/simchocolate.com\/es\/\"},{\"@type\":\"ListItem\",\"position\":2,\"name\":\"Productos\",\"item\":\"https:\/\/simchocolate.com\/es\/shop\/\"},{\"@type\":\"ListItem\",\"position\":3,\"name\":\"Conejo de Pascua de chocolate blanco\"}]},{\"@type\":\"WebSite\",\"@id\":\"https:\/\/simchocolate.com\/es\/#website\",\"url\":\"https:\/\/simchocolate.com\/es\/\",\"name\":\"SIM Chocolate\",\"description\":\"Do amor incondicional entre uma m\u00e3e e sua filha, nasce a marca SIM Bombons no Natal de 2014\",\"potentialAction\":[{\"@type\":\"SearchAction\",\"target\":{\"@type\":\"EntryPoint\",\"urlTemplate\":\"https:\/\/simchocolate.com\/es\/?s={search_term_string}\"},\"query-input\":{\"@type\":\"PropertyValueSpecification\",\"valueRequired\":true,\"valueName\":\"search_term_string\"}}],\"inLanguage\":\"es\"}]}<\/script>\n<!-- \/ Yoast SEO plugin. -->","yoast_head_json":{"title":"Conejo de Pascua de chocolate blanco | SIM Chocolate","description":"\u00a1Una sorpresa dulce e irresistible para Pascua! Descubre nuestro Conejo de Chocolate Blanco, la combinaci\u00f3n perfecta de suavidad y ligera acidez.","robots":{"index":"index","follow":"follow","max-snippet":"max-snippet:-1","max-image-preview":"max-image-preview:large","max-video-preview":"max-video-preview:-1"},"canonical":"https:\/\/simchocolate.com\/es\/produto\/conejo-de-pascua-de-chocolate-blanco\/","og_locale":"es_ES","og_type":"article","og_title":"Conejo de Pascua de chocolate blanco | SIM Chocolate","og_description":"\u00a1Una sorpresa dulce e irresistible para Pascua! Descubre nuestro Conejo de Chocolate Blanco, la combinaci\u00f3n perfecta de suavidad y ligera acidez.","og_url":"https:\/\/simchocolate.com\/es\/produto\/conejo-de-pascua-de-chocolate-blanco\/","og_site_name":"SIM Chocolate","article_publisher":"https:\/\/www.facebook.com\/SimBombons","og_image":[{"width":1000,"height":1000,"url":"https:\/\/simchocolate.com\/wp-content\/uploads\/2024\/03\/4.jpg","type":"image\/jpeg"}],"twitter_card":"summary_large_image","twitter_misc":{"Tiempo de lectura":"1 minuto"},"schema":{"@context":"https:\/\/schema.org","@graph":[{"@type":"WebPage","@id":"https:\/\/simchocolate.com\/es\/produto\/conejo-de-pascua-de-chocolate-blanco\/","url":"https:\/\/simchocolate.com\/es\/produto\/conejo-de-pascua-de-chocolate-blanco\/","name":"Conejo de Pascua de chocolate blanco | SIM Chocolate","isPartOf":{"@id":"https:\/\/simchocolate.com\/es\/#website"},"primaryImageOfPage":{"@id":"https:\/\/simchocolate.com\/es\/produto\/conejo-de-pascua-de-chocolate-blanco\/#primaryimage"},"image":{"@id":"https:\/\/simchocolate.com\/es\/produto\/conejo-de-pascua-de-chocolate-blanco\/#primaryimage"},"thumbnailUrl":"https:\/\/simchocolate.com\/wp-content\/uploads\/2024\/03\/4.jpg","datePublished":"2024-03-21T11:13:44+00:00","description":"\u00a1Una sorpresa dulce e irresistible para Pascua! Descubre nuestro Conejo de Chocolate Blanco, la combinaci\u00f3n perfecta de suavidad y ligera acidez.","breadcrumb":{"@id":"https:\/\/simchocolate.com\/es\/produto\/conejo-de-pascua-de-chocolate-blanco\/#breadcrumb"},"inLanguage":"es","potentialAction":[{"@type":"ReadAction","target":["https:\/\/simchocolate.com\/es\/produto\/conejo-de-pascua-de-chocolate-blanco\/"]}]},{"@type":"ImageObject","inLanguage":"es","@id":"https:\/\/simchocolate.com\/es\/produto\/conejo-de-pascua-de-chocolate-blanco\/#primaryimage","url":"https:\/\/simchocolate.com\/wp-content\/uploads\/2024\/03\/4.jpg","contentUrl":"https:\/\/simchocolate.com\/wp-content\/uploads\/2024\/03\/4.jpg","width":1000,"height":1000,"caption":"coelho de chocolate"},{"@type":"BreadcrumbList","@id":"https:\/\/simchocolate.com\/es\/produto\/conejo-de-pascua-de-chocolate-blanco\/#breadcrumb","itemListElement":[{"@type":"ListItem","position":1,"name":"In\u00edcio","item":"https:\/\/simchocolate.com\/es\/"},{"@type":"ListItem","position":2,"name":"Productos","item":"https:\/\/simchocolate.com\/es\/shop\/"},{"@type":"ListItem","position":3,"name":"Conejo de Pascua de chocolate blanco"}]},{"@type":"WebSite","@id":"https:\/\/simchocolate.com\/es\/#website","url":"https:\/\/simchocolate.com\/es\/","name":"SIM Chocolate","description":"Do amor incondicional entre uma m\u00e3e e sua filha, nasce a marca SIM Bombons no Natal de 2014","potentialAction":[{"@type":"SearchAction","target":{"@type":"EntryPoint","urlTemplate":"https:\/\/simchocolate.com\/es\/?s={search_term_string}"},"query-input":{"@type":"PropertyValueSpecification","valueRequired":true,"valueName":"search_term_string"}}],"inLanguage":"es"}]}},"_links":{"self":[{"href":"https:\/\/simchocolate.com\/es\/wp-json\/wp\/v2\/product\/9415","targetHints":{"allow":["GET"]}}],"collection":[{"href":"https:\/\/simchocolate.com\/es\/wp-json\/wp\/v2\/product"}],"about":[{"href":"https:\/\/simchocolate.com\/es\/wp-json\/wp\/v2\/types\/product"}],"replies":[{"embeddable":true,"href":"https:\/\/simchocolate.com\/es\/wp-json\/wp\/v2\/comments?post=9415"}],"wp:featuredmedia":[{"embeddable":true,"href":"https:\/\/simchocolate.com\/es\/wp-json\/wp\/v2\/media\/10928"}],"wp:attachment":[{"href":"https:\/\/simchocolate.com\/es\/wp-json\/wp\/v2\/media?parent=9415"}],"wp:term":[{"taxonomy":"product_brand","embeddable":true,"href":"https:\/\/simchocolate.com\/es\/wp-json\/wp\/v2\/product_brand?post=9415"},{"taxonomy":"product_cat","embeddable":true,"href":"https:\/\/simchocolate.com\/es\/wp-json\/wp\/v2\/product_cat?post=9415"},{"taxonomy":"product_tag","embeddable":true,"href":"https:\/\/simchocolate.com\/es\/wp-json\/wp\/v2\/product_tag?post=9415"}],"curies":[{"name":"wp","href":"https:\/\/api.w.org\/{rel}","templated":true}]}}