{"id":9420,"date":"2024-03-21T11:24:03","date_gmt":"2024-03-21T11:24:03","guid":{"rendered":"https:\/\/simchocolate.com\/produto\/almendras-tri-sabor\/"},"modified":"2024-03-21T11:24:03","modified_gmt":"2024-03-21T11:24:03","slug":"almendras-tri-sabor","status":"publish","type":"product","link":"https:\/\/simchocolate.com\/es\/produto\/almendras-tri-sabor\/","title":{"rendered":"Almendras Tri-Sabor"},"content":{"rendered":"<h5 style=\"text-align: left;\" data-start=\"548\" data-end=\"638\">Una explosi\u00f3n de sabor con las Almendras Tri-Sabor<\/h5>\n<p style=\"text-align: left;\"><strong data-start=\"667\" data-end=\"691\">Las Almendras Tri Flavours<\/strong> son la fusi\u00f3n perfecta de sabores inesperados y el crujiente de las almendras. La refrescante acidez de la lima, el sabor afrutado y delicado de la frambuesa y el toque sofisticado del caramelo salado crean una experiencia gustativa \u00fanica. Cada almendra est\u00e1 envuelta en una capa de chocolate de primera calidad, lo que aumenta a\u00fan m\u00e1s el placer. Ideales para quienes buscan algo diferente y sorprendente, estas almendras son perfectas para regalar o para saborear en ocasiones especiales.   <\/p>\n<div class=\"qodef-content-grid qodef-description--in-grid\" style=\"text-align: left;\">\n<div class=\"woocommerce-tabs wc-tabs-wrapper\">\n<div id=\"tab-description\" class=\"woocommerce-Tabs-panel woocommerce-Tabs-panel--description panel entry-content wc-tab\" role=\"tabpanel\" aria-labelledby=\"tab-title-description\">\n<p><strong>*Mantener a una temperatura entre 16\u00ba &#8211; 20\u00ba grados<\/strong><\/p>\n<\/div>\n<\/div>\n<\/div>\n<div class=\"qodef-content-grid\" style=\"text-align: left;\"><\/div>\n<p style=\"text-align: left;\" data-start=\"640\" data-end=\"1147\" data-is-last-node=\"\" data-is-only-node=\"\">\n","protected":false},"excerpt":{"rendered":"<p><strong data-start=\"313\" data-end=\"337\">Las Almendras Tri Sabor<\/strong> ofrecen una experiencia \u00fanica con tres deliciosos sabores: lima refrescante, frambuesa vibrante y caramelo salado, combinados con chocolate de primera calidad. Un aut\u00e9ntico placer para los sentidos. <\/p>\n","protected":false},"featured_media":9422,"comment_status":"open","ping_status":"closed","template":"","meta":[],"product_brand":[],"product_cat":[190],"product_tag":[],"class_list":{"0":"post-9420","1":"product","2":"type-product","3":"status-publish","4":"has-post-thumbnail","6":"product_cat-todo-el-chocolate","7":"edicoes-pascua","9":"first","10":"outofstock","11":"shipping-taxable","12":"purchasable","13":"product-type-simple"},"yoast_head":"<!-- This site is optimized with the Yoast SEO plugin v27.5 - https:\/\/yoast.com\/product\/yoast-seo-wordpress\/ -->\n<title>Almendras Tri-Sabor | SIM Chocolate<\/title>\n<meta name=\"description\" content=\"Descubre las Almendras Tri Sabor: una combinaci\u00f3n \u00fanica de refrescantes sabores a lima, frambuesa y caramelo salado, envueltas en chocolate de primera calidad.\" \/>\n<meta name=\"robots\" content=\"index, follow, max-snippet:-1, max-image-preview:large, max-video-preview:-1\" \/>\n<link rel=\"canonical\" href=\"https:\/\/simchocolate.com\/es\/produto\/almendras-tri-sabor\/\" \/>\n<meta property=\"og:locale\" content=\"es_ES\" \/>\n<meta property=\"og:type\" content=\"article\" \/>\n<meta property=\"og:title\" content=\"Almendras Tri-Sabor | SIM Chocolate\" \/>\n<meta property=\"og:description\" content=\"Descubre las Almendras Tri Sabor: una combinaci\u00f3n \u00fanica de refrescantes sabores a lima, frambuesa y caramelo salado, envueltas en chocolate de primera calidad.\" \/>\n<meta property=\"og:url\" content=\"https:\/\/simchocolate.com\/es\/produto\/almendras-tri-sabor\/\" \/>\n<meta property=\"og:site_name\" content=\"SIM Chocolate\" \/>\n<meta property=\"article:publisher\" content=\"https:\/\/www.facebook.com\/SimBombons\" \/>\n<meta property=\"og:image\" content=\"https:\/\/simchocolate.com\/wp-content\/uploads\/2024\/03\/WhatsApp-Image-2025-03-20-at-14.53-Photoroom-3.jpg\" \/>\n\t<meta property=\"og:image:width\" content=\"1280\" \/>\n\t<meta property=\"og:image:height\" content=\"853\" \/>\n\t<meta property=\"og:image:type\" content=\"image\/jpeg\" \/>\n<meta name=\"twitter:card\" content=\"summary_large_image\" \/>\n<meta name=\"twitter:label1\" content=\"Tiempo de lectura\" \/>\n\t<meta name=\"twitter:data1\" content=\"1 minuto\" \/>\n<script type=\"application\/ld+json\" class=\"yoast-schema-graph\">{\"@context\":\"https:\\\/\\\/schema.org\",\"@graph\":[{\"@type\":\"WebPage\",\"@id\":\"https:\\\/\\\/simchocolate.com\\\/es\\\/produto\\\/almendras-tri-sabor\\\/\",\"url\":\"https:\\\/\\\/simchocolate.com\\\/es\\\/produto\\\/almendras-tri-sabor\\\/\",\"name\":\"Almendras Tri-Sabor | SIM Chocolate\",\"isPartOf\":{\"@id\":\"https:\\\/\\\/simchocolate.com\\\/es\\\/#website\"},\"primaryImageOfPage\":{\"@id\":\"https:\\\/\\\/simchocolate.com\\\/es\\\/produto\\\/almendras-tri-sabor\\\/#primaryimage\"},\"image\":{\"@id\":\"https:\\\/\\\/simchocolate.com\\\/es\\\/produto\\\/almendras-tri-sabor\\\/#primaryimage\"},\"thumbnailUrl\":\"https:\\\/\\\/simchocolate.com\\\/wp-content\\\/uploads\\\/2024\\\/03\\\/WhatsApp-Image-2025-03-20-at-14.53-Photoroom-3.jpg\",\"datePublished\":\"2024-03-21T11:24:03+00:00\",\"description\":\"Descubre las Almendras Tri Sabor: una combinaci\u00f3n \u00fanica de refrescantes sabores a lima, frambuesa y caramelo salado, envueltas en chocolate de primera calidad.\",\"breadcrumb\":{\"@id\":\"https:\\\/\\\/simchocolate.com\\\/es\\\/produto\\\/almendras-tri-sabor\\\/#breadcrumb\"},\"inLanguage\":\"es\",\"potentialAction\":[{\"@type\":\"ReadAction\",\"target\":[\"https:\\\/\\\/simchocolate.com\\\/es\\\/produto\\\/almendras-tri-sabor\\\/\"]}]},{\"@type\":\"ImageObject\",\"inLanguage\":\"es\",\"@id\":\"https:\\\/\\\/simchocolate.com\\\/es\\\/produto\\\/almendras-tri-sabor\\\/#primaryimage\",\"url\":\"https:\\\/\\\/simchocolate.com\\\/wp-content\\\/uploads\\\/2024\\\/03\\\/WhatsApp-Image-2025-03-20-at-14.53-Photoroom-3.jpg\",\"contentUrl\":\"https:\\\/\\\/simchocolate.com\\\/wp-content\\\/uploads\\\/2024\\\/03\\\/WhatsApp-Image-2025-03-20-at-14.53-Photoroom-3.jpg\",\"width\":1280,\"height\":853,\"caption\":\"Am\u00eandoas Tri Sabores\"},{\"@type\":\"BreadcrumbList\",\"@id\":\"https:\\\/\\\/simchocolate.com\\\/es\\\/produto\\\/almendras-tri-sabor\\\/#breadcrumb\",\"itemListElement\":[{\"@type\":\"ListItem\",\"position\":1,\"name\":\"In\u00edcio\",\"item\":\"https:\\\/\\\/simchocolate.com\\\/es\\\/\"},{\"@type\":\"ListItem\",\"position\":2,\"name\":\"Productos\",\"item\":\"https:\\\/\\\/simchocolate.com\\\/es\\\/shop\\\/\"},{\"@type\":\"ListItem\",\"position\":3,\"name\":\"Almendras Tri-Sabor\"}]},{\"@type\":\"WebSite\",\"@id\":\"https:\\\/\\\/simchocolate.com\\\/es\\\/#website\",\"url\":\"https:\\\/\\\/simchocolate.com\\\/es\\\/\",\"name\":\"SIM Chocolate\",\"description\":\"Do amor incondicional entre uma m\u00e3e e sua filha, nasce a marca SIM Bombons no Natal de 2014\",\"potentialAction\":[{\"@type\":\"SearchAction\",\"target\":{\"@type\":\"EntryPoint\",\"urlTemplate\":\"https:\\\/\\\/simchocolate.com\\\/es\\\/?s={search_term_string}\"},\"query-input\":{\"@type\":\"PropertyValueSpecification\",\"valueRequired\":true,\"valueName\":\"search_term_string\"}}],\"inLanguage\":\"es\"}]}<\/script>\n<!-- \/ Yoast SEO plugin. -->","yoast_head_json":{"title":"Almendras Tri-Sabor | SIM Chocolate","description":"Descubre las Almendras Tri Sabor: una combinaci\u00f3n \u00fanica de refrescantes sabores a lima, frambuesa y caramelo salado, envueltas en chocolate de primera calidad.","robots":{"index":"index","follow":"follow","max-snippet":"max-snippet:-1","max-image-preview":"max-image-preview:large","max-video-preview":"max-video-preview:-1"},"canonical":"https:\/\/simchocolate.com\/es\/produto\/almendras-tri-sabor\/","og_locale":"es_ES","og_type":"article","og_title":"Almendras Tri-Sabor | SIM Chocolate","og_description":"Descubre las Almendras Tri Sabor: una combinaci\u00f3n \u00fanica de refrescantes sabores a lima, frambuesa y caramelo salado, envueltas en chocolate de primera calidad.","og_url":"https:\/\/simchocolate.com\/es\/produto\/almendras-tri-sabor\/","og_site_name":"SIM Chocolate","article_publisher":"https:\/\/www.facebook.com\/SimBombons","og_image":[{"width":1280,"height":853,"url":"https:\/\/simchocolate.com\/wp-content\/uploads\/2024\/03\/WhatsApp-Image-2025-03-20-at-14.53-Photoroom-3.jpg","type":"image\/jpeg"}],"twitter_card":"summary_large_image","twitter_misc":{"Tiempo de lectura":"1 minuto"},"schema":{"@context":"https:\/\/schema.org","@graph":[{"@type":"WebPage","@id":"https:\/\/simchocolate.com\/es\/produto\/almendras-tri-sabor\/","url":"https:\/\/simchocolate.com\/es\/produto\/almendras-tri-sabor\/","name":"Almendras Tri-Sabor | SIM Chocolate","isPartOf":{"@id":"https:\/\/simchocolate.com\/es\/#website"},"primaryImageOfPage":{"@id":"https:\/\/simchocolate.com\/es\/produto\/almendras-tri-sabor\/#primaryimage"},"image":{"@id":"https:\/\/simchocolate.com\/es\/produto\/almendras-tri-sabor\/#primaryimage"},"thumbnailUrl":"https:\/\/simchocolate.com\/wp-content\/uploads\/2024\/03\/WhatsApp-Image-2025-03-20-at-14.53-Photoroom-3.jpg","datePublished":"2024-03-21T11:24:03+00:00","description":"Descubre las Almendras Tri Sabor: una combinaci\u00f3n \u00fanica de refrescantes sabores a lima, frambuesa y caramelo salado, envueltas en chocolate de primera calidad.","breadcrumb":{"@id":"https:\/\/simchocolate.com\/es\/produto\/almendras-tri-sabor\/#breadcrumb"},"inLanguage":"es","potentialAction":[{"@type":"ReadAction","target":["https:\/\/simchocolate.com\/es\/produto\/almendras-tri-sabor\/"]}]},{"@type":"ImageObject","inLanguage":"es","@id":"https:\/\/simchocolate.com\/es\/produto\/almendras-tri-sabor\/#primaryimage","url":"https:\/\/simchocolate.com\/wp-content\/uploads\/2024\/03\/WhatsApp-Image-2025-03-20-at-14.53-Photoroom-3.jpg","contentUrl":"https:\/\/simchocolate.com\/wp-content\/uploads\/2024\/03\/WhatsApp-Image-2025-03-20-at-14.53-Photoroom-3.jpg","width":1280,"height":853,"caption":"Am\u00eandoas Tri Sabores"},{"@type":"BreadcrumbList","@id":"https:\/\/simchocolate.com\/es\/produto\/almendras-tri-sabor\/#breadcrumb","itemListElement":[{"@type":"ListItem","position":1,"name":"In\u00edcio","item":"https:\/\/simchocolate.com\/es\/"},{"@type":"ListItem","position":2,"name":"Productos","item":"https:\/\/simchocolate.com\/es\/shop\/"},{"@type":"ListItem","position":3,"name":"Almendras Tri-Sabor"}]},{"@type":"WebSite","@id":"https:\/\/simchocolate.com\/es\/#website","url":"https:\/\/simchocolate.com\/es\/","name":"SIM Chocolate","description":"Do amor incondicional entre uma m\u00e3e e sua filha, nasce a marca SIM Bombons no Natal de 2014","potentialAction":[{"@type":"SearchAction","target":{"@type":"EntryPoint","urlTemplate":"https:\/\/simchocolate.com\/es\/?s={search_term_string}"},"query-input":{"@type":"PropertyValueSpecification","valueRequired":true,"valueName":"search_term_string"}}],"inLanguage":"es"}]}},"_links":{"self":[{"href":"https:\/\/simchocolate.com\/es\/wp-json\/wp\/v2\/product\/9420","targetHints":{"allow":["GET"]}}],"collection":[{"href":"https:\/\/simchocolate.com\/es\/wp-json\/wp\/v2\/product"}],"about":[{"href":"https:\/\/simchocolate.com\/es\/wp-json\/wp\/v2\/types\/product"}],"replies":[{"embeddable":true,"href":"https:\/\/simchocolate.com\/es\/wp-json\/wp\/v2\/comments?post=9420"}],"wp:featuredmedia":[{"embeddable":true,"href":"https:\/\/simchocolate.com\/es\/wp-json\/wp\/v2\/media\/9422"}],"wp:attachment":[{"href":"https:\/\/simchocolate.com\/es\/wp-json\/wp\/v2\/media?parent=9420"}],"wp:term":[{"taxonomy":"product_brand","embeddable":true,"href":"https:\/\/simchocolate.com\/es\/wp-json\/wp\/v2\/product_brand?post=9420"},{"taxonomy":"product_cat","embeddable":true,"href":"https:\/\/simchocolate.com\/es\/wp-json\/wp\/v2\/product_cat?post=9420"},{"taxonomy":"product_tag","embeddable":true,"href":"https:\/\/simchocolate.com\/es\/wp-json\/wp\/v2\/product_tag?post=9420"}],"curies":[{"name":"wp","href":"https:\/\/api.w.org\/{rel}","templated":true}]}}