{"id":9423,"date":"2023-10-25T15:19:55","date_gmt":"2023-10-25T15:19:55","guid":{"rendered":"https:\/\/simchocolate.com\/produto\/caja-de-9-bombones-for-lovers\/"},"modified":"2023-10-25T15:19:55","modified_gmt":"2023-10-25T15:19:55","slug":"caja-de-9-bombones-for-lovers","status":"publish","type":"product","link":"https:\/\/simchocolate.com\/es\/produto\/caja-de-9-bombones-for-lovers\/","title":{"rendered":"Caja de 9 bombones For Lovers"},"content":{"rendered":"<h5 style=\"text-align: left\"><strong>Una dulce declaraci\u00f3n de amor<\/strong><\/h5>\n<p style=\"text-align: left\">La Caja de 9 Bombones <strong>Edici\u00f3n Limitada<\/strong> For Lovers es una celebraci\u00f3n del amor y la sofisticaci\u00f3n. Compuesta por una irresistible selecci\u00f3n de sabores \u00fanicos, esta caja incluye bombones hechos a mano con fruta de la pasi\u00f3n y especias, chile y chocolate blanco, as\u00ed como frutos rojos. <\/p>\n<p style=\"text-align: left\">Cada bomb\u00f3n se elabora cuidadosamente con chocolate de primera calidad y rellenos intensos que proporcionan una experiencia de sabor inolvidable. Ideal como regalo de San Valent\u00edn o como sorpresa rom\u00e1ntica, esta caja es el equilibrio perfecto entre refinamiento, sabor y emoci\u00f3n. <\/p>\n<p style=\"text-align: left\"><strong>Comparte estos deliciosos bombones con tu media naranja y haz de cada d\u00eda una ocasi\u00f3n especial.<\/strong><\/p>\n<p style=\"text-align: left\"><strong>*Edici\u00f3n limitada 17\/01 &#8211; 28\/02<\/strong><\/p>\n","protected":false},"excerpt":{"rendered":"<p>Descubre una rom\u00e1ntica selecci\u00f3n de bombones artesanales, perfectos para celebrar el amor.<\/p>\n<p><strong>Cada caja contiene una selecci\u00f3n exclusiva de 9 bombones<\/strong>, elaborados con ingredientes de alta calidad y un toque \u00fanico, <strong>as\u00ed como un bol\u00edgrafo y una postal<\/strong>.<\/p>\n<ul>\n<li>3 trozos de chocolate blanco con chile<\/li>\n<li>3 Bombones de Especias de Fruta de la Pasi\u00f3n<\/li>\n<li>3 Bombones de frutos rojos<\/li>\n<\/ul>\n","protected":false},"featured_media":9450,"comment_status":"closed","ping_status":"closed","template":"","meta":[],"product_brand":[],"product_cat":[189,205],"product_tag":[],"class_list":{"0":"post-9423","1":"product","2":"type-product","3":"status-publish","4":"has-post-thumbnail","6":"product_cat-caja-de-bombones","7":"product_cat-viernes-negro","8":"edicoes-para-enamorados","10":"first","11":"outofstock","12":"shipping-taxable","13":"purchasable","14":"product-type-simple"},"yoast_head":"<!-- This site is optimized with the Yoast SEO plugin v27.5 - https:\/\/yoast.com\/product\/yoast-seo-wordpress\/ -->\n<title>Caja de 9 bombones For Lovers | San Valent\u00edn<\/title>\n<meta name=\"description\" content=\"Descubre una rom\u00e1ntica selecci\u00f3n de bombones artesanales con nuestra caja para enamorados. Perfecta para celebrar el amor en cualquier ocasi\u00f3n.\" \/>\n<meta name=\"robots\" content=\"index, follow, max-snippet:-1, max-image-preview:large, max-video-preview:-1\" \/>\n<link rel=\"canonical\" href=\"https:\/\/simchocolate.com\/es\/produto\/caja-de-9-bombones-for-lovers\/\" \/>\n<meta property=\"og:locale\" content=\"es_ES\" \/>\n<meta property=\"og:type\" content=\"article\" \/>\n<meta property=\"og:title\" content=\"Caja de 9 bombones For Lovers | San Valent\u00edn\" \/>\n<meta property=\"og:description\" content=\"Descubre una rom\u00e1ntica selecci\u00f3n de bombones artesanales con nuestra caja para enamorados. Perfecta para celebrar el amor en cualquier ocasi\u00f3n.\" \/>\n<meta property=\"og:url\" content=\"https:\/\/simchocolate.com\/es\/produto\/caja-de-9-bombones-for-lovers\/\" \/>\n<meta property=\"og:site_name\" content=\"SIM Chocolate\" \/>\n<meta property=\"article:publisher\" content=\"https:\/\/www.facebook.com\/SimBombons\" \/>\n<meta property=\"og:image\" content=\"https:\/\/simchocolate.com\/wp-content\/uploads\/2023\/10\/WhatsApp-Image-2025-01-15-at-15.44-Photoroom-2-1.jpg\" \/>\n\t<meta property=\"og:image:width\" content=\"1000\" \/>\n\t<meta property=\"og:image:height\" content=\"1000\" \/>\n\t<meta property=\"og:image:type\" content=\"image\/jpeg\" \/>\n<meta name=\"twitter:card\" content=\"summary_large_image\" \/>\n<meta name=\"twitter:label1\" content=\"Tiempo de lectura\" \/>\n\t<meta name=\"twitter:data1\" content=\"1 minuto\" \/>\n<script type=\"application\/ld+json\" class=\"yoast-schema-graph\">{\"@context\":\"https:\\\/\\\/schema.org\",\"@graph\":[{\"@type\":\"WebPage\",\"@id\":\"https:\\\/\\\/simchocolate.com\\\/es\\\/produto\\\/caja-de-9-bombones-for-lovers\\\/\",\"url\":\"https:\\\/\\\/simchocolate.com\\\/es\\\/produto\\\/caja-de-9-bombones-for-lovers\\\/\",\"name\":\"Caja de 9 bombones For Lovers | San Valent\u00edn\",\"isPartOf\":{\"@id\":\"https:\\\/\\\/simchocolate.com\\\/es\\\/#website\"},\"primaryImageOfPage\":{\"@id\":\"https:\\\/\\\/simchocolate.com\\\/es\\\/produto\\\/caja-de-9-bombones-for-lovers\\\/#primaryimage\"},\"image\":{\"@id\":\"https:\\\/\\\/simchocolate.com\\\/es\\\/produto\\\/caja-de-9-bombones-for-lovers\\\/#primaryimage\"},\"thumbnailUrl\":\"https:\\\/\\\/simchocolate.com\\\/wp-content\\\/uploads\\\/2023\\\/10\\\/WhatsApp-Image-2025-01-15-at-15.44-Photoroom-2-1.jpg\",\"datePublished\":\"2023-10-25T15:19:55+00:00\",\"description\":\"Descubre una rom\u00e1ntica selecci\u00f3n de bombones artesanales con nuestra caja para enamorados. Perfecta para celebrar el amor en cualquier ocasi\u00f3n.\",\"breadcrumb\":{\"@id\":\"https:\\\/\\\/simchocolate.com\\\/es\\\/produto\\\/caja-de-9-bombones-for-lovers\\\/#breadcrumb\"},\"inLanguage\":\"es\",\"potentialAction\":[{\"@type\":\"ReadAction\",\"target\":[\"https:\\\/\\\/simchocolate.com\\\/es\\\/produto\\\/caja-de-9-bombones-for-lovers\\\/\"]}]},{\"@type\":\"ImageObject\",\"inLanguage\":\"es\",\"@id\":\"https:\\\/\\\/simchocolate.com\\\/es\\\/produto\\\/caja-de-9-bombones-for-lovers\\\/#primaryimage\",\"url\":\"https:\\\/\\\/simchocolate.com\\\/wp-content\\\/uploads\\\/2023\\\/10\\\/WhatsApp-Image-2025-01-15-at-15.44-Photoroom-2-1.jpg\",\"contentUrl\":\"https:\\\/\\\/simchocolate.com\\\/wp-content\\\/uploads\\\/2023\\\/10\\\/WhatsApp-Image-2025-01-15-at-15.44-Photoroom-2-1.jpg\",\"width\":1000,\"height\":1000,\"caption\":\"Bombons para o Dia dos Namorados\"},{\"@type\":\"BreadcrumbList\",\"@id\":\"https:\\\/\\\/simchocolate.com\\\/es\\\/produto\\\/caja-de-9-bombones-for-lovers\\\/#breadcrumb\",\"itemListElement\":[{\"@type\":\"ListItem\",\"position\":1,\"name\":\"In\u00edcio\",\"item\":\"https:\\\/\\\/simchocolate.com\\\/es\\\/\"},{\"@type\":\"ListItem\",\"position\":2,\"name\":\"Productos\",\"item\":\"https:\\\/\\\/simchocolate.com\\\/es\\\/shop\\\/\"},{\"@type\":\"ListItem\",\"position\":3,\"name\":\"Caja de 9 bombones For Lovers\"}]},{\"@type\":\"WebSite\",\"@id\":\"https:\\\/\\\/simchocolate.com\\\/es\\\/#website\",\"url\":\"https:\\\/\\\/simchocolate.com\\\/es\\\/\",\"name\":\"SIM Chocolate\",\"description\":\"Do amor incondicional entre uma m\u00e3e e sua filha, nasce a marca SIM Bombons no Natal de 2014\",\"potentialAction\":[{\"@type\":\"SearchAction\",\"target\":{\"@type\":\"EntryPoint\",\"urlTemplate\":\"https:\\\/\\\/simchocolate.com\\\/es\\\/?s={search_term_string}\"},\"query-input\":{\"@type\":\"PropertyValueSpecification\",\"valueRequired\":true,\"valueName\":\"search_term_string\"}}],\"inLanguage\":\"es\"}]}<\/script>\n<!-- \/ Yoast SEO plugin. -->","yoast_head_json":{"title":"Caja de 9 bombones For Lovers | San Valent\u00edn","description":"Descubre una rom\u00e1ntica selecci\u00f3n de bombones artesanales con nuestra caja para enamorados. Perfecta para celebrar el amor en cualquier ocasi\u00f3n.","robots":{"index":"index","follow":"follow","max-snippet":"max-snippet:-1","max-image-preview":"max-image-preview:large","max-video-preview":"max-video-preview:-1"},"canonical":"https:\/\/simchocolate.com\/es\/produto\/caja-de-9-bombones-for-lovers\/","og_locale":"es_ES","og_type":"article","og_title":"Caja de 9 bombones For Lovers | San Valent\u00edn","og_description":"Descubre una rom\u00e1ntica selecci\u00f3n de bombones artesanales con nuestra caja para enamorados. Perfecta para celebrar el amor en cualquier ocasi\u00f3n.","og_url":"https:\/\/simchocolate.com\/es\/produto\/caja-de-9-bombones-for-lovers\/","og_site_name":"SIM Chocolate","article_publisher":"https:\/\/www.facebook.com\/SimBombons","og_image":[{"width":1000,"height":1000,"url":"https:\/\/simchocolate.com\/wp-content\/uploads\/2023\/10\/WhatsApp-Image-2025-01-15-at-15.44-Photoroom-2-1.jpg","type":"image\/jpeg"}],"twitter_card":"summary_large_image","twitter_misc":{"Tiempo de lectura":"1 minuto"},"schema":{"@context":"https:\/\/schema.org","@graph":[{"@type":"WebPage","@id":"https:\/\/simchocolate.com\/es\/produto\/caja-de-9-bombones-for-lovers\/","url":"https:\/\/simchocolate.com\/es\/produto\/caja-de-9-bombones-for-lovers\/","name":"Caja de 9 bombones For Lovers | San Valent\u00edn","isPartOf":{"@id":"https:\/\/simchocolate.com\/es\/#website"},"primaryImageOfPage":{"@id":"https:\/\/simchocolate.com\/es\/produto\/caja-de-9-bombones-for-lovers\/#primaryimage"},"image":{"@id":"https:\/\/simchocolate.com\/es\/produto\/caja-de-9-bombones-for-lovers\/#primaryimage"},"thumbnailUrl":"https:\/\/simchocolate.com\/wp-content\/uploads\/2023\/10\/WhatsApp-Image-2025-01-15-at-15.44-Photoroom-2-1.jpg","datePublished":"2023-10-25T15:19:55+00:00","description":"Descubre una rom\u00e1ntica selecci\u00f3n de bombones artesanales con nuestra caja para enamorados. Perfecta para celebrar el amor en cualquier ocasi\u00f3n.","breadcrumb":{"@id":"https:\/\/simchocolate.com\/es\/produto\/caja-de-9-bombones-for-lovers\/#breadcrumb"},"inLanguage":"es","potentialAction":[{"@type":"ReadAction","target":["https:\/\/simchocolate.com\/es\/produto\/caja-de-9-bombones-for-lovers\/"]}]},{"@type":"ImageObject","inLanguage":"es","@id":"https:\/\/simchocolate.com\/es\/produto\/caja-de-9-bombones-for-lovers\/#primaryimage","url":"https:\/\/simchocolate.com\/wp-content\/uploads\/2023\/10\/WhatsApp-Image-2025-01-15-at-15.44-Photoroom-2-1.jpg","contentUrl":"https:\/\/simchocolate.com\/wp-content\/uploads\/2023\/10\/WhatsApp-Image-2025-01-15-at-15.44-Photoroom-2-1.jpg","width":1000,"height":1000,"caption":"Bombons para o Dia dos Namorados"},{"@type":"BreadcrumbList","@id":"https:\/\/simchocolate.com\/es\/produto\/caja-de-9-bombones-for-lovers\/#breadcrumb","itemListElement":[{"@type":"ListItem","position":1,"name":"In\u00edcio","item":"https:\/\/simchocolate.com\/es\/"},{"@type":"ListItem","position":2,"name":"Productos","item":"https:\/\/simchocolate.com\/es\/shop\/"},{"@type":"ListItem","position":3,"name":"Caja de 9 bombones For Lovers"}]},{"@type":"WebSite","@id":"https:\/\/simchocolate.com\/es\/#website","url":"https:\/\/simchocolate.com\/es\/","name":"SIM Chocolate","description":"Do amor incondicional entre uma m\u00e3e e sua filha, nasce a marca SIM Bombons no Natal de 2014","potentialAction":[{"@type":"SearchAction","target":{"@type":"EntryPoint","urlTemplate":"https:\/\/simchocolate.com\/es\/?s={search_term_string}"},"query-input":{"@type":"PropertyValueSpecification","valueRequired":true,"valueName":"search_term_string"}}],"inLanguage":"es"}]}},"_links":{"self":[{"href":"https:\/\/simchocolate.com\/es\/wp-json\/wp\/v2\/product\/9423","targetHints":{"allow":["GET"]}}],"collection":[{"href":"https:\/\/simchocolate.com\/es\/wp-json\/wp\/v2\/product"}],"about":[{"href":"https:\/\/simchocolate.com\/es\/wp-json\/wp\/v2\/types\/product"}],"replies":[{"embeddable":true,"href":"https:\/\/simchocolate.com\/es\/wp-json\/wp\/v2\/comments?post=9423"}],"wp:featuredmedia":[{"embeddable":true,"href":"https:\/\/simchocolate.com\/es\/wp-json\/wp\/v2\/media\/9450"}],"wp:attachment":[{"href":"https:\/\/simchocolate.com\/es\/wp-json\/wp\/v2\/media?parent=9423"}],"wp:term":[{"taxonomy":"product_brand","embeddable":true,"href":"https:\/\/simchocolate.com\/es\/wp-json\/wp\/v2\/product_brand?post=9423"},{"taxonomy":"product_cat","embeddable":true,"href":"https:\/\/simchocolate.com\/es\/wp-json\/wp\/v2\/product_cat?post=9423"},{"taxonomy":"product_tag","embeddable":true,"href":"https:\/\/simchocolate.com\/es\/wp-json\/wp\/v2\/product_tag?post=9423"}],"curies":[{"name":"wp","href":"https:\/\/api.w.org\/{rel}","templated":true}]}}