{"id":9425,"date":"2023-10-20T18:11:03","date_gmt":"2023-10-20T18:11:03","guid":{"rendered":"https:\/\/simchocolate.com\/produto\/papa-noel-de-chocolate-mediano-26cm\/"},"modified":"2023-10-20T18:11:03","modified_gmt":"2023-10-20T18:11:03","slug":"papa-noel-de-chocolate-mediano-26cm","status":"publish","type":"product","link":"https:\/\/simchocolate.com\/es\/produto\/papa-noel-de-chocolate-mediano-26cm\/","title":{"rendered":"Pap\u00e1 Noel de chocolate mediano 26cm"},"content":{"rendered":"<p style=\"text-align: left;\">Este Pap\u00e1 Noel de chocolate de 26 cm es una creaci\u00f3n de chocolate hecha a mano, perfecta para la \u00e9poca navide\u00f1a. Fabricada con chocolate de primera calidad, esta figura representa a un detallado Pap\u00e1 Noel y es ideal tanto para regalar como para decorar mesas festivas. Su imponente presencia y delicioso sabor lo convierten en una excelente elecci\u00f3n para endulzar las celebraciones y hacer las delicias de ni\u00f1os y mayores. \u00a1Un cl\u00e1sico navide\u00f1o que combina sabor y tradici\u00f3n!   <\/p>\n<p style=\"text-align: left;\"><strong>ATENCI\u00d3N:<\/strong> Al tratarse de un producto muy fr\u00e1gil, te recomendamos que lo recojas en nuestra tienda f\u00edsica, ya que <strong>no nos hacemos responsables en caso de rotura.<\/strong><\/p>\n<p style=\"text-align: left;\">\n","protected":false},"excerpt":{"rendered":"<p>Un Pap\u00e1 Noel de chocolate de 26 cm, hecho de chocolate de primera calidad, ideal para un regalo festivo o como bonita decoraci\u00f3n navide\u00f1a.<\/p>\n","protected":false},"featured_media":9433,"comment_status":"open","ping_status":"closed","template":"","meta":[],"product_brand":[],"product_cat":[190],"product_tag":[206],"class_list":{"0":"post-9425","1":"product","2":"type-product","3":"status-publish","4":"has-post-thumbnail","6":"product_cat-todo-el-chocolate","7":"product_tag-papa-noel","8":"edicoes-navidad","10":"first","11":"instock","12":"shipping-taxable","13":"purchasable","14":"product-type-simple"},"yoast_head":"<!-- This site is optimized with the Yoast SEO plugin v27.2 - https:\/\/yoast.com\/product\/yoast-seo-wordpress\/ -->\n<title>Pap\u00e1 Noel de Chocolate Mediano | Feliz Navidad<\/title>\n<meta name=\"description\" content=\"Sorprende con el Pap\u00e1 Noel de chocolate de 26 cm. Hecho de chocolate de alta calidad, es perfecto para decorar y deleitar en Navidad.\" \/>\n<meta name=\"robots\" content=\"index, follow, max-snippet:-1, max-image-preview:large, max-video-preview:-1\" \/>\n<link rel=\"canonical\" href=\"https:\/\/simchocolate.com\/es\/produto\/papa-noel-de-chocolate-mediano-26cm\/\" \/>\n<meta property=\"og:locale\" content=\"es_ES\" \/>\n<meta property=\"og:type\" content=\"article\" \/>\n<meta property=\"og:title\" content=\"Pap\u00e1 Noel de Chocolate Mediano | Feliz Navidad\" \/>\n<meta property=\"og:description\" content=\"Sorprende con el Pap\u00e1 Noel de chocolate de 26 cm. Hecho de chocolate de alta calidad, es perfecto para decorar y deleitar en Navidad.\" \/>\n<meta property=\"og:url\" content=\"https:\/\/simchocolate.com\/es\/produto\/papa-noel-de-chocolate-mediano-26cm\/\" \/>\n<meta property=\"og:site_name\" content=\"SIM Chocolate\" \/>\n<meta property=\"article:publisher\" content=\"https:\/\/www.facebook.com\/SimBombons\" \/>\n<meta property=\"og:image\" content=\"https:\/\/simchocolate.com\/wp-content\/uploads\/2023\/10\/pai-natal-26cm-natal25-2.jpg\" \/>\n\t<meta property=\"og:image:width\" content=\"1500\" \/>\n\t<meta property=\"og:image:height\" content=\"1500\" \/>\n\t<meta property=\"og:image:type\" content=\"image\/jpeg\" \/>\n<meta name=\"twitter:card\" content=\"summary_large_image\" \/>\n<meta name=\"twitter:label1\" content=\"Tiempo de lectura\" \/>\n\t<meta name=\"twitter:data1\" content=\"1 minuto\" \/>\n<script type=\"application\/ld+json\" class=\"yoast-schema-graph\">{\"@context\":\"https:\/\/schema.org\",\"@graph\":[{\"@type\":\"WebPage\",\"@id\":\"https:\/\/simchocolate.com\/es\/produto\/papa-noel-de-chocolate-mediano-26cm\/\",\"url\":\"https:\/\/simchocolate.com\/es\/produto\/papa-noel-de-chocolate-mediano-26cm\/\",\"name\":\"Pap\u00e1 Noel de Chocolate Mediano | Feliz Navidad\",\"isPartOf\":{\"@id\":\"https:\/\/simchocolate.com\/es\/#website\"},\"primaryImageOfPage\":{\"@id\":\"https:\/\/simchocolate.com\/es\/produto\/papa-noel-de-chocolate-mediano-26cm\/#primaryimage\"},\"image\":{\"@id\":\"https:\/\/simchocolate.com\/es\/produto\/papa-noel-de-chocolate-mediano-26cm\/#primaryimage\"},\"thumbnailUrl\":\"https:\/\/simchocolate.com\/wp-content\/uploads\/2023\/10\/pai-natal-26cm-natal25-2.jpg\",\"datePublished\":\"2023-10-20T18:11:03+00:00\",\"description\":\"Sorprende con el Pap\u00e1 Noel de chocolate de 26 cm. Hecho de chocolate de alta calidad, es perfecto para decorar y deleitar en Navidad.\",\"breadcrumb\":{\"@id\":\"https:\/\/simchocolate.com\/es\/produto\/papa-noel-de-chocolate-mediano-26cm\/#breadcrumb\"},\"inLanguage\":\"es\",\"potentialAction\":[{\"@type\":\"ReadAction\",\"target\":[\"https:\/\/simchocolate.com\/es\/produto\/papa-noel-de-chocolate-mediano-26cm\/\"]}]},{\"@type\":\"ImageObject\",\"inLanguage\":\"es\",\"@id\":\"https:\/\/simchocolate.com\/es\/produto\/papa-noel-de-chocolate-mediano-26cm\/#primaryimage\",\"url\":\"https:\/\/simchocolate.com\/wp-content\/uploads\/2023\/10\/pai-natal-26cm-natal25-2.jpg\",\"contentUrl\":\"https:\/\/simchocolate.com\/wp-content\/uploads\/2023\/10\/pai-natal-26cm-natal25-2.jpg\",\"width\":1500,\"height\":1500,\"caption\":\"pai natal de chocolate\"},{\"@type\":\"BreadcrumbList\",\"@id\":\"https:\/\/simchocolate.com\/es\/produto\/papa-noel-de-chocolate-mediano-26cm\/#breadcrumb\",\"itemListElement\":[{\"@type\":\"ListItem\",\"position\":1,\"name\":\"In\u00edcio\",\"item\":\"https:\/\/simchocolate.com\/es\/\"},{\"@type\":\"ListItem\",\"position\":2,\"name\":\"Productos\",\"item\":\"https:\/\/simchocolate.com\/es\/shop\/\"},{\"@type\":\"ListItem\",\"position\":3,\"name\":\"Pap\u00e1 Noel de chocolate mediano 26cm\"}]},{\"@type\":\"WebSite\",\"@id\":\"https:\/\/simchocolate.com\/es\/#website\",\"url\":\"https:\/\/simchocolate.com\/es\/\",\"name\":\"SIM Chocolate\",\"description\":\"Do amor incondicional entre uma m\u00e3e e sua filha, nasce a marca SIM Bombons no Natal de 2014\",\"potentialAction\":[{\"@type\":\"SearchAction\",\"target\":{\"@type\":\"EntryPoint\",\"urlTemplate\":\"https:\/\/simchocolate.com\/es\/?s={search_term_string}\"},\"query-input\":{\"@type\":\"PropertyValueSpecification\",\"valueRequired\":true,\"valueName\":\"search_term_string\"}}],\"inLanguage\":\"es\"}]}<\/script>\n<!-- \/ Yoast SEO plugin. -->","yoast_head_json":{"title":"Pap\u00e1 Noel de Chocolate Mediano | Feliz Navidad","description":"Sorprende con el Pap\u00e1 Noel de chocolate de 26 cm. Hecho de chocolate de alta calidad, es perfecto para decorar y deleitar en Navidad.","robots":{"index":"index","follow":"follow","max-snippet":"max-snippet:-1","max-image-preview":"max-image-preview:large","max-video-preview":"max-video-preview:-1"},"canonical":"https:\/\/simchocolate.com\/es\/produto\/papa-noel-de-chocolate-mediano-26cm\/","og_locale":"es_ES","og_type":"article","og_title":"Pap\u00e1 Noel de Chocolate Mediano | Feliz Navidad","og_description":"Sorprende con el Pap\u00e1 Noel de chocolate de 26 cm. Hecho de chocolate de alta calidad, es perfecto para decorar y deleitar en Navidad.","og_url":"https:\/\/simchocolate.com\/es\/produto\/papa-noel-de-chocolate-mediano-26cm\/","og_site_name":"SIM Chocolate","article_publisher":"https:\/\/www.facebook.com\/SimBombons","og_image":[{"width":1500,"height":1500,"url":"https:\/\/simchocolate.com\/wp-content\/uploads\/2023\/10\/pai-natal-26cm-natal25-2.jpg","type":"image\/jpeg"}],"twitter_card":"summary_large_image","twitter_misc":{"Tiempo de lectura":"1 minuto"},"schema":{"@context":"https:\/\/schema.org","@graph":[{"@type":"WebPage","@id":"https:\/\/simchocolate.com\/es\/produto\/papa-noel-de-chocolate-mediano-26cm\/","url":"https:\/\/simchocolate.com\/es\/produto\/papa-noel-de-chocolate-mediano-26cm\/","name":"Pap\u00e1 Noel de Chocolate Mediano | Feliz Navidad","isPartOf":{"@id":"https:\/\/simchocolate.com\/es\/#website"},"primaryImageOfPage":{"@id":"https:\/\/simchocolate.com\/es\/produto\/papa-noel-de-chocolate-mediano-26cm\/#primaryimage"},"image":{"@id":"https:\/\/simchocolate.com\/es\/produto\/papa-noel-de-chocolate-mediano-26cm\/#primaryimage"},"thumbnailUrl":"https:\/\/simchocolate.com\/wp-content\/uploads\/2023\/10\/pai-natal-26cm-natal25-2.jpg","datePublished":"2023-10-20T18:11:03+00:00","description":"Sorprende con el Pap\u00e1 Noel de chocolate de 26 cm. Hecho de chocolate de alta calidad, es perfecto para decorar y deleitar en Navidad.","breadcrumb":{"@id":"https:\/\/simchocolate.com\/es\/produto\/papa-noel-de-chocolate-mediano-26cm\/#breadcrumb"},"inLanguage":"es","potentialAction":[{"@type":"ReadAction","target":["https:\/\/simchocolate.com\/es\/produto\/papa-noel-de-chocolate-mediano-26cm\/"]}]},{"@type":"ImageObject","inLanguage":"es","@id":"https:\/\/simchocolate.com\/es\/produto\/papa-noel-de-chocolate-mediano-26cm\/#primaryimage","url":"https:\/\/simchocolate.com\/wp-content\/uploads\/2023\/10\/pai-natal-26cm-natal25-2.jpg","contentUrl":"https:\/\/simchocolate.com\/wp-content\/uploads\/2023\/10\/pai-natal-26cm-natal25-2.jpg","width":1500,"height":1500,"caption":"pai natal de chocolate"},{"@type":"BreadcrumbList","@id":"https:\/\/simchocolate.com\/es\/produto\/papa-noel-de-chocolate-mediano-26cm\/#breadcrumb","itemListElement":[{"@type":"ListItem","position":1,"name":"In\u00edcio","item":"https:\/\/simchocolate.com\/es\/"},{"@type":"ListItem","position":2,"name":"Productos","item":"https:\/\/simchocolate.com\/es\/shop\/"},{"@type":"ListItem","position":3,"name":"Pap\u00e1 Noel de chocolate mediano 26cm"}]},{"@type":"WebSite","@id":"https:\/\/simchocolate.com\/es\/#website","url":"https:\/\/simchocolate.com\/es\/","name":"SIM Chocolate","description":"Do amor incondicional entre uma m\u00e3e e sua filha, nasce a marca SIM Bombons no Natal de 2014","potentialAction":[{"@type":"SearchAction","target":{"@type":"EntryPoint","urlTemplate":"https:\/\/simchocolate.com\/es\/?s={search_term_string}"},"query-input":{"@type":"PropertyValueSpecification","valueRequired":true,"valueName":"search_term_string"}}],"inLanguage":"es"}]}},"_links":{"self":[{"href":"https:\/\/simchocolate.com\/es\/wp-json\/wp\/v2\/product\/9425","targetHints":{"allow":["GET"]}}],"collection":[{"href":"https:\/\/simchocolate.com\/es\/wp-json\/wp\/v2\/product"}],"about":[{"href":"https:\/\/simchocolate.com\/es\/wp-json\/wp\/v2\/types\/product"}],"replies":[{"embeddable":true,"href":"https:\/\/simchocolate.com\/es\/wp-json\/wp\/v2\/comments?post=9425"}],"wp:featuredmedia":[{"embeddable":true,"href":"https:\/\/simchocolate.com\/es\/wp-json\/wp\/v2\/media\/9433"}],"wp:attachment":[{"href":"https:\/\/simchocolate.com\/es\/wp-json\/wp\/v2\/media?parent=9425"}],"wp:term":[{"taxonomy":"product_brand","embeddable":true,"href":"https:\/\/simchocolate.com\/es\/wp-json\/wp\/v2\/product_brand?post=9425"},{"taxonomy":"product_cat","embeddable":true,"href":"https:\/\/simchocolate.com\/es\/wp-json\/wp\/v2\/product_cat?post=9425"},{"taxonomy":"product_tag","embeddable":true,"href":"https:\/\/simchocolate.com\/es\/wp-json\/wp\/v2\/product_tag?post=9425"}],"curies":[{"name":"wp","href":"https:\/\/api.w.org\/{rel}","templated":true}]}}