{"id":9427,"date":"2023-12-04T11:54:29","date_gmt":"2023-12-04T11:54:29","guid":{"rendered":"https:\/\/simchocolate.com\/produto\/feliz-navidad-tableta-de-chocolate-negro\/"},"modified":"2023-12-04T11:54:29","modified_gmt":"2023-12-04T11:54:29","slug":"feliz-navidad-tableta-de-chocolate-negro","status":"publish","type":"product","link":"https:\/\/simchocolate.com\/es\/produto\/feliz-navidad-tableta-de-chocolate-negro\/","title":{"rendered":"FELIZ NAVIDAD Tableta de chocolate negro"},"content":{"rendered":"<p style=\"text-align: left\">La <strong>Tableta Feliz Navidad<\/strong> ha sido cuidadosamente elaborada para aportar un toque de dulzura y alegr\u00eda a la \u00e9poca navide\u00f1a. Elaborada con chocolate premium de alta calidad, esta tableta deleita el paladar con su suave textura y su irresistible sabor. Decorada con un mensaje festivo y un dise\u00f1o navide\u00f1o especial, es el regalo perfecto para amigos, familiares o compa\u00f1eros. Ya sea para compartir en reuniones sociales o para sorprender a alguien especial, esta barra captura el esp\u00edritu de la Navidad, combinando tradici\u00f3n, elegancia y placer gourmet. Ideal para a\u00f1adir un toque personalizado y delicioso a tus celebraciones de fin de a\u00f1o. Adem\u00e1s, cada barra est\u00e1 envasada de forma que conserva su frescura y sofisticaci\u00f3n, garantizando que el sabor se mantenga impecable hasta el \u00faltimo trozo.     <\/p>\n","protected":false},"excerpt":{"rendered":"<p>Tableta de chocolate Feliz Navidad, ideal como regalo navide\u00f1o. Un toque delicioso y festivo para la \u00e9poca m\u00e1s m\u00e1gica del a\u00f1o. <\/p>\n","protected":false},"featured_media":9438,"comment_status":"open","ping_status":"closed","template":"","meta":[],"product_brand":[],"product_cat":[200],"product_tag":[],"class_list":{"0":"post-9427","1":"product","2":"type-product","3":"status-publish","4":"has-post-thumbnail","6":"product_cat-tabletas-de-chocolate","7":"edicoes-navidad","9":"first","10":"instock","11":"shipping-taxable","12":"purchasable","13":"product-type-simple"},"yoast_head":"<!-- This site is optimized with the Yoast SEO plugin v27.2 - https:\/\/yoast.com\/product\/yoast-seo-wordpress\/ -->\n<title>Tableta Feliz Navidad | SIM Chocolate<\/title>\n<meta name=\"description\" content=\"Celebra la Navidad con nuestra Tableta Feliz Navidad, hecha con chocolate de primera calidad. El regalo perfecto para endulzar las fiestas.\" \/>\n<meta name=\"robots\" content=\"index, follow, max-snippet:-1, max-image-preview:large, max-video-preview:-1\" \/>\n<link rel=\"canonical\" href=\"https:\/\/simchocolate.com\/es\/produto\/feliz-navidad-tableta-de-chocolate-negro\/\" \/>\n<meta property=\"og:locale\" content=\"es_ES\" \/>\n<meta property=\"og:type\" content=\"article\" \/>\n<meta property=\"og:title\" content=\"Tableta Feliz Navidad | SIM Chocolate\" \/>\n<meta property=\"og:description\" content=\"Celebra la Navidad con nuestra Tableta Feliz Navidad, hecha con chocolate de primera calidad. El regalo perfecto para endulzar las fiestas.\" \/>\n<meta property=\"og:url\" content=\"https:\/\/simchocolate.com\/es\/produto\/feliz-navidad-tableta-de-chocolate-negro\/\" \/>\n<meta property=\"og:site_name\" content=\"SIM Chocolate\" \/>\n<meta property=\"article:publisher\" content=\"https:\/\/www.facebook.com\/SimBombons\" \/>\n<meta property=\"og:image\" content=\"https:\/\/simchocolate.com\/wp-content\/uploads\/2023\/12\/happy-scaled.jpg\" \/>\n\t<meta property=\"og:image:width\" content=\"2560\" \/>\n\t<meta property=\"og:image:height\" content=\"2560\" \/>\n\t<meta property=\"og:image:type\" content=\"image\/jpeg\" \/>\n<meta name=\"twitter:card\" content=\"summary_large_image\" \/>\n<meta name=\"twitter:label1\" content=\"Tiempo de lectura\" \/>\n\t<meta name=\"twitter:data1\" content=\"1 minuto\" \/>\n<script type=\"application\/ld+json\" class=\"yoast-schema-graph\">{\"@context\":\"https:\/\/schema.org\",\"@graph\":[{\"@type\":\"WebPage\",\"@id\":\"https:\/\/simchocolate.com\/es\/produto\/feliz-navidad-tableta-de-chocolate-negro\/\",\"url\":\"https:\/\/simchocolate.com\/es\/produto\/feliz-navidad-tableta-de-chocolate-negro\/\",\"name\":\"Tableta Feliz Navidad | SIM Chocolate\",\"isPartOf\":{\"@id\":\"https:\/\/simchocolate.com\/es\/#website\"},\"primaryImageOfPage\":{\"@id\":\"https:\/\/simchocolate.com\/es\/produto\/feliz-navidad-tableta-de-chocolate-negro\/#primaryimage\"},\"image\":{\"@id\":\"https:\/\/simchocolate.com\/es\/produto\/feliz-navidad-tableta-de-chocolate-negro\/#primaryimage\"},\"thumbnailUrl\":\"https:\/\/simchocolate.com\/wp-content\/uploads\/2023\/12\/happy-scaled.jpg\",\"datePublished\":\"2023-12-04T11:54:29+00:00\",\"description\":\"Celebra la Navidad con nuestra Tableta Feliz Navidad, hecha con chocolate de primera calidad. El regalo perfecto para endulzar las fiestas.\",\"breadcrumb\":{\"@id\":\"https:\/\/simchocolate.com\/es\/produto\/feliz-navidad-tableta-de-chocolate-negro\/#breadcrumb\"},\"inLanguage\":\"es\",\"potentialAction\":[{\"@type\":\"ReadAction\",\"target\":[\"https:\/\/simchocolate.com\/es\/produto\/feliz-navidad-tableta-de-chocolate-negro\/\"]}]},{\"@type\":\"ImageObject\",\"inLanguage\":\"es\",\"@id\":\"https:\/\/simchocolate.com\/es\/produto\/feliz-navidad-tableta-de-chocolate-negro\/#primaryimage\",\"url\":\"https:\/\/simchocolate.com\/wp-content\/uploads\/2023\/12\/happy-scaled.jpg\",\"contentUrl\":\"https:\/\/simchocolate.com\/wp-content\/uploads\/2023\/12\/happy-scaled.jpg\",\"width\":2560,\"height\":2560},{\"@type\":\"BreadcrumbList\",\"@id\":\"https:\/\/simchocolate.com\/es\/produto\/feliz-navidad-tableta-de-chocolate-negro\/#breadcrumb\",\"itemListElement\":[{\"@type\":\"ListItem\",\"position\":1,\"name\":\"In\u00edcio\",\"item\":\"https:\/\/simchocolate.com\/es\/\"},{\"@type\":\"ListItem\",\"position\":2,\"name\":\"Productos\",\"item\":\"https:\/\/simchocolate.com\/es\/shop\/\"},{\"@type\":\"ListItem\",\"position\":3,\"name\":\"FELIZ NAVIDAD Tableta de chocolate negro\"}]},{\"@type\":\"WebSite\",\"@id\":\"https:\/\/simchocolate.com\/es\/#website\",\"url\":\"https:\/\/simchocolate.com\/es\/\",\"name\":\"SIM Chocolate\",\"description\":\"Do amor incondicional entre uma m\u00e3e e sua filha, nasce a marca SIM Bombons no Natal de 2014\",\"potentialAction\":[{\"@type\":\"SearchAction\",\"target\":{\"@type\":\"EntryPoint\",\"urlTemplate\":\"https:\/\/simchocolate.com\/es\/?s={search_term_string}\"},\"query-input\":{\"@type\":\"PropertyValueSpecification\",\"valueRequired\":true,\"valueName\":\"search_term_string\"}}],\"inLanguage\":\"es\"}]}<\/script>\n<!-- \/ Yoast SEO plugin. -->","yoast_head_json":{"title":"Tableta Feliz Navidad | SIM Chocolate","description":"Celebra la Navidad con nuestra Tableta Feliz Navidad, hecha con chocolate de primera calidad. El regalo perfecto para endulzar las fiestas.","robots":{"index":"index","follow":"follow","max-snippet":"max-snippet:-1","max-image-preview":"max-image-preview:large","max-video-preview":"max-video-preview:-1"},"canonical":"https:\/\/simchocolate.com\/es\/produto\/feliz-navidad-tableta-de-chocolate-negro\/","og_locale":"es_ES","og_type":"article","og_title":"Tableta Feliz Navidad | SIM Chocolate","og_description":"Celebra la Navidad con nuestra Tableta Feliz Navidad, hecha con chocolate de primera calidad. El regalo perfecto para endulzar las fiestas.","og_url":"https:\/\/simchocolate.com\/es\/produto\/feliz-navidad-tableta-de-chocolate-negro\/","og_site_name":"SIM Chocolate","article_publisher":"https:\/\/www.facebook.com\/SimBombons","og_image":[{"width":2560,"height":2560,"url":"https:\/\/simchocolate.com\/wp-content\/uploads\/2023\/12\/happy-scaled.jpg","type":"image\/jpeg"}],"twitter_card":"summary_large_image","twitter_misc":{"Tiempo de lectura":"1 minuto"},"schema":{"@context":"https:\/\/schema.org","@graph":[{"@type":"WebPage","@id":"https:\/\/simchocolate.com\/es\/produto\/feliz-navidad-tableta-de-chocolate-negro\/","url":"https:\/\/simchocolate.com\/es\/produto\/feliz-navidad-tableta-de-chocolate-negro\/","name":"Tableta Feliz Navidad | SIM Chocolate","isPartOf":{"@id":"https:\/\/simchocolate.com\/es\/#website"},"primaryImageOfPage":{"@id":"https:\/\/simchocolate.com\/es\/produto\/feliz-navidad-tableta-de-chocolate-negro\/#primaryimage"},"image":{"@id":"https:\/\/simchocolate.com\/es\/produto\/feliz-navidad-tableta-de-chocolate-negro\/#primaryimage"},"thumbnailUrl":"https:\/\/simchocolate.com\/wp-content\/uploads\/2023\/12\/happy-scaled.jpg","datePublished":"2023-12-04T11:54:29+00:00","description":"Celebra la Navidad con nuestra Tableta Feliz Navidad, hecha con chocolate de primera calidad. El regalo perfecto para endulzar las fiestas.","breadcrumb":{"@id":"https:\/\/simchocolate.com\/es\/produto\/feliz-navidad-tableta-de-chocolate-negro\/#breadcrumb"},"inLanguage":"es","potentialAction":[{"@type":"ReadAction","target":["https:\/\/simchocolate.com\/es\/produto\/feliz-navidad-tableta-de-chocolate-negro\/"]}]},{"@type":"ImageObject","inLanguage":"es","@id":"https:\/\/simchocolate.com\/es\/produto\/feliz-navidad-tableta-de-chocolate-negro\/#primaryimage","url":"https:\/\/simchocolate.com\/wp-content\/uploads\/2023\/12\/happy-scaled.jpg","contentUrl":"https:\/\/simchocolate.com\/wp-content\/uploads\/2023\/12\/happy-scaled.jpg","width":2560,"height":2560},{"@type":"BreadcrumbList","@id":"https:\/\/simchocolate.com\/es\/produto\/feliz-navidad-tableta-de-chocolate-negro\/#breadcrumb","itemListElement":[{"@type":"ListItem","position":1,"name":"In\u00edcio","item":"https:\/\/simchocolate.com\/es\/"},{"@type":"ListItem","position":2,"name":"Productos","item":"https:\/\/simchocolate.com\/es\/shop\/"},{"@type":"ListItem","position":3,"name":"FELIZ NAVIDAD Tableta de chocolate negro"}]},{"@type":"WebSite","@id":"https:\/\/simchocolate.com\/es\/#website","url":"https:\/\/simchocolate.com\/es\/","name":"SIM Chocolate","description":"Do amor incondicional entre uma m\u00e3e e sua filha, nasce a marca SIM Bombons no Natal de 2014","potentialAction":[{"@type":"SearchAction","target":{"@type":"EntryPoint","urlTemplate":"https:\/\/simchocolate.com\/es\/?s={search_term_string}"},"query-input":{"@type":"PropertyValueSpecification","valueRequired":true,"valueName":"search_term_string"}}],"inLanguage":"es"}]}},"_links":{"self":[{"href":"https:\/\/simchocolate.com\/es\/wp-json\/wp\/v2\/product\/9427","targetHints":{"allow":["GET"]}}],"collection":[{"href":"https:\/\/simchocolate.com\/es\/wp-json\/wp\/v2\/product"}],"about":[{"href":"https:\/\/simchocolate.com\/es\/wp-json\/wp\/v2\/types\/product"}],"replies":[{"embeddable":true,"href":"https:\/\/simchocolate.com\/es\/wp-json\/wp\/v2\/comments?post=9427"}],"wp:featuredmedia":[{"embeddable":true,"href":"https:\/\/simchocolate.com\/es\/wp-json\/wp\/v2\/media\/9438"}],"wp:attachment":[{"href":"https:\/\/simchocolate.com\/es\/wp-json\/wp\/v2\/media?parent=9427"}],"wp:term":[{"taxonomy":"product_brand","embeddable":true,"href":"https:\/\/simchocolate.com\/es\/wp-json\/wp\/v2\/product_brand?post=9427"},{"taxonomy":"product_cat","embeddable":true,"href":"https:\/\/simchocolate.com\/es\/wp-json\/wp\/v2\/product_cat?post=9427"},{"taxonomy":"product_tag","embeddable":true,"href":"https:\/\/simchocolate.com\/es\/wp-json\/wp\/v2\/product_tag?post=9427"}],"curies":[{"name":"wp","href":"https:\/\/api.w.org\/{rel}","templated":true}]}}