{"id":9454,"date":"2023-10-20T18:11:08","date_gmt":"2023-10-20T18:11:08","guid":{"rendered":"https:\/\/simchocolate.com\/produto\/naranjas-con-chocolate-negro\/"},"modified":"2025-12-02T17:14:00","modified_gmt":"2025-12-02T17:14:00","slug":"naranjas-con-chocolate-negro","status":"publish","type":"product","link":"https:\/\/simchocolate.com\/es\/produto\/naranjas-con-chocolate-negro\/","title":{"rendered":"Naranjas con chocolate negro"},"content":{"rendered":"<h5 style=\"text-align: left;\">Perfecci\u00f3n de chocolate y naranja<\/h5>\n<p style=\"text-align: left;\">Saborea la experiencia gourmet de nuestras Naranjitas de Chocolate, donde la dulzura de los c\u00edtricos se une a la riqueza del chocolate. Estas delicias se elaboran con trozos de naranja confitada, cuidadosamente ba\u00f1ados en el mejor chocolate, creando una combinaci\u00f3n perfecta que complace incluso a los paladares m\u00e1s exigentes. <\/p>\n<p style=\"text-align: left;\"><strong>Nuestras naranjitas se preparan cuidando hasta el m\u00e1s m\u00ednimo detalle.<\/strong> Las naranjas seleccionadas se confitan hasta conseguir la textura perfecta, conservando su vibrante sabor y su jugosidad natural. A continuaci\u00f3n, cada pieza se cubre con una generosa capa de chocolate de alta calidad, que complementa maravillosamente el sabor c\u00edtrico de la naranja. <\/p>\n<p style=\"text-align: left;\">Disponibles en refinados envases, son ideales para regalar en cualquier ocasi\u00f3n especial, o simplemente para a\u00f1adir un toque de lujo a tu vida cotidiana.  <strong>La belleza y sofisticaci\u00f3n de nuestras naranjitas de chocolate las convierten en un regalo irresistible para los amantes del chocolate y los c\u00edtricos.<\/strong><\/p>\n","protected":false},"excerpt":{"rendered":"<p>Descubre el irresistible sabor de nuestras Orangettes de Chocolate. Trozos de naranja confitada ba\u00f1ados en el mejor chocolate, creando una combinaci\u00f3n perfecta de sabores c\u00edtricos y dulces. <\/p>\n<p><strong>Cada caja contiene 80G de Orangettes<\/strong><\/p>\n<p>&nbsp;<\/p>\n<p>&nbsp;<\/p>\n","protected":false},"featured_media":9468,"comment_status":"open","ping_status":"closed","template":"","meta":[],"product_brand":[],"product_cat":[190],"product_tag":[209],"class_list":{"0":"post-9454","1":"product","2":"type-product","3":"status-publish","4":"has-post-thumbnail","6":"product_cat-todo-el-chocolate","7":"product_tag-orangettes","8":"edicoes-chocolate-con-fruta","10":"first","11":"instock","12":"shipping-taxable","13":"purchasable","14":"product-type-simple"},"yoast_head":"<!-- This site is optimized with the Yoast SEO plugin v27.2 - https:\/\/yoast.com\/product\/yoast-seo-wordpress\/ -->\n<title>Naranjas con chocolate negro | S\u00ed Chocolate<\/title>\n<meta name=\"description\" content=\"Descubre el irresistible sabor de nuestras Orangettes de Chocolate. Trozos de naranja confitada ba\u00f1ados en el mejor chocolate.\" \/>\n<meta name=\"robots\" content=\"index, follow, max-snippet:-1, max-image-preview:large, max-video-preview:-1\" \/>\n<link rel=\"canonical\" href=\"https:\/\/simchocolate.com\/es\/produto\/naranjas-con-chocolate-negro\/\" \/>\n<meta property=\"og:locale\" content=\"es_ES\" \/>\n<meta property=\"og:type\" content=\"article\" \/>\n<meta property=\"og:title\" content=\"Naranjas con chocolate negro | S\u00ed Chocolate\" \/>\n<meta property=\"og:description\" content=\"Descubre el irresistible sabor de nuestras Orangettes de Chocolate. Trozos de naranja confitada ba\u00f1ados en el mejor chocolate.\" \/>\n<meta property=\"og:url\" content=\"https:\/\/simchocolate.com\/es\/produto\/naranjas-con-chocolate-negro\/\" \/>\n<meta property=\"og:site_name\" content=\"SIM Chocolate\" \/>\n<meta property=\"article:publisher\" content=\"https:\/\/www.facebook.com\/SimBombons\" \/>\n<meta property=\"article:modified_time\" content=\"2025-12-02T17:14:00+00:00\" \/>\n<meta property=\"og:image\" content=\"https:\/\/simchocolate.com\/wp-content\/uploads\/2023\/10\/IMG_0650.jpg\" \/>\n\t<meta property=\"og:image:width\" content=\"1000\" \/>\n\t<meta property=\"og:image:height\" content=\"1000\" \/>\n\t<meta property=\"og:image:type\" content=\"image\/jpeg\" \/>\n<meta name=\"twitter:card\" content=\"summary_large_image\" \/>\n<meta name=\"twitter:label1\" content=\"Tiempo de lectura\" \/>\n\t<meta name=\"twitter:data1\" content=\"1 minuto\" \/>\n<script type=\"application\/ld+json\" class=\"yoast-schema-graph\">{\"@context\":\"https:\/\/schema.org\",\"@graph\":[{\"@type\":\"WebPage\",\"@id\":\"https:\/\/simchocolate.com\/es\/produto\/naranjas-con-chocolate-negro\/\",\"url\":\"https:\/\/simchocolate.com\/es\/produto\/naranjas-con-chocolate-negro\/\",\"name\":\"Naranjas con chocolate negro | S\u00ed Chocolate\",\"isPartOf\":{\"@id\":\"https:\/\/simchocolate.com\/es\/#website\"},\"primaryImageOfPage\":{\"@id\":\"https:\/\/simchocolate.com\/es\/produto\/naranjas-con-chocolate-negro\/#primaryimage\"},\"image\":{\"@id\":\"https:\/\/simchocolate.com\/es\/produto\/naranjas-con-chocolate-negro\/#primaryimage\"},\"thumbnailUrl\":\"https:\/\/simchocolate.com\/wp-content\/uploads\/2023\/10\/IMG_0650.jpg\",\"datePublished\":\"2023-10-20T18:11:08+00:00\",\"dateModified\":\"2025-12-02T17:14:00+00:00\",\"description\":\"Descubre el irresistible sabor de nuestras Orangettes de Chocolate. Trozos de naranja confitada ba\u00f1ados en el mejor chocolate.\",\"breadcrumb\":{\"@id\":\"https:\/\/simchocolate.com\/es\/produto\/naranjas-con-chocolate-negro\/#breadcrumb\"},\"inLanguage\":\"es\",\"potentialAction\":[{\"@type\":\"ReadAction\",\"target\":[\"https:\/\/simchocolate.com\/es\/produto\/naranjas-con-chocolate-negro\/\"]}]},{\"@type\":\"ImageObject\",\"inLanguage\":\"es\",\"@id\":\"https:\/\/simchocolate.com\/es\/produto\/naranjas-con-chocolate-negro\/#primaryimage\",\"url\":\"https:\/\/simchocolate.com\/wp-content\/uploads\/2023\/10\/IMG_0650.jpg\",\"contentUrl\":\"https:\/\/simchocolate.com\/wp-content\/uploads\/2023\/10\/IMG_0650.jpg\",\"width\":1000,\"height\":1000,\"caption\":\"naranjitas de chocolate\"},{\"@type\":\"BreadcrumbList\",\"@id\":\"https:\/\/simchocolate.com\/es\/produto\/naranjas-con-chocolate-negro\/#breadcrumb\",\"itemListElement\":[{\"@type\":\"ListItem\",\"position\":1,\"name\":\"In\u00edcio\",\"item\":\"https:\/\/simchocolate.com\/es\/\"},{\"@type\":\"ListItem\",\"position\":2,\"name\":\"Productos\",\"item\":\"https:\/\/simchocolate.com\/es\/shop\/\"},{\"@type\":\"ListItem\",\"position\":3,\"name\":\"Naranjas con chocolate negro\"}]},{\"@type\":\"WebSite\",\"@id\":\"https:\/\/simchocolate.com\/es\/#website\",\"url\":\"https:\/\/simchocolate.com\/es\/\",\"name\":\"SIM Chocolate\",\"description\":\"Do amor incondicional entre uma m\u00e3e e sua filha, nasce a marca SIM Bombons no Natal de 2014\",\"potentialAction\":[{\"@type\":\"SearchAction\",\"target\":{\"@type\":\"EntryPoint\",\"urlTemplate\":\"https:\/\/simchocolate.com\/es\/?s={search_term_string}\"},\"query-input\":{\"@type\":\"PropertyValueSpecification\",\"valueRequired\":true,\"valueName\":\"search_term_string\"}}],\"inLanguage\":\"es\"}]}<\/script>\n<!-- \/ Yoast SEO plugin. -->","yoast_head_json":{"title":"Naranjas con chocolate negro | S\u00ed Chocolate","description":"Descubre el irresistible sabor de nuestras Orangettes de Chocolate. Trozos de naranja confitada ba\u00f1ados en el mejor chocolate.","robots":{"index":"index","follow":"follow","max-snippet":"max-snippet:-1","max-image-preview":"max-image-preview:large","max-video-preview":"max-video-preview:-1"},"canonical":"https:\/\/simchocolate.com\/es\/produto\/naranjas-con-chocolate-negro\/","og_locale":"es_ES","og_type":"article","og_title":"Naranjas con chocolate negro | S\u00ed Chocolate","og_description":"Descubre el irresistible sabor de nuestras Orangettes de Chocolate. Trozos de naranja confitada ba\u00f1ados en el mejor chocolate.","og_url":"https:\/\/simchocolate.com\/es\/produto\/naranjas-con-chocolate-negro\/","og_site_name":"SIM Chocolate","article_publisher":"https:\/\/www.facebook.com\/SimBombons","article_modified_time":"2025-12-02T17:14:00+00:00","og_image":[{"width":1000,"height":1000,"url":"https:\/\/simchocolate.com\/wp-content\/uploads\/2023\/10\/IMG_0650.jpg","type":"image\/jpeg"}],"twitter_card":"summary_large_image","twitter_misc":{"Tiempo de lectura":"1 minuto"},"schema":{"@context":"https:\/\/schema.org","@graph":[{"@type":"WebPage","@id":"https:\/\/simchocolate.com\/es\/produto\/naranjas-con-chocolate-negro\/","url":"https:\/\/simchocolate.com\/es\/produto\/naranjas-con-chocolate-negro\/","name":"Naranjas con chocolate negro | S\u00ed Chocolate","isPartOf":{"@id":"https:\/\/simchocolate.com\/es\/#website"},"primaryImageOfPage":{"@id":"https:\/\/simchocolate.com\/es\/produto\/naranjas-con-chocolate-negro\/#primaryimage"},"image":{"@id":"https:\/\/simchocolate.com\/es\/produto\/naranjas-con-chocolate-negro\/#primaryimage"},"thumbnailUrl":"https:\/\/simchocolate.com\/wp-content\/uploads\/2023\/10\/IMG_0650.jpg","datePublished":"2023-10-20T18:11:08+00:00","dateModified":"2025-12-02T17:14:00+00:00","description":"Descubre el irresistible sabor de nuestras Orangettes de Chocolate. Trozos de naranja confitada ba\u00f1ados en el mejor chocolate.","breadcrumb":{"@id":"https:\/\/simchocolate.com\/es\/produto\/naranjas-con-chocolate-negro\/#breadcrumb"},"inLanguage":"es","potentialAction":[{"@type":"ReadAction","target":["https:\/\/simchocolate.com\/es\/produto\/naranjas-con-chocolate-negro\/"]}]},{"@type":"ImageObject","inLanguage":"es","@id":"https:\/\/simchocolate.com\/es\/produto\/naranjas-con-chocolate-negro\/#primaryimage","url":"https:\/\/simchocolate.com\/wp-content\/uploads\/2023\/10\/IMG_0650.jpg","contentUrl":"https:\/\/simchocolate.com\/wp-content\/uploads\/2023\/10\/IMG_0650.jpg","width":1000,"height":1000,"caption":"naranjitas de chocolate"},{"@type":"BreadcrumbList","@id":"https:\/\/simchocolate.com\/es\/produto\/naranjas-con-chocolate-negro\/#breadcrumb","itemListElement":[{"@type":"ListItem","position":1,"name":"In\u00edcio","item":"https:\/\/simchocolate.com\/es\/"},{"@type":"ListItem","position":2,"name":"Productos","item":"https:\/\/simchocolate.com\/es\/shop\/"},{"@type":"ListItem","position":3,"name":"Naranjas con chocolate negro"}]},{"@type":"WebSite","@id":"https:\/\/simchocolate.com\/es\/#website","url":"https:\/\/simchocolate.com\/es\/","name":"SIM Chocolate","description":"Do amor incondicional entre uma m\u00e3e e sua filha, nasce a marca SIM Bombons no Natal de 2014","potentialAction":[{"@type":"SearchAction","target":{"@type":"EntryPoint","urlTemplate":"https:\/\/simchocolate.com\/es\/?s={search_term_string}"},"query-input":{"@type":"PropertyValueSpecification","valueRequired":true,"valueName":"search_term_string"}}],"inLanguage":"es"}]}},"_links":{"self":[{"href":"https:\/\/simchocolate.com\/es\/wp-json\/wp\/v2\/product\/9454","targetHints":{"allow":["GET"]}}],"collection":[{"href":"https:\/\/simchocolate.com\/es\/wp-json\/wp\/v2\/product"}],"about":[{"href":"https:\/\/simchocolate.com\/es\/wp-json\/wp\/v2\/types\/product"}],"replies":[{"embeddable":true,"href":"https:\/\/simchocolate.com\/es\/wp-json\/wp\/v2\/comments?post=9454"}],"wp:featuredmedia":[{"embeddable":true,"href":"https:\/\/simchocolate.com\/es\/wp-json\/wp\/v2\/media\/9468"}],"wp:attachment":[{"href":"https:\/\/simchocolate.com\/es\/wp-json\/wp\/v2\/media?parent=9454"}],"wp:term":[{"taxonomy":"product_brand","embeddable":true,"href":"https:\/\/simchocolate.com\/es\/wp-json\/wp\/v2\/product_brand?post=9454"},{"taxonomy":"product_cat","embeddable":true,"href":"https:\/\/simchocolate.com\/es\/wp-json\/wp\/v2\/product_cat?post=9454"},{"taxonomy":"product_tag","embeddable":true,"href":"https:\/\/simchocolate.com\/es\/wp-json\/wp\/v2\/product_tag?post=9454"}],"curies":[{"name":"wp","href":"https:\/\/api.w.org\/{rel}","templated":true}]}}