{"id":9466,"date":"2023-10-20T18:10:51","date_gmt":"2023-10-20T18:10:51","guid":{"rendered":"https:\/\/simchocolate.com\/produto\/1-2-huevo-de-pascua-de-chocolate-negro\/"},"modified":"2025-12-02T17:14:06","modified_gmt":"2025-12-02T17:14:06","slug":"1-2-huevo-de-pascua-de-chocolate-negro","status":"publish","type":"product","link":"https:\/\/simchocolate.com\/es\/produto\/1-2-huevo-de-pascua-de-chocolate-negro\/","title":{"rendered":"1\/2 huevo de Pascua de chocolate negro"},"content":{"rendered":"","protected":false},"excerpt":{"rendered":"<p>1\/2 Huevo de Pascua de chocolate negro. Chocolate con un car\u00e1cter agradablemente equilibrado gracias a la perfecta armon\u00eda entre el az\u00facar y el cacao. Capaz de satisfacer incluso a los paladares m\u00e1s exigentes y refinados.    <\/p>\n","protected":false},"featured_media":0,"comment_status":"closed","ping_status":"closed","template":"","meta":[],"product_brand":[],"product_cat":[190],"product_tag":[],"class_list":{"0":"post-9466","1":"product","2":"type-product","3":"status-publish","5":"product_cat-todo-el-chocolate","7":"first","8":"outofstock","9":"shipping-taxable","10":"purchasable","11":"product-type-simple"},"yoast_head":"<!-- This site is optimized with the Yoast SEO plugin v27.5 - https:\/\/yoast.com\/product\/yoast-seo-wordpress\/ -->\n<title>1\/2 huevo de Pascua de chocolate negro - Todo el chocolate - SIM Chocolate<\/title>\n<meta name=\"description\" content=\"1\/2 Huevo de Pascua de chocolate negro. Chocolate con un car\u00e1cter agradablemente equilibrado gracias a la perfecta armon\u00eda entre el az\u00facar y el cacao. Capaz de satisfacer incluso a los paladares m\u00e1s exigentes y refinados.\" \/>\n<meta name=\"robots\" content=\"index, follow, max-snippet:-1, max-image-preview:large, max-video-preview:-1\" \/>\n<link rel=\"canonical\" href=\"https:\/\/simchocolate.com\/es\/produto\/1-2-huevo-de-pascua-de-chocolate-negro\/\" \/>\n<meta property=\"og:locale\" content=\"es_ES\" \/>\n<meta property=\"og:type\" content=\"article\" \/>\n<meta property=\"og:title\" content=\"1\/2 huevo de Pascua de chocolate negro - Todo el chocolate - SIM Chocolate\" \/>\n<meta property=\"og:description\" content=\"1\/2 Huevo de Pascua de chocolate negro. Chocolate con un car\u00e1cter agradablemente equilibrado gracias a la perfecta armon\u00eda entre el az\u00facar y el cacao. Capaz de satisfacer incluso a los paladares m\u00e1s exigentes y refinados.\" \/>\n<meta property=\"og:url\" content=\"https:\/\/simchocolate.com\/es\/produto\/1-2-huevo-de-pascua-de-chocolate-negro\/\" \/>\n<meta property=\"og:site_name\" content=\"SIM Chocolate\" \/>\n<meta property=\"article:publisher\" content=\"https:\/\/www.facebook.com\/SimBombons\" \/>\n<meta property=\"article:modified_time\" content=\"2025-12-02T17:14:06+00:00\" \/>\n<meta property=\"og:image\" content=\"https:\/\/simchocolate.com\/wp-content\/uploads\/2023\/12\/IMG_7632-Photoroom-Photoroom-2.jpg\" \/>\n\t<meta property=\"og:image:width\" content=\"853\" \/>\n\t<meta property=\"og:image:height\" content=\"853\" \/>\n\t<meta property=\"og:image:type\" content=\"image\/jpeg\" \/>\n<meta name=\"twitter:card\" content=\"summary_large_image\" \/>\n<script type=\"application\/ld+json\" class=\"yoast-schema-graph\">{\"@context\":\"https:\\\/\\\/schema.org\",\"@graph\":[{\"@type\":\"WebPage\",\"@id\":\"https:\\\/\\\/simchocolate.com\\\/es\\\/produto\\\/1-2-huevo-de-pascua-de-chocolate-negro\\\/\",\"url\":\"https:\\\/\\\/simchocolate.com\\\/es\\\/produto\\\/1-2-huevo-de-pascua-de-chocolate-negro\\\/\",\"name\":\"1\\\/2 huevo de Pascua de chocolate negro - Todo el chocolate - SIM Chocolate\",\"isPartOf\":{\"@id\":\"https:\\\/\\\/simchocolate.com\\\/es\\\/#website\"},\"datePublished\":\"2023-10-20T18:10:51+00:00\",\"dateModified\":\"2025-12-02T17:14:06+00:00\",\"description\":\"1\\\/2 Huevo de Pascua de chocolate negro. Chocolate con un car\u00e1cter agradablemente equilibrado gracias a la perfecta armon\u00eda entre el az\u00facar y el cacao. Capaz de satisfacer incluso a los paladares m\u00e1s exigentes y refinados.\",\"breadcrumb\":{\"@id\":\"https:\\\/\\\/simchocolate.com\\\/es\\\/produto\\\/1-2-huevo-de-pascua-de-chocolate-negro\\\/#breadcrumb\"},\"inLanguage\":\"es\",\"potentialAction\":[{\"@type\":\"ReadAction\",\"target\":[\"https:\\\/\\\/simchocolate.com\\\/es\\\/produto\\\/1-2-huevo-de-pascua-de-chocolate-negro\\\/\"]}]},{\"@type\":\"BreadcrumbList\",\"@id\":\"https:\\\/\\\/simchocolate.com\\\/es\\\/produto\\\/1-2-huevo-de-pascua-de-chocolate-negro\\\/#breadcrumb\",\"itemListElement\":[{\"@type\":\"ListItem\",\"position\":1,\"name\":\"In\u00edcio\",\"item\":\"https:\\\/\\\/simchocolate.com\\\/es\\\/\"},{\"@type\":\"ListItem\",\"position\":2,\"name\":\"Productos\",\"item\":\"https:\\\/\\\/simchocolate.com\\\/es\\\/shop\\\/\"},{\"@type\":\"ListItem\",\"position\":3,\"name\":\"1\\\/2 huevo de Pascua de chocolate negro\"}]},{\"@type\":\"WebSite\",\"@id\":\"https:\\\/\\\/simchocolate.com\\\/es\\\/#website\",\"url\":\"https:\\\/\\\/simchocolate.com\\\/es\\\/\",\"name\":\"SIM Chocolate\",\"description\":\"Do amor incondicional entre uma m\u00e3e e sua filha, nasce a marca SIM Bombons no Natal de 2014\",\"potentialAction\":[{\"@type\":\"SearchAction\",\"target\":{\"@type\":\"EntryPoint\",\"urlTemplate\":\"https:\\\/\\\/simchocolate.com\\\/es\\\/?s={search_term_string}\"},\"query-input\":{\"@type\":\"PropertyValueSpecification\",\"valueRequired\":true,\"valueName\":\"search_term_string\"}}],\"inLanguage\":\"es\"}]}<\/script>\n<!-- \/ Yoast SEO plugin. -->","yoast_head_json":{"title":"1\/2 huevo de Pascua de chocolate negro - Todo el chocolate - SIM Chocolate","description":"1\/2 Huevo de Pascua de chocolate negro. Chocolate con un car\u00e1cter agradablemente equilibrado gracias a la perfecta armon\u00eda entre el az\u00facar y el cacao. Capaz de satisfacer incluso a los paladares m\u00e1s exigentes y refinados.","robots":{"index":"index","follow":"follow","max-snippet":"max-snippet:-1","max-image-preview":"max-image-preview:large","max-video-preview":"max-video-preview:-1"},"canonical":"https:\/\/simchocolate.com\/es\/produto\/1-2-huevo-de-pascua-de-chocolate-negro\/","og_locale":"es_ES","og_type":"article","og_title":"1\/2 huevo de Pascua de chocolate negro - Todo el chocolate - SIM Chocolate","og_description":"1\/2 Huevo de Pascua de chocolate negro. Chocolate con un car\u00e1cter agradablemente equilibrado gracias a la perfecta armon\u00eda entre el az\u00facar y el cacao. Capaz de satisfacer incluso a los paladares m\u00e1s exigentes y refinados.","og_url":"https:\/\/simchocolate.com\/es\/produto\/1-2-huevo-de-pascua-de-chocolate-negro\/","og_site_name":"SIM Chocolate","article_publisher":"https:\/\/www.facebook.com\/SimBombons","article_modified_time":"2025-12-02T17:14:06+00:00","og_image":[{"width":853,"height":853,"url":"https:\/\/simchocolate.com\/wp-content\/uploads\/2023\/12\/IMG_7632-Photoroom-Photoroom-2.jpg","type":"image\/jpeg"}],"twitter_card":"summary_large_image","schema":{"@context":"https:\/\/schema.org","@graph":[{"@type":"WebPage","@id":"https:\/\/simchocolate.com\/es\/produto\/1-2-huevo-de-pascua-de-chocolate-negro\/","url":"https:\/\/simchocolate.com\/es\/produto\/1-2-huevo-de-pascua-de-chocolate-negro\/","name":"1\/2 huevo de Pascua de chocolate negro - Todo el chocolate - SIM Chocolate","isPartOf":{"@id":"https:\/\/simchocolate.com\/es\/#website"},"datePublished":"2023-10-20T18:10:51+00:00","dateModified":"2025-12-02T17:14:06+00:00","description":"1\/2 Huevo de Pascua de chocolate negro. Chocolate con un car\u00e1cter agradablemente equilibrado gracias a la perfecta armon\u00eda entre el az\u00facar y el cacao. Capaz de satisfacer incluso a los paladares m\u00e1s exigentes y refinados.","breadcrumb":{"@id":"https:\/\/simchocolate.com\/es\/produto\/1-2-huevo-de-pascua-de-chocolate-negro\/#breadcrumb"},"inLanguage":"es","potentialAction":[{"@type":"ReadAction","target":["https:\/\/simchocolate.com\/es\/produto\/1-2-huevo-de-pascua-de-chocolate-negro\/"]}]},{"@type":"BreadcrumbList","@id":"https:\/\/simchocolate.com\/es\/produto\/1-2-huevo-de-pascua-de-chocolate-negro\/#breadcrumb","itemListElement":[{"@type":"ListItem","position":1,"name":"In\u00edcio","item":"https:\/\/simchocolate.com\/es\/"},{"@type":"ListItem","position":2,"name":"Productos","item":"https:\/\/simchocolate.com\/es\/shop\/"},{"@type":"ListItem","position":3,"name":"1\/2 huevo de Pascua de chocolate negro"}]},{"@type":"WebSite","@id":"https:\/\/simchocolate.com\/es\/#website","url":"https:\/\/simchocolate.com\/es\/","name":"SIM Chocolate","description":"Do amor incondicional entre uma m\u00e3e e sua filha, nasce a marca SIM Bombons no Natal de 2014","potentialAction":[{"@type":"SearchAction","target":{"@type":"EntryPoint","urlTemplate":"https:\/\/simchocolate.com\/es\/?s={search_term_string}"},"query-input":{"@type":"PropertyValueSpecification","valueRequired":true,"valueName":"search_term_string"}}],"inLanguage":"es"}]}},"_links":{"self":[{"href":"https:\/\/simchocolate.com\/es\/wp-json\/wp\/v2\/product\/9466","targetHints":{"allow":["GET"]}}],"collection":[{"href":"https:\/\/simchocolate.com\/es\/wp-json\/wp\/v2\/product"}],"about":[{"href":"https:\/\/simchocolate.com\/es\/wp-json\/wp\/v2\/types\/product"}],"replies":[{"embeddable":true,"href":"https:\/\/simchocolate.com\/es\/wp-json\/wp\/v2\/comments?post=9466"}],"wp:attachment":[{"href":"https:\/\/simchocolate.com\/es\/wp-json\/wp\/v2\/media?parent=9466"}],"wp:term":[{"taxonomy":"product_brand","embeddable":true,"href":"https:\/\/simchocolate.com\/es\/wp-json\/wp\/v2\/product_brand?post=9466"},{"taxonomy":"product_cat","embeddable":true,"href":"https:\/\/simchocolate.com\/es\/wp-json\/wp\/v2\/product_cat?post=9466"},{"taxonomy":"product_tag","embeddable":true,"href":"https:\/\/simchocolate.com\/es\/wp-json\/wp\/v2\/product_tag?post=9466"}],"curies":[{"name":"wp","href":"https:\/\/api.w.org\/{rel}","templated":true}]}}