{"id":9472,"date":"2023-10-20T18:10:20","date_gmt":"2023-10-20T18:10:20","guid":{"rendered":"https:\/\/simchocolate.com\/produto\/monedas-de-chocolate-feliz-navidad\/"},"modified":"2025-12-02T17:14:37","modified_gmt":"2025-12-02T17:14:37","slug":"monedas-de-chocolate-feliz-navidad","status":"publish","type":"product","link":"https:\/\/simchocolate.com\/es\/produto\/monedas-de-chocolate-feliz-navidad\/","title":{"rendered":"Monedas de chocolate Feliz Navidad"},"content":{"rendered":"","protected":false},"excerpt":{"rendered":"<p>Monedas de chocolate Feliz Navidad, perfectas para regalar o decorar la mesa navide\u00f1a. Hechas con chocolate de primera calidad, aportan sabor y diversi\u00f3n a la \u00e9poca navide\u00f1a. <\/p>\n","protected":false},"featured_media":9476,"comment_status":"open","ping_status":"closed","template":"","meta":[],"product_brand":[],"product_cat":[190],"product_tag":[],"class_list":{"0":"post-9472","1":"product","2":"type-product","3":"status-publish","4":"has-post-thumbnail","6":"product_cat-todo-el-chocolate","7":"edicoes-navidad","9":"first","10":"outofstock","11":"shipping-taxable","12":"purchasable","13":"product-type-simple"},"yoast_head":"<!-- This site is optimized with the Yoast SEO plugin v27.2 - https:\/\/yoast.com\/product\/yoast-seo-wordpress\/ -->\n<title>Monedas de chocolate | Feliz Navidad<\/title>\n<meta name=\"description\" content=\"Regala Monedas de Chocolate Feliz Navidad estas Navidades. Hechas con chocolate de calidad, son el regalo ideal para compartir momentos dulces.\" \/>\n<meta name=\"robots\" content=\"index, follow, max-snippet:-1, max-image-preview:large, max-video-preview:-1\" \/>\n<link rel=\"canonical\" href=\"https:\/\/simchocolate.com\/es\/produto\/monedas-de-chocolate-feliz-navidad\/\" \/>\n<meta property=\"og:locale\" content=\"es_ES\" \/>\n<meta property=\"og:type\" content=\"article\" \/>\n<meta property=\"og:title\" content=\"Monedas de chocolate | Feliz Navidad\" \/>\n<meta property=\"og:description\" content=\"Regala Monedas de Chocolate Feliz Navidad estas Navidades. Hechas con chocolate de calidad, son el regalo ideal para compartir momentos dulces.\" \/>\n<meta property=\"og:url\" content=\"https:\/\/simchocolate.com\/es\/produto\/monedas-de-chocolate-feliz-navidad\/\" \/>\n<meta property=\"og:site_name\" content=\"SIM Chocolate\" \/>\n<meta property=\"article:publisher\" content=\"https:\/\/www.facebook.com\/SimBombons\" \/>\n<meta property=\"article:modified_time\" content=\"2025-12-02T17:14:37+00:00\" \/>\n<meta property=\"og:image\" content=\"https:\/\/simchocolate.com\/wp-content\/uploads\/2023\/10\/IMG_8018-Photoroom.jpg\" \/>\n\t<meta property=\"og:image:width\" content=\"1280\" \/>\n\t<meta property=\"og:image:height\" content=\"1280\" \/>\n\t<meta property=\"og:image:type\" content=\"image\/jpeg\" \/>\n<meta name=\"twitter:card\" content=\"summary_large_image\" \/>\n<script type=\"application\/ld+json\" class=\"yoast-schema-graph\">{\"@context\":\"https:\/\/schema.org\",\"@graph\":[{\"@type\":\"WebPage\",\"@id\":\"https:\/\/simchocolate.com\/es\/produto\/monedas-de-chocolate-feliz-navidad\/\",\"url\":\"https:\/\/simchocolate.com\/es\/produto\/monedas-de-chocolate-feliz-navidad\/\",\"name\":\"Monedas de chocolate | Feliz Navidad\",\"isPartOf\":{\"@id\":\"https:\/\/simchocolate.com\/es\/#website\"},\"primaryImageOfPage\":{\"@id\":\"https:\/\/simchocolate.com\/es\/produto\/monedas-de-chocolate-feliz-navidad\/#primaryimage\"},\"image\":{\"@id\":\"https:\/\/simchocolate.com\/es\/produto\/monedas-de-chocolate-feliz-navidad\/#primaryimage\"},\"thumbnailUrl\":\"https:\/\/simchocolate.com\/wp-content\/uploads\/2023\/10\/IMG_8018-Photoroom.jpg\",\"datePublished\":\"2023-10-20T18:10:20+00:00\",\"dateModified\":\"2025-12-02T17:14:37+00:00\",\"description\":\"Regala Monedas de Chocolate Feliz Navidad estas Navidades. Hechas con chocolate de calidad, son el regalo ideal para compartir momentos dulces.\",\"breadcrumb\":{\"@id\":\"https:\/\/simchocolate.com\/es\/produto\/monedas-de-chocolate-feliz-navidad\/#breadcrumb\"},\"inLanguage\":\"es\",\"potentialAction\":[{\"@type\":\"ReadAction\",\"target\":[\"https:\/\/simchocolate.com\/es\/produto\/monedas-de-chocolate-feliz-navidad\/\"]}]},{\"@type\":\"ImageObject\",\"inLanguage\":\"es\",\"@id\":\"https:\/\/simchocolate.com\/es\/produto\/monedas-de-chocolate-feliz-navidad\/#primaryimage\",\"url\":\"https:\/\/simchocolate.com\/wp-content\/uploads\/2023\/10\/IMG_8018-Photoroom.jpg\",\"contentUrl\":\"https:\/\/simchocolate.com\/wp-content\/uploads\/2023\/10\/IMG_8018-Photoroom.jpg\",\"width\":1280,\"height\":1280,\"caption\":\"monedas de chocolate\"},{\"@type\":\"BreadcrumbList\",\"@id\":\"https:\/\/simchocolate.com\/es\/produto\/monedas-de-chocolate-feliz-navidad\/#breadcrumb\",\"itemListElement\":[{\"@type\":\"ListItem\",\"position\":1,\"name\":\"In\u00edcio\",\"item\":\"https:\/\/simchocolate.com\/es\/\"},{\"@type\":\"ListItem\",\"position\":2,\"name\":\"Productos\",\"item\":\"https:\/\/simchocolate.com\/es\/shop\/\"},{\"@type\":\"ListItem\",\"position\":3,\"name\":\"Monedas de chocolate Feliz Navidad\"}]},{\"@type\":\"WebSite\",\"@id\":\"https:\/\/simchocolate.com\/es\/#website\",\"url\":\"https:\/\/simchocolate.com\/es\/\",\"name\":\"SIM Chocolate\",\"description\":\"Do amor incondicional entre uma m\u00e3e e sua filha, nasce a marca SIM Bombons no Natal de 2014\",\"potentialAction\":[{\"@type\":\"SearchAction\",\"target\":{\"@type\":\"EntryPoint\",\"urlTemplate\":\"https:\/\/simchocolate.com\/es\/?s={search_term_string}\"},\"query-input\":{\"@type\":\"PropertyValueSpecification\",\"valueRequired\":true,\"valueName\":\"search_term_string\"}}],\"inLanguage\":\"es\"}]}<\/script>\n<!-- \/ Yoast SEO plugin. -->","yoast_head_json":{"title":"Monedas de chocolate | Feliz Navidad","description":"Regala Monedas de Chocolate Feliz Navidad estas Navidades. Hechas con chocolate de calidad, son el regalo ideal para compartir momentos dulces.","robots":{"index":"index","follow":"follow","max-snippet":"max-snippet:-1","max-image-preview":"max-image-preview:large","max-video-preview":"max-video-preview:-1"},"canonical":"https:\/\/simchocolate.com\/es\/produto\/monedas-de-chocolate-feliz-navidad\/","og_locale":"es_ES","og_type":"article","og_title":"Monedas de chocolate | Feliz Navidad","og_description":"Regala Monedas de Chocolate Feliz Navidad estas Navidades. Hechas con chocolate de calidad, son el regalo ideal para compartir momentos dulces.","og_url":"https:\/\/simchocolate.com\/es\/produto\/monedas-de-chocolate-feliz-navidad\/","og_site_name":"SIM Chocolate","article_publisher":"https:\/\/www.facebook.com\/SimBombons","article_modified_time":"2025-12-02T17:14:37+00:00","og_image":[{"width":1280,"height":1280,"url":"https:\/\/simchocolate.com\/wp-content\/uploads\/2023\/10\/IMG_8018-Photoroom.jpg","type":"image\/jpeg"}],"twitter_card":"summary_large_image","schema":{"@context":"https:\/\/schema.org","@graph":[{"@type":"WebPage","@id":"https:\/\/simchocolate.com\/es\/produto\/monedas-de-chocolate-feliz-navidad\/","url":"https:\/\/simchocolate.com\/es\/produto\/monedas-de-chocolate-feliz-navidad\/","name":"Monedas de chocolate | Feliz Navidad","isPartOf":{"@id":"https:\/\/simchocolate.com\/es\/#website"},"primaryImageOfPage":{"@id":"https:\/\/simchocolate.com\/es\/produto\/monedas-de-chocolate-feliz-navidad\/#primaryimage"},"image":{"@id":"https:\/\/simchocolate.com\/es\/produto\/monedas-de-chocolate-feliz-navidad\/#primaryimage"},"thumbnailUrl":"https:\/\/simchocolate.com\/wp-content\/uploads\/2023\/10\/IMG_8018-Photoroom.jpg","datePublished":"2023-10-20T18:10:20+00:00","dateModified":"2025-12-02T17:14:37+00:00","description":"Regala Monedas de Chocolate Feliz Navidad estas Navidades. Hechas con chocolate de calidad, son el regalo ideal para compartir momentos dulces.","breadcrumb":{"@id":"https:\/\/simchocolate.com\/es\/produto\/monedas-de-chocolate-feliz-navidad\/#breadcrumb"},"inLanguage":"es","potentialAction":[{"@type":"ReadAction","target":["https:\/\/simchocolate.com\/es\/produto\/monedas-de-chocolate-feliz-navidad\/"]}]},{"@type":"ImageObject","inLanguage":"es","@id":"https:\/\/simchocolate.com\/es\/produto\/monedas-de-chocolate-feliz-navidad\/#primaryimage","url":"https:\/\/simchocolate.com\/wp-content\/uploads\/2023\/10\/IMG_8018-Photoroom.jpg","contentUrl":"https:\/\/simchocolate.com\/wp-content\/uploads\/2023\/10\/IMG_8018-Photoroom.jpg","width":1280,"height":1280,"caption":"monedas de chocolate"},{"@type":"BreadcrumbList","@id":"https:\/\/simchocolate.com\/es\/produto\/monedas-de-chocolate-feliz-navidad\/#breadcrumb","itemListElement":[{"@type":"ListItem","position":1,"name":"In\u00edcio","item":"https:\/\/simchocolate.com\/es\/"},{"@type":"ListItem","position":2,"name":"Productos","item":"https:\/\/simchocolate.com\/es\/shop\/"},{"@type":"ListItem","position":3,"name":"Monedas de chocolate Feliz Navidad"}]},{"@type":"WebSite","@id":"https:\/\/simchocolate.com\/es\/#website","url":"https:\/\/simchocolate.com\/es\/","name":"SIM Chocolate","description":"Do amor incondicional entre uma m\u00e3e e sua filha, nasce a marca SIM Bombons no Natal de 2014","potentialAction":[{"@type":"SearchAction","target":{"@type":"EntryPoint","urlTemplate":"https:\/\/simchocolate.com\/es\/?s={search_term_string}"},"query-input":{"@type":"PropertyValueSpecification","valueRequired":true,"valueName":"search_term_string"}}],"inLanguage":"es"}]}},"_links":{"self":[{"href":"https:\/\/simchocolate.com\/es\/wp-json\/wp\/v2\/product\/9472","targetHints":{"allow":["GET"]}}],"collection":[{"href":"https:\/\/simchocolate.com\/es\/wp-json\/wp\/v2\/product"}],"about":[{"href":"https:\/\/simchocolate.com\/es\/wp-json\/wp\/v2\/types\/product"}],"replies":[{"embeddable":true,"href":"https:\/\/simchocolate.com\/es\/wp-json\/wp\/v2\/comments?post=9472"}],"wp:featuredmedia":[{"embeddable":true,"href":"https:\/\/simchocolate.com\/es\/wp-json\/wp\/v2\/media\/9476"}],"wp:attachment":[{"href":"https:\/\/simchocolate.com\/es\/wp-json\/wp\/v2\/media?parent=9472"}],"wp:term":[{"taxonomy":"product_brand","embeddable":true,"href":"https:\/\/simchocolate.com\/es\/wp-json\/wp\/v2\/product_brand?post=9472"},{"taxonomy":"product_cat","embeddable":true,"href":"https:\/\/simchocolate.com\/es\/wp-json\/wp\/v2\/product_cat?post=9472"},{"taxonomy":"product_tag","embeddable":true,"href":"https:\/\/simchocolate.com\/es\/wp-json\/wp\/v2\/product_tag?post=9472"}],"curies":[{"name":"wp","href":"https:\/\/api.w.org\/{rel}","templated":true}]}}