{"id":9473,"date":"2023-10-20T18:10:29","date_gmt":"2023-10-20T18:10:29","guid":{"rendered":"https:\/\/simchocolate.com\/produto\/tostadas-de-almendra-sin-azucar-feliz-navidad\/"},"modified":"2025-12-02T17:14:34","modified_gmt":"2025-12-02T17:14:34","slug":"tostadas-de-almendra-sin-azucar-feliz-navidad","status":"publish","type":"product","link":"https:\/\/simchocolate.com\/es\/produto\/tostadas-de-almendra-sin-azucar-feliz-navidad\/","title":{"rendered":"Tostadas de almendra sin az\u00facar &#8211; Feliz Navidad"},"content":{"rendered":"","protected":false},"excerpt":{"rendered":"<p>Pinheiro Chocolate negro con almendras . Sin az\u00facar Figura Chocolate negro en el que la sacarosa se sustituye por maltitol. Act\u00faa como un chocolate negro tradicional. Est\u00e1 especialmente indicado para las personas que sufren intolerancia al az\u00facar (diabetes).   <\/p>\n","protected":false},"featured_media":0,"comment_status":"closed","ping_status":"closed","template":"","meta":[],"product_brand":[],"product_cat":[190],"product_tag":[],"class_list":{"0":"post-9473","1":"product","2":"type-product","3":"status-publish","5":"product_cat-todo-el-chocolate","7":"first","8":"outofstock","9":"shipping-taxable","10":"purchasable","11":"product-type-simple"},"yoast_head":"<!-- This site is optimized with the Yoast SEO plugin v27.5 - https:\/\/yoast.com\/product\/yoast-seo-wordpress\/ -->\n<title>Tostadas de almendra sin az\u00facar - Feliz Navidad - Todo el chocolate - SIM Chocolate<\/title>\n<meta name=\"description\" content=\"Pinheiro Chocolate negro con almendras . Sin az\u00facar Figura Chocolate negro en el que la sacarosa se sustituye por maltitol. Act\u00faa como un chocolate negro tradicional. Est\u00e1 especialmente indicado para las personas que sufren intolerancia al az\u00facar (diabetes).\" \/>\n<meta name=\"robots\" content=\"index, follow, max-snippet:-1, max-image-preview:large, max-video-preview:-1\" \/>\n<link rel=\"canonical\" href=\"https:\/\/simchocolate.com\/es\/produto\/tostadas-de-almendra-sin-azucar-feliz-navidad\/\" \/>\n<meta property=\"og:locale\" content=\"es_ES\" \/>\n<meta property=\"og:type\" content=\"article\" \/>\n<meta property=\"og:title\" content=\"Tostadas de almendra sin az\u00facar - Feliz Navidad - Todo el chocolate - SIM Chocolate\" \/>\n<meta property=\"og:description\" content=\"Pinheiro Chocolate negro con almendras . Sin az\u00facar Figura Chocolate negro en el que la sacarosa se sustituye por maltitol. Act\u00faa como un chocolate negro tradicional. Est\u00e1 especialmente indicado para las personas que sufren intolerancia al az\u00facar (diabetes).\" \/>\n<meta property=\"og:url\" content=\"https:\/\/simchocolate.com\/es\/produto\/tostadas-de-almendra-sin-azucar-feliz-navidad\/\" \/>\n<meta property=\"og:site_name\" content=\"SIM Chocolate\" \/>\n<meta property=\"article:publisher\" content=\"https:\/\/www.facebook.com\/SimBombons\" \/>\n<meta property=\"article:modified_time\" content=\"2025-12-02T17:14:34+00:00\" \/>\n<meta property=\"og:image\" content=\"https:\/\/simchocolate.com\/wp-content\/uploads\/2023\/12\/IMG_7632-Photoroom-Photoroom-2.jpg\" \/>\n\t<meta property=\"og:image:width\" content=\"853\" \/>\n\t<meta property=\"og:image:height\" content=\"853\" \/>\n\t<meta property=\"og:image:type\" content=\"image\/jpeg\" \/>\n<meta name=\"twitter:card\" content=\"summary_large_image\" \/>\n<script type=\"application\/ld+json\" class=\"yoast-schema-graph\">{\"@context\":\"https:\\\/\\\/schema.org\",\"@graph\":[{\"@type\":\"WebPage\",\"@id\":\"https:\\\/\\\/simchocolate.com\\\/es\\\/produto\\\/tostadas-de-almendra-sin-azucar-feliz-navidad\\\/\",\"url\":\"https:\\\/\\\/simchocolate.com\\\/es\\\/produto\\\/tostadas-de-almendra-sin-azucar-feliz-navidad\\\/\",\"name\":\"Tostadas de almendra sin az\u00facar - Feliz Navidad - Todo el chocolate - SIM Chocolate\",\"isPartOf\":{\"@id\":\"https:\\\/\\\/simchocolate.com\\\/es\\\/#website\"},\"datePublished\":\"2023-10-20T18:10:29+00:00\",\"dateModified\":\"2025-12-02T17:14:34+00:00\",\"description\":\"Pinheiro Chocolate negro con almendras . Sin az\u00facar Figura Chocolate negro en el que la sacarosa se sustituye por maltitol. Act\u00faa como un chocolate negro tradicional. Est\u00e1 especialmente indicado para las personas que sufren intolerancia al az\u00facar (diabetes).\",\"breadcrumb\":{\"@id\":\"https:\\\/\\\/simchocolate.com\\\/es\\\/produto\\\/tostadas-de-almendra-sin-azucar-feliz-navidad\\\/#breadcrumb\"},\"inLanguage\":\"es\",\"potentialAction\":[{\"@type\":\"ReadAction\",\"target\":[\"https:\\\/\\\/simchocolate.com\\\/es\\\/produto\\\/tostadas-de-almendra-sin-azucar-feliz-navidad\\\/\"]}]},{\"@type\":\"BreadcrumbList\",\"@id\":\"https:\\\/\\\/simchocolate.com\\\/es\\\/produto\\\/tostadas-de-almendra-sin-azucar-feliz-navidad\\\/#breadcrumb\",\"itemListElement\":[{\"@type\":\"ListItem\",\"position\":1,\"name\":\"In\u00edcio\",\"item\":\"https:\\\/\\\/simchocolate.com\\\/es\\\/\"},{\"@type\":\"ListItem\",\"position\":2,\"name\":\"Productos\",\"item\":\"https:\\\/\\\/simchocolate.com\\\/es\\\/shop\\\/\"},{\"@type\":\"ListItem\",\"position\":3,\"name\":\"Tostadas de almendra sin az\u00facar &#8211; Feliz Navidad\"}]},{\"@type\":\"WebSite\",\"@id\":\"https:\\\/\\\/simchocolate.com\\\/es\\\/#website\",\"url\":\"https:\\\/\\\/simchocolate.com\\\/es\\\/\",\"name\":\"SIM Chocolate\",\"description\":\"Do amor incondicional entre uma m\u00e3e e sua filha, nasce a marca SIM Bombons no Natal de 2014\",\"potentialAction\":[{\"@type\":\"SearchAction\",\"target\":{\"@type\":\"EntryPoint\",\"urlTemplate\":\"https:\\\/\\\/simchocolate.com\\\/es\\\/?s={search_term_string}\"},\"query-input\":{\"@type\":\"PropertyValueSpecification\",\"valueRequired\":true,\"valueName\":\"search_term_string\"}}],\"inLanguage\":\"es\"}]}<\/script>\n<!-- \/ Yoast SEO plugin. -->","yoast_head_json":{"title":"Tostadas de almendra sin az\u00facar - Feliz Navidad - Todo el chocolate - SIM Chocolate","description":"Pinheiro Chocolate negro con almendras . Sin az\u00facar Figura Chocolate negro en el que la sacarosa se sustituye por maltitol. Act\u00faa como un chocolate negro tradicional. Est\u00e1 especialmente indicado para las personas que sufren intolerancia al az\u00facar (diabetes).","robots":{"index":"index","follow":"follow","max-snippet":"max-snippet:-1","max-image-preview":"max-image-preview:large","max-video-preview":"max-video-preview:-1"},"canonical":"https:\/\/simchocolate.com\/es\/produto\/tostadas-de-almendra-sin-azucar-feliz-navidad\/","og_locale":"es_ES","og_type":"article","og_title":"Tostadas de almendra sin az\u00facar - Feliz Navidad - Todo el chocolate - SIM Chocolate","og_description":"Pinheiro Chocolate negro con almendras . Sin az\u00facar Figura Chocolate negro en el que la sacarosa se sustituye por maltitol. Act\u00faa como un chocolate negro tradicional. Est\u00e1 especialmente indicado para las personas que sufren intolerancia al az\u00facar (diabetes).","og_url":"https:\/\/simchocolate.com\/es\/produto\/tostadas-de-almendra-sin-azucar-feliz-navidad\/","og_site_name":"SIM Chocolate","article_publisher":"https:\/\/www.facebook.com\/SimBombons","article_modified_time":"2025-12-02T17:14:34+00:00","og_image":[{"width":853,"height":853,"url":"https:\/\/simchocolate.com\/wp-content\/uploads\/2023\/12\/IMG_7632-Photoroom-Photoroom-2.jpg","type":"image\/jpeg"}],"twitter_card":"summary_large_image","schema":{"@context":"https:\/\/schema.org","@graph":[{"@type":"WebPage","@id":"https:\/\/simchocolate.com\/es\/produto\/tostadas-de-almendra-sin-azucar-feliz-navidad\/","url":"https:\/\/simchocolate.com\/es\/produto\/tostadas-de-almendra-sin-azucar-feliz-navidad\/","name":"Tostadas de almendra sin az\u00facar - Feliz Navidad - Todo el chocolate - SIM Chocolate","isPartOf":{"@id":"https:\/\/simchocolate.com\/es\/#website"},"datePublished":"2023-10-20T18:10:29+00:00","dateModified":"2025-12-02T17:14:34+00:00","description":"Pinheiro Chocolate negro con almendras . Sin az\u00facar Figura Chocolate negro en el que la sacarosa se sustituye por maltitol. Act\u00faa como un chocolate negro tradicional. Est\u00e1 especialmente indicado para las personas que sufren intolerancia al az\u00facar (diabetes).","breadcrumb":{"@id":"https:\/\/simchocolate.com\/es\/produto\/tostadas-de-almendra-sin-azucar-feliz-navidad\/#breadcrumb"},"inLanguage":"es","potentialAction":[{"@type":"ReadAction","target":["https:\/\/simchocolate.com\/es\/produto\/tostadas-de-almendra-sin-azucar-feliz-navidad\/"]}]},{"@type":"BreadcrumbList","@id":"https:\/\/simchocolate.com\/es\/produto\/tostadas-de-almendra-sin-azucar-feliz-navidad\/#breadcrumb","itemListElement":[{"@type":"ListItem","position":1,"name":"In\u00edcio","item":"https:\/\/simchocolate.com\/es\/"},{"@type":"ListItem","position":2,"name":"Productos","item":"https:\/\/simchocolate.com\/es\/shop\/"},{"@type":"ListItem","position":3,"name":"Tostadas de almendra sin az\u00facar &#8211; Feliz Navidad"}]},{"@type":"WebSite","@id":"https:\/\/simchocolate.com\/es\/#website","url":"https:\/\/simchocolate.com\/es\/","name":"SIM Chocolate","description":"Do amor incondicional entre uma m\u00e3e e sua filha, nasce a marca SIM Bombons no Natal de 2014","potentialAction":[{"@type":"SearchAction","target":{"@type":"EntryPoint","urlTemplate":"https:\/\/simchocolate.com\/es\/?s={search_term_string}"},"query-input":{"@type":"PropertyValueSpecification","valueRequired":true,"valueName":"search_term_string"}}],"inLanguage":"es"}]}},"_links":{"self":[{"href":"https:\/\/simchocolate.com\/es\/wp-json\/wp\/v2\/product\/9473","targetHints":{"allow":["GET"]}}],"collection":[{"href":"https:\/\/simchocolate.com\/es\/wp-json\/wp\/v2\/product"}],"about":[{"href":"https:\/\/simchocolate.com\/es\/wp-json\/wp\/v2\/types\/product"}],"replies":[{"embeddable":true,"href":"https:\/\/simchocolate.com\/es\/wp-json\/wp\/v2\/comments?post=9473"}],"wp:attachment":[{"href":"https:\/\/simchocolate.com\/es\/wp-json\/wp\/v2\/media?parent=9473"}],"wp:term":[{"taxonomy":"product_brand","embeddable":true,"href":"https:\/\/simchocolate.com\/es\/wp-json\/wp\/v2\/product_brand?post=9473"},{"taxonomy":"product_cat","embeddable":true,"href":"https:\/\/simchocolate.com\/es\/wp-json\/wp\/v2\/product_cat?post=9473"},{"taxonomy":"product_tag","embeddable":true,"href":"https:\/\/simchocolate.com\/es\/wp-json\/wp\/v2\/product_tag?post=9473"}],"curies":[{"name":"wp","href":"https:\/\/api.w.org\/{rel}","templated":true}]}}