{"id":9477,"date":"2023-10-20T18:10:33","date_gmt":"2023-10-20T18:10:33","guid":{"rendered":"https:\/\/simchocolate.com\/produto\/pino-de-chocolate-negro-y-almendra\/"},"modified":"2025-12-02T17:14:27","modified_gmt":"2025-12-02T17:14:27","slug":"pino-de-chocolate-negro-y-almendra","status":"publish","type":"product","link":"https:\/\/simchocolate.com\/es\/produto\/pino-de-chocolate-negro-y-almendra\/","title":{"rendered":"Pino de chocolate negro y almendra"},"content":{"rendered":"<p style=\"text-align: left;\">El Pino de Chocolate Negro con Almendras es un art\u00edculo navide\u00f1o irresistible, que combina el refinado sabor del chocolate de primera calidad con la textura crujiente de las pepitas. Hecho a mano, este pino es perfecto para regalos originales o para decorar la mesa festiva, aportando un toque de sofisticaci\u00f3n y sabor a la Navidad. La atenci\u00f3n al detalle y la calidad de los ingredientes hacen de nuestro pino de chocolate negro y almendras una elecci\u00f3n deliciosa y visualmente impactante para todas tus celebraciones de fin de a\u00f1o.  <\/p>\n<p style=\"text-align: left;\"><strong>ATENCI\u00d3N:<\/strong> Al tratarse de un producto muy fr\u00e1gil, te recomendamos que lo recojas en nuestra tienda f\u00edsica.<\/p>\n<p style=\"text-align: left;\">* <strong>No nos hacemos responsables en caso de rotura.<\/strong><\/p>\n","protected":false},"excerpt":{"rendered":"<p>Descubre el Chocolate Negro Pino con Almendra, un sabor agradablemente equilibrado gracias a la perfecta armon\u00eda entre el az\u00facar y el cacao. Capaz de satisfacer los paladares m\u00e1s exigentes y refinados. <\/p>\n","protected":false},"featured_media":9492,"comment_status":"open","ping_status":"closed","template":"","meta":[],"product_brand":[],"product_cat":[190],"product_tag":[210],"class_list":{"0":"post-9477","1":"product","2":"type-product","3":"status-publish","4":"has-post-thumbnail","6":"product_cat-todo-el-chocolate","7":"product_tag-pinos-de-chocolate","8":"edicoes-navidad","10":"first","11":"instock","12":"shipping-taxable","13":"purchasable","14":"product-type-simple"},"yoast_head":"<!-- This site is optimized with the Yoast SEO plugin v27.2 - https:\/\/yoast.com\/product\/yoast-seo-wordpress\/ -->\n<title>Pino de chocolate negro y almendra | S\u00cd Chocolate<\/title>\n<meta name=\"description\" content=\"Encanta la Navidad con nuestro Pino con pepitas de chocolate, una deliciosa creaci\u00f3n artesanal perfecta para regalar o decorar la mesa festiva.\" \/>\n<meta name=\"robots\" content=\"index, follow, max-snippet:-1, max-image-preview:large, max-video-preview:-1\" \/>\n<link rel=\"canonical\" href=\"https:\/\/simchocolate.com\/es\/produto\/pino-de-chocolate-negro-y-almendra\/\" \/>\n<meta property=\"og:locale\" content=\"es_ES\" \/>\n<meta property=\"og:type\" content=\"article\" \/>\n<meta property=\"og:title\" content=\"Pino de chocolate negro y almendra | S\u00cd Chocolate\" \/>\n<meta property=\"og:description\" content=\"Encanta la Navidad con nuestro Pino con pepitas de chocolate, una deliciosa creaci\u00f3n artesanal perfecta para regalar o decorar la mesa festiva.\" \/>\n<meta property=\"og:url\" content=\"https:\/\/simchocolate.com\/es\/produto\/pino-de-chocolate-negro-y-almendra\/\" \/>\n<meta property=\"og:site_name\" content=\"SIM Chocolate\" \/>\n<meta property=\"article:publisher\" content=\"https:\/\/www.facebook.com\/SimBombons\" \/>\n<meta property=\"article:modified_time\" content=\"2025-12-02T17:14:27+00:00\" \/>\n<meta property=\"og:image\" content=\"https:\/\/simchocolate.com\/wp-content\/uploads\/2023\/10\/pinheiro-2.jpg\" \/>\n\t<meta property=\"og:image:width\" content=\"800\" \/>\n\t<meta property=\"og:image:height\" content=\"800\" \/>\n\t<meta property=\"og:image:type\" content=\"image\/jpeg\" \/>\n<meta name=\"twitter:card\" content=\"summary_large_image\" \/>\n<meta name=\"twitter:label1\" content=\"Tiempo de lectura\" \/>\n\t<meta name=\"twitter:data1\" content=\"1 minuto\" \/>\n<script type=\"application\/ld+json\" class=\"yoast-schema-graph\">{\"@context\":\"https:\/\/schema.org\",\"@graph\":[{\"@type\":\"WebPage\",\"@id\":\"https:\/\/simchocolate.com\/es\/produto\/pino-de-chocolate-negro-y-almendra\/\",\"url\":\"https:\/\/simchocolate.com\/es\/produto\/pino-de-chocolate-negro-y-almendra\/\",\"name\":\"Pino de chocolate negro y almendra | S\u00cd Chocolate\",\"isPartOf\":{\"@id\":\"https:\/\/simchocolate.com\/es\/#website\"},\"primaryImageOfPage\":{\"@id\":\"https:\/\/simchocolate.com\/es\/produto\/pino-de-chocolate-negro-y-almendra\/#primaryimage\"},\"image\":{\"@id\":\"https:\/\/simchocolate.com\/es\/produto\/pino-de-chocolate-negro-y-almendra\/#primaryimage\"},\"thumbnailUrl\":\"https:\/\/simchocolate.com\/wp-content\/uploads\/2023\/10\/pinheiro-2.jpg\",\"datePublished\":\"2023-10-20T18:10:33+00:00\",\"dateModified\":\"2025-12-02T17:14:27+00:00\",\"description\":\"Encanta la Navidad con nuestro Pino con pepitas de chocolate, una deliciosa creaci\u00f3n artesanal perfecta para regalar o decorar la mesa festiva.\",\"breadcrumb\":{\"@id\":\"https:\/\/simchocolate.com\/es\/produto\/pino-de-chocolate-negro-y-almendra\/#breadcrumb\"},\"inLanguage\":\"es\",\"potentialAction\":[{\"@type\":\"ReadAction\",\"target\":[\"https:\/\/simchocolate.com\/es\/produto\/pino-de-chocolate-negro-y-almendra\/\"]}]},{\"@type\":\"ImageObject\",\"inLanguage\":\"es\",\"@id\":\"https:\/\/simchocolate.com\/es\/produto\/pino-de-chocolate-negro-y-almendra\/#primaryimage\",\"url\":\"https:\/\/simchocolate.com\/wp-content\/uploads\/2023\/10\/pinheiro-2.jpg\",\"contentUrl\":\"https:\/\/simchocolate.com\/wp-content\/uploads\/2023\/10\/pinheiro-2.jpg\",\"width\":800,\"height\":800,\"caption\":\"pino chocolate\"},{\"@type\":\"BreadcrumbList\",\"@id\":\"https:\/\/simchocolate.com\/es\/produto\/pino-de-chocolate-negro-y-almendra\/#breadcrumb\",\"itemListElement\":[{\"@type\":\"ListItem\",\"position\":1,\"name\":\"In\u00edcio\",\"item\":\"https:\/\/simchocolate.com\/es\/\"},{\"@type\":\"ListItem\",\"position\":2,\"name\":\"Productos\",\"item\":\"https:\/\/simchocolate.com\/es\/shop\/\"},{\"@type\":\"ListItem\",\"position\":3,\"name\":\"Pino de chocolate negro y almendra\"}]},{\"@type\":\"WebSite\",\"@id\":\"https:\/\/simchocolate.com\/es\/#website\",\"url\":\"https:\/\/simchocolate.com\/es\/\",\"name\":\"SIM Chocolate\",\"description\":\"Do amor incondicional entre uma m\u00e3e e sua filha, nasce a marca SIM Bombons no Natal de 2014\",\"potentialAction\":[{\"@type\":\"SearchAction\",\"target\":{\"@type\":\"EntryPoint\",\"urlTemplate\":\"https:\/\/simchocolate.com\/es\/?s={search_term_string}\"},\"query-input\":{\"@type\":\"PropertyValueSpecification\",\"valueRequired\":true,\"valueName\":\"search_term_string\"}}],\"inLanguage\":\"es\"}]}<\/script>\n<!-- \/ Yoast SEO plugin. -->","yoast_head_json":{"title":"Pino de chocolate negro y almendra | S\u00cd Chocolate","description":"Encanta la Navidad con nuestro Pino con pepitas de chocolate, una deliciosa creaci\u00f3n artesanal perfecta para regalar o decorar la mesa festiva.","robots":{"index":"index","follow":"follow","max-snippet":"max-snippet:-1","max-image-preview":"max-image-preview:large","max-video-preview":"max-video-preview:-1"},"canonical":"https:\/\/simchocolate.com\/es\/produto\/pino-de-chocolate-negro-y-almendra\/","og_locale":"es_ES","og_type":"article","og_title":"Pino de chocolate negro y almendra | S\u00cd Chocolate","og_description":"Encanta la Navidad con nuestro Pino con pepitas de chocolate, una deliciosa creaci\u00f3n artesanal perfecta para regalar o decorar la mesa festiva.","og_url":"https:\/\/simchocolate.com\/es\/produto\/pino-de-chocolate-negro-y-almendra\/","og_site_name":"SIM Chocolate","article_publisher":"https:\/\/www.facebook.com\/SimBombons","article_modified_time":"2025-12-02T17:14:27+00:00","og_image":[{"width":800,"height":800,"url":"https:\/\/simchocolate.com\/wp-content\/uploads\/2023\/10\/pinheiro-2.jpg","type":"image\/jpeg"}],"twitter_card":"summary_large_image","twitter_misc":{"Tiempo de lectura":"1 minuto"},"schema":{"@context":"https:\/\/schema.org","@graph":[{"@type":"WebPage","@id":"https:\/\/simchocolate.com\/es\/produto\/pino-de-chocolate-negro-y-almendra\/","url":"https:\/\/simchocolate.com\/es\/produto\/pino-de-chocolate-negro-y-almendra\/","name":"Pino de chocolate negro y almendra | S\u00cd Chocolate","isPartOf":{"@id":"https:\/\/simchocolate.com\/es\/#website"},"primaryImageOfPage":{"@id":"https:\/\/simchocolate.com\/es\/produto\/pino-de-chocolate-negro-y-almendra\/#primaryimage"},"image":{"@id":"https:\/\/simchocolate.com\/es\/produto\/pino-de-chocolate-negro-y-almendra\/#primaryimage"},"thumbnailUrl":"https:\/\/simchocolate.com\/wp-content\/uploads\/2023\/10\/pinheiro-2.jpg","datePublished":"2023-10-20T18:10:33+00:00","dateModified":"2025-12-02T17:14:27+00:00","description":"Encanta la Navidad con nuestro Pino con pepitas de chocolate, una deliciosa creaci\u00f3n artesanal perfecta para regalar o decorar la mesa festiva.","breadcrumb":{"@id":"https:\/\/simchocolate.com\/es\/produto\/pino-de-chocolate-negro-y-almendra\/#breadcrumb"},"inLanguage":"es","potentialAction":[{"@type":"ReadAction","target":["https:\/\/simchocolate.com\/es\/produto\/pino-de-chocolate-negro-y-almendra\/"]}]},{"@type":"ImageObject","inLanguage":"es","@id":"https:\/\/simchocolate.com\/es\/produto\/pino-de-chocolate-negro-y-almendra\/#primaryimage","url":"https:\/\/simchocolate.com\/wp-content\/uploads\/2023\/10\/pinheiro-2.jpg","contentUrl":"https:\/\/simchocolate.com\/wp-content\/uploads\/2023\/10\/pinheiro-2.jpg","width":800,"height":800,"caption":"pino chocolate"},{"@type":"BreadcrumbList","@id":"https:\/\/simchocolate.com\/es\/produto\/pino-de-chocolate-negro-y-almendra\/#breadcrumb","itemListElement":[{"@type":"ListItem","position":1,"name":"In\u00edcio","item":"https:\/\/simchocolate.com\/es\/"},{"@type":"ListItem","position":2,"name":"Productos","item":"https:\/\/simchocolate.com\/es\/shop\/"},{"@type":"ListItem","position":3,"name":"Pino de chocolate negro y almendra"}]},{"@type":"WebSite","@id":"https:\/\/simchocolate.com\/es\/#website","url":"https:\/\/simchocolate.com\/es\/","name":"SIM Chocolate","description":"Do amor incondicional entre uma m\u00e3e e sua filha, nasce a marca SIM Bombons no Natal de 2014","potentialAction":[{"@type":"SearchAction","target":{"@type":"EntryPoint","urlTemplate":"https:\/\/simchocolate.com\/es\/?s={search_term_string}"},"query-input":{"@type":"PropertyValueSpecification","valueRequired":true,"valueName":"search_term_string"}}],"inLanguage":"es"}]}},"_links":{"self":[{"href":"https:\/\/simchocolate.com\/es\/wp-json\/wp\/v2\/product\/9477","targetHints":{"allow":["GET"]}}],"collection":[{"href":"https:\/\/simchocolate.com\/es\/wp-json\/wp\/v2\/product"}],"about":[{"href":"https:\/\/simchocolate.com\/es\/wp-json\/wp\/v2\/types\/product"}],"replies":[{"embeddable":true,"href":"https:\/\/simchocolate.com\/es\/wp-json\/wp\/v2\/comments?post=9477"}],"wp:featuredmedia":[{"embeddable":true,"href":"https:\/\/simchocolate.com\/es\/wp-json\/wp\/v2\/media\/9492"}],"wp:attachment":[{"href":"https:\/\/simchocolate.com\/es\/wp-json\/wp\/v2\/media?parent=9477"}],"wp:term":[{"taxonomy":"product_brand","embeddable":true,"href":"https:\/\/simchocolate.com\/es\/wp-json\/wp\/v2\/product_brand?post=9477"},{"taxonomy":"product_cat","embeddable":true,"href":"https:\/\/simchocolate.com\/es\/wp-json\/wp\/v2\/product_cat?post=9477"},{"taxonomy":"product_tag","embeddable":true,"href":"https:\/\/simchocolate.com\/es\/wp-json\/wp\/v2\/product_tag?post=9477"}],"curies":[{"name":"wp","href":"https:\/\/api.w.org\/{rel}","templated":true}]}}