{"id":9479,"date":"2023-10-20T18:10:32","date_gmt":"2023-10-20T18:10:32","guid":{"rendered":"https:\/\/simchocolate.com\/produto\/pino-de-chocolate-negro-y-almendra-2\/"},"modified":"2025-12-02T17:14:30","modified_gmt":"2025-12-02T17:14:30","slug":"pino-de-chocolate-negro-y-almendra-2","status":"publish","type":"product","link":"https:\/\/simchocolate.com\/es\/produto\/pino-de-chocolate-negro-y-almendra-2\/","title":{"rendered":"Pino de chocolate negro y almendra"},"content":{"rendered":"<p style=\"text-align: left;\">El Pino de Chocolate Negro y Almendras es una celebraci\u00f3n de la Navidad en forma de chocolate. Elaborado con chocolate negro de alta calidad, ofrece un sabor intenso y equilibrado, enriquecido con almendras crujientes que a\u00f1aden una textura irresistible. Este pino no s\u00f3lo encanta por su sabor, sino tambi\u00e9n por su elegante dise\u00f1o, que lo hace ideal para regalar, decorar las mesas navide\u00f1as o simplemente disfrutar con tus seres queridos. Una creaci\u00f3n artesanal que combina tradici\u00f3n y sofisticaci\u00f3n, elevando el esp\u00edritu de la Navidad.   <\/p>\n<p style=\"text-align: left;\"><strong>ATENCI\u00d3N:<\/strong> Al tratarse de un producto muy fr\u00e1gil, te recomendamos que lo recojas en nuestra tienda f\u00edsica, ya que <strong>no nos hacemos responsables en caso de rotura.<\/strong><\/p>\n","protected":false},"excerpt":{"rendered":"<p>Pino de chocolate negro artesano con almendras crujientes. Una combinaci\u00f3n perfecta de sabor intenso y textura \u00fanica para momentos especiales. <\/p>\n","protected":false},"featured_media":9494,"comment_status":"closed","ping_status":"closed","template":"","meta":[],"product_brand":[],"product_cat":[190],"product_tag":[211],"class_list":{"0":"post-9479","1":"product","2":"type-product","3":"status-publish","4":"has-post-thumbnail","6":"product_cat-todo-el-chocolate","7":"product_tag-pinos-de-chocolate-2","8":"edicoes-navidad","10":"first","11":"outofstock","12":"shipping-taxable","13":"purchasable","14":"product-type-simple"},"yoast_head":"<!-- This site is optimized with the Yoast SEO plugin v27.5 - https:\/\/yoast.com\/product\/yoast-seo-wordpress\/ -->\n<title>Pino de chocolate negro y almendra | Feliz Navidad<\/title>\n<meta name=\"description\" content=\"Deleita estas Navidades con nuestro Pino de Chocolate Negro y Almendras, una deliciosa creaci\u00f3n artesanal perfecta para regalar o decorar.\" \/>\n<meta name=\"robots\" content=\"index, follow, max-snippet:-1, max-image-preview:large, max-video-preview:-1\" \/>\n<link rel=\"canonical\" href=\"https:\/\/simchocolate.com\/es\/produto\/pino-de-chocolate-negro-y-almendra-2\/\" \/>\n<meta property=\"og:locale\" content=\"es_ES\" \/>\n<meta property=\"og:type\" content=\"article\" \/>\n<meta property=\"og:title\" content=\"Pino de chocolate negro y almendra | Feliz Navidad\" \/>\n<meta property=\"og:description\" content=\"Deleita estas Navidades con nuestro Pino de Chocolate Negro y Almendras, una deliciosa creaci\u00f3n artesanal perfecta para regalar o decorar.\" \/>\n<meta property=\"og:url\" content=\"https:\/\/simchocolate.com\/es\/produto\/pino-de-chocolate-negro-y-almendra-2\/\" \/>\n<meta property=\"og:site_name\" content=\"SIM Chocolate\" \/>\n<meta property=\"article:publisher\" content=\"https:\/\/www.facebook.com\/SimBombons\" \/>\n<meta property=\"article:modified_time\" content=\"2025-12-02T17:14:30+00:00\" \/>\n<meta property=\"og:image\" content=\"https:\/\/simchocolate.com\/wp-content\/uploads\/2023\/10\/FG0006-V2.jpg\" \/>\n\t<meta property=\"og:image:width\" content=\"1150\" \/>\n\t<meta property=\"og:image:height\" content=\"1150\" \/>\n\t<meta property=\"og:image:type\" content=\"image\/jpeg\" \/>\n<meta name=\"twitter:card\" content=\"summary_large_image\" \/>\n<meta name=\"twitter:label1\" content=\"Tiempo de lectura\" \/>\n\t<meta name=\"twitter:data1\" content=\"1 minuto\" \/>\n<script type=\"application\/ld+json\" class=\"yoast-schema-graph\">{\"@context\":\"https:\\\/\\\/schema.org\",\"@graph\":[{\"@type\":\"WebPage\",\"@id\":\"https:\\\/\\\/simchocolate.com\\\/es\\\/produto\\\/pino-de-chocolate-negro-y-almendra-2\\\/\",\"url\":\"https:\\\/\\\/simchocolate.com\\\/es\\\/produto\\\/pino-de-chocolate-negro-y-almendra-2\\\/\",\"name\":\"Pino de chocolate negro y almendra | Feliz Navidad\",\"isPartOf\":{\"@id\":\"https:\\\/\\\/simchocolate.com\\\/es\\\/#website\"},\"primaryImageOfPage\":{\"@id\":\"https:\\\/\\\/simchocolate.com\\\/es\\\/produto\\\/pino-de-chocolate-negro-y-almendra-2\\\/#primaryimage\"},\"image\":{\"@id\":\"https:\\\/\\\/simchocolate.com\\\/es\\\/produto\\\/pino-de-chocolate-negro-y-almendra-2\\\/#primaryimage\"},\"thumbnailUrl\":\"https:\\\/\\\/simchocolate.com\\\/wp-content\\\/uploads\\\/2023\\\/10\\\/FG0006-V2.jpg\",\"datePublished\":\"2023-10-20T18:10:32+00:00\",\"dateModified\":\"2025-12-02T17:14:30+00:00\",\"description\":\"Deleita estas Navidades con nuestro Pino de Chocolate Negro y Almendras, una deliciosa creaci\u00f3n artesanal perfecta para regalar o decorar.\",\"breadcrumb\":{\"@id\":\"https:\\\/\\\/simchocolate.com\\\/es\\\/produto\\\/pino-de-chocolate-negro-y-almendra-2\\\/#breadcrumb\"},\"inLanguage\":\"es\",\"potentialAction\":[{\"@type\":\"ReadAction\",\"target\":[\"https:\\\/\\\/simchocolate.com\\\/es\\\/produto\\\/pino-de-chocolate-negro-y-almendra-2\\\/\"]}]},{\"@type\":\"ImageObject\",\"inLanguage\":\"es\",\"@id\":\"https:\\\/\\\/simchocolate.com\\\/es\\\/produto\\\/pino-de-chocolate-negro-y-almendra-2\\\/#primaryimage\",\"url\":\"https:\\\/\\\/simchocolate.com\\\/wp-content\\\/uploads\\\/2023\\\/10\\\/FG0006-V2.jpg\",\"contentUrl\":\"https:\\\/\\\/simchocolate.com\\\/wp-content\\\/uploads\\\/2023\\\/10\\\/FG0006-V2.jpg\",\"width\":1150,\"height\":1150,\"caption\":\"Chocolate negro y pino almendrado\"},{\"@type\":\"BreadcrumbList\",\"@id\":\"https:\\\/\\\/simchocolate.com\\\/es\\\/produto\\\/pino-de-chocolate-negro-y-almendra-2\\\/#breadcrumb\",\"itemListElement\":[{\"@type\":\"ListItem\",\"position\":1,\"name\":\"In\u00edcio\",\"item\":\"https:\\\/\\\/simchocolate.com\\\/es\\\/\"},{\"@type\":\"ListItem\",\"position\":2,\"name\":\"Productos\",\"item\":\"https:\\\/\\\/simchocolate.com\\\/es\\\/shop\\\/\"},{\"@type\":\"ListItem\",\"position\":3,\"name\":\"Pino de chocolate negro y almendra\"}]},{\"@type\":\"WebSite\",\"@id\":\"https:\\\/\\\/simchocolate.com\\\/es\\\/#website\",\"url\":\"https:\\\/\\\/simchocolate.com\\\/es\\\/\",\"name\":\"SIM Chocolate\",\"description\":\"Do amor incondicional entre uma m\u00e3e e sua filha, nasce a marca SIM Bombons no Natal de 2014\",\"potentialAction\":[{\"@type\":\"SearchAction\",\"target\":{\"@type\":\"EntryPoint\",\"urlTemplate\":\"https:\\\/\\\/simchocolate.com\\\/es\\\/?s={search_term_string}\"},\"query-input\":{\"@type\":\"PropertyValueSpecification\",\"valueRequired\":true,\"valueName\":\"search_term_string\"}}],\"inLanguage\":\"es\"}]}<\/script>\n<!-- \/ Yoast SEO plugin. -->","yoast_head_json":{"title":"Pino de chocolate negro y almendra | Feliz Navidad","description":"Deleita estas Navidades con nuestro Pino de Chocolate Negro y Almendras, una deliciosa creaci\u00f3n artesanal perfecta para regalar o decorar.","robots":{"index":"index","follow":"follow","max-snippet":"max-snippet:-1","max-image-preview":"max-image-preview:large","max-video-preview":"max-video-preview:-1"},"canonical":"https:\/\/simchocolate.com\/es\/produto\/pino-de-chocolate-negro-y-almendra-2\/","og_locale":"es_ES","og_type":"article","og_title":"Pino de chocolate negro y almendra | Feliz Navidad","og_description":"Deleita estas Navidades con nuestro Pino de Chocolate Negro y Almendras, una deliciosa creaci\u00f3n artesanal perfecta para regalar o decorar.","og_url":"https:\/\/simchocolate.com\/es\/produto\/pino-de-chocolate-negro-y-almendra-2\/","og_site_name":"SIM Chocolate","article_publisher":"https:\/\/www.facebook.com\/SimBombons","article_modified_time":"2025-12-02T17:14:30+00:00","og_image":[{"width":1150,"height":1150,"url":"https:\/\/simchocolate.com\/wp-content\/uploads\/2023\/10\/FG0006-V2.jpg","type":"image\/jpeg"}],"twitter_card":"summary_large_image","twitter_misc":{"Tiempo de lectura":"1 minuto"},"schema":{"@context":"https:\/\/schema.org","@graph":[{"@type":"WebPage","@id":"https:\/\/simchocolate.com\/es\/produto\/pino-de-chocolate-negro-y-almendra-2\/","url":"https:\/\/simchocolate.com\/es\/produto\/pino-de-chocolate-negro-y-almendra-2\/","name":"Pino de chocolate negro y almendra | Feliz Navidad","isPartOf":{"@id":"https:\/\/simchocolate.com\/es\/#website"},"primaryImageOfPage":{"@id":"https:\/\/simchocolate.com\/es\/produto\/pino-de-chocolate-negro-y-almendra-2\/#primaryimage"},"image":{"@id":"https:\/\/simchocolate.com\/es\/produto\/pino-de-chocolate-negro-y-almendra-2\/#primaryimage"},"thumbnailUrl":"https:\/\/simchocolate.com\/wp-content\/uploads\/2023\/10\/FG0006-V2.jpg","datePublished":"2023-10-20T18:10:32+00:00","dateModified":"2025-12-02T17:14:30+00:00","description":"Deleita estas Navidades con nuestro Pino de Chocolate Negro y Almendras, una deliciosa creaci\u00f3n artesanal perfecta para regalar o decorar.","breadcrumb":{"@id":"https:\/\/simchocolate.com\/es\/produto\/pino-de-chocolate-negro-y-almendra-2\/#breadcrumb"},"inLanguage":"es","potentialAction":[{"@type":"ReadAction","target":["https:\/\/simchocolate.com\/es\/produto\/pino-de-chocolate-negro-y-almendra-2\/"]}]},{"@type":"ImageObject","inLanguage":"es","@id":"https:\/\/simchocolate.com\/es\/produto\/pino-de-chocolate-negro-y-almendra-2\/#primaryimage","url":"https:\/\/simchocolate.com\/wp-content\/uploads\/2023\/10\/FG0006-V2.jpg","contentUrl":"https:\/\/simchocolate.com\/wp-content\/uploads\/2023\/10\/FG0006-V2.jpg","width":1150,"height":1150,"caption":"Chocolate negro y pino almendrado"},{"@type":"BreadcrumbList","@id":"https:\/\/simchocolate.com\/es\/produto\/pino-de-chocolate-negro-y-almendra-2\/#breadcrumb","itemListElement":[{"@type":"ListItem","position":1,"name":"In\u00edcio","item":"https:\/\/simchocolate.com\/es\/"},{"@type":"ListItem","position":2,"name":"Productos","item":"https:\/\/simchocolate.com\/es\/shop\/"},{"@type":"ListItem","position":3,"name":"Pino de chocolate negro y almendra"}]},{"@type":"WebSite","@id":"https:\/\/simchocolate.com\/es\/#website","url":"https:\/\/simchocolate.com\/es\/","name":"SIM Chocolate","description":"Do amor incondicional entre uma m\u00e3e e sua filha, nasce a marca SIM Bombons no Natal de 2014","potentialAction":[{"@type":"SearchAction","target":{"@type":"EntryPoint","urlTemplate":"https:\/\/simchocolate.com\/es\/?s={search_term_string}"},"query-input":{"@type":"PropertyValueSpecification","valueRequired":true,"valueName":"search_term_string"}}],"inLanguage":"es"}]}},"_links":{"self":[{"href":"https:\/\/simchocolate.com\/es\/wp-json\/wp\/v2\/product\/9479","targetHints":{"allow":["GET"]}}],"collection":[{"href":"https:\/\/simchocolate.com\/es\/wp-json\/wp\/v2\/product"}],"about":[{"href":"https:\/\/simchocolate.com\/es\/wp-json\/wp\/v2\/types\/product"}],"replies":[{"embeddable":true,"href":"https:\/\/simchocolate.com\/es\/wp-json\/wp\/v2\/comments?post=9479"}],"wp:featuredmedia":[{"embeddable":true,"href":"https:\/\/simchocolate.com\/es\/wp-json\/wp\/v2\/media\/9494"}],"wp:attachment":[{"href":"https:\/\/simchocolate.com\/es\/wp-json\/wp\/v2\/media?parent=9479"}],"wp:term":[{"taxonomy":"product_brand","embeddable":true,"href":"https:\/\/simchocolate.com\/es\/wp-json\/wp\/v2\/product_brand?post=9479"},{"taxonomy":"product_cat","embeddable":true,"href":"https:\/\/simchocolate.com\/es\/wp-json\/wp\/v2\/product_cat?post=9479"},{"taxonomy":"product_tag","embeddable":true,"href":"https:\/\/simchocolate.com\/es\/wp-json\/wp\/v2\/product_tag?post=9479"}],"curies":[{"name":"wp","href":"https:\/\/api.w.org\/{rel}","templated":true}]}}