{"id":9508,"date":"2023-10-20T18:09:55","date_gmt":"2023-10-20T18:09:55","guid":{"rendered":"https:\/\/simchocolate.com\/produto\/para-amantes-tableta-de-chocolate\/"},"modified":"2026-01-19T12:03:58","modified_gmt":"2026-01-19T12:03:58","slug":"para-amantes-tableta-de-chocolate","status":"publish","type":"product","link":"https:\/\/simchocolate.com\/es\/produto\/para-amantes-tableta-de-chocolate\/","title":{"rendered":"Para amantes Tableta de chocolate"},"content":{"rendered":"<h5 style=\"text-align: left;\" data-start=\"761\" data-end=\"854\">Un cl\u00e1sico apasionado en chocolate de primera calidad<\/h5>\n<p style=\"text-align: left;\" data-start=\"856\" data-end=\"1178\">La tableta de chocolate con leche For Lovers de <strong data-start=\"906\" data-end=\"923\">Sim<\/strong> Chocolate se cre\u00f3 para celebrar el amor en todas sus formas. Elaborada con chocolate con leche de primera calidad con un 39% de cacao, esta tableta destaca por su textura cremosa, sabor equilibrado y un perfil delicadamente dulce que te conquista desde el primer bocado. <\/p>\n<p style=\"text-align: left;\" data-start=\"1180\" data-end=\"1533\">Dise\u00f1ada para momentos especiales, la tableta combina la suavidad natural del chocolate con leche con intensas notas de cacao cuidadosamente seleccionado. El resultado es una reconfortante experiencia sensorial, en la que cada cuadrado se funde lentamente en la boca, liberando ricos aromas y un dulzor elegante, nunca excesivo. <\/p>\n<p style=\"text-align: left;\" data-start=\"1535\" data-end=\"1828\">Esta barra forma parte de la gama Para Enamorados, una colecci\u00f3n dise\u00f1ada para compartir, regalar y crear dulces recuerdos. Ya sea para San Valent\u00edn, un gesto rom\u00e1ntico inesperado o simplemente para disfrutar en pareja, esta barra transmite afecto, atenci\u00f3n al detalle y artesan\u00eda de calidad. <\/p>\n<p style=\"text-align: left;\" data-start=\"1830\" data-end=\"2134\">Elaborada con rigor y pasi\u00f3n por el chocolate, la Tableta de Chocolate con Leche Para Amantes refleja el compromiso de Sim Chocolate con los ingredientes excelentes, los procesos cuidadosos y los sabores aut\u00e9nticos. Es la elecci\u00f3n ideal para quienes aprecian el chocolate cl\u00e1sico, pero con un toque especial y sofisticado. <\/p>\n<p style=\"text-align: left;\" data-start=\"2136\" data-end=\"2278\">Una creaci\u00f3n vers\u00e1til, perfecta para regalar o saborear lentamente, transformando cualquier momento en un verdadero ritual de placer y afecto.<\/p>\n<p style=\"text-align: left;\" data-start=\"2280\" data-end=\"2356\"><strong><em data-start=\"2280\" data-end=\"2302\">Instrucciones de conservaci\u00f3n:<\/em><\/strong><br data-start=\"2302\" data-end=\"2305\"><strong><em data-start=\"2305\" data-end=\"2354\">Conservar a una temperatura entre 16\u00ba &#8211; 20\u00ba grados.<\/em><\/strong><\/p>\n","protected":false},"excerpt":{"rendered":"<p>Descubre la Tableta de Chocolate con Leche For Lovers 39% cacao, cremosa, envolvente y perfecta para celebrar el amor.<\/p>\n","protected":false},"featured_media":10515,"comment_status":"open","ping_status":"closed","template":"","meta":[],"product_brand":[],"product_cat":[200],"product_tag":[212],"class_list":{"0":"post-9508","1":"product","2":"type-product","3":"status-publish","4":"has-post-thumbnail","6":"product_cat-tabletas-de-chocolate","7":"product_tag-para-enamorados","8":"edicoes-especial-si","9":"edicoes-para-enamorados","11":"first","12":"instock","13":"shipping-taxable","14":"purchasable","15":"product-type-simple"},"yoast_head":"<!-- This site is optimized with the Yoast SEO plugin v27.5 - https:\/\/yoast.com\/product\/yoast-seo-wordpress\/ -->\n<title>Para Amantes Tableta de Chocolate | S\u00ed Chocolate<\/title>\n<meta name=\"description\" content=\"Sorprende con la Tableta de Chocolate Blanco y Frambuesa Para Enamorados. El regalo ideal para celebrar el amor con sabor y elegancia.\" \/>\n<meta name=\"robots\" content=\"index, follow, max-snippet:-1, max-image-preview:large, max-video-preview:-1\" \/>\n<link rel=\"canonical\" href=\"https:\/\/simchocolate.com\/es\/produto\/para-amantes-tableta-de-chocolate\/\" \/>\n<meta property=\"og:locale\" content=\"es_ES\" \/>\n<meta property=\"og:type\" content=\"article\" \/>\n<meta property=\"og:title\" content=\"Para Amantes Tableta de Chocolate | S\u00ed Chocolate\" \/>\n<meta property=\"og:description\" content=\"Sorprende con la Tableta de Chocolate Blanco y Frambuesa Para Enamorados. El regalo ideal para celebrar el amor con sabor y elegancia.\" \/>\n<meta property=\"og:url\" content=\"https:\/\/simchocolate.com\/es\/produto\/para-amantes-tableta-de-chocolate\/\" \/>\n<meta property=\"og:site_name\" content=\"SIM Chocolate\" \/>\n<meta property=\"article:publisher\" content=\"https:\/\/www.facebook.com\/SimBombons\" \/>\n<meta property=\"article:modified_time\" content=\"2026-01-19T12:03:58+00:00\" \/>\n<meta property=\"og:image\" content=\"https:\/\/simchocolate.com\/wp-content\/uploads\/2023\/10\/tablete-final.jpg\" \/>\n\t<meta property=\"og:image:width\" content=\"800\" \/>\n\t<meta property=\"og:image:height\" content=\"800\" \/>\n\t<meta property=\"og:image:type\" content=\"image\/jpeg\" \/>\n<meta name=\"twitter:card\" content=\"summary_large_image\" \/>\n<meta name=\"twitter:label1\" content=\"Tiempo de lectura\" \/>\n\t<meta name=\"twitter:data1\" content=\"1 minuto\" \/>\n<script type=\"application\/ld+json\" class=\"yoast-schema-graph\">{\"@context\":\"https:\\\/\\\/schema.org\",\"@graph\":[{\"@type\":\"WebPage\",\"@id\":\"https:\\\/\\\/simchocolate.com\\\/es\\\/produto\\\/para-amantes-tableta-de-chocolate\\\/\",\"url\":\"https:\\\/\\\/simchocolate.com\\\/es\\\/produto\\\/para-amantes-tableta-de-chocolate\\\/\",\"name\":\"Para Amantes Tableta de Chocolate | S\u00ed Chocolate\",\"isPartOf\":{\"@id\":\"https:\\\/\\\/simchocolate.com\\\/es\\\/#website\"},\"primaryImageOfPage\":{\"@id\":\"https:\\\/\\\/simchocolate.com\\\/es\\\/produto\\\/para-amantes-tableta-de-chocolate\\\/#primaryimage\"},\"image\":{\"@id\":\"https:\\\/\\\/simchocolate.com\\\/es\\\/produto\\\/para-amantes-tableta-de-chocolate\\\/#primaryimage\"},\"thumbnailUrl\":\"https:\\\/\\\/simchocolate.com\\\/wp-content\\\/uploads\\\/2023\\\/10\\\/tablete-final.jpg\",\"datePublished\":\"2023-10-20T18:09:55+00:00\",\"dateModified\":\"2026-01-19T12:03:58+00:00\",\"description\":\"Sorprende con la Tableta de Chocolate Blanco y Frambuesa Para Enamorados. El regalo ideal para celebrar el amor con sabor y elegancia.\",\"breadcrumb\":{\"@id\":\"https:\\\/\\\/simchocolate.com\\\/es\\\/produto\\\/para-amantes-tableta-de-chocolate\\\/#breadcrumb\"},\"inLanguage\":\"es\",\"potentialAction\":[{\"@type\":\"ReadAction\",\"target\":[\"https:\\\/\\\/simchocolate.com\\\/es\\\/produto\\\/para-amantes-tableta-de-chocolate\\\/\"]}]},{\"@type\":\"ImageObject\",\"inLanguage\":\"es\",\"@id\":\"https:\\\/\\\/simchocolate.com\\\/es\\\/produto\\\/para-amantes-tableta-de-chocolate\\\/#primaryimage\",\"url\":\"https:\\\/\\\/simchocolate.com\\\/wp-content\\\/uploads\\\/2023\\\/10\\\/tablete-final.jpg\",\"contentUrl\":\"https:\\\/\\\/simchocolate.com\\\/wp-content\\\/uploads\\\/2023\\\/10\\\/tablete-final.jpg\",\"width\":800,\"height\":800,\"caption\":\"chocolatina para enamorados\"},{\"@type\":\"BreadcrumbList\",\"@id\":\"https:\\\/\\\/simchocolate.com\\\/es\\\/produto\\\/para-amantes-tableta-de-chocolate\\\/#breadcrumb\",\"itemListElement\":[{\"@type\":\"ListItem\",\"position\":1,\"name\":\"In\u00edcio\",\"item\":\"https:\\\/\\\/simchocolate.com\\\/es\\\/\"},{\"@type\":\"ListItem\",\"position\":2,\"name\":\"Productos\",\"item\":\"https:\\\/\\\/simchocolate.com\\\/es\\\/shop\\\/\"},{\"@type\":\"ListItem\",\"position\":3,\"name\":\"Para amantes Tableta de chocolate\"}]},{\"@type\":\"WebSite\",\"@id\":\"https:\\\/\\\/simchocolate.com\\\/es\\\/#website\",\"url\":\"https:\\\/\\\/simchocolate.com\\\/es\\\/\",\"name\":\"SIM Chocolate\",\"description\":\"Do amor incondicional entre uma m\u00e3e e sua filha, nasce a marca SIM Bombons no Natal de 2014\",\"potentialAction\":[{\"@type\":\"SearchAction\",\"target\":{\"@type\":\"EntryPoint\",\"urlTemplate\":\"https:\\\/\\\/simchocolate.com\\\/es\\\/?s={search_term_string}\"},\"query-input\":{\"@type\":\"PropertyValueSpecification\",\"valueRequired\":true,\"valueName\":\"search_term_string\"}}],\"inLanguage\":\"es\"}]}<\/script>\n<!-- \/ Yoast SEO plugin. -->","yoast_head_json":{"title":"Para Amantes Tableta de Chocolate | S\u00ed Chocolate","description":"Sorprende con la Tableta de Chocolate Blanco y Frambuesa Para Enamorados. El regalo ideal para celebrar el amor con sabor y elegancia.","robots":{"index":"index","follow":"follow","max-snippet":"max-snippet:-1","max-image-preview":"max-image-preview:large","max-video-preview":"max-video-preview:-1"},"canonical":"https:\/\/simchocolate.com\/es\/produto\/para-amantes-tableta-de-chocolate\/","og_locale":"es_ES","og_type":"article","og_title":"Para Amantes Tableta de Chocolate | S\u00ed Chocolate","og_description":"Sorprende con la Tableta de Chocolate Blanco y Frambuesa Para Enamorados. El regalo ideal para celebrar el amor con sabor y elegancia.","og_url":"https:\/\/simchocolate.com\/es\/produto\/para-amantes-tableta-de-chocolate\/","og_site_name":"SIM Chocolate","article_publisher":"https:\/\/www.facebook.com\/SimBombons","article_modified_time":"2026-01-19T12:03:58+00:00","og_image":[{"width":800,"height":800,"url":"https:\/\/simchocolate.com\/wp-content\/uploads\/2023\/10\/tablete-final.jpg","type":"image\/jpeg"}],"twitter_card":"summary_large_image","twitter_misc":{"Tiempo de lectura":"1 minuto"},"schema":{"@context":"https:\/\/schema.org","@graph":[{"@type":"WebPage","@id":"https:\/\/simchocolate.com\/es\/produto\/para-amantes-tableta-de-chocolate\/","url":"https:\/\/simchocolate.com\/es\/produto\/para-amantes-tableta-de-chocolate\/","name":"Para Amantes Tableta de Chocolate | S\u00ed Chocolate","isPartOf":{"@id":"https:\/\/simchocolate.com\/es\/#website"},"primaryImageOfPage":{"@id":"https:\/\/simchocolate.com\/es\/produto\/para-amantes-tableta-de-chocolate\/#primaryimage"},"image":{"@id":"https:\/\/simchocolate.com\/es\/produto\/para-amantes-tableta-de-chocolate\/#primaryimage"},"thumbnailUrl":"https:\/\/simchocolate.com\/wp-content\/uploads\/2023\/10\/tablete-final.jpg","datePublished":"2023-10-20T18:09:55+00:00","dateModified":"2026-01-19T12:03:58+00:00","description":"Sorprende con la Tableta de Chocolate Blanco y Frambuesa Para Enamorados. El regalo ideal para celebrar el amor con sabor y elegancia.","breadcrumb":{"@id":"https:\/\/simchocolate.com\/es\/produto\/para-amantes-tableta-de-chocolate\/#breadcrumb"},"inLanguage":"es","potentialAction":[{"@type":"ReadAction","target":["https:\/\/simchocolate.com\/es\/produto\/para-amantes-tableta-de-chocolate\/"]}]},{"@type":"ImageObject","inLanguage":"es","@id":"https:\/\/simchocolate.com\/es\/produto\/para-amantes-tableta-de-chocolate\/#primaryimage","url":"https:\/\/simchocolate.com\/wp-content\/uploads\/2023\/10\/tablete-final.jpg","contentUrl":"https:\/\/simchocolate.com\/wp-content\/uploads\/2023\/10\/tablete-final.jpg","width":800,"height":800,"caption":"chocolatina para enamorados"},{"@type":"BreadcrumbList","@id":"https:\/\/simchocolate.com\/es\/produto\/para-amantes-tableta-de-chocolate\/#breadcrumb","itemListElement":[{"@type":"ListItem","position":1,"name":"In\u00edcio","item":"https:\/\/simchocolate.com\/es\/"},{"@type":"ListItem","position":2,"name":"Productos","item":"https:\/\/simchocolate.com\/es\/shop\/"},{"@type":"ListItem","position":3,"name":"Para amantes Tableta de chocolate"}]},{"@type":"WebSite","@id":"https:\/\/simchocolate.com\/es\/#website","url":"https:\/\/simchocolate.com\/es\/","name":"SIM Chocolate","description":"Do amor incondicional entre uma m\u00e3e e sua filha, nasce a marca SIM Bombons no Natal de 2014","potentialAction":[{"@type":"SearchAction","target":{"@type":"EntryPoint","urlTemplate":"https:\/\/simchocolate.com\/es\/?s={search_term_string}"},"query-input":{"@type":"PropertyValueSpecification","valueRequired":true,"valueName":"search_term_string"}}],"inLanguage":"es"}]}},"_links":{"self":[{"href":"https:\/\/simchocolate.com\/es\/wp-json\/wp\/v2\/product\/9508","targetHints":{"allow":["GET"]}}],"collection":[{"href":"https:\/\/simchocolate.com\/es\/wp-json\/wp\/v2\/product"}],"about":[{"href":"https:\/\/simchocolate.com\/es\/wp-json\/wp\/v2\/types\/product"}],"replies":[{"embeddable":true,"href":"https:\/\/simchocolate.com\/es\/wp-json\/wp\/v2\/comments?post=9508"}],"wp:featuredmedia":[{"embeddable":true,"href":"https:\/\/simchocolate.com\/es\/wp-json\/wp\/v2\/media\/10515"}],"wp:attachment":[{"href":"https:\/\/simchocolate.com\/es\/wp-json\/wp\/v2\/media?parent=9508"}],"wp:term":[{"taxonomy":"product_brand","embeddable":true,"href":"https:\/\/simchocolate.com\/es\/wp-json\/wp\/v2\/product_brand?post=9508"},{"taxonomy":"product_cat","embeddable":true,"href":"https:\/\/simchocolate.com\/es\/wp-json\/wp\/v2\/product_cat?post=9508"},{"taxonomy":"product_tag","embeddable":true,"href":"https:\/\/simchocolate.com\/es\/wp-json\/wp\/v2\/product_tag?post=9508"}],"curies":[{"name":"wp","href":"https:\/\/api.w.org\/{rel}","templated":true}]}}