{"id":9509,"date":"2023-10-20T18:09:48","date_gmt":"2023-10-20T18:09:48","guid":{"rendered":"https:\/\/simchocolate.com\/produto\/para-mi-rey-tableta-de-chocolate-con-leche\/"},"modified":"2023-10-20T18:09:48","modified_gmt":"2023-10-20T18:09:48","slug":"para-mi-rey-tableta-de-chocolate-con-leche","status":"publish","type":"product","link":"https:\/\/simchocolate.com\/es\/produto\/para-mi-rey-tableta-de-chocolate-con-leche\/","title":{"rendered":"Para mi Rey Tableta de chocolate con leche"},"content":{"rendered":"<p style=\"text-align: left\">La Tableta de Chocolate con Leche For My King es el regalo perfecto para quienes desean mostrar su aprecio y afecto de una forma deliciosa. Fabricada con el mejor chocolate con leche, esta tableta se funde en la boca con una cremosidad \u00fanica, proporcionando una experiencia indulgente. Dise\u00f1ada para celebrar el D\u00eda del Padre, la inscripci\u00f3n For My King a\u00f1ade un toque especial, por lo que es ideal no s\u00f3lo para celebrar el D\u00eda del Padre, sino tambi\u00e9n para cumplea\u00f1os, aniversarios o cualquier momento en que quieras sorprender a alguien especial con algo dulce y \u00fanico.  <\/p>\n<p style=\"text-align: left\">Esta tableta combina el sabor suave y aterciopelado del chocolate con leche de primera calidad con la elegancia de un regalo dise\u00f1ado para honrar a alguien especial. El gesto va m\u00e1s all\u00e1 de la dulzura, siendo una declaraci\u00f3n de afecto que nunca olvidar\u00e1n. <\/p>\n<p style=\"text-align: left\"><strong>\u00a1Sorpr\u00e9ndele con la Tableta For My King y convierte cualquier momento en una celebraci\u00f3n \u00fanica!<\/strong><\/p>\n","protected":false},"excerpt":{"rendered":"<p>Para Mi Rey Tableta de Chocolate con Leche, un regalo sabroso y especial para sorprender a alguien especial.<\/p>\n","protected":false},"featured_media":9520,"comment_status":"open","ping_status":"closed","template":"","meta":[],"product_brand":[],"product_cat":[200],"product_tag":[],"class_list":{"0":"post-9509","1":"product","2":"type-product","3":"status-publish","4":"has-post-thumbnail","6":"product_cat-tabletas-de-chocolate","7":"edicoes-especial-si","9":"first","10":"instock","11":"shipping-taxable","12":"purchasable","13":"product-type-simple"},"yoast_head":"<!-- This site is optimized with the Yoast SEO plugin v27.2 - https:\/\/yoast.com\/product\/yoast-seo-wordpress\/ -->\n<title>PARA MI REY Tableta de chocolate con leche<\/title>\n<meta name=\"description\" content=\"Sorpr\u00e9ndele con la Tableta de Chocolate con Leche Para Mi Rey. Un regalo personalizado, perfecto para el rey de tu vida, con un sabor irresistible.\" \/>\n<meta name=\"robots\" content=\"index, follow, max-snippet:-1, max-image-preview:large, max-video-preview:-1\" \/>\n<link rel=\"canonical\" href=\"https:\/\/simchocolate.com\/es\/produto\/para-mi-rey-tableta-de-chocolate-con-leche\/\" \/>\n<meta property=\"og:locale\" content=\"es_ES\" \/>\n<meta property=\"og:type\" content=\"article\" \/>\n<meta property=\"og:title\" content=\"PARA MI REY Tableta de chocolate con leche\" \/>\n<meta property=\"og:description\" content=\"Sorpr\u00e9ndele con la Tableta de Chocolate con Leche Para Mi Rey. Un regalo personalizado, perfecto para el rey de tu vida, con un sabor irresistible.\" \/>\n<meta property=\"og:url\" content=\"https:\/\/simchocolate.com\/es\/produto\/para-mi-rey-tableta-de-chocolate-con-leche\/\" \/>\n<meta property=\"og:site_name\" content=\"SIM Chocolate\" \/>\n<meta property=\"article:publisher\" content=\"https:\/\/www.facebook.com\/SimBombons\" \/>\n<meta property=\"og:image\" content=\"https:\/\/simchocolate.com\/wp-content\/uploads\/2023\/10\/tablete-my-king-scaled.jpg\" \/>\n\t<meta property=\"og:image:width\" content=\"2560\" \/>\n\t<meta property=\"og:image:height\" content=\"2560\" \/>\n\t<meta property=\"og:image:type\" content=\"image\/jpeg\" \/>\n<meta name=\"twitter:card\" content=\"summary_large_image\" \/>\n<meta name=\"twitter:label1\" content=\"Tiempo de lectura\" \/>\n\t<meta name=\"twitter:data1\" content=\"1 minuto\" \/>\n<script type=\"application\/ld+json\" class=\"yoast-schema-graph\">{\"@context\":\"https:\/\/schema.org\",\"@graph\":[{\"@type\":\"WebPage\",\"@id\":\"https:\/\/simchocolate.com\/es\/produto\/para-mi-rey-tableta-de-chocolate-con-leche\/\",\"url\":\"https:\/\/simchocolate.com\/es\/produto\/para-mi-rey-tableta-de-chocolate-con-leche\/\",\"name\":\"PARA MI REY Tableta de chocolate con leche\",\"isPartOf\":{\"@id\":\"https:\/\/simchocolate.com\/es\/#website\"},\"primaryImageOfPage\":{\"@id\":\"https:\/\/simchocolate.com\/es\/produto\/para-mi-rey-tableta-de-chocolate-con-leche\/#primaryimage\"},\"image\":{\"@id\":\"https:\/\/simchocolate.com\/es\/produto\/para-mi-rey-tableta-de-chocolate-con-leche\/#primaryimage\"},\"thumbnailUrl\":\"https:\/\/simchocolate.com\/wp-content\/uploads\/2023\/10\/tablete-my-king-scaled.jpg\",\"datePublished\":\"2023-10-20T18:09:48+00:00\",\"description\":\"Sorpr\u00e9ndele con la Tableta de Chocolate con Leche Para Mi Rey. Un regalo personalizado, perfecto para el rey de tu vida, con un sabor irresistible.\",\"breadcrumb\":{\"@id\":\"https:\/\/simchocolate.com\/es\/produto\/para-mi-rey-tableta-de-chocolate-con-leche\/#breadcrumb\"},\"inLanguage\":\"es\",\"potentialAction\":[{\"@type\":\"ReadAction\",\"target\":[\"https:\/\/simchocolate.com\/es\/produto\/para-mi-rey-tableta-de-chocolate-con-leche\/\"]}]},{\"@type\":\"ImageObject\",\"inLanguage\":\"es\",\"@id\":\"https:\/\/simchocolate.com\/es\/produto\/para-mi-rey-tableta-de-chocolate-con-leche\/#primaryimage\",\"url\":\"https:\/\/simchocolate.com\/wp-content\/uploads\/2023\/10\/tablete-my-king-scaled.jpg\",\"contentUrl\":\"https:\/\/simchocolate.com\/wp-content\/uploads\/2023\/10\/tablete-my-king-scaled.jpg\",\"width\":2560,\"height\":2560,\"caption\":\"tablete for my king\"},{\"@type\":\"BreadcrumbList\",\"@id\":\"https:\/\/simchocolate.com\/es\/produto\/para-mi-rey-tableta-de-chocolate-con-leche\/#breadcrumb\",\"itemListElement\":[{\"@type\":\"ListItem\",\"position\":1,\"name\":\"In\u00edcio\",\"item\":\"https:\/\/simchocolate.com\/es\/\"},{\"@type\":\"ListItem\",\"position\":2,\"name\":\"Productos\",\"item\":\"https:\/\/simchocolate.com\/es\/shop\/\"},{\"@type\":\"ListItem\",\"position\":3,\"name\":\"Para mi Rey Tableta de chocolate con leche\"}]},{\"@type\":\"WebSite\",\"@id\":\"https:\/\/simchocolate.com\/es\/#website\",\"url\":\"https:\/\/simchocolate.com\/es\/\",\"name\":\"SIM Chocolate\",\"description\":\"Do amor incondicional entre uma m\u00e3e e sua filha, nasce a marca SIM Bombons no Natal de 2014\",\"potentialAction\":[{\"@type\":\"SearchAction\",\"target\":{\"@type\":\"EntryPoint\",\"urlTemplate\":\"https:\/\/simchocolate.com\/es\/?s={search_term_string}\"},\"query-input\":{\"@type\":\"PropertyValueSpecification\",\"valueRequired\":true,\"valueName\":\"search_term_string\"}}],\"inLanguage\":\"es\"}]}<\/script>\n<!-- \/ Yoast SEO plugin. -->","yoast_head_json":{"title":"PARA MI REY Tableta de chocolate con leche","description":"Sorpr\u00e9ndele con la Tableta de Chocolate con Leche Para Mi Rey. Un regalo personalizado, perfecto para el rey de tu vida, con un sabor irresistible.","robots":{"index":"index","follow":"follow","max-snippet":"max-snippet:-1","max-image-preview":"max-image-preview:large","max-video-preview":"max-video-preview:-1"},"canonical":"https:\/\/simchocolate.com\/es\/produto\/para-mi-rey-tableta-de-chocolate-con-leche\/","og_locale":"es_ES","og_type":"article","og_title":"PARA MI REY Tableta de chocolate con leche","og_description":"Sorpr\u00e9ndele con la Tableta de Chocolate con Leche Para Mi Rey. Un regalo personalizado, perfecto para el rey de tu vida, con un sabor irresistible.","og_url":"https:\/\/simchocolate.com\/es\/produto\/para-mi-rey-tableta-de-chocolate-con-leche\/","og_site_name":"SIM Chocolate","article_publisher":"https:\/\/www.facebook.com\/SimBombons","og_image":[{"width":2560,"height":2560,"url":"https:\/\/simchocolate.com\/wp-content\/uploads\/2023\/10\/tablete-my-king-scaled.jpg","type":"image\/jpeg"}],"twitter_card":"summary_large_image","twitter_misc":{"Tiempo de lectura":"1 minuto"},"schema":{"@context":"https:\/\/schema.org","@graph":[{"@type":"WebPage","@id":"https:\/\/simchocolate.com\/es\/produto\/para-mi-rey-tableta-de-chocolate-con-leche\/","url":"https:\/\/simchocolate.com\/es\/produto\/para-mi-rey-tableta-de-chocolate-con-leche\/","name":"PARA MI REY Tableta de chocolate con leche","isPartOf":{"@id":"https:\/\/simchocolate.com\/es\/#website"},"primaryImageOfPage":{"@id":"https:\/\/simchocolate.com\/es\/produto\/para-mi-rey-tableta-de-chocolate-con-leche\/#primaryimage"},"image":{"@id":"https:\/\/simchocolate.com\/es\/produto\/para-mi-rey-tableta-de-chocolate-con-leche\/#primaryimage"},"thumbnailUrl":"https:\/\/simchocolate.com\/wp-content\/uploads\/2023\/10\/tablete-my-king-scaled.jpg","datePublished":"2023-10-20T18:09:48+00:00","description":"Sorpr\u00e9ndele con la Tableta de Chocolate con Leche Para Mi Rey. Un regalo personalizado, perfecto para el rey de tu vida, con un sabor irresistible.","breadcrumb":{"@id":"https:\/\/simchocolate.com\/es\/produto\/para-mi-rey-tableta-de-chocolate-con-leche\/#breadcrumb"},"inLanguage":"es","potentialAction":[{"@type":"ReadAction","target":["https:\/\/simchocolate.com\/es\/produto\/para-mi-rey-tableta-de-chocolate-con-leche\/"]}]},{"@type":"ImageObject","inLanguage":"es","@id":"https:\/\/simchocolate.com\/es\/produto\/para-mi-rey-tableta-de-chocolate-con-leche\/#primaryimage","url":"https:\/\/simchocolate.com\/wp-content\/uploads\/2023\/10\/tablete-my-king-scaled.jpg","contentUrl":"https:\/\/simchocolate.com\/wp-content\/uploads\/2023\/10\/tablete-my-king-scaled.jpg","width":2560,"height":2560,"caption":"tablete for my king"},{"@type":"BreadcrumbList","@id":"https:\/\/simchocolate.com\/es\/produto\/para-mi-rey-tableta-de-chocolate-con-leche\/#breadcrumb","itemListElement":[{"@type":"ListItem","position":1,"name":"In\u00edcio","item":"https:\/\/simchocolate.com\/es\/"},{"@type":"ListItem","position":2,"name":"Productos","item":"https:\/\/simchocolate.com\/es\/shop\/"},{"@type":"ListItem","position":3,"name":"Para mi Rey Tableta de chocolate con leche"}]},{"@type":"WebSite","@id":"https:\/\/simchocolate.com\/es\/#website","url":"https:\/\/simchocolate.com\/es\/","name":"SIM Chocolate","description":"Do amor incondicional entre uma m\u00e3e e sua filha, nasce a marca SIM Bombons no Natal de 2014","potentialAction":[{"@type":"SearchAction","target":{"@type":"EntryPoint","urlTemplate":"https:\/\/simchocolate.com\/es\/?s={search_term_string}"},"query-input":{"@type":"PropertyValueSpecification","valueRequired":true,"valueName":"search_term_string"}}],"inLanguage":"es"}]}},"_links":{"self":[{"href":"https:\/\/simchocolate.com\/es\/wp-json\/wp\/v2\/product\/9509","targetHints":{"allow":["GET"]}}],"collection":[{"href":"https:\/\/simchocolate.com\/es\/wp-json\/wp\/v2\/product"}],"about":[{"href":"https:\/\/simchocolate.com\/es\/wp-json\/wp\/v2\/types\/product"}],"replies":[{"embeddable":true,"href":"https:\/\/simchocolate.com\/es\/wp-json\/wp\/v2\/comments?post=9509"}],"wp:featuredmedia":[{"embeddable":true,"href":"https:\/\/simchocolate.com\/es\/wp-json\/wp\/v2\/media\/9520"}],"wp:attachment":[{"href":"https:\/\/simchocolate.com\/es\/wp-json\/wp\/v2\/media?parent=9509"}],"wp:term":[{"taxonomy":"product_brand","embeddable":true,"href":"https:\/\/simchocolate.com\/es\/wp-json\/wp\/v2\/product_brand?post=9509"},{"taxonomy":"product_cat","embeddable":true,"href":"https:\/\/simchocolate.com\/es\/wp-json\/wp\/v2\/product_cat?post=9509"},{"taxonomy":"product_tag","embeddable":true,"href":"https:\/\/simchocolate.com\/es\/wp-json\/wp\/v2\/product_tag?post=9509"}],"curies":[{"name":"wp","href":"https:\/\/api.w.org\/{rel}","templated":true}]}}