{"id":9529,"date":"2023-10-20T18:09:52","date_gmt":"2023-10-20T18:09:52","guid":{"rendered":"https:\/\/simchocolate.com\/produto\/inbictus-tableta-de-chocolate-negro\/"},"modified":"2023-10-20T18:09:52","modified_gmt":"2023-10-20T18:09:52","slug":"inbictus-tableta-de-chocolate-negro","status":"publish","type":"product","link":"https:\/\/simchocolate.com\/es\/produto\/inbictus-tableta-de-chocolate-negro\/","title":{"rendered":"INBICTUS Tableta de chocolate negro"},"content":{"rendered":"<h5 style=\"text-align: left;\" data-start=\"1033\" data-end=\"1118\">La esencia de Oporto en forma de chocolate<\/h5>\n<p style=\"text-align: left;\" data-start=\"1120\" data-end=\"1475\">La Tableta de Chocolate Negro Inbictus es una creaci\u00f3n exclusiva de Sim Chocolate, dise\u00f1ada como homenaje a la invicta ciudad de Oporto. Elaborada con chocolate negro de primera calidad, esta tableta representa la fuerza, la tradici\u00f3n y el aut\u00e9ntico esp\u00edritu del norte de Portugal, reflejando la personalidad robusta y elegante que define a esta emblem\u00e1tica ciudad. <\/p>\n<p style=\"text-align: left;\" data-start=\"1477\" data-end=\"1842\">Con un contenido de cacao cuidadosamente equilibrado, esta tableta de chocolate negro ofrece una experiencia intensa y refinada, revelando notas profundas y ligeramente amargas que se transforman en un sabor aterciopelado y duradero. Su aroma con cuerpo y su textura suave son el resultado de un meticuloso proceso artesanal que garantiza la m\u00e1xima calidad en cada detalle. <\/p>\n<p style=\"text-align: left;\" data-start=\"1844\" data-end=\"2126\">M\u00e1s que un simple chocolate, la Tableta de Chocolate Negro Inbictus es una celebraci\u00f3n de la cultura y el alma de Oporto. Ideal para disfrutar con una copa de Oporto, tambi\u00e9n es un regalo distintivo para quienes aprecian los sabores genuinos y las experiencias sensoriales aut\u00e9nticas. <\/p>\n<p style=\"text-align: left;\" data-start=\"2128\" data-end=\"2289\">El elegante envase refleja el orgullo de la ciudad de Oporto, haciendo de esta barra una verdadera representaci\u00f3n del sabor portugu\u00e9s en estado puro.<\/p>\n<p style=\"text-align: left;\" data-start=\"2291\" data-end=\"2367\"><strong><em data-start=\"2291\" data-end=\"2313\">Instrucciones de conservaci\u00f3n:<\/em><\/strong><br data-start=\"2313\" data-end=\"2316\"><em data-start=\"2316\" data-end=\"2365\">Conservar a una temperatura entre 16\u00ba &#8211; 20\u00ba grados.<\/em><\/p>\n","protected":false},"excerpt":{"rendered":"<p>Tableta de chocolate negro INBICTUS. El resultado es un chocolate de sabor dulce, suave pero intenso y persistente. Tiene un perfil arom\u00e1tico de cacaot\u00e8 con notas distintivas de frutos secos y un agradable toque de caf\u00e9.  <\/p>\n","protected":false},"featured_media":9532,"comment_status":"open","ping_status":"closed","template":"","meta":[],"product_brand":[],"product_cat":[200],"product_tag":[],"class_list":{"0":"post-9529","1":"product","2":"type-product","3":"status-publish","4":"has-post-thumbnail","6":"product_cat-tabletas-de-chocolate","7":"edicoes-origenes","9":"first","10":"instock","11":"shipping-taxable","12":"purchasable","13":"product-type-simple"},"yoast_head":"<!-- This site is optimized with the Yoast SEO plugin v27.2 - https:\/\/yoast.com\/product\/yoast-seo-wordpress\/ -->\n<title>INBICTUS Tableta de chocolate negro | SIM Chocolate<\/title>\n<meta name=\"description\" content=\"La Tableta de Chocolate Negro Inbictus es un chocolate intenso, elegante y artesanal que refleja el car\u00e1cter fuerte y aut\u00e9ntico del norte de Portugal.\" \/>\n<meta name=\"robots\" content=\"index, follow, max-snippet:-1, max-image-preview:large, max-video-preview:-1\" \/>\n<link rel=\"canonical\" href=\"https:\/\/simchocolate.com\/es\/produto\/inbictus-tableta-de-chocolate-negro\/\" \/>\n<meta property=\"og:locale\" content=\"es_ES\" \/>\n<meta property=\"og:type\" content=\"article\" \/>\n<meta property=\"og:title\" content=\"INBICTUS Tableta de chocolate negro | SIM Chocolate\" \/>\n<meta property=\"og:description\" content=\"La Tableta de Chocolate Negro Inbictus es un chocolate intenso, elegante y artesanal que refleja el car\u00e1cter fuerte y aut\u00e9ntico del norte de Portugal.\" \/>\n<meta property=\"og:url\" content=\"https:\/\/simchocolate.com\/es\/produto\/inbictus-tableta-de-chocolate-negro\/\" \/>\n<meta property=\"og:site_name\" content=\"SIM Chocolate\" \/>\n<meta property=\"article:publisher\" content=\"https:\/\/www.facebook.com\/SimBombons\" \/>\n<meta property=\"og:image\" content=\"https:\/\/simchocolate.com\/wp-content\/uploads\/2023\/10\/tablete-invictus-scaled.jpg\" \/>\n\t<meta property=\"og:image:width\" content=\"2560\" \/>\n\t<meta property=\"og:image:height\" content=\"2560\" \/>\n\t<meta property=\"og:image:type\" content=\"image\/jpeg\" \/>\n<meta name=\"twitter:card\" content=\"summary_large_image\" \/>\n<meta name=\"twitter:label1\" content=\"Tiempo de lectura\" \/>\n\t<meta name=\"twitter:data1\" content=\"1 minuto\" \/>\n<script type=\"application\/ld+json\" class=\"yoast-schema-graph\">{\"@context\":\"https:\/\/schema.org\",\"@graph\":[{\"@type\":\"WebPage\",\"@id\":\"https:\/\/simchocolate.com\/es\/produto\/inbictus-tableta-de-chocolate-negro\/\",\"url\":\"https:\/\/simchocolate.com\/es\/produto\/inbictus-tableta-de-chocolate-negro\/\",\"name\":\"INBICTUS Tableta de chocolate negro | SIM Chocolate\",\"isPartOf\":{\"@id\":\"https:\/\/simchocolate.com\/es\/#website\"},\"primaryImageOfPage\":{\"@id\":\"https:\/\/simchocolate.com\/es\/produto\/inbictus-tableta-de-chocolate-negro\/#primaryimage\"},\"image\":{\"@id\":\"https:\/\/simchocolate.com\/es\/produto\/inbictus-tableta-de-chocolate-negro\/#primaryimage\"},\"thumbnailUrl\":\"https:\/\/simchocolate.com\/wp-content\/uploads\/2023\/10\/tablete-invictus-scaled.jpg\",\"datePublished\":\"2023-10-20T18:09:52+00:00\",\"description\":\"La Tableta de Chocolate Negro Inbictus es un chocolate intenso, elegante y artesanal que refleja el car\u00e1cter fuerte y aut\u00e9ntico del norte de Portugal.\",\"breadcrumb\":{\"@id\":\"https:\/\/simchocolate.com\/es\/produto\/inbictus-tableta-de-chocolate-negro\/#breadcrumb\"},\"inLanguage\":\"es\",\"potentialAction\":[{\"@type\":\"ReadAction\",\"target\":[\"https:\/\/simchocolate.com\/es\/produto\/inbictus-tableta-de-chocolate-negro\/\"]}]},{\"@type\":\"ImageObject\",\"inLanguage\":\"es\",\"@id\":\"https:\/\/simchocolate.com\/es\/produto\/inbictus-tableta-de-chocolate-negro\/#primaryimage\",\"url\":\"https:\/\/simchocolate.com\/wp-content\/uploads\/2023\/10\/tablete-invictus-scaled.jpg\",\"contentUrl\":\"https:\/\/simchocolate.com\/wp-content\/uploads\/2023\/10\/tablete-invictus-scaled.jpg\",\"width\":2560,\"height\":2560},{\"@type\":\"BreadcrumbList\",\"@id\":\"https:\/\/simchocolate.com\/es\/produto\/inbictus-tableta-de-chocolate-negro\/#breadcrumb\",\"itemListElement\":[{\"@type\":\"ListItem\",\"position\":1,\"name\":\"In\u00edcio\",\"item\":\"https:\/\/simchocolate.com\/es\/\"},{\"@type\":\"ListItem\",\"position\":2,\"name\":\"Productos\",\"item\":\"https:\/\/simchocolate.com\/es\/shop\/\"},{\"@type\":\"ListItem\",\"position\":3,\"name\":\"INBICTUS Tableta de chocolate negro\"}]},{\"@type\":\"WebSite\",\"@id\":\"https:\/\/simchocolate.com\/es\/#website\",\"url\":\"https:\/\/simchocolate.com\/es\/\",\"name\":\"SIM Chocolate\",\"description\":\"Do amor incondicional entre uma m\u00e3e e sua filha, nasce a marca SIM Bombons no Natal de 2014\",\"potentialAction\":[{\"@type\":\"SearchAction\",\"target\":{\"@type\":\"EntryPoint\",\"urlTemplate\":\"https:\/\/simchocolate.com\/es\/?s={search_term_string}\"},\"query-input\":{\"@type\":\"PropertyValueSpecification\",\"valueRequired\":true,\"valueName\":\"search_term_string\"}}],\"inLanguage\":\"es\"}]}<\/script>\n<!-- \/ Yoast SEO plugin. -->","yoast_head_json":{"title":"INBICTUS Tableta de chocolate negro | SIM Chocolate","description":"La Tableta de Chocolate Negro Inbictus es un chocolate intenso, elegante y artesanal que refleja el car\u00e1cter fuerte y aut\u00e9ntico del norte de Portugal.","robots":{"index":"index","follow":"follow","max-snippet":"max-snippet:-1","max-image-preview":"max-image-preview:large","max-video-preview":"max-video-preview:-1"},"canonical":"https:\/\/simchocolate.com\/es\/produto\/inbictus-tableta-de-chocolate-negro\/","og_locale":"es_ES","og_type":"article","og_title":"INBICTUS Tableta de chocolate negro | SIM Chocolate","og_description":"La Tableta de Chocolate Negro Inbictus es un chocolate intenso, elegante y artesanal que refleja el car\u00e1cter fuerte y aut\u00e9ntico del norte de Portugal.","og_url":"https:\/\/simchocolate.com\/es\/produto\/inbictus-tableta-de-chocolate-negro\/","og_site_name":"SIM Chocolate","article_publisher":"https:\/\/www.facebook.com\/SimBombons","og_image":[{"width":2560,"height":2560,"url":"https:\/\/simchocolate.com\/wp-content\/uploads\/2023\/10\/tablete-invictus-scaled.jpg","type":"image\/jpeg"}],"twitter_card":"summary_large_image","twitter_misc":{"Tiempo de lectura":"1 minuto"},"schema":{"@context":"https:\/\/schema.org","@graph":[{"@type":"WebPage","@id":"https:\/\/simchocolate.com\/es\/produto\/inbictus-tableta-de-chocolate-negro\/","url":"https:\/\/simchocolate.com\/es\/produto\/inbictus-tableta-de-chocolate-negro\/","name":"INBICTUS Tableta de chocolate negro | SIM Chocolate","isPartOf":{"@id":"https:\/\/simchocolate.com\/es\/#website"},"primaryImageOfPage":{"@id":"https:\/\/simchocolate.com\/es\/produto\/inbictus-tableta-de-chocolate-negro\/#primaryimage"},"image":{"@id":"https:\/\/simchocolate.com\/es\/produto\/inbictus-tableta-de-chocolate-negro\/#primaryimage"},"thumbnailUrl":"https:\/\/simchocolate.com\/wp-content\/uploads\/2023\/10\/tablete-invictus-scaled.jpg","datePublished":"2023-10-20T18:09:52+00:00","description":"La Tableta de Chocolate Negro Inbictus es un chocolate intenso, elegante y artesanal que refleja el car\u00e1cter fuerte y aut\u00e9ntico del norte de Portugal.","breadcrumb":{"@id":"https:\/\/simchocolate.com\/es\/produto\/inbictus-tableta-de-chocolate-negro\/#breadcrumb"},"inLanguage":"es","potentialAction":[{"@type":"ReadAction","target":["https:\/\/simchocolate.com\/es\/produto\/inbictus-tableta-de-chocolate-negro\/"]}]},{"@type":"ImageObject","inLanguage":"es","@id":"https:\/\/simchocolate.com\/es\/produto\/inbictus-tableta-de-chocolate-negro\/#primaryimage","url":"https:\/\/simchocolate.com\/wp-content\/uploads\/2023\/10\/tablete-invictus-scaled.jpg","contentUrl":"https:\/\/simchocolate.com\/wp-content\/uploads\/2023\/10\/tablete-invictus-scaled.jpg","width":2560,"height":2560},{"@type":"BreadcrumbList","@id":"https:\/\/simchocolate.com\/es\/produto\/inbictus-tableta-de-chocolate-negro\/#breadcrumb","itemListElement":[{"@type":"ListItem","position":1,"name":"In\u00edcio","item":"https:\/\/simchocolate.com\/es\/"},{"@type":"ListItem","position":2,"name":"Productos","item":"https:\/\/simchocolate.com\/es\/shop\/"},{"@type":"ListItem","position":3,"name":"INBICTUS Tableta de chocolate negro"}]},{"@type":"WebSite","@id":"https:\/\/simchocolate.com\/es\/#website","url":"https:\/\/simchocolate.com\/es\/","name":"SIM Chocolate","description":"Do amor incondicional entre uma m\u00e3e e sua filha, nasce a marca SIM Bombons no Natal de 2014","potentialAction":[{"@type":"SearchAction","target":{"@type":"EntryPoint","urlTemplate":"https:\/\/simchocolate.com\/es\/?s={search_term_string}"},"query-input":{"@type":"PropertyValueSpecification","valueRequired":true,"valueName":"search_term_string"}}],"inLanguage":"es"}]}},"_links":{"self":[{"href":"https:\/\/simchocolate.com\/es\/wp-json\/wp\/v2\/product\/9529","targetHints":{"allow":["GET"]}}],"collection":[{"href":"https:\/\/simchocolate.com\/es\/wp-json\/wp\/v2\/product"}],"about":[{"href":"https:\/\/simchocolate.com\/es\/wp-json\/wp\/v2\/types\/product"}],"replies":[{"embeddable":true,"href":"https:\/\/simchocolate.com\/es\/wp-json\/wp\/v2\/comments?post=9529"}],"wp:featuredmedia":[{"embeddable":true,"href":"https:\/\/simchocolate.com\/es\/wp-json\/wp\/v2\/media\/9532"}],"wp:attachment":[{"href":"https:\/\/simchocolate.com\/es\/wp-json\/wp\/v2\/media?parent=9529"}],"wp:term":[{"taxonomy":"product_brand","embeddable":true,"href":"https:\/\/simchocolate.com\/es\/wp-json\/wp\/v2\/product_brand?post=9529"},{"taxonomy":"product_cat","embeddable":true,"href":"https:\/\/simchocolate.com\/es\/wp-json\/wp\/v2\/product_cat?post=9529"},{"taxonomy":"product_tag","embeddable":true,"href":"https:\/\/simchocolate.com\/es\/wp-json\/wp\/v2\/product_tag?post=9529"}],"curies":[{"name":"wp","href":"https:\/\/api.w.org\/{rel}","templated":true}]}}