{"id":9533,"date":"2023-10-20T18:09:42","date_gmt":"2023-10-20T18:09:42","guid":{"rendered":"https:\/\/simchocolate.com\/produto\/tableta-de-chocolate-negro-guatemala-65\/"},"modified":"2023-10-20T18:09:42","modified_gmt":"2023-10-20T18:09:42","slug":"tableta-de-chocolate-negro-guatemala-65","status":"publish","type":"product","link":"https:\/\/simchocolate.com\/es\/produto\/tableta-de-chocolate-negro-guatemala-65\/","title":{"rendered":"Tableta de chocolate negro Guatemala 65"},"content":{"rendered":"<p style=\"text-align: left\">Nuestra tableta de chocolate negro de Guatemala est\u00e1<strong> elaborada con cacao de origen \u00fanico de Guatemala<\/strong>, famoso por su perfil de sabor rico y complejo. Con un 70% de cacao, esta tableta ofrece una experiencia de sabor intensa y arom\u00e1tica, destacando sutiles notas de fruta y especias que reflejan el terru\u00f1o \u00fanico del pa\u00eds. Ideal para quienes disfrutan con los chocolates gourmet de alta calidad, esta barra es perfecta para saborearla sola o como regalo sofisticado.  <\/p>\n","protected":false},"excerpt":{"rendered":"<p>Tableta de chocolate negro con cacao de Guatemala. Un sabor intenso y aut\u00e9ntico, ideal para los verdaderos amantes del chocolate gourmet. <\/p>\n","protected":false},"featured_media":9541,"comment_status":"open","ping_status":"closed","template":"","meta":[],"product_brand":[],"product_cat":[200],"product_tag":[213,214],"class_list":{"0":"post-9533","1":"product","2":"type-product","3":"status-publish","4":"has-post-thumbnail","6":"product_cat-tabletas-de-chocolate","7":"product_tag-chocolate-negro","8":"product_tag-guatemala","9":"edicoes-origenes","11":"first","12":"instock","13":"shipping-taxable","14":"purchasable","15":"product-type-simple"},"yoast_head":"<!-- This site is optimized with the Yoast SEO plugin v27.2 - https:\/\/yoast.com\/product\/yoast-seo-wordpress\/ -->\n<title>Tableta de chocolate negro Guatemala 65 | S\u00ed Chocolate<\/title>\n<meta name=\"description\" content=\"Disfruta de la Tableta de Chocolate Negro de Guatemala, elaborada con cacao de origen \u00fanico de primera calidad. Un chocolate intenso y arom\u00e1tico.\" \/>\n<meta name=\"robots\" content=\"index, follow, max-snippet:-1, max-image-preview:large, max-video-preview:-1\" \/>\n<link rel=\"canonical\" href=\"https:\/\/simchocolate.com\/es\/produto\/tableta-de-chocolate-negro-guatemala-65\/\" \/>\n<meta property=\"og:locale\" content=\"es_ES\" \/>\n<meta property=\"og:type\" content=\"article\" \/>\n<meta property=\"og:title\" content=\"Tableta de chocolate negro Guatemala 65 | S\u00ed Chocolate\" \/>\n<meta property=\"og:description\" content=\"Disfruta de la Tableta de Chocolate Negro de Guatemala, elaborada con cacao de origen \u00fanico de primera calidad. Un chocolate intenso y arom\u00e1tico.\" \/>\n<meta property=\"og:url\" content=\"https:\/\/simchocolate.com\/es\/produto\/tableta-de-chocolate-negro-guatemala-65\/\" \/>\n<meta property=\"og:site_name\" content=\"SIM Chocolate\" \/>\n<meta property=\"article:publisher\" content=\"https:\/\/www.facebook.com\/SimBombons\" \/>\n<meta property=\"og:image\" content=\"https:\/\/simchocolate.com\/wp-content\/uploads\/2023\/10\/guatmala-1-scaled.jpg\" \/>\n\t<meta property=\"og:image:width\" content=\"2560\" \/>\n\t<meta property=\"og:image:height\" content=\"2560\" \/>\n\t<meta property=\"og:image:type\" content=\"image\/jpeg\" \/>\n<meta name=\"twitter:card\" content=\"summary_large_image\" \/>\n<script type=\"application\/ld+json\" class=\"yoast-schema-graph\">{\"@context\":\"https:\/\/schema.org\",\"@graph\":[{\"@type\":\"WebPage\",\"@id\":\"https:\/\/simchocolate.com\/es\/produto\/tableta-de-chocolate-negro-guatemala-65\/\",\"url\":\"https:\/\/simchocolate.com\/es\/produto\/tableta-de-chocolate-negro-guatemala-65\/\",\"name\":\"Tableta de chocolate negro Guatemala 65 | S\u00ed Chocolate\",\"isPartOf\":{\"@id\":\"https:\/\/simchocolate.com\/es\/#website\"},\"primaryImageOfPage\":{\"@id\":\"https:\/\/simchocolate.com\/es\/produto\/tableta-de-chocolate-negro-guatemala-65\/#primaryimage\"},\"image\":{\"@id\":\"https:\/\/simchocolate.com\/es\/produto\/tableta-de-chocolate-negro-guatemala-65\/#primaryimage\"},\"thumbnailUrl\":\"https:\/\/simchocolate.com\/wp-content\/uploads\/2023\/10\/guatmala-1-scaled.jpg\",\"datePublished\":\"2023-10-20T18:09:42+00:00\",\"description\":\"Disfruta de la Tableta de Chocolate Negro de Guatemala, elaborada con cacao de origen \u00fanico de primera calidad. Un chocolate intenso y arom\u00e1tico.\",\"breadcrumb\":{\"@id\":\"https:\/\/simchocolate.com\/es\/produto\/tableta-de-chocolate-negro-guatemala-65\/#breadcrumb\"},\"inLanguage\":\"es\",\"potentialAction\":[{\"@type\":\"ReadAction\",\"target\":[\"https:\/\/simchocolate.com\/es\/produto\/tableta-de-chocolate-negro-guatemala-65\/\"]}]},{\"@type\":\"ImageObject\",\"inLanguage\":\"es\",\"@id\":\"https:\/\/simchocolate.com\/es\/produto\/tableta-de-chocolate-negro-guatemala-65\/#primaryimage\",\"url\":\"https:\/\/simchocolate.com\/wp-content\/uploads\/2023\/10\/guatmala-1-scaled.jpg\",\"contentUrl\":\"https:\/\/simchocolate.com\/wp-content\/uploads\/2023\/10\/guatmala-1-scaled.jpg\",\"width\":2560,\"height\":2560},{\"@type\":\"BreadcrumbList\",\"@id\":\"https:\/\/simchocolate.com\/es\/produto\/tableta-de-chocolate-negro-guatemala-65\/#breadcrumb\",\"itemListElement\":[{\"@type\":\"ListItem\",\"position\":1,\"name\":\"In\u00edcio\",\"item\":\"https:\/\/simchocolate.com\/es\/\"},{\"@type\":\"ListItem\",\"position\":2,\"name\":\"Productos\",\"item\":\"https:\/\/simchocolate.com\/es\/shop\/\"},{\"@type\":\"ListItem\",\"position\":3,\"name\":\"Tableta de chocolate negro Guatemala 65\"}]},{\"@type\":\"WebSite\",\"@id\":\"https:\/\/simchocolate.com\/es\/#website\",\"url\":\"https:\/\/simchocolate.com\/es\/\",\"name\":\"SIM Chocolate\",\"description\":\"Do amor incondicional entre uma m\u00e3e e sua filha, nasce a marca SIM Bombons no Natal de 2014\",\"potentialAction\":[{\"@type\":\"SearchAction\",\"target\":{\"@type\":\"EntryPoint\",\"urlTemplate\":\"https:\/\/simchocolate.com\/es\/?s={search_term_string}\"},\"query-input\":{\"@type\":\"PropertyValueSpecification\",\"valueRequired\":true,\"valueName\":\"search_term_string\"}}],\"inLanguage\":\"es\"}]}<\/script>\n<!-- \/ Yoast SEO plugin. -->","yoast_head_json":{"title":"Tableta de chocolate negro Guatemala 65 | S\u00ed Chocolate","description":"Disfruta de la Tableta de Chocolate Negro de Guatemala, elaborada con cacao de origen \u00fanico de primera calidad. Un chocolate intenso y arom\u00e1tico.","robots":{"index":"index","follow":"follow","max-snippet":"max-snippet:-1","max-image-preview":"max-image-preview:large","max-video-preview":"max-video-preview:-1"},"canonical":"https:\/\/simchocolate.com\/es\/produto\/tableta-de-chocolate-negro-guatemala-65\/","og_locale":"es_ES","og_type":"article","og_title":"Tableta de chocolate negro Guatemala 65 | S\u00ed Chocolate","og_description":"Disfruta de la Tableta de Chocolate Negro de Guatemala, elaborada con cacao de origen \u00fanico de primera calidad. Un chocolate intenso y arom\u00e1tico.","og_url":"https:\/\/simchocolate.com\/es\/produto\/tableta-de-chocolate-negro-guatemala-65\/","og_site_name":"SIM Chocolate","article_publisher":"https:\/\/www.facebook.com\/SimBombons","og_image":[{"width":2560,"height":2560,"url":"https:\/\/simchocolate.com\/wp-content\/uploads\/2023\/10\/guatmala-1-scaled.jpg","type":"image\/jpeg"}],"twitter_card":"summary_large_image","schema":{"@context":"https:\/\/schema.org","@graph":[{"@type":"WebPage","@id":"https:\/\/simchocolate.com\/es\/produto\/tableta-de-chocolate-negro-guatemala-65\/","url":"https:\/\/simchocolate.com\/es\/produto\/tableta-de-chocolate-negro-guatemala-65\/","name":"Tableta de chocolate negro Guatemala 65 | S\u00ed Chocolate","isPartOf":{"@id":"https:\/\/simchocolate.com\/es\/#website"},"primaryImageOfPage":{"@id":"https:\/\/simchocolate.com\/es\/produto\/tableta-de-chocolate-negro-guatemala-65\/#primaryimage"},"image":{"@id":"https:\/\/simchocolate.com\/es\/produto\/tableta-de-chocolate-negro-guatemala-65\/#primaryimage"},"thumbnailUrl":"https:\/\/simchocolate.com\/wp-content\/uploads\/2023\/10\/guatmala-1-scaled.jpg","datePublished":"2023-10-20T18:09:42+00:00","description":"Disfruta de la Tableta de Chocolate Negro de Guatemala, elaborada con cacao de origen \u00fanico de primera calidad. Un chocolate intenso y arom\u00e1tico.","breadcrumb":{"@id":"https:\/\/simchocolate.com\/es\/produto\/tableta-de-chocolate-negro-guatemala-65\/#breadcrumb"},"inLanguage":"es","potentialAction":[{"@type":"ReadAction","target":["https:\/\/simchocolate.com\/es\/produto\/tableta-de-chocolate-negro-guatemala-65\/"]}]},{"@type":"ImageObject","inLanguage":"es","@id":"https:\/\/simchocolate.com\/es\/produto\/tableta-de-chocolate-negro-guatemala-65\/#primaryimage","url":"https:\/\/simchocolate.com\/wp-content\/uploads\/2023\/10\/guatmala-1-scaled.jpg","contentUrl":"https:\/\/simchocolate.com\/wp-content\/uploads\/2023\/10\/guatmala-1-scaled.jpg","width":2560,"height":2560},{"@type":"BreadcrumbList","@id":"https:\/\/simchocolate.com\/es\/produto\/tableta-de-chocolate-negro-guatemala-65\/#breadcrumb","itemListElement":[{"@type":"ListItem","position":1,"name":"In\u00edcio","item":"https:\/\/simchocolate.com\/es\/"},{"@type":"ListItem","position":2,"name":"Productos","item":"https:\/\/simchocolate.com\/es\/shop\/"},{"@type":"ListItem","position":3,"name":"Tableta de chocolate negro Guatemala 65"}]},{"@type":"WebSite","@id":"https:\/\/simchocolate.com\/es\/#website","url":"https:\/\/simchocolate.com\/es\/","name":"SIM Chocolate","description":"Do amor incondicional entre uma m\u00e3e e sua filha, nasce a marca SIM Bombons no Natal de 2014","potentialAction":[{"@type":"SearchAction","target":{"@type":"EntryPoint","urlTemplate":"https:\/\/simchocolate.com\/es\/?s={search_term_string}"},"query-input":{"@type":"PropertyValueSpecification","valueRequired":true,"valueName":"search_term_string"}}],"inLanguage":"es"}]}},"_links":{"self":[{"href":"https:\/\/simchocolate.com\/es\/wp-json\/wp\/v2\/product\/9533","targetHints":{"allow":["GET"]}}],"collection":[{"href":"https:\/\/simchocolate.com\/es\/wp-json\/wp\/v2\/product"}],"about":[{"href":"https:\/\/simchocolate.com\/es\/wp-json\/wp\/v2\/types\/product"}],"replies":[{"embeddable":true,"href":"https:\/\/simchocolate.com\/es\/wp-json\/wp\/v2\/comments?post=9533"}],"wp:featuredmedia":[{"embeddable":true,"href":"https:\/\/simchocolate.com\/es\/wp-json\/wp\/v2\/media\/9541"}],"wp:attachment":[{"href":"https:\/\/simchocolate.com\/es\/wp-json\/wp\/v2\/media?parent=9533"}],"wp:term":[{"taxonomy":"product_brand","embeddable":true,"href":"https:\/\/simchocolate.com\/es\/wp-json\/wp\/v2\/product_brand?post=9533"},{"taxonomy":"product_cat","embeddable":true,"href":"https:\/\/simchocolate.com\/es\/wp-json\/wp\/v2\/product_cat?post=9533"},{"taxonomy":"product_tag","embeddable":true,"href":"https:\/\/simchocolate.com\/es\/wp-json\/wp\/v2\/product_tag?post=9533"}],"curies":[{"name":"wp","href":"https:\/\/api.w.org\/{rel}","templated":true}]}}