{"id":9543,"date":"2023-10-20T18:09:30","date_gmt":"2023-10-20T18:09:30","guid":{"rendered":"https:\/\/simchocolate.com\/produto\/tableta-de-chocolate-negro-republica-dominicana-75\/"},"modified":"2023-10-20T18:09:30","modified_gmt":"2023-10-20T18:09:30","slug":"tableta-de-chocolate-negro-republica-dominicana-75","status":"publish","type":"product","link":"https:\/\/simchocolate.com\/es\/produto\/tableta-de-chocolate-negro-republica-dominicana-75\/","title":{"rendered":"Tableta de chocolate negro Rep\u00fablica Dominicana 75%"},"content":{"rendered":"<p style=\"text-align: left\">Nuestra tableta de chocolate negro Rep\u00fablica Dominicana<strong> se elabora con cacao de origen \u00fanico<\/strong>, recolectado en las f\u00e9rtiles tierras de la Rep\u00fablica Dominicana. Con un alto contenido en cacao, ofrece una profunda experiencia de sabor, equilibrada por notas afrutadas y amargas que resaltan la autenticidad del chocolate. Ideal para quienes aprecian un sabor intenso y refinado, esta tableta es perfecta tanto para darse un capricho personal como para regalar. Un aut\u00e9ntico lujo para los amantes del chocolate gourmet.   <\/p>\n","protected":false},"excerpt":{"rendered":"<p>Tableta de chocolate negro con cacao de origen \u00fanico de la Rep\u00fablica Dominicana. Un chocolate de sabor intenso y rico. <\/p>\n","protected":false},"featured_media":9547,"comment_status":"open","ping_status":"closed","template":"","meta":[],"product_brand":[],"product_cat":[200],"product_tag":[213,216],"class_list":{"0":"post-9543","1":"product","2":"type-product","3":"status-publish","4":"has-post-thumbnail","6":"product_cat-tabletas-de-chocolate","7":"product_tag-chocolate-negro","8":"product_tag-dominicana","9":"edicoes-origenes","11":"first","12":"instock","13":"shipping-taxable","14":"purchasable","15":"product-type-simple"},"yoast_head":"<!-- This site is optimized with the Yoast SEO plugin v27.2 - https:\/\/yoast.com\/product\/yoast-seo-wordpress\/ -->\n<title>Tableta de chocolate negro Rep\u00fablica Dominicana 75% | S\u00ed Chocolate<\/title>\n<meta name=\"description\" content=\"Descubre la Tableta de Chocolate Negro de la Rep\u00fablica Dominicana, elaborada con cacao de origen \u00fanico. Saborea el equilibrio perfecto entre intensidad y sabor.\" \/>\n<meta name=\"robots\" content=\"index, follow, max-snippet:-1, max-image-preview:large, max-video-preview:-1\" \/>\n<link rel=\"canonical\" href=\"https:\/\/simchocolate.com\/es\/produto\/tableta-de-chocolate-negro-republica-dominicana-75\/\" \/>\n<meta property=\"og:locale\" content=\"es_ES\" \/>\n<meta property=\"og:type\" content=\"article\" \/>\n<meta property=\"og:title\" content=\"Tableta de chocolate negro Rep\u00fablica Dominicana 75% | S\u00ed Chocolate\" \/>\n<meta property=\"og:description\" content=\"Descubre la Tableta de Chocolate Negro de la Rep\u00fablica Dominicana, elaborada con cacao de origen \u00fanico. Saborea el equilibrio perfecto entre intensidad y sabor.\" \/>\n<meta property=\"og:url\" content=\"https:\/\/simchocolate.com\/es\/produto\/tableta-de-chocolate-negro-republica-dominicana-75\/\" \/>\n<meta property=\"og:site_name\" content=\"SIM Chocolate\" \/>\n<meta property=\"article:publisher\" content=\"https:\/\/www.facebook.com\/SimBombons\" \/>\n<meta property=\"og:image\" content=\"https:\/\/simchocolate.com\/wp-content\/uploads\/2023\/10\/rep-minicana-scaled.jpg\" \/>\n\t<meta property=\"og:image:width\" content=\"2560\" \/>\n\t<meta property=\"og:image:height\" content=\"2560\" \/>\n\t<meta property=\"og:image:type\" content=\"image\/jpeg\" \/>\n<meta name=\"twitter:card\" content=\"summary_large_image\" \/>\n<script type=\"application\/ld+json\" class=\"yoast-schema-graph\">{\"@context\":\"https:\/\/schema.org\",\"@graph\":[{\"@type\":\"WebPage\",\"@id\":\"https:\/\/simchocolate.com\/es\/produto\/tableta-de-chocolate-negro-republica-dominicana-75\/\",\"url\":\"https:\/\/simchocolate.com\/es\/produto\/tableta-de-chocolate-negro-republica-dominicana-75\/\",\"name\":\"Tableta de chocolate negro Rep\u00fablica Dominicana 75% | S\u00ed Chocolate\",\"isPartOf\":{\"@id\":\"https:\/\/simchocolate.com\/es\/#website\"},\"primaryImageOfPage\":{\"@id\":\"https:\/\/simchocolate.com\/es\/produto\/tableta-de-chocolate-negro-republica-dominicana-75\/#primaryimage\"},\"image\":{\"@id\":\"https:\/\/simchocolate.com\/es\/produto\/tableta-de-chocolate-negro-republica-dominicana-75\/#primaryimage\"},\"thumbnailUrl\":\"https:\/\/simchocolate.com\/wp-content\/uploads\/2023\/10\/rep-minicana-scaled.jpg\",\"datePublished\":\"2023-10-20T18:09:30+00:00\",\"description\":\"Descubre la Tableta de Chocolate Negro de la Rep\u00fablica Dominicana, elaborada con cacao de origen \u00fanico. Saborea el equilibrio perfecto entre intensidad y sabor.\",\"breadcrumb\":{\"@id\":\"https:\/\/simchocolate.com\/es\/produto\/tableta-de-chocolate-negro-republica-dominicana-75\/#breadcrumb\"},\"inLanguage\":\"es\",\"potentialAction\":[{\"@type\":\"ReadAction\",\"target\":[\"https:\/\/simchocolate.com\/es\/produto\/tableta-de-chocolate-negro-republica-dominicana-75\/\"]}]},{\"@type\":\"ImageObject\",\"inLanguage\":\"es\",\"@id\":\"https:\/\/simchocolate.com\/es\/produto\/tableta-de-chocolate-negro-republica-dominicana-75\/#primaryimage\",\"url\":\"https:\/\/simchocolate.com\/wp-content\/uploads\/2023\/10\/rep-minicana-scaled.jpg\",\"contentUrl\":\"https:\/\/simchocolate.com\/wp-content\/uploads\/2023\/10\/rep-minicana-scaled.jpg\",\"width\":2560,\"height\":2560,\"caption\":\"tablete de chocolate negro rep\u00fablica dominicana\"},{\"@type\":\"BreadcrumbList\",\"@id\":\"https:\/\/simchocolate.com\/es\/produto\/tableta-de-chocolate-negro-republica-dominicana-75\/#breadcrumb\",\"itemListElement\":[{\"@type\":\"ListItem\",\"position\":1,\"name\":\"In\u00edcio\",\"item\":\"https:\/\/simchocolate.com\/es\/\"},{\"@type\":\"ListItem\",\"position\":2,\"name\":\"Productos\",\"item\":\"https:\/\/simchocolate.com\/es\/shop\/\"},{\"@type\":\"ListItem\",\"position\":3,\"name\":\"Tableta de chocolate negro Rep\u00fablica Dominicana 75%\"}]},{\"@type\":\"WebSite\",\"@id\":\"https:\/\/simchocolate.com\/es\/#website\",\"url\":\"https:\/\/simchocolate.com\/es\/\",\"name\":\"SIM Chocolate\",\"description\":\"Do amor incondicional entre uma m\u00e3e e sua filha, nasce a marca SIM Bombons no Natal de 2014\",\"potentialAction\":[{\"@type\":\"SearchAction\",\"target\":{\"@type\":\"EntryPoint\",\"urlTemplate\":\"https:\/\/simchocolate.com\/es\/?s={search_term_string}\"},\"query-input\":{\"@type\":\"PropertyValueSpecification\",\"valueRequired\":true,\"valueName\":\"search_term_string\"}}],\"inLanguage\":\"es\"}]}<\/script>\n<!-- \/ Yoast SEO plugin. -->","yoast_head_json":{"title":"Tableta de chocolate negro Rep\u00fablica Dominicana 75% | S\u00ed Chocolate","description":"Descubre la Tableta de Chocolate Negro de la Rep\u00fablica Dominicana, elaborada con cacao de origen \u00fanico. Saborea el equilibrio perfecto entre intensidad y sabor.","robots":{"index":"index","follow":"follow","max-snippet":"max-snippet:-1","max-image-preview":"max-image-preview:large","max-video-preview":"max-video-preview:-1"},"canonical":"https:\/\/simchocolate.com\/es\/produto\/tableta-de-chocolate-negro-republica-dominicana-75\/","og_locale":"es_ES","og_type":"article","og_title":"Tableta de chocolate negro Rep\u00fablica Dominicana 75% | S\u00ed Chocolate","og_description":"Descubre la Tableta de Chocolate Negro de la Rep\u00fablica Dominicana, elaborada con cacao de origen \u00fanico. Saborea el equilibrio perfecto entre intensidad y sabor.","og_url":"https:\/\/simchocolate.com\/es\/produto\/tableta-de-chocolate-negro-republica-dominicana-75\/","og_site_name":"SIM Chocolate","article_publisher":"https:\/\/www.facebook.com\/SimBombons","og_image":[{"width":2560,"height":2560,"url":"https:\/\/simchocolate.com\/wp-content\/uploads\/2023\/10\/rep-minicana-scaled.jpg","type":"image\/jpeg"}],"twitter_card":"summary_large_image","schema":{"@context":"https:\/\/schema.org","@graph":[{"@type":"WebPage","@id":"https:\/\/simchocolate.com\/es\/produto\/tableta-de-chocolate-negro-republica-dominicana-75\/","url":"https:\/\/simchocolate.com\/es\/produto\/tableta-de-chocolate-negro-republica-dominicana-75\/","name":"Tableta de chocolate negro Rep\u00fablica Dominicana 75% | S\u00ed Chocolate","isPartOf":{"@id":"https:\/\/simchocolate.com\/es\/#website"},"primaryImageOfPage":{"@id":"https:\/\/simchocolate.com\/es\/produto\/tableta-de-chocolate-negro-republica-dominicana-75\/#primaryimage"},"image":{"@id":"https:\/\/simchocolate.com\/es\/produto\/tableta-de-chocolate-negro-republica-dominicana-75\/#primaryimage"},"thumbnailUrl":"https:\/\/simchocolate.com\/wp-content\/uploads\/2023\/10\/rep-minicana-scaled.jpg","datePublished":"2023-10-20T18:09:30+00:00","description":"Descubre la Tableta de Chocolate Negro de la Rep\u00fablica Dominicana, elaborada con cacao de origen \u00fanico. Saborea el equilibrio perfecto entre intensidad y sabor.","breadcrumb":{"@id":"https:\/\/simchocolate.com\/es\/produto\/tableta-de-chocolate-negro-republica-dominicana-75\/#breadcrumb"},"inLanguage":"es","potentialAction":[{"@type":"ReadAction","target":["https:\/\/simchocolate.com\/es\/produto\/tableta-de-chocolate-negro-republica-dominicana-75\/"]}]},{"@type":"ImageObject","inLanguage":"es","@id":"https:\/\/simchocolate.com\/es\/produto\/tableta-de-chocolate-negro-republica-dominicana-75\/#primaryimage","url":"https:\/\/simchocolate.com\/wp-content\/uploads\/2023\/10\/rep-minicana-scaled.jpg","contentUrl":"https:\/\/simchocolate.com\/wp-content\/uploads\/2023\/10\/rep-minicana-scaled.jpg","width":2560,"height":2560,"caption":"tablete de chocolate negro rep\u00fablica dominicana"},{"@type":"BreadcrumbList","@id":"https:\/\/simchocolate.com\/es\/produto\/tableta-de-chocolate-negro-republica-dominicana-75\/#breadcrumb","itemListElement":[{"@type":"ListItem","position":1,"name":"In\u00edcio","item":"https:\/\/simchocolate.com\/es\/"},{"@type":"ListItem","position":2,"name":"Productos","item":"https:\/\/simchocolate.com\/es\/shop\/"},{"@type":"ListItem","position":3,"name":"Tableta de chocolate negro Rep\u00fablica Dominicana 75%"}]},{"@type":"WebSite","@id":"https:\/\/simchocolate.com\/es\/#website","url":"https:\/\/simchocolate.com\/es\/","name":"SIM Chocolate","description":"Do amor incondicional entre uma m\u00e3e e sua filha, nasce a marca SIM Bombons no Natal de 2014","potentialAction":[{"@type":"SearchAction","target":{"@type":"EntryPoint","urlTemplate":"https:\/\/simchocolate.com\/es\/?s={search_term_string}"},"query-input":{"@type":"PropertyValueSpecification","valueRequired":true,"valueName":"search_term_string"}}],"inLanguage":"es"}]}},"_links":{"self":[{"href":"https:\/\/simchocolate.com\/es\/wp-json\/wp\/v2\/product\/9543","targetHints":{"allow":["GET"]}}],"collection":[{"href":"https:\/\/simchocolate.com\/es\/wp-json\/wp\/v2\/product"}],"about":[{"href":"https:\/\/simchocolate.com\/es\/wp-json\/wp\/v2\/types\/product"}],"replies":[{"embeddable":true,"href":"https:\/\/simchocolate.com\/es\/wp-json\/wp\/v2\/comments?post=9543"}],"wp:featuredmedia":[{"embeddable":true,"href":"https:\/\/simchocolate.com\/es\/wp-json\/wp\/v2\/media\/9547"}],"wp:attachment":[{"href":"https:\/\/simchocolate.com\/es\/wp-json\/wp\/v2\/media?parent=9543"}],"wp:term":[{"taxonomy":"product_brand","embeddable":true,"href":"https:\/\/simchocolate.com\/es\/wp-json\/wp\/v2\/product_brand?post=9543"},{"taxonomy":"product_cat","embeddable":true,"href":"https:\/\/simchocolate.com\/es\/wp-json\/wp\/v2\/product_cat?post=9543"},{"taxonomy":"product_tag","embeddable":true,"href":"https:\/\/simchocolate.com\/es\/wp-json\/wp\/v2\/product_tag?post=9543"}],"curies":[{"name":"wp","href":"https:\/\/api.w.org\/{rel}","templated":true}]}}