{"id":9550,"date":"2023-10-20T18:10:09","date_gmt":"2023-10-20T18:10:09","guid":{"rendered":"https:\/\/simchocolate.com\/produto\/papa-noel-de-chocolate-65cm\/"},"modified":"2023-10-20T18:10:09","modified_gmt":"2023-10-20T18:10:09","slug":"papa-noel-de-chocolate-65cm","status":"publish","type":"product","link":"https:\/\/simchocolate.com\/es\/produto\/papa-noel-de-chocolate-65cm\/","title":{"rendered":"Pap\u00e1 Noel de chocolate 65cm"},"content":{"rendered":"<p style=\"text-align: left;\">El Pap\u00e1 Noel Gigante de 65 cm es una creaci\u00f3n de chocolate para los que quieren celebrar la Navidad con un toque grandioso y delicioso. Fabricada con chocolate de alta calidad, esta figura gigante impresiona tanto por su sabor como por su presencia, convirti\u00e9ndose en el centro de atenci\u00f3n de cualquier mesa festiva. Ideal como regalo o decoraci\u00f3n, es un irresistible s\u00edmbolo navide\u00f1o que har\u00e1 las delicias de ni\u00f1os y mayores.  <\/p>\n<p style=\"text-align: left;\"><strong>*Mantener a una temperatura entre 18\u00ba &#8211; 20\u00ba grados<\/strong><\/p>\n<p style=\"text-align: left;\"><strong>ATENCI\u00d3N:<\/strong> Al tratarse de un producto muy fr\u00e1gil, te recomendamos que lo recojas en nuestra tienda f\u00edsica, ya que <strong>no nos hacemos responsables en caso de rotura.<\/strong><\/p>\n","protected":false},"excerpt":{"rendered":"<p>Pap\u00e1 Noel gigante de 65 cm en chocolate con leche de primera calidad, perfecto para decorar y saborear durante las fiestas navide\u00f1as.<\/p>\n","protected":false},"featured_media":9562,"comment_status":"closed","ping_status":"closed","template":"","meta":[],"product_brand":[],"product_cat":[190],"product_tag":[],"class_list":{"0":"post-9550","1":"product","2":"type-product","3":"status-publish","4":"has-post-thumbnail","6":"product_cat-todo-el-chocolate","7":"edicoes-navidad","9":"first","10":"instock","11":"shipping-taxable","12":"purchasable","13":"product-type-simple"},"yoast_head":"<!-- This site is optimized with the Yoast SEO plugin v27.2 - https:\/\/yoast.com\/product\/yoast-seo-wordpress\/ -->\n<title>Pap\u00e1 Noel Gigante 65cm | Feliz Navidad<\/title>\n<meta name=\"description\" content=\"Sorprende con nuestro Pap\u00e1 Noel Gigante de 65 cm, una figura de chocolate gourmet que impresiona por su tama\u00f1o y sabor.\" \/>\n<meta name=\"robots\" content=\"index, follow, max-snippet:-1, max-image-preview:large, max-video-preview:-1\" \/>\n<link rel=\"canonical\" href=\"https:\/\/simchocolate.com\/es\/produto\/papa-noel-de-chocolate-65cm\/\" \/>\n<meta property=\"og:locale\" content=\"es_ES\" \/>\n<meta property=\"og:type\" content=\"article\" \/>\n<meta property=\"og:title\" content=\"Pap\u00e1 Noel Gigante 65cm | Feliz Navidad\" \/>\n<meta property=\"og:description\" content=\"Sorprende con nuestro Pap\u00e1 Noel Gigante de 65 cm, una figura de chocolate gourmet que impresiona por su tama\u00f1o y sabor.\" \/>\n<meta property=\"og:url\" content=\"https:\/\/simchocolate.com\/es\/produto\/papa-noel-de-chocolate-65cm\/\" \/>\n<meta property=\"og:site_name\" content=\"SIM Chocolate\" \/>\n<meta property=\"article:publisher\" content=\"https:\/\/www.facebook.com\/SimBombons\" \/>\n<meta property=\"og:image\" content=\"https:\/\/simchocolate.com\/wp-content\/uploads\/2023\/10\/pai-natal-60cm-natal25.jpg\" \/>\n\t<meta property=\"og:image:width\" content=\"1500\" \/>\n\t<meta property=\"og:image:height\" content=\"1500\" \/>\n\t<meta property=\"og:image:type\" content=\"image\/jpeg\" \/>\n<meta name=\"twitter:card\" content=\"summary_large_image\" \/>\n<meta name=\"twitter:label1\" content=\"Tiempo de lectura\" \/>\n\t<meta name=\"twitter:data1\" content=\"1 minuto\" \/>\n<script type=\"application\/ld+json\" class=\"yoast-schema-graph\">{\"@context\":\"https:\/\/schema.org\",\"@graph\":[{\"@type\":\"WebPage\",\"@id\":\"https:\/\/simchocolate.com\/es\/produto\/papa-noel-de-chocolate-65cm\/\",\"url\":\"https:\/\/simchocolate.com\/es\/produto\/papa-noel-de-chocolate-65cm\/\",\"name\":\"Pap\u00e1 Noel Gigante 65cm | Feliz Navidad\",\"isPartOf\":{\"@id\":\"https:\/\/simchocolate.com\/es\/#website\"},\"primaryImageOfPage\":{\"@id\":\"https:\/\/simchocolate.com\/es\/produto\/papa-noel-de-chocolate-65cm\/#primaryimage\"},\"image\":{\"@id\":\"https:\/\/simchocolate.com\/es\/produto\/papa-noel-de-chocolate-65cm\/#primaryimage\"},\"thumbnailUrl\":\"https:\/\/simchocolate.com\/wp-content\/uploads\/2023\/10\/pai-natal-60cm-natal25.jpg\",\"datePublished\":\"2023-10-20T18:10:09+00:00\",\"description\":\"Sorprende con nuestro Pap\u00e1 Noel Gigante de 65 cm, una figura de chocolate gourmet que impresiona por su tama\u00f1o y sabor.\",\"breadcrumb\":{\"@id\":\"https:\/\/simchocolate.com\/es\/produto\/papa-noel-de-chocolate-65cm\/#breadcrumb\"},\"inLanguage\":\"es\",\"potentialAction\":[{\"@type\":\"ReadAction\",\"target\":[\"https:\/\/simchocolate.com\/es\/produto\/papa-noel-de-chocolate-65cm\/\"]}]},{\"@type\":\"ImageObject\",\"inLanguage\":\"es\",\"@id\":\"https:\/\/simchocolate.com\/es\/produto\/papa-noel-de-chocolate-65cm\/#primaryimage\",\"url\":\"https:\/\/simchocolate.com\/wp-content\/uploads\/2023\/10\/pai-natal-60cm-natal25.jpg\",\"contentUrl\":\"https:\/\/simchocolate.com\/wp-content\/uploads\/2023\/10\/pai-natal-60cm-natal25.jpg\",\"width\":1500,\"height\":1500},{\"@type\":\"BreadcrumbList\",\"@id\":\"https:\/\/simchocolate.com\/es\/produto\/papa-noel-de-chocolate-65cm\/#breadcrumb\",\"itemListElement\":[{\"@type\":\"ListItem\",\"position\":1,\"name\":\"In\u00edcio\",\"item\":\"https:\/\/simchocolate.com\/es\/\"},{\"@type\":\"ListItem\",\"position\":2,\"name\":\"Productos\",\"item\":\"https:\/\/simchocolate.com\/es\/shop\/\"},{\"@type\":\"ListItem\",\"position\":3,\"name\":\"Pap\u00e1 Noel de chocolate 65cm\"}]},{\"@type\":\"WebSite\",\"@id\":\"https:\/\/simchocolate.com\/es\/#website\",\"url\":\"https:\/\/simchocolate.com\/es\/\",\"name\":\"SIM Chocolate\",\"description\":\"Do amor incondicional entre uma m\u00e3e e sua filha, nasce a marca SIM Bombons no Natal de 2014\",\"potentialAction\":[{\"@type\":\"SearchAction\",\"target\":{\"@type\":\"EntryPoint\",\"urlTemplate\":\"https:\/\/simchocolate.com\/es\/?s={search_term_string}\"},\"query-input\":{\"@type\":\"PropertyValueSpecification\",\"valueRequired\":true,\"valueName\":\"search_term_string\"}}],\"inLanguage\":\"es\"}]}<\/script>\n<!-- \/ Yoast SEO plugin. -->","yoast_head_json":{"title":"Pap\u00e1 Noel Gigante 65cm | Feliz Navidad","description":"Sorprende con nuestro Pap\u00e1 Noel Gigante de 65 cm, una figura de chocolate gourmet que impresiona por su tama\u00f1o y sabor.","robots":{"index":"index","follow":"follow","max-snippet":"max-snippet:-1","max-image-preview":"max-image-preview:large","max-video-preview":"max-video-preview:-1"},"canonical":"https:\/\/simchocolate.com\/es\/produto\/papa-noel-de-chocolate-65cm\/","og_locale":"es_ES","og_type":"article","og_title":"Pap\u00e1 Noel Gigante 65cm | Feliz Navidad","og_description":"Sorprende con nuestro Pap\u00e1 Noel Gigante de 65 cm, una figura de chocolate gourmet que impresiona por su tama\u00f1o y sabor.","og_url":"https:\/\/simchocolate.com\/es\/produto\/papa-noel-de-chocolate-65cm\/","og_site_name":"SIM Chocolate","article_publisher":"https:\/\/www.facebook.com\/SimBombons","og_image":[{"width":1500,"height":1500,"url":"https:\/\/simchocolate.com\/wp-content\/uploads\/2023\/10\/pai-natal-60cm-natal25.jpg","type":"image\/jpeg"}],"twitter_card":"summary_large_image","twitter_misc":{"Tiempo de lectura":"1 minuto"},"schema":{"@context":"https:\/\/schema.org","@graph":[{"@type":"WebPage","@id":"https:\/\/simchocolate.com\/es\/produto\/papa-noel-de-chocolate-65cm\/","url":"https:\/\/simchocolate.com\/es\/produto\/papa-noel-de-chocolate-65cm\/","name":"Pap\u00e1 Noel Gigante 65cm | Feliz Navidad","isPartOf":{"@id":"https:\/\/simchocolate.com\/es\/#website"},"primaryImageOfPage":{"@id":"https:\/\/simchocolate.com\/es\/produto\/papa-noel-de-chocolate-65cm\/#primaryimage"},"image":{"@id":"https:\/\/simchocolate.com\/es\/produto\/papa-noel-de-chocolate-65cm\/#primaryimage"},"thumbnailUrl":"https:\/\/simchocolate.com\/wp-content\/uploads\/2023\/10\/pai-natal-60cm-natal25.jpg","datePublished":"2023-10-20T18:10:09+00:00","description":"Sorprende con nuestro Pap\u00e1 Noel Gigante de 65 cm, una figura de chocolate gourmet que impresiona por su tama\u00f1o y sabor.","breadcrumb":{"@id":"https:\/\/simchocolate.com\/es\/produto\/papa-noel-de-chocolate-65cm\/#breadcrumb"},"inLanguage":"es","potentialAction":[{"@type":"ReadAction","target":["https:\/\/simchocolate.com\/es\/produto\/papa-noel-de-chocolate-65cm\/"]}]},{"@type":"ImageObject","inLanguage":"es","@id":"https:\/\/simchocolate.com\/es\/produto\/papa-noel-de-chocolate-65cm\/#primaryimage","url":"https:\/\/simchocolate.com\/wp-content\/uploads\/2023\/10\/pai-natal-60cm-natal25.jpg","contentUrl":"https:\/\/simchocolate.com\/wp-content\/uploads\/2023\/10\/pai-natal-60cm-natal25.jpg","width":1500,"height":1500},{"@type":"BreadcrumbList","@id":"https:\/\/simchocolate.com\/es\/produto\/papa-noel-de-chocolate-65cm\/#breadcrumb","itemListElement":[{"@type":"ListItem","position":1,"name":"In\u00edcio","item":"https:\/\/simchocolate.com\/es\/"},{"@type":"ListItem","position":2,"name":"Productos","item":"https:\/\/simchocolate.com\/es\/shop\/"},{"@type":"ListItem","position":3,"name":"Pap\u00e1 Noel de chocolate 65cm"}]},{"@type":"WebSite","@id":"https:\/\/simchocolate.com\/es\/#website","url":"https:\/\/simchocolate.com\/es\/","name":"SIM Chocolate","description":"Do amor incondicional entre uma m\u00e3e e sua filha, nasce a marca SIM Bombons no Natal de 2014","potentialAction":[{"@type":"SearchAction","target":{"@type":"EntryPoint","urlTemplate":"https:\/\/simchocolate.com\/es\/?s={search_term_string}"},"query-input":{"@type":"PropertyValueSpecification","valueRequired":true,"valueName":"search_term_string"}}],"inLanguage":"es"}]}},"_links":{"self":[{"href":"https:\/\/simchocolate.com\/es\/wp-json\/wp\/v2\/product\/9550","targetHints":{"allow":["GET"]}}],"collection":[{"href":"https:\/\/simchocolate.com\/es\/wp-json\/wp\/v2\/product"}],"about":[{"href":"https:\/\/simchocolate.com\/es\/wp-json\/wp\/v2\/types\/product"}],"replies":[{"embeddable":true,"href":"https:\/\/simchocolate.com\/es\/wp-json\/wp\/v2\/comments?post=9550"}],"wp:featuredmedia":[{"embeddable":true,"href":"https:\/\/simchocolate.com\/es\/wp-json\/wp\/v2\/media\/9562"}],"wp:attachment":[{"href":"https:\/\/simchocolate.com\/es\/wp-json\/wp\/v2\/media?parent=9550"}],"wp:term":[{"taxonomy":"product_brand","embeddable":true,"href":"https:\/\/simchocolate.com\/es\/wp-json\/wp\/v2\/product_brand?post=9550"},{"taxonomy":"product_cat","embeddable":true,"href":"https:\/\/simchocolate.com\/es\/wp-json\/wp\/v2\/product_cat?post=9550"},{"taxonomy":"product_tag","embeddable":true,"href":"https:\/\/simchocolate.com\/es\/wp-json\/wp\/v2\/product_tag?post=9550"}],"curies":[{"name":"wp","href":"https:\/\/api.w.org\/{rel}","templated":true}]}}