{"id":9563,"date":"2023-10-20T18:09:22","date_gmt":"2023-10-20T18:09:22","guid":{"rendered":"https:\/\/simchocolate.com\/produto\/tableta-de-chocolate-negro-santo-tome-71\/"},"modified":"2023-10-20T18:09:22","modified_gmt":"2023-10-20T18:09:22","slug":"tableta-de-chocolate-negro-santo-tome-71","status":"publish","type":"product","link":"https:\/\/simchocolate.com\/es\/produto\/tableta-de-chocolate-negro-santo-tome-71\/","title":{"rendered":"Tableta de chocolate negro Santo Tom\u00e9 71"},"content":{"rendered":"<p style=\"text-align: left\">La Tableta de Chocolate Negro Santo Tom\u00e9 71% <strong>es un aut\u00e9ntico homenaje al cacao de una de las regiones m\u00e1s prestigiosas del mundo.<\/strong> Elaborada con cacao de origen \u00fanico, <strong>esta tableta ofrece un sabor intenso y profundo, con notas ricas y complejas caracter\u00edsticas de los chocolates de Santo Tom\u00e9.<\/strong> Su alto contenido en cacao, del 71%, la convierte en la elecci\u00f3n ideal para quienes aprecian el equilibrio perfecto entre amargo y suave. Perfecta para tomarla sola o acompa\u00f1ada de vinos o caf\u00e9s de primera calidad.<\/p>\n","protected":false},"excerpt":{"rendered":"<p>Elaborada con cacao de Santo Tom\u00e9, esta tableta de chocolate negro al 71% es una experiencia intensa y aut\u00e9ntica, perfecta para quienes aprecian el chocolate de alta calidad.<\/p>\n","protected":false},"featured_media":9566,"comment_status":"open","ping_status":"closed","template":"","meta":[],"product_brand":[],"product_cat":[200],"product_tag":[213,218],"class_list":{"0":"post-9563","1":"product","2":"type-product","3":"status-publish","4":"has-post-thumbnail","6":"product_cat-tabletas-de-chocolate","7":"product_tag-chocolate-negro","8":"product_tag-santo-tome","9":"edicoes-origenes","11":"first","12":"instock","13":"shipping-taxable","14":"purchasable","15":"product-type-simple"},"yoast_head":"<!-- This site is optimized with the Yoast SEO plugin v27.2 - https:\/\/yoast.com\/product\/yoast-seo-wordpress\/ -->\n<title>SIM Chocolate<\/title>\n<meta name=\"description\" content=\"Prueba la Tableta de Chocolate Negro 71% Santo Tom\u00e9, con cacao de origen \u00fanico. Un chocolate intenso y rico, ideal para los amantes de los sabores aut\u00e9nticos.\" \/>\n<meta name=\"robots\" content=\"index, follow, max-snippet:-1, max-image-preview:large, max-video-preview:-1\" \/>\n<link rel=\"canonical\" href=\"https:\/\/simchocolate.com\/es\/produto\/tableta-de-chocolate-negro-santo-tome-71\/\" \/>\n<meta property=\"og:locale\" content=\"es_ES\" \/>\n<meta property=\"og:type\" content=\"article\" \/>\n<meta property=\"og:description\" content=\"Prueba la Tableta de Chocolate Negro 71% Santo Tom\u00e9, con cacao de origen \u00fanico. Un chocolate intenso y rico, ideal para los amantes de los sabores aut\u00e9nticos.\" \/>\n<meta property=\"og:url\" content=\"https:\/\/simchocolate.com\/es\/produto\/tableta-de-chocolate-negro-santo-tome-71\/\" \/>\n<meta property=\"og:site_name\" content=\"SIM Chocolate\" \/>\n<meta property=\"article:publisher\" content=\"https:\/\/www.facebook.com\/SimBombons\" \/>\n<meta property=\"og:image\" content=\"https:\/\/simchocolate.com\/wp-content\/uploads\/2023\/10\/tablete-guatmala-scaled.jpg\" \/>\n\t<meta property=\"og:image:width\" content=\"2560\" \/>\n\t<meta property=\"og:image:height\" content=\"2560\" \/>\n\t<meta property=\"og:image:type\" content=\"image\/jpeg\" \/>\n<meta name=\"twitter:card\" content=\"summary_large_image\" \/>\n<script type=\"application\/ld+json\" class=\"yoast-schema-graph\">{\"@context\":\"https:\/\/schema.org\",\"@graph\":[{\"@type\":\"WebPage\",\"@id\":\"https:\/\/simchocolate.com\/es\/produto\/tableta-de-chocolate-negro-santo-tome-71\/\",\"url\":\"https:\/\/simchocolate.com\/es\/produto\/tableta-de-chocolate-negro-santo-tome-71\/\",\"name\":\"\",\"isPartOf\":{\"@id\":\"https:\/\/simchocolate.com\/es\/#website\"},\"primaryImageOfPage\":{\"@id\":\"https:\/\/simchocolate.com\/es\/produto\/tableta-de-chocolate-negro-santo-tome-71\/#primaryimage\"},\"image\":{\"@id\":\"https:\/\/simchocolate.com\/es\/produto\/tableta-de-chocolate-negro-santo-tome-71\/#primaryimage\"},\"thumbnailUrl\":\"https:\/\/simchocolate.com\/wp-content\/uploads\/2023\/10\/tablete-guatmala-scaled.jpg\",\"datePublished\":\"2023-10-20T18:09:22+00:00\",\"description\":\"Prueba la Tableta de Chocolate Negro 71% Santo Tom\u00e9, con cacao de origen \u00fanico. Un chocolate intenso y rico, ideal para los amantes de los sabores aut\u00e9nticos.\",\"breadcrumb\":{\"@id\":\"https:\/\/simchocolate.com\/es\/produto\/tableta-de-chocolate-negro-santo-tome-71\/#breadcrumb\"},\"inLanguage\":\"es\",\"potentialAction\":[{\"@type\":\"ReadAction\",\"target\":[\"https:\/\/simchocolate.com\/es\/produto\/tableta-de-chocolate-negro-santo-tome-71\/\"]}]},{\"@type\":\"ImageObject\",\"inLanguage\":\"es\",\"@id\":\"https:\/\/simchocolate.com\/es\/produto\/tableta-de-chocolate-negro-santo-tome-71\/#primaryimage\",\"url\":\"https:\/\/simchocolate.com\/wp-content\/uploads\/2023\/10\/tablete-guatmala-scaled.jpg\",\"contentUrl\":\"https:\/\/simchocolate.com\/wp-content\/uploads\/2023\/10\/tablete-guatmala-scaled.jpg\",\"width\":2560,\"height\":2560,\"caption\":\"Tablete Chocolate Negro S\u00e3o Tom\u00e9\"},{\"@type\":\"BreadcrumbList\",\"@id\":\"https:\/\/simchocolate.com\/es\/produto\/tableta-de-chocolate-negro-santo-tome-71\/#breadcrumb\",\"itemListElement\":[{\"@type\":\"ListItem\",\"position\":1,\"name\":\"In\u00edcio\",\"item\":\"https:\/\/simchocolate.com\/es\/\"},{\"@type\":\"ListItem\",\"position\":2,\"name\":\"Productos\",\"item\":\"https:\/\/simchocolate.com\/es\/shop\/\"},{\"@type\":\"ListItem\",\"position\":3,\"name\":\"Tableta de chocolate negro Santo Tom\u00e9 71\"}]},{\"@type\":\"WebSite\",\"@id\":\"https:\/\/simchocolate.com\/es\/#website\",\"url\":\"https:\/\/simchocolate.com\/es\/\",\"name\":\"SIM Chocolate\",\"description\":\"Do amor incondicional entre uma m\u00e3e e sua filha, nasce a marca SIM Bombons no Natal de 2014\",\"potentialAction\":[{\"@type\":\"SearchAction\",\"target\":{\"@type\":\"EntryPoint\",\"urlTemplate\":\"https:\/\/simchocolate.com\/es\/?s={search_term_string}\"},\"query-input\":{\"@type\":\"PropertyValueSpecification\",\"valueRequired\":true,\"valueName\":\"search_term_string\"}}],\"inLanguage\":\"es\"}]}<\/script>\n<!-- \/ Yoast SEO plugin. -->","yoast_head_json":{"title":"SIM Chocolate","description":"Prueba la Tableta de Chocolate Negro 71% Santo Tom\u00e9, con cacao de origen \u00fanico. Un chocolate intenso y rico, ideal para los amantes de los sabores aut\u00e9nticos.","robots":{"index":"index","follow":"follow","max-snippet":"max-snippet:-1","max-image-preview":"max-image-preview:large","max-video-preview":"max-video-preview:-1"},"canonical":"https:\/\/simchocolate.com\/es\/produto\/tableta-de-chocolate-negro-santo-tome-71\/","og_locale":"es_ES","og_type":"article","og_description":"Prueba la Tableta de Chocolate Negro 71% Santo Tom\u00e9, con cacao de origen \u00fanico. Un chocolate intenso y rico, ideal para los amantes de los sabores aut\u00e9nticos.","og_url":"https:\/\/simchocolate.com\/es\/produto\/tableta-de-chocolate-negro-santo-tome-71\/","og_site_name":"SIM Chocolate","article_publisher":"https:\/\/www.facebook.com\/SimBombons","og_image":[{"width":2560,"height":2560,"url":"https:\/\/simchocolate.com\/wp-content\/uploads\/2023\/10\/tablete-guatmala-scaled.jpg","type":"image\/jpeg"}],"twitter_card":"summary_large_image","schema":{"@context":"https:\/\/schema.org","@graph":[{"@type":"WebPage","@id":"https:\/\/simchocolate.com\/es\/produto\/tableta-de-chocolate-negro-santo-tome-71\/","url":"https:\/\/simchocolate.com\/es\/produto\/tableta-de-chocolate-negro-santo-tome-71\/","name":"","isPartOf":{"@id":"https:\/\/simchocolate.com\/es\/#website"},"primaryImageOfPage":{"@id":"https:\/\/simchocolate.com\/es\/produto\/tableta-de-chocolate-negro-santo-tome-71\/#primaryimage"},"image":{"@id":"https:\/\/simchocolate.com\/es\/produto\/tableta-de-chocolate-negro-santo-tome-71\/#primaryimage"},"thumbnailUrl":"https:\/\/simchocolate.com\/wp-content\/uploads\/2023\/10\/tablete-guatmala-scaled.jpg","datePublished":"2023-10-20T18:09:22+00:00","description":"Prueba la Tableta de Chocolate Negro 71% Santo Tom\u00e9, con cacao de origen \u00fanico. Un chocolate intenso y rico, ideal para los amantes de los sabores aut\u00e9nticos.","breadcrumb":{"@id":"https:\/\/simchocolate.com\/es\/produto\/tableta-de-chocolate-negro-santo-tome-71\/#breadcrumb"},"inLanguage":"es","potentialAction":[{"@type":"ReadAction","target":["https:\/\/simchocolate.com\/es\/produto\/tableta-de-chocolate-negro-santo-tome-71\/"]}]},{"@type":"ImageObject","inLanguage":"es","@id":"https:\/\/simchocolate.com\/es\/produto\/tableta-de-chocolate-negro-santo-tome-71\/#primaryimage","url":"https:\/\/simchocolate.com\/wp-content\/uploads\/2023\/10\/tablete-guatmala-scaled.jpg","contentUrl":"https:\/\/simchocolate.com\/wp-content\/uploads\/2023\/10\/tablete-guatmala-scaled.jpg","width":2560,"height":2560,"caption":"Tablete Chocolate Negro S\u00e3o Tom\u00e9"},{"@type":"BreadcrumbList","@id":"https:\/\/simchocolate.com\/es\/produto\/tableta-de-chocolate-negro-santo-tome-71\/#breadcrumb","itemListElement":[{"@type":"ListItem","position":1,"name":"In\u00edcio","item":"https:\/\/simchocolate.com\/es\/"},{"@type":"ListItem","position":2,"name":"Productos","item":"https:\/\/simchocolate.com\/es\/shop\/"},{"@type":"ListItem","position":3,"name":"Tableta de chocolate negro Santo Tom\u00e9 71"}]},{"@type":"WebSite","@id":"https:\/\/simchocolate.com\/es\/#website","url":"https:\/\/simchocolate.com\/es\/","name":"SIM Chocolate","description":"Do amor incondicional entre uma m\u00e3e e sua filha, nasce a marca SIM Bombons no Natal de 2014","potentialAction":[{"@type":"SearchAction","target":{"@type":"EntryPoint","urlTemplate":"https:\/\/simchocolate.com\/es\/?s={search_term_string}"},"query-input":{"@type":"PropertyValueSpecification","valueRequired":true,"valueName":"search_term_string"}}],"inLanguage":"es"}]}},"_links":{"self":[{"href":"https:\/\/simchocolate.com\/es\/wp-json\/wp\/v2\/product\/9563","targetHints":{"allow":["GET"]}}],"collection":[{"href":"https:\/\/simchocolate.com\/es\/wp-json\/wp\/v2\/product"}],"about":[{"href":"https:\/\/simchocolate.com\/es\/wp-json\/wp\/v2\/types\/product"}],"replies":[{"embeddable":true,"href":"https:\/\/simchocolate.com\/es\/wp-json\/wp\/v2\/comments?post=9563"}],"wp:featuredmedia":[{"embeddable":true,"href":"https:\/\/simchocolate.com\/es\/wp-json\/wp\/v2\/media\/9566"}],"wp:attachment":[{"href":"https:\/\/simchocolate.com\/es\/wp-json\/wp\/v2\/media?parent=9563"}],"wp:term":[{"taxonomy":"product_brand","embeddable":true,"href":"https:\/\/simchocolate.com\/es\/wp-json\/wp\/v2\/product_brand?post=9563"},{"taxonomy":"product_cat","embeddable":true,"href":"https:\/\/simchocolate.com\/es\/wp-json\/wp\/v2\/product_cat?post=9563"},{"taxonomy":"product_tag","embeddable":true,"href":"https:\/\/simchocolate.com\/es\/wp-json\/wp\/v2\/product_tag?post=9563"}],"curies":[{"name":"wp","href":"https:\/\/api.w.org\/{rel}","templated":true}]}}