{"id":9570,"date":"2023-10-20T18:09:02","date_gmt":"2023-10-20T18:09:02","guid":{"rendered":"https:\/\/simchocolate.com\/produto\/tableta-de-chocolate-con-leche-mensaje\/"},"modified":"2023-10-20T18:09:02","modified_gmt":"2023-10-20T18:09:02","slug":"tableta-de-chocolate-con-leche-mensaje","status":"publish","type":"product","link":"https:\/\/simchocolate.com\/es\/produto\/tableta-de-chocolate-con-leche-mensaje\/","title":{"rendered":"Tableta de chocolate con leche Mensaje"},"content":{"rendered":"<p style=\"text-align: left\">La Tableta de Chocolate con Leche con Mensaje es el regalo perfecto para expresar tus sentimientos de una forma \u00fanica y deliciosa. Fabricada con chocolate con leche artesanal de alta calidad, esta tableta puede personalizarse con un mensaje especial, por lo que es ideal para cumplea\u00f1os, celebraciones o simplemente para sorprender a un ser querido. El sabor suave y cremoso del chocolate con leche convierte este regalo en un recuerdo inolvidable, perfecto para cualquier ocasi\u00f3n.  <\/p>\n","protected":false},"excerpt":{"rendered":"<p>Tableta de Chocolate con Leche con Mensaje, personalizada para momentos especiales. Perfecta para sorprender con cari\u00f1o y sabor. <\/p>\n","protected":false},"featured_media":9577,"comment_status":"open","ping_status":"closed","template":"","meta":[],"product_brand":[],"product_cat":[200],"product_tag":[221],"class_list":{"0":"post-9570","1":"product","2":"type-product","3":"status-publish","4":"has-post-thumbnail","6":"product_cat-tabletas-de-chocolate","7":"product_tag-mensaje","9":"first","10":"instock","11":"shipping-taxable","12":"purchasable","13":"product-type-simple"},"yoast_head":"<!-- This site is optimized with the Yoast SEO plugin v27.2 - https:\/\/yoast.com\/product\/yoast-seo-wordpress\/ -->\n<title>Chocolate con leche | Pastilla con mensaje<\/title>\n<meta name=\"description\" content=\"Regala el mejor chocolate con la Tableta de Chocolate con Leche y Mensaje. Un chocolate personalizado que hace a\u00fan m\u00e1s especial cualquier ocasi\u00f3n.\" \/>\n<meta name=\"robots\" content=\"index, follow, max-snippet:-1, max-image-preview:large, max-video-preview:-1\" \/>\n<link rel=\"canonical\" href=\"https:\/\/simchocolate.com\/es\/produto\/tableta-de-chocolate-con-leche-mensaje\/\" \/>\n<meta property=\"og:locale\" content=\"es_ES\" \/>\n<meta property=\"og:type\" content=\"article\" \/>\n<meta property=\"og:title\" content=\"Chocolate con leche | Pastilla con mensaje\" \/>\n<meta property=\"og:description\" content=\"Regala el mejor chocolate con la Tableta de Chocolate con Leche y Mensaje. Un chocolate personalizado que hace a\u00fan m\u00e1s especial cualquier ocasi\u00f3n.\" \/>\n<meta property=\"og:url\" content=\"https:\/\/simchocolate.com\/es\/produto\/tableta-de-chocolate-con-leche-mensaje\/\" \/>\n<meta property=\"og:site_name\" content=\"SIM Chocolate\" \/>\n<meta property=\"article:publisher\" content=\"https:\/\/www.facebook.com\/SimBombons\" \/>\n<meta property=\"og:image\" content=\"https:\/\/simchocolate.com\/wp-content\/uploads\/2023\/10\/tablete-de-chocolate-mensagem-sim-choco-de-leite-scaled.jpg\" \/>\n\t<meta property=\"og:image:width\" content=\"2560\" \/>\n\t<meta property=\"og:image:height\" content=\"2560\" \/>\n\t<meta property=\"og:image:type\" content=\"image\/jpeg\" \/>\n<meta name=\"twitter:card\" content=\"summary_large_image\" \/>\n<script type=\"application\/ld+json\" class=\"yoast-schema-graph\">{\"@context\":\"https:\/\/schema.org\",\"@graph\":[{\"@type\":\"WebPage\",\"@id\":\"https:\/\/simchocolate.com\/es\/produto\/tableta-de-chocolate-con-leche-mensaje\/\",\"url\":\"https:\/\/simchocolate.com\/es\/produto\/tableta-de-chocolate-con-leche-mensaje\/\",\"name\":\"Chocolate con leche | Pastilla con mensaje\",\"isPartOf\":{\"@id\":\"https:\/\/simchocolate.com\/es\/#website\"},\"primaryImageOfPage\":{\"@id\":\"https:\/\/simchocolate.com\/es\/produto\/tableta-de-chocolate-con-leche-mensaje\/#primaryimage\"},\"image\":{\"@id\":\"https:\/\/simchocolate.com\/es\/produto\/tableta-de-chocolate-con-leche-mensaje\/#primaryimage\"},\"thumbnailUrl\":\"https:\/\/simchocolate.com\/wp-content\/uploads\/2023\/10\/tablete-de-chocolate-mensagem-sim-choco-de-leite-scaled.jpg\",\"datePublished\":\"2023-10-20T18:09:02+00:00\",\"description\":\"Regala el mejor chocolate con la Tableta de Chocolate con Leche y Mensaje. Un chocolate personalizado que hace a\u00fan m\u00e1s especial cualquier ocasi\u00f3n.\",\"breadcrumb\":{\"@id\":\"https:\/\/simchocolate.com\/es\/produto\/tableta-de-chocolate-con-leche-mensaje\/#breadcrumb\"},\"inLanguage\":\"es\",\"potentialAction\":[{\"@type\":\"ReadAction\",\"target\":[\"https:\/\/simchocolate.com\/es\/produto\/tableta-de-chocolate-con-leche-mensaje\/\"]}]},{\"@type\":\"ImageObject\",\"inLanguage\":\"es\",\"@id\":\"https:\/\/simchocolate.com\/es\/produto\/tableta-de-chocolate-con-leche-mensaje\/#primaryimage\",\"url\":\"https:\/\/simchocolate.com\/wp-content\/uploads\/2023\/10\/tablete-de-chocolate-mensagem-sim-choco-de-leite-scaled.jpg\",\"contentUrl\":\"https:\/\/simchocolate.com\/wp-content\/uploads\/2023\/10\/tablete-de-chocolate-mensagem-sim-choco-de-leite-scaled.jpg\",\"width\":2560,\"height\":2560,\"caption\":\"chocolate de leite\"},{\"@type\":\"BreadcrumbList\",\"@id\":\"https:\/\/simchocolate.com\/es\/produto\/tableta-de-chocolate-con-leche-mensaje\/#breadcrumb\",\"itemListElement\":[{\"@type\":\"ListItem\",\"position\":1,\"name\":\"In\u00edcio\",\"item\":\"https:\/\/simchocolate.com\/es\/\"},{\"@type\":\"ListItem\",\"position\":2,\"name\":\"Productos\",\"item\":\"https:\/\/simchocolate.com\/es\/shop\/\"},{\"@type\":\"ListItem\",\"position\":3,\"name\":\"Tableta de chocolate con leche Mensaje\"}]},{\"@type\":\"WebSite\",\"@id\":\"https:\/\/simchocolate.com\/es\/#website\",\"url\":\"https:\/\/simchocolate.com\/es\/\",\"name\":\"SIM Chocolate\",\"description\":\"Do amor incondicional entre uma m\u00e3e e sua filha, nasce a marca SIM Bombons no Natal de 2014\",\"potentialAction\":[{\"@type\":\"SearchAction\",\"target\":{\"@type\":\"EntryPoint\",\"urlTemplate\":\"https:\/\/simchocolate.com\/es\/?s={search_term_string}\"},\"query-input\":{\"@type\":\"PropertyValueSpecification\",\"valueRequired\":true,\"valueName\":\"search_term_string\"}}],\"inLanguage\":\"es\"}]}<\/script>\n<!-- \/ Yoast SEO plugin. -->","yoast_head_json":{"title":"Chocolate con leche | Pastilla con mensaje","description":"Regala el mejor chocolate con la Tableta de Chocolate con Leche y Mensaje. Un chocolate personalizado que hace a\u00fan m\u00e1s especial cualquier ocasi\u00f3n.","robots":{"index":"index","follow":"follow","max-snippet":"max-snippet:-1","max-image-preview":"max-image-preview:large","max-video-preview":"max-video-preview:-1"},"canonical":"https:\/\/simchocolate.com\/es\/produto\/tableta-de-chocolate-con-leche-mensaje\/","og_locale":"es_ES","og_type":"article","og_title":"Chocolate con leche | Pastilla con mensaje","og_description":"Regala el mejor chocolate con la Tableta de Chocolate con Leche y Mensaje. Un chocolate personalizado que hace a\u00fan m\u00e1s especial cualquier ocasi\u00f3n.","og_url":"https:\/\/simchocolate.com\/es\/produto\/tableta-de-chocolate-con-leche-mensaje\/","og_site_name":"SIM Chocolate","article_publisher":"https:\/\/www.facebook.com\/SimBombons","og_image":[{"width":2560,"height":2560,"url":"https:\/\/simchocolate.com\/wp-content\/uploads\/2023\/10\/tablete-de-chocolate-mensagem-sim-choco-de-leite-scaled.jpg","type":"image\/jpeg"}],"twitter_card":"summary_large_image","schema":{"@context":"https:\/\/schema.org","@graph":[{"@type":"WebPage","@id":"https:\/\/simchocolate.com\/es\/produto\/tableta-de-chocolate-con-leche-mensaje\/","url":"https:\/\/simchocolate.com\/es\/produto\/tableta-de-chocolate-con-leche-mensaje\/","name":"Chocolate con leche | Pastilla con mensaje","isPartOf":{"@id":"https:\/\/simchocolate.com\/es\/#website"},"primaryImageOfPage":{"@id":"https:\/\/simchocolate.com\/es\/produto\/tableta-de-chocolate-con-leche-mensaje\/#primaryimage"},"image":{"@id":"https:\/\/simchocolate.com\/es\/produto\/tableta-de-chocolate-con-leche-mensaje\/#primaryimage"},"thumbnailUrl":"https:\/\/simchocolate.com\/wp-content\/uploads\/2023\/10\/tablete-de-chocolate-mensagem-sim-choco-de-leite-scaled.jpg","datePublished":"2023-10-20T18:09:02+00:00","description":"Regala el mejor chocolate con la Tableta de Chocolate con Leche y Mensaje. Un chocolate personalizado que hace a\u00fan m\u00e1s especial cualquier ocasi\u00f3n.","breadcrumb":{"@id":"https:\/\/simchocolate.com\/es\/produto\/tableta-de-chocolate-con-leche-mensaje\/#breadcrumb"},"inLanguage":"es","potentialAction":[{"@type":"ReadAction","target":["https:\/\/simchocolate.com\/es\/produto\/tableta-de-chocolate-con-leche-mensaje\/"]}]},{"@type":"ImageObject","inLanguage":"es","@id":"https:\/\/simchocolate.com\/es\/produto\/tableta-de-chocolate-con-leche-mensaje\/#primaryimage","url":"https:\/\/simchocolate.com\/wp-content\/uploads\/2023\/10\/tablete-de-chocolate-mensagem-sim-choco-de-leite-scaled.jpg","contentUrl":"https:\/\/simchocolate.com\/wp-content\/uploads\/2023\/10\/tablete-de-chocolate-mensagem-sim-choco-de-leite-scaled.jpg","width":2560,"height":2560,"caption":"chocolate de leite"},{"@type":"BreadcrumbList","@id":"https:\/\/simchocolate.com\/es\/produto\/tableta-de-chocolate-con-leche-mensaje\/#breadcrumb","itemListElement":[{"@type":"ListItem","position":1,"name":"In\u00edcio","item":"https:\/\/simchocolate.com\/es\/"},{"@type":"ListItem","position":2,"name":"Productos","item":"https:\/\/simchocolate.com\/es\/shop\/"},{"@type":"ListItem","position":3,"name":"Tableta de chocolate con leche Mensaje"}]},{"@type":"WebSite","@id":"https:\/\/simchocolate.com\/es\/#website","url":"https:\/\/simchocolate.com\/es\/","name":"SIM Chocolate","description":"Do amor incondicional entre uma m\u00e3e e sua filha, nasce a marca SIM Bombons no Natal de 2014","potentialAction":[{"@type":"SearchAction","target":{"@type":"EntryPoint","urlTemplate":"https:\/\/simchocolate.com\/es\/?s={search_term_string}"},"query-input":{"@type":"PropertyValueSpecification","valueRequired":true,"valueName":"search_term_string"}}],"inLanguage":"es"}]}},"_links":{"self":[{"href":"https:\/\/simchocolate.com\/es\/wp-json\/wp\/v2\/product\/9570","targetHints":{"allow":["GET"]}}],"collection":[{"href":"https:\/\/simchocolate.com\/es\/wp-json\/wp\/v2\/product"}],"about":[{"href":"https:\/\/simchocolate.com\/es\/wp-json\/wp\/v2\/types\/product"}],"replies":[{"embeddable":true,"href":"https:\/\/simchocolate.com\/es\/wp-json\/wp\/v2\/comments?post=9570"}],"wp:featuredmedia":[{"embeddable":true,"href":"https:\/\/simchocolate.com\/es\/wp-json\/wp\/v2\/media\/9577"}],"wp:attachment":[{"href":"https:\/\/simchocolate.com\/es\/wp-json\/wp\/v2\/media?parent=9570"}],"wp:term":[{"taxonomy":"product_brand","embeddable":true,"href":"https:\/\/simchocolate.com\/es\/wp-json\/wp\/v2\/product_brand?post=9570"},{"taxonomy":"product_cat","embeddable":true,"href":"https:\/\/simchocolate.com\/es\/wp-json\/wp\/v2\/product_cat?post=9570"},{"taxonomy":"product_tag","embeddable":true,"href":"https:\/\/simchocolate.com\/es\/wp-json\/wp\/v2\/product_tag?post=9570"}],"curies":[{"name":"wp","href":"https:\/\/api.w.org\/{rel}","templated":true}]}}