{"id":9587,"date":"2023-10-20T18:08:43","date_gmt":"2023-10-20T18:08:43","guid":{"rendered":"https:\/\/simchocolate.com\/produto\/tableta-de-chocolate-negro-ecologico-al-70\/"},"modified":"2023-10-20T18:08:43","modified_gmt":"2023-10-20T18:08:43","slug":"tableta-de-chocolate-negro-ecologico-al-70","status":"publish","type":"product","link":"https:\/\/simchocolate.com\/es\/produto\/tableta-de-chocolate-negro-ecologico-al-70\/","title":{"rendered":"Tableta de chocolate negro ecol\u00f3gico al 70"},"content":{"rendered":"<div class=\"flex flex-grow flex-col max-w-full\">\n<div class=\"min-h-[20px] text-message flex w-full flex-col items-end gap-2 whitespace-pre-wrap break-words [.text-message+&amp;]:mt-5 overflow-x-auto\" dir=\"auto\" data-message-author-role=\"assistant\" data-message-id=\"6524a5ec-523d-45c8-9099-f9f88b73189b\">\n<div class=\"flex w-full flex-col gap-1 empty:hidden first:pt-[3px]\">\n<div class=\"markdown prose w-full break-words dark:prose-invert dark\">\n<h5 style=\"text-align: left\">La esencia del cacao ecol\u00f3gico<\/h5>\n<p style=\"text-align: left\">Experimenta la intensa riqueza y pureza del cacao con nuestra tableta de chocolate negro ecol\u00f3gico al 70%. Hemos creado esta tableta para los verdaderos amantes del cacao que aprecian un sabor robusto y profundo. Elaborada con <strong>cacao 100% ecol\u00f3gico<\/strong>, nuestra tableta <strong>es la elecci\u00f3n perfecta para cualquiera que busque un capricho delicioso, responsable y gourmet.<\/strong>  <\/p>\n<p style=\"text-align: left\">El cacao utilizado en nuestra tableta de chocolate negro ecol\u00f3gico al 70% procede de plantaciones ecol\u00f3gicas certificadas, lo que garantiza que cada pieza est\u00e1 libre de pesticidas y fertilizantes sint\u00e9ticos. Nuestro compromiso con la pureza de los ingredientes no s\u00f3lo da como resultado un sabor m\u00e1s rico y genuino, sino que tambi\u00e9n promueve pr\u00e1cticas agr\u00edcolas sostenibles que respetan el medio ambiente y las comunidades locales. <\/p>\n<p style=\"text-align: left\">Producimos todas nuestras barras meticulosamente para garantizar la perfecci\u00f3n en textura y sabor. El alto porcentaje de cacao ofrece una experiencia sensorial intensa, con notas complejas que evolucionan con cada bocado. <\/p>\n<p style=\"text-align: left\">Recomendamos saborear esta tableta sola para apreciar plenamente su complejidad, pero tambi\u00e9n se puede maridar con una gran variedad de alimentos y bebidas. Pru\u00e9bala con una copa de vino tinto con cuerpo, caf\u00e9 expreso o, sobre todo, quesos finos para una experiencia de degustaci\u00f3n sofisticada y memorable. <\/p>\n<p style=\"text-align: left\">Descubre el aut\u00e9ntico sabor del chocolate negro ecol\u00f3gico y convierte cualquier momento en \u00fanico.<\/p>\n<\/div>\n<\/div>\n<\/div>\n<\/div>\n","protected":false},"excerpt":{"rendered":"<p>Disfruta de la pureza e intensidad de nuestra tableta de chocolate negro ecol\u00f3gico al 70%. Elaborada con un 70% de cacao ecol\u00f3gico, esta tableta ofrece un sabor rico y profundo, perfecto para los verdaderos amantes del chocolate. <\/p>\n","protected":false},"featured_media":9589,"comment_status":"open","ping_status":"closed","template":"","meta":[],"product_brand":[],"product_cat":[200],"product_tag":[],"class_list":{"0":"post-9587","1":"product","2":"type-product","3":"status-publish","4":"has-post-thumbnail","6":"product_cat-tabletas-de-chocolate","7":"edicoes-saludable","9":"first","10":"instock","11":"shipping-taxable","12":"purchasable","13":"product-type-simple"},"yoast_head":"<!-- This site is optimized with the Yoast SEO plugin v27.2 - https:\/\/yoast.com\/product\/yoast-seo-wordpress\/ -->\n<title>Chocolate negro Bio 70% | Tableta de chocolate<\/title>\n<meta name=\"description\" content=\"Elaborada con cacao 100% ecol\u00f3gico, nuestra tableta de chocolate negro ecol\u00f3gico ofrece un rico sabor, perfecto para los verdaderos amantes del chocolate.\" \/>\n<meta name=\"robots\" content=\"index, follow, max-snippet:-1, max-image-preview:large, max-video-preview:-1\" \/>\n<link rel=\"canonical\" href=\"https:\/\/simchocolate.com\/es\/produto\/tableta-de-chocolate-negro-ecologico-al-70\/\" \/>\n<meta property=\"og:locale\" content=\"es_ES\" \/>\n<meta property=\"og:type\" content=\"article\" \/>\n<meta property=\"og:title\" content=\"Chocolate negro Bio 70% | Tableta de chocolate\" \/>\n<meta property=\"og:description\" content=\"Elaborada con cacao 100% ecol\u00f3gico, nuestra tableta de chocolate negro ecol\u00f3gico ofrece un rico sabor, perfecto para los verdaderos amantes del chocolate.\" \/>\n<meta property=\"og:url\" content=\"https:\/\/simchocolate.com\/es\/produto\/tableta-de-chocolate-negro-ecologico-al-70\/\" \/>\n<meta property=\"og:site_name\" content=\"SIM Chocolate\" \/>\n<meta property=\"article:publisher\" content=\"https:\/\/www.facebook.com\/SimBombons\" \/>\n<meta property=\"og:image\" content=\"https:\/\/simchocolate.com\/wp-content\/uploads\/2023\/10\/preto-bio-scaled.jpg\" \/>\n\t<meta property=\"og:image:width\" content=\"2560\" \/>\n\t<meta property=\"og:image:height\" content=\"2560\" \/>\n\t<meta property=\"og:image:type\" content=\"image\/jpeg\" \/>\n<meta name=\"twitter:card\" content=\"summary_large_image\" \/>\n<meta name=\"twitter:label1\" content=\"Tiempo de lectura\" \/>\n\t<meta name=\"twitter:data1\" content=\"1 minuto\" \/>\n<script type=\"application\/ld+json\" class=\"yoast-schema-graph\">{\"@context\":\"https:\/\/schema.org\",\"@graph\":[{\"@type\":\"WebPage\",\"@id\":\"https:\/\/simchocolate.com\/es\/produto\/tableta-de-chocolate-negro-ecologico-al-70\/\",\"url\":\"https:\/\/simchocolate.com\/es\/produto\/tableta-de-chocolate-negro-ecologico-al-70\/\",\"name\":\"Chocolate negro Bio 70% | Tableta de chocolate\",\"isPartOf\":{\"@id\":\"https:\/\/simchocolate.com\/es\/#website\"},\"primaryImageOfPage\":{\"@id\":\"https:\/\/simchocolate.com\/es\/produto\/tableta-de-chocolate-negro-ecologico-al-70\/#primaryimage\"},\"image\":{\"@id\":\"https:\/\/simchocolate.com\/es\/produto\/tableta-de-chocolate-negro-ecologico-al-70\/#primaryimage\"},\"thumbnailUrl\":\"https:\/\/simchocolate.com\/wp-content\/uploads\/2023\/10\/preto-bio-scaled.jpg\",\"datePublished\":\"2023-10-20T18:08:43+00:00\",\"description\":\"Elaborada con cacao 100% ecol\u00f3gico, nuestra tableta de chocolate negro ecol\u00f3gico ofrece un rico sabor, perfecto para los verdaderos amantes del chocolate.\",\"breadcrumb\":{\"@id\":\"https:\/\/simchocolate.com\/es\/produto\/tableta-de-chocolate-negro-ecologico-al-70\/#breadcrumb\"},\"inLanguage\":\"es\",\"potentialAction\":[{\"@type\":\"ReadAction\",\"target\":[\"https:\/\/simchocolate.com\/es\/produto\/tableta-de-chocolate-negro-ecologico-al-70\/\"]}]},{\"@type\":\"ImageObject\",\"inLanguage\":\"es\",\"@id\":\"https:\/\/simchocolate.com\/es\/produto\/tableta-de-chocolate-negro-ecologico-al-70\/#primaryimage\",\"url\":\"https:\/\/simchocolate.com\/wp-content\/uploads\/2023\/10\/preto-bio-scaled.jpg\",\"contentUrl\":\"https:\/\/simchocolate.com\/wp-content\/uploads\/2023\/10\/preto-bio-scaled.jpg\",\"width\":2560,\"height\":2560,\"caption\":\"chocolate preto bio\"},{\"@type\":\"BreadcrumbList\",\"@id\":\"https:\/\/simchocolate.com\/es\/produto\/tableta-de-chocolate-negro-ecologico-al-70\/#breadcrumb\",\"itemListElement\":[{\"@type\":\"ListItem\",\"position\":1,\"name\":\"In\u00edcio\",\"item\":\"https:\/\/simchocolate.com\/es\/\"},{\"@type\":\"ListItem\",\"position\":2,\"name\":\"Productos\",\"item\":\"https:\/\/simchocolate.com\/es\/shop\/\"},{\"@type\":\"ListItem\",\"position\":3,\"name\":\"Tableta de chocolate negro ecol\u00f3gico al 70\"}]},{\"@type\":\"WebSite\",\"@id\":\"https:\/\/simchocolate.com\/es\/#website\",\"url\":\"https:\/\/simchocolate.com\/es\/\",\"name\":\"SIM Chocolate\",\"description\":\"Do amor incondicional entre uma m\u00e3e e sua filha, nasce a marca SIM Bombons no Natal de 2014\",\"potentialAction\":[{\"@type\":\"SearchAction\",\"target\":{\"@type\":\"EntryPoint\",\"urlTemplate\":\"https:\/\/simchocolate.com\/es\/?s={search_term_string}\"},\"query-input\":{\"@type\":\"PropertyValueSpecification\",\"valueRequired\":true,\"valueName\":\"search_term_string\"}}],\"inLanguage\":\"es\"}]}<\/script>\n<!-- \/ Yoast SEO plugin. -->","yoast_head_json":{"title":"Chocolate negro Bio 70% | Tableta de chocolate","description":"Elaborada con cacao 100% ecol\u00f3gico, nuestra tableta de chocolate negro ecol\u00f3gico ofrece un rico sabor, perfecto para los verdaderos amantes del chocolate.","robots":{"index":"index","follow":"follow","max-snippet":"max-snippet:-1","max-image-preview":"max-image-preview:large","max-video-preview":"max-video-preview:-1"},"canonical":"https:\/\/simchocolate.com\/es\/produto\/tableta-de-chocolate-negro-ecologico-al-70\/","og_locale":"es_ES","og_type":"article","og_title":"Chocolate negro Bio 70% | Tableta de chocolate","og_description":"Elaborada con cacao 100% ecol\u00f3gico, nuestra tableta de chocolate negro ecol\u00f3gico ofrece un rico sabor, perfecto para los verdaderos amantes del chocolate.","og_url":"https:\/\/simchocolate.com\/es\/produto\/tableta-de-chocolate-negro-ecologico-al-70\/","og_site_name":"SIM Chocolate","article_publisher":"https:\/\/www.facebook.com\/SimBombons","og_image":[{"width":2560,"height":2560,"url":"https:\/\/simchocolate.com\/wp-content\/uploads\/2023\/10\/preto-bio-scaled.jpg","type":"image\/jpeg"}],"twitter_card":"summary_large_image","twitter_misc":{"Tiempo de lectura":"1 minuto"},"schema":{"@context":"https:\/\/schema.org","@graph":[{"@type":"WebPage","@id":"https:\/\/simchocolate.com\/es\/produto\/tableta-de-chocolate-negro-ecologico-al-70\/","url":"https:\/\/simchocolate.com\/es\/produto\/tableta-de-chocolate-negro-ecologico-al-70\/","name":"Chocolate negro Bio 70% | Tableta de chocolate","isPartOf":{"@id":"https:\/\/simchocolate.com\/es\/#website"},"primaryImageOfPage":{"@id":"https:\/\/simchocolate.com\/es\/produto\/tableta-de-chocolate-negro-ecologico-al-70\/#primaryimage"},"image":{"@id":"https:\/\/simchocolate.com\/es\/produto\/tableta-de-chocolate-negro-ecologico-al-70\/#primaryimage"},"thumbnailUrl":"https:\/\/simchocolate.com\/wp-content\/uploads\/2023\/10\/preto-bio-scaled.jpg","datePublished":"2023-10-20T18:08:43+00:00","description":"Elaborada con cacao 100% ecol\u00f3gico, nuestra tableta de chocolate negro ecol\u00f3gico ofrece un rico sabor, perfecto para los verdaderos amantes del chocolate.","breadcrumb":{"@id":"https:\/\/simchocolate.com\/es\/produto\/tableta-de-chocolate-negro-ecologico-al-70\/#breadcrumb"},"inLanguage":"es","potentialAction":[{"@type":"ReadAction","target":["https:\/\/simchocolate.com\/es\/produto\/tableta-de-chocolate-negro-ecologico-al-70\/"]}]},{"@type":"ImageObject","inLanguage":"es","@id":"https:\/\/simchocolate.com\/es\/produto\/tableta-de-chocolate-negro-ecologico-al-70\/#primaryimage","url":"https:\/\/simchocolate.com\/wp-content\/uploads\/2023\/10\/preto-bio-scaled.jpg","contentUrl":"https:\/\/simchocolate.com\/wp-content\/uploads\/2023\/10\/preto-bio-scaled.jpg","width":2560,"height":2560,"caption":"chocolate preto bio"},{"@type":"BreadcrumbList","@id":"https:\/\/simchocolate.com\/es\/produto\/tableta-de-chocolate-negro-ecologico-al-70\/#breadcrumb","itemListElement":[{"@type":"ListItem","position":1,"name":"In\u00edcio","item":"https:\/\/simchocolate.com\/es\/"},{"@type":"ListItem","position":2,"name":"Productos","item":"https:\/\/simchocolate.com\/es\/shop\/"},{"@type":"ListItem","position":3,"name":"Tableta de chocolate negro ecol\u00f3gico al 70"}]},{"@type":"WebSite","@id":"https:\/\/simchocolate.com\/es\/#website","url":"https:\/\/simchocolate.com\/es\/","name":"SIM Chocolate","description":"Do amor incondicional entre uma m\u00e3e e sua filha, nasce a marca SIM Bombons no Natal de 2014","potentialAction":[{"@type":"SearchAction","target":{"@type":"EntryPoint","urlTemplate":"https:\/\/simchocolate.com\/es\/?s={search_term_string}"},"query-input":{"@type":"PropertyValueSpecification","valueRequired":true,"valueName":"search_term_string"}}],"inLanguage":"es"}]}},"_links":{"self":[{"href":"https:\/\/simchocolate.com\/es\/wp-json\/wp\/v2\/product\/9587","targetHints":{"allow":["GET"]}}],"collection":[{"href":"https:\/\/simchocolate.com\/es\/wp-json\/wp\/v2\/product"}],"about":[{"href":"https:\/\/simchocolate.com\/es\/wp-json\/wp\/v2\/types\/product"}],"replies":[{"embeddable":true,"href":"https:\/\/simchocolate.com\/es\/wp-json\/wp\/v2\/comments?post=9587"}],"wp:featuredmedia":[{"embeddable":true,"href":"https:\/\/simchocolate.com\/es\/wp-json\/wp\/v2\/media\/9589"}],"wp:attachment":[{"href":"https:\/\/simchocolate.com\/es\/wp-json\/wp\/v2\/media?parent=9587"}],"wp:term":[{"taxonomy":"product_brand","embeddable":true,"href":"https:\/\/simchocolate.com\/es\/wp-json\/wp\/v2\/product_brand?post=9587"},{"taxonomy":"product_cat","embeddable":true,"href":"https:\/\/simchocolate.com\/es\/wp-json\/wp\/v2\/product_cat?post=9587"},{"taxonomy":"product_tag","embeddable":true,"href":"https:\/\/simchocolate.com\/es\/wp-json\/wp\/v2\/product_tag?post=9587"}],"curies":[{"name":"wp","href":"https:\/\/api.w.org\/{rel}","templated":true}]}}