{"id":9590,"date":"2023-10-20T18:08:47","date_gmt":"2023-10-20T18:08:47","guid":{"rendered":"https:\/\/simchocolate.com\/produto\/tableta-de-chocolate-con-leche-100-vegana\/"},"modified":"2023-10-20T18:08:47","modified_gmt":"2023-10-20T18:08:47","slug":"tableta-de-chocolate-con-leche-100-vegana","status":"publish","type":"product","link":"https:\/\/simchocolate.com\/es\/produto\/tableta-de-chocolate-con-leche-100-vegana\/","title":{"rendered":"Tableta de chocolate con leche 100% vegana"},"content":{"rendered":"<h5 style=\"text-align: left\">La pureza del sabor con conciencia<\/h5>\n<p style=\"text-align: left\">Descubre la armon\u00eda perfecta entre sabor y \u00e9tica con nuestra Tableta Vegana. Creada para quienes valoran tanto el sabor como la responsabilidad medioambiental y animal, <strong>esta tableta de chocolate est\u00e1 elaborada con ingredientes 100% veganos<\/strong>, sin renunciar a la calidad y riqueza de sabor que esperas de un chocolate de primera calidad. <\/p>\n<p style=\"text-align: left\">En primer lugar, elaboramos nuestra Tableta Vegana con los <strong>mejores ingredientes naturales<\/strong>. Cuidadosamente seleccionados para garantizar una textura suave y un sabor profundo que se deshace en la boca. Adem\u00e1s, cultivamos de forma sostenible el cacao de alta calidad utilizado en la producci\u00f3n de esta tableta, respetando tanto el medio ambiente como a los productores locales. Al elegir este chocolate, apoyas pr\u00e1cticas agr\u00edcolas que promueven la biodiversidad y contribuyen a la conservaci\u00f3n de los bosques tropicales, adem\u00e1s de garantizar condiciones justas y dignas para los agricultores que trabajan duro para traer el mejor cacao al mundo.   <\/p>\n<p style=\"text-align: left\">Ideal para veganos y para cualquiera que busque una opci\u00f3n de chocolate m\u00e1s consciente, esta tableta ofrece una experiencia de degustaci\u00f3n inigualable. Adem\u00e1s, cada bocado revela la complejidad y profundidad del cacao puro, creando una sinfon\u00eda de sabores que atrae a todos los amantes del chocolate. <\/p>\n<p style=\"text-align: left\">Por \u00faltimo,<strong> transforma tus momentos dulces con nuestro chocolate<\/strong>, donde la excelencia en el sabor se une al compromiso por un mundo mejor.<\/p>\n<p>&nbsp;<\/p>\n<div class=\"flex flex-grow flex-col max-w-full\">\n<div class=\"min-h-[20px] text-message flex w-full flex-col items-end gap-2 whitespace-pre-wrap break-words [.text-message+&amp;]:mt-5 overflow-x-auto\" dir=\"auto\" data-message-author-role=\"assistant\" data-message-id=\"82114905-ebb5-4c8b-8ef7-66bbd04e3c02\">\n<div class=\"flex w-full flex-col gap-1 empty:hidden first:pt-[3px]\">\n<div class=\"markdown prose w-full break-words dark:prose-invert dark\">\n<p>&nbsp;<\/p>\n<p>&nbsp;<\/p>\n<\/div>\n<\/div>\n<\/div>\n<\/div>\n","protected":false},"excerpt":{"rendered":"<p>Disfruta del irresistible sabor de nuestra Tableta de Chocolate. Elaborada con chocolate de primera calidad e ingredientes 100% VEGANOS, esta tableta ofrece una experiencia \u00fanica a todos los amantes del chocolate. <\/p>\n","protected":false},"featured_media":9595,"comment_status":"open","ping_status":"closed","template":"","meta":[],"product_brand":[],"product_cat":[200],"product_tag":[],"class_list":{"0":"post-9590","1":"product","2":"type-product","3":"status-publish","4":"has-post-thumbnail","6":"product_cat-tabletas-de-chocolate","7":"edicoes-saludable","9":"first","10":"instock","11":"shipping-taxable","12":"purchasable","13":"product-type-simple"},"yoast_head":"<!-- This site is optimized with the Yoast SEO plugin v27.5 - https:\/\/yoast.com\/product\/yoast-seo-wordpress\/ -->\n<title>Tableta de chocolate con leche vegano | YES Chocolate<\/title>\n<meta name=\"description\" content=\"Disfruta del irresistible sabor de nuestra Tableta de Chocolate Vegana, que % ofrece una experiencia \u00fanica a todos los amantes del chocolate.\" \/>\n<meta name=\"robots\" content=\"index, follow, max-snippet:-1, max-image-preview:large, max-video-preview:-1\" \/>\n<link rel=\"canonical\" href=\"https:\/\/simchocolate.com\/es\/produto\/tableta-de-chocolate-con-leche-100-vegana\/\" \/>\n<meta property=\"og:locale\" content=\"es_ES\" \/>\n<meta property=\"og:type\" content=\"article\" \/>\n<meta property=\"og:title\" content=\"Tableta de chocolate con leche vegano | YES Chocolate\" \/>\n<meta property=\"og:description\" content=\"Disfruta del irresistible sabor de nuestra Tableta de Chocolate Vegana, que % ofrece una experiencia \u00fanica a todos los amantes del chocolate.\" \/>\n<meta property=\"og:url\" content=\"https:\/\/simchocolate.com\/es\/produto\/tableta-de-chocolate-con-leche-100-vegana\/\" \/>\n<meta property=\"og:site_name\" content=\"SIM Chocolate\" \/>\n<meta property=\"article:publisher\" content=\"https:\/\/www.facebook.com\/SimBombons\" \/>\n<meta property=\"og:image\" content=\"https:\/\/simchocolate.com\/wp-content\/uploads\/2023\/10\/Tablete-Vegan-scaled.jpg\" \/>\n\t<meta property=\"og:image:width\" content=\"2560\" \/>\n\t<meta property=\"og:image:height\" content=\"2560\" \/>\n\t<meta property=\"og:image:type\" content=\"image\/jpeg\" \/>\n<meta name=\"twitter:card\" content=\"summary_large_image\" \/>\n<meta name=\"twitter:label1\" content=\"Tiempo de lectura\" \/>\n\t<meta name=\"twitter:data1\" content=\"1 minuto\" \/>\n<script type=\"application\/ld+json\" class=\"yoast-schema-graph\">{\"@context\":\"https:\\\/\\\/schema.org\",\"@graph\":[{\"@type\":\"WebPage\",\"@id\":\"https:\\\/\\\/simchocolate.com\\\/es\\\/produto\\\/tableta-de-chocolate-con-leche-100-vegana\\\/\",\"url\":\"https:\\\/\\\/simchocolate.com\\\/es\\\/produto\\\/tableta-de-chocolate-con-leche-100-vegana\\\/\",\"name\":\"Tableta de chocolate con leche vegano | YES Chocolate\",\"isPartOf\":{\"@id\":\"https:\\\/\\\/simchocolate.com\\\/es\\\/#website\"},\"primaryImageOfPage\":{\"@id\":\"https:\\\/\\\/simchocolate.com\\\/es\\\/produto\\\/tableta-de-chocolate-con-leche-100-vegana\\\/#primaryimage\"},\"image\":{\"@id\":\"https:\\\/\\\/simchocolate.com\\\/es\\\/produto\\\/tableta-de-chocolate-con-leche-100-vegana\\\/#primaryimage\"},\"thumbnailUrl\":\"https:\\\/\\\/simchocolate.com\\\/wp-content\\\/uploads\\\/2023\\\/10\\\/Tablete-Vegan-scaled.jpg\",\"datePublished\":\"2023-10-20T18:08:47+00:00\",\"description\":\"Disfruta del irresistible sabor de nuestra Tableta de Chocolate Vegana, que % ofrece una experiencia \u00fanica a todos los amantes del chocolate.\",\"breadcrumb\":{\"@id\":\"https:\\\/\\\/simchocolate.com\\\/es\\\/produto\\\/tableta-de-chocolate-con-leche-100-vegana\\\/#breadcrumb\"},\"inLanguage\":\"es\",\"potentialAction\":[{\"@type\":\"ReadAction\",\"target\":[\"https:\\\/\\\/simchocolate.com\\\/es\\\/produto\\\/tableta-de-chocolate-con-leche-100-vegana\\\/\"]}]},{\"@type\":\"ImageObject\",\"inLanguage\":\"es\",\"@id\":\"https:\\\/\\\/simchocolate.com\\\/es\\\/produto\\\/tableta-de-chocolate-con-leche-100-vegana\\\/#primaryimage\",\"url\":\"https:\\\/\\\/simchocolate.com\\\/wp-content\\\/uploads\\\/2023\\\/10\\\/Tablete-Vegan-scaled.jpg\",\"contentUrl\":\"https:\\\/\\\/simchocolate.com\\\/wp-content\\\/uploads\\\/2023\\\/10\\\/Tablete-Vegan-scaled.jpg\",\"width\":2560,\"height\":2560,\"caption\":\"tablet vegan\"},{\"@type\":\"BreadcrumbList\",\"@id\":\"https:\\\/\\\/simchocolate.com\\\/es\\\/produto\\\/tableta-de-chocolate-con-leche-100-vegana\\\/#breadcrumb\",\"itemListElement\":[{\"@type\":\"ListItem\",\"position\":1,\"name\":\"In\u00edcio\",\"item\":\"https:\\\/\\\/simchocolate.com\\\/es\\\/\"},{\"@type\":\"ListItem\",\"position\":2,\"name\":\"Productos\",\"item\":\"https:\\\/\\\/simchocolate.com\\\/es\\\/shop\\\/\"},{\"@type\":\"ListItem\",\"position\":3,\"name\":\"Tableta de chocolate con leche 100% vegana\"}]},{\"@type\":\"WebSite\",\"@id\":\"https:\\\/\\\/simchocolate.com\\\/es\\\/#website\",\"url\":\"https:\\\/\\\/simchocolate.com\\\/es\\\/\",\"name\":\"SIM Chocolate\",\"description\":\"Do amor incondicional entre uma m\u00e3e e sua filha, nasce a marca SIM Bombons no Natal de 2014\",\"potentialAction\":[{\"@type\":\"SearchAction\",\"target\":{\"@type\":\"EntryPoint\",\"urlTemplate\":\"https:\\\/\\\/simchocolate.com\\\/es\\\/?s={search_term_string}\"},\"query-input\":{\"@type\":\"PropertyValueSpecification\",\"valueRequired\":true,\"valueName\":\"search_term_string\"}}],\"inLanguage\":\"es\"}]}<\/script>\n<!-- \/ Yoast SEO plugin. -->","yoast_head_json":{"title":"Tableta de chocolate con leche vegano | YES Chocolate","description":"Disfruta del irresistible sabor de nuestra Tableta de Chocolate Vegana, que % ofrece una experiencia \u00fanica a todos los amantes del chocolate.","robots":{"index":"index","follow":"follow","max-snippet":"max-snippet:-1","max-image-preview":"max-image-preview:large","max-video-preview":"max-video-preview:-1"},"canonical":"https:\/\/simchocolate.com\/es\/produto\/tableta-de-chocolate-con-leche-100-vegana\/","og_locale":"es_ES","og_type":"article","og_title":"Tableta de chocolate con leche vegano | YES Chocolate","og_description":"Disfruta del irresistible sabor de nuestra Tableta de Chocolate Vegana, que % ofrece una experiencia \u00fanica a todos los amantes del chocolate.","og_url":"https:\/\/simchocolate.com\/es\/produto\/tableta-de-chocolate-con-leche-100-vegana\/","og_site_name":"SIM Chocolate","article_publisher":"https:\/\/www.facebook.com\/SimBombons","og_image":[{"width":2560,"height":2560,"url":"https:\/\/simchocolate.com\/wp-content\/uploads\/2023\/10\/Tablete-Vegan-scaled.jpg","type":"image\/jpeg"}],"twitter_card":"summary_large_image","twitter_misc":{"Tiempo de lectura":"1 minuto"},"schema":{"@context":"https:\/\/schema.org","@graph":[{"@type":"WebPage","@id":"https:\/\/simchocolate.com\/es\/produto\/tableta-de-chocolate-con-leche-100-vegana\/","url":"https:\/\/simchocolate.com\/es\/produto\/tableta-de-chocolate-con-leche-100-vegana\/","name":"Tableta de chocolate con leche vegano | YES Chocolate","isPartOf":{"@id":"https:\/\/simchocolate.com\/es\/#website"},"primaryImageOfPage":{"@id":"https:\/\/simchocolate.com\/es\/produto\/tableta-de-chocolate-con-leche-100-vegana\/#primaryimage"},"image":{"@id":"https:\/\/simchocolate.com\/es\/produto\/tableta-de-chocolate-con-leche-100-vegana\/#primaryimage"},"thumbnailUrl":"https:\/\/simchocolate.com\/wp-content\/uploads\/2023\/10\/Tablete-Vegan-scaled.jpg","datePublished":"2023-10-20T18:08:47+00:00","description":"Disfruta del irresistible sabor de nuestra Tableta de Chocolate Vegana, que % ofrece una experiencia \u00fanica a todos los amantes del chocolate.","breadcrumb":{"@id":"https:\/\/simchocolate.com\/es\/produto\/tableta-de-chocolate-con-leche-100-vegana\/#breadcrumb"},"inLanguage":"es","potentialAction":[{"@type":"ReadAction","target":["https:\/\/simchocolate.com\/es\/produto\/tableta-de-chocolate-con-leche-100-vegana\/"]}]},{"@type":"ImageObject","inLanguage":"es","@id":"https:\/\/simchocolate.com\/es\/produto\/tableta-de-chocolate-con-leche-100-vegana\/#primaryimage","url":"https:\/\/simchocolate.com\/wp-content\/uploads\/2023\/10\/Tablete-Vegan-scaled.jpg","contentUrl":"https:\/\/simchocolate.com\/wp-content\/uploads\/2023\/10\/Tablete-Vegan-scaled.jpg","width":2560,"height":2560,"caption":"tablet vegan"},{"@type":"BreadcrumbList","@id":"https:\/\/simchocolate.com\/es\/produto\/tableta-de-chocolate-con-leche-100-vegana\/#breadcrumb","itemListElement":[{"@type":"ListItem","position":1,"name":"In\u00edcio","item":"https:\/\/simchocolate.com\/es\/"},{"@type":"ListItem","position":2,"name":"Productos","item":"https:\/\/simchocolate.com\/es\/shop\/"},{"@type":"ListItem","position":3,"name":"Tableta de chocolate con leche 100% vegana"}]},{"@type":"WebSite","@id":"https:\/\/simchocolate.com\/es\/#website","url":"https:\/\/simchocolate.com\/es\/","name":"SIM Chocolate","description":"Do amor incondicional entre uma m\u00e3e e sua filha, nasce a marca SIM Bombons no Natal de 2014","potentialAction":[{"@type":"SearchAction","target":{"@type":"EntryPoint","urlTemplate":"https:\/\/simchocolate.com\/es\/?s={search_term_string}"},"query-input":{"@type":"PropertyValueSpecification","valueRequired":true,"valueName":"search_term_string"}}],"inLanguage":"es"}]}},"_links":{"self":[{"href":"https:\/\/simchocolate.com\/es\/wp-json\/wp\/v2\/product\/9590","targetHints":{"allow":["GET"]}}],"collection":[{"href":"https:\/\/simchocolate.com\/es\/wp-json\/wp\/v2\/product"}],"about":[{"href":"https:\/\/simchocolate.com\/es\/wp-json\/wp\/v2\/types\/product"}],"replies":[{"embeddable":true,"href":"https:\/\/simchocolate.com\/es\/wp-json\/wp\/v2\/comments?post=9590"}],"wp:featuredmedia":[{"embeddable":true,"href":"https:\/\/simchocolate.com\/es\/wp-json\/wp\/v2\/media\/9595"}],"wp:attachment":[{"href":"https:\/\/simchocolate.com\/es\/wp-json\/wp\/v2\/media?parent=9590"}],"wp:term":[{"taxonomy":"product_brand","embeddable":true,"href":"https:\/\/simchocolate.com\/es\/wp-json\/wp\/v2\/product_brand?post=9590"},{"taxonomy":"product_cat","embeddable":true,"href":"https:\/\/simchocolate.com\/es\/wp-json\/wp\/v2\/product_cat?post=9590"},{"taxonomy":"product_tag","embeddable":true,"href":"https:\/\/simchocolate.com\/es\/wp-json\/wp\/v2\/product_tag?post=9590"}],"curies":[{"name":"wp","href":"https:\/\/api.w.org\/{rel}","templated":true}]}}