{"id":9591,"date":"2023-10-20T18:09:16","date_gmt":"2023-10-20T18:09:16","guid":{"rendered":"https:\/\/simchocolate.com\/produto\/tableta-de-chocolate-turquia-39\/"},"modified":"2023-10-20T18:09:16","modified_gmt":"2023-10-20T18:09:16","slug":"tableta-de-chocolate-turquia-39","status":"publish","type":"product","link":"https:\/\/simchocolate.com\/es\/produto\/tableta-de-chocolate-turquia-39\/","title":{"rendered":"Tableta de chocolate Turqu\u00eda 39"},"content":{"rendered":"<h5 style=\"text-align: left\"><strong>La Aut\u00e9ntica Esencia del Cacao<\/strong><\/h5>\n<p style=\"text-align: left\">Sum\u00e9rgete en una experiencia sensorial \u00fanica con nuestra <strong>Tableta de Chocolate Peruano<\/strong>, un producto que encierra el verdadero esp\u00edritu del cacao cultivado en las ricas y f\u00e9rtiles tierras de Per\u00fa.<\/p>\n<p style=\"text-align: left\">Cada tableta se produce a partir de habas de cacao cuidadosamente seleccionadas, cultivadas por las comunidades locales en el coraz\u00f3n de las regiones cacaoteras de Per\u00fa. El terreno caracter\u00edstico de estas zonas confiere al chocolate un perfil de sabor complejo, con notas profundas de fruta negra, toques de frutos secos y un acabado suave que perdura en el paladar. <\/p>\n<p style=\"text-align: left\">Nuestra Tableta de Chocolate Peruano es un homenaje al proceso artesanal, donde cada paso, desde la recolecci\u00f3n hasta la fermentaci\u00f3n y el tostado de los granos, se realiza con precisi\u00f3n y cuidado para garantizar que se aprecia plenamente la riqueza natural del cacao. La producci\u00f3n respeta las pr\u00e1cticas sostenibles, apoyando a las comunidades locales y promoviendo la conservaci\u00f3n de los bosques tropicales. <\/p>\n<p style=\"text-align: left\">Con un alto contenido en cacao, esta tableta ofrece una intensidad de sabor que satisface a los paladares m\u00e1s exigentes, mientras que su textura suave y fundente convierte cada bocado en un aut\u00e9ntico capricho. Es perfecta para disfrutarla sola o como parte de recetas que requieran chocolate de la m\u00e1xima calidad. <\/p>\n<p style=\"text-align: left\">Descubre el profundo y verdadero sabor del cacao peruano y perm\u00edtete un viaje de sabores que trascienda lo ordinario.<\/p>\n","protected":false},"excerpt":{"rendered":"<p>Experimenta la esencia pura del cacao con nuestra Tableta de Chocolate Peruano. Elaborada con cacao de alta calidad cultivado en las f\u00e9rtiles tierras de Per\u00fa, esta tableta ofrece un sabor aut\u00e9ntico y rico. <\/p>\n","protected":false},"featured_media":9597,"comment_status":"closed","ping_status":"closed","template":"","meta":[],"product_brand":[],"product_cat":[200],"product_tag":[],"class_list":{"0":"post-9591","1":"product","2":"type-product","3":"status-publish","4":"has-post-thumbnail","6":"product_cat-tabletas-de-chocolate","7":"edicoes-origenes","9":"first","10":"outofstock","11":"shipping-taxable","12":"purchasable","13":"product-type-simple"},"yoast_head":"<!-- This site is optimized with the Yoast SEO plugin v27.5 - https:\/\/yoast.com\/product\/yoast-seo-wordpress\/ -->\n<title>SIM Chocolate<\/title>\n<meta name=\"description\" content=\"Experimenta la esencia pura del cacao con nuestra Tableta de Chocolate Peruano. Elaborada con cacao de alta calidad cultivado en las f\u00e9rtiles tierras de Per\u00fa.\" \/>\n<meta name=\"robots\" content=\"index, follow, max-snippet:-1, max-image-preview:large, max-video-preview:-1\" \/>\n<link rel=\"canonical\" href=\"https:\/\/simchocolate.com\/es\/produto\/tableta-de-chocolate-turquia-39\/\" \/>\n<meta property=\"og:locale\" content=\"es_ES\" \/>\n<meta property=\"og:type\" content=\"article\" \/>\n<meta property=\"og:description\" content=\"Experimenta la esencia pura del cacao con nuestra Tableta de Chocolate Peruano. Elaborada con cacao de alta calidad cultivado en las f\u00e9rtiles tierras de Per\u00fa.\" \/>\n<meta property=\"og:url\" content=\"https:\/\/simchocolate.com\/es\/produto\/tableta-de-chocolate-turquia-39\/\" \/>\n<meta property=\"og:site_name\" content=\"SIM Chocolate\" \/>\n<meta property=\"article:publisher\" content=\"https:\/\/www.facebook.com\/SimBombons\" \/>\n<meta property=\"og:image\" content=\"https:\/\/simchocolate.com\/wp-content\/uploads\/2023\/10\/peru--scaled.jpg\" \/>\n\t<meta property=\"og:image:width\" content=\"2560\" \/>\n\t<meta property=\"og:image:height\" content=\"2560\" \/>\n\t<meta property=\"og:image:type\" content=\"image\/jpeg\" \/>\n<meta name=\"twitter:card\" content=\"summary_large_image\" \/>\n<meta name=\"twitter:label1\" content=\"Tiempo de lectura\" \/>\n\t<meta name=\"twitter:data1\" content=\"1 minuto\" \/>\n<script type=\"application\/ld+json\" class=\"yoast-schema-graph\">{\"@context\":\"https:\\\/\\\/schema.org\",\"@graph\":[{\"@type\":\"WebPage\",\"@id\":\"https:\\\/\\\/simchocolate.com\\\/es\\\/produto\\\/tableta-de-chocolate-turquia-39\\\/\",\"url\":\"https:\\\/\\\/simchocolate.com\\\/es\\\/produto\\\/tableta-de-chocolate-turquia-39\\\/\",\"name\":\"\",\"isPartOf\":{\"@id\":\"https:\\\/\\\/simchocolate.com\\\/es\\\/#website\"},\"primaryImageOfPage\":{\"@id\":\"https:\\\/\\\/simchocolate.com\\\/es\\\/produto\\\/tableta-de-chocolate-turquia-39\\\/#primaryimage\"},\"image\":{\"@id\":\"https:\\\/\\\/simchocolate.com\\\/es\\\/produto\\\/tableta-de-chocolate-turquia-39\\\/#primaryimage\"},\"thumbnailUrl\":\"https:\\\/\\\/simchocolate.com\\\/wp-content\\\/uploads\\\/2023\\\/10\\\/peru--scaled.jpg\",\"datePublished\":\"2023-10-20T18:09:16+00:00\",\"description\":\"Experimenta la esencia pura del cacao con nuestra Tableta de Chocolate Peruano. Elaborada con cacao de alta calidad cultivado en las f\u00e9rtiles tierras de Per\u00fa.\",\"breadcrumb\":{\"@id\":\"https:\\\/\\\/simchocolate.com\\\/es\\\/produto\\\/tableta-de-chocolate-turquia-39\\\/#breadcrumb\"},\"inLanguage\":\"es\",\"potentialAction\":[{\"@type\":\"ReadAction\",\"target\":[\"https:\\\/\\\/simchocolate.com\\\/es\\\/produto\\\/tableta-de-chocolate-turquia-39\\\/\"]}]},{\"@type\":\"ImageObject\",\"inLanguage\":\"es\",\"@id\":\"https:\\\/\\\/simchocolate.com\\\/es\\\/produto\\\/tableta-de-chocolate-turquia-39\\\/#primaryimage\",\"url\":\"https:\\\/\\\/simchocolate.com\\\/wp-content\\\/uploads\\\/2023\\\/10\\\/peru--scaled.jpg\",\"contentUrl\":\"https:\\\/\\\/simchocolate.com\\\/wp-content\\\/uploads\\\/2023\\\/10\\\/peru--scaled.jpg\",\"width\":2560,\"height\":2560,\"caption\":\"tablete de chocolate per\u00fa\"},{\"@type\":\"BreadcrumbList\",\"@id\":\"https:\\\/\\\/simchocolate.com\\\/es\\\/produto\\\/tableta-de-chocolate-turquia-39\\\/#breadcrumb\",\"itemListElement\":[{\"@type\":\"ListItem\",\"position\":1,\"name\":\"In\u00edcio\",\"item\":\"https:\\\/\\\/simchocolate.com\\\/es\\\/\"},{\"@type\":\"ListItem\",\"position\":2,\"name\":\"Productos\",\"item\":\"https:\\\/\\\/simchocolate.com\\\/es\\\/shop\\\/\"},{\"@type\":\"ListItem\",\"position\":3,\"name\":\"Tableta de chocolate Turqu\u00eda 39\"}]},{\"@type\":\"WebSite\",\"@id\":\"https:\\\/\\\/simchocolate.com\\\/es\\\/#website\",\"url\":\"https:\\\/\\\/simchocolate.com\\\/es\\\/\",\"name\":\"SIM Chocolate\",\"description\":\"Do amor incondicional entre uma m\u00e3e e sua filha, nasce a marca SIM Bombons no Natal de 2014\",\"potentialAction\":[{\"@type\":\"SearchAction\",\"target\":{\"@type\":\"EntryPoint\",\"urlTemplate\":\"https:\\\/\\\/simchocolate.com\\\/es\\\/?s={search_term_string}\"},\"query-input\":{\"@type\":\"PropertyValueSpecification\",\"valueRequired\":true,\"valueName\":\"search_term_string\"}}],\"inLanguage\":\"es\"}]}<\/script>\n<!-- \/ Yoast SEO plugin. -->","yoast_head_json":{"title":"SIM Chocolate","description":"Experimenta la esencia pura del cacao con nuestra Tableta de Chocolate Peruano. Elaborada con cacao de alta calidad cultivado en las f\u00e9rtiles tierras de Per\u00fa.","robots":{"index":"index","follow":"follow","max-snippet":"max-snippet:-1","max-image-preview":"max-image-preview:large","max-video-preview":"max-video-preview:-1"},"canonical":"https:\/\/simchocolate.com\/es\/produto\/tableta-de-chocolate-turquia-39\/","og_locale":"es_ES","og_type":"article","og_description":"Experimenta la esencia pura del cacao con nuestra Tableta de Chocolate Peruano. Elaborada con cacao de alta calidad cultivado en las f\u00e9rtiles tierras de Per\u00fa.","og_url":"https:\/\/simchocolate.com\/es\/produto\/tableta-de-chocolate-turquia-39\/","og_site_name":"SIM Chocolate","article_publisher":"https:\/\/www.facebook.com\/SimBombons","og_image":[{"width":2560,"height":2560,"url":"https:\/\/simchocolate.com\/wp-content\/uploads\/2023\/10\/peru--scaled.jpg","type":"image\/jpeg"}],"twitter_card":"summary_large_image","twitter_misc":{"Tiempo de lectura":"1 minuto"},"schema":{"@context":"https:\/\/schema.org","@graph":[{"@type":"WebPage","@id":"https:\/\/simchocolate.com\/es\/produto\/tableta-de-chocolate-turquia-39\/","url":"https:\/\/simchocolate.com\/es\/produto\/tableta-de-chocolate-turquia-39\/","name":"","isPartOf":{"@id":"https:\/\/simchocolate.com\/es\/#website"},"primaryImageOfPage":{"@id":"https:\/\/simchocolate.com\/es\/produto\/tableta-de-chocolate-turquia-39\/#primaryimage"},"image":{"@id":"https:\/\/simchocolate.com\/es\/produto\/tableta-de-chocolate-turquia-39\/#primaryimage"},"thumbnailUrl":"https:\/\/simchocolate.com\/wp-content\/uploads\/2023\/10\/peru--scaled.jpg","datePublished":"2023-10-20T18:09:16+00:00","description":"Experimenta la esencia pura del cacao con nuestra Tableta de Chocolate Peruano. Elaborada con cacao de alta calidad cultivado en las f\u00e9rtiles tierras de Per\u00fa.","breadcrumb":{"@id":"https:\/\/simchocolate.com\/es\/produto\/tableta-de-chocolate-turquia-39\/#breadcrumb"},"inLanguage":"es","potentialAction":[{"@type":"ReadAction","target":["https:\/\/simchocolate.com\/es\/produto\/tableta-de-chocolate-turquia-39\/"]}]},{"@type":"ImageObject","inLanguage":"es","@id":"https:\/\/simchocolate.com\/es\/produto\/tableta-de-chocolate-turquia-39\/#primaryimage","url":"https:\/\/simchocolate.com\/wp-content\/uploads\/2023\/10\/peru--scaled.jpg","contentUrl":"https:\/\/simchocolate.com\/wp-content\/uploads\/2023\/10\/peru--scaled.jpg","width":2560,"height":2560,"caption":"tablete de chocolate per\u00fa"},{"@type":"BreadcrumbList","@id":"https:\/\/simchocolate.com\/es\/produto\/tableta-de-chocolate-turquia-39\/#breadcrumb","itemListElement":[{"@type":"ListItem","position":1,"name":"In\u00edcio","item":"https:\/\/simchocolate.com\/es\/"},{"@type":"ListItem","position":2,"name":"Productos","item":"https:\/\/simchocolate.com\/es\/shop\/"},{"@type":"ListItem","position":3,"name":"Tableta de chocolate Turqu\u00eda 39"}]},{"@type":"WebSite","@id":"https:\/\/simchocolate.com\/es\/#website","url":"https:\/\/simchocolate.com\/es\/","name":"SIM Chocolate","description":"Do amor incondicional entre uma m\u00e3e e sua filha, nasce a marca SIM Bombons no Natal de 2014","potentialAction":[{"@type":"SearchAction","target":{"@type":"EntryPoint","urlTemplate":"https:\/\/simchocolate.com\/es\/?s={search_term_string}"},"query-input":{"@type":"PropertyValueSpecification","valueRequired":true,"valueName":"search_term_string"}}],"inLanguage":"es"}]}},"_links":{"self":[{"href":"https:\/\/simchocolate.com\/es\/wp-json\/wp\/v2\/product\/9591","targetHints":{"allow":["GET"]}}],"collection":[{"href":"https:\/\/simchocolate.com\/es\/wp-json\/wp\/v2\/product"}],"about":[{"href":"https:\/\/simchocolate.com\/es\/wp-json\/wp\/v2\/types\/product"}],"replies":[{"embeddable":true,"href":"https:\/\/simchocolate.com\/es\/wp-json\/wp\/v2\/comments?post=9591"}],"wp:featuredmedia":[{"embeddable":true,"href":"https:\/\/simchocolate.com\/es\/wp-json\/wp\/v2\/media\/9597"}],"wp:attachment":[{"href":"https:\/\/simchocolate.com\/es\/wp-json\/wp\/v2\/media?parent=9591"}],"wp:term":[{"taxonomy":"product_brand","embeddable":true,"href":"https:\/\/simchocolate.com\/es\/wp-json\/wp\/v2\/product_brand?post=9591"},{"taxonomy":"product_cat","embeddable":true,"href":"https:\/\/simchocolate.com\/es\/wp-json\/wp\/v2\/product_cat?post=9591"},{"taxonomy":"product_tag","embeddable":true,"href":"https:\/\/simchocolate.com\/es\/wp-json\/wp\/v2\/product_tag?post=9591"}],"curies":[{"name":"wp","href":"https:\/\/api.w.org\/{rel}","templated":true}]}}