{"id":9600,"date":"2023-10-20T18:08:31","date_gmt":"2023-10-20T18:08:31","guid":{"rendered":"https:\/\/simchocolate.com\/produto\/tableta-de-chocolate-blanco-ecologico\/"},"modified":"2023-10-20T18:08:31","modified_gmt":"2023-10-20T18:08:31","slug":"tableta-de-chocolate-blanco-ecologico","status":"publish","type":"product","link":"https:\/\/simchocolate.com\/es\/produto\/tableta-de-chocolate-blanco-ecologico\/","title":{"rendered":"Tableta de chocolate blanco ecol\u00f3gico"},"content":{"rendered":"<div class=\"flex flex-grow flex-col max-w-full\">\n<div class=\"min-h-[20px] text-message flex w-full flex-col items-end gap-2 whitespace-pre-wrap break-words [.text-message+&amp;]:mt-5 overflow-x-auto\" dir=\"auto\" data-message-author-role=\"assistant\" data-message-id=\"f23e51db-d23e-429e-8bb5-2ae411b2d251\">\n<div class=\"flex w-full flex-col gap-1 empty:hidden first:pt-[3px]\">\n<div class=\"markdown prose w-full break-words dark:prose-invert dark\">\n<h5 style=\"text-align: left\">La m\u00e1xima exquisitez ecol\u00f3gica<\/h5>\n<p style=\"text-align: left\">Sum\u00e9rgete en la suavidad y pureza de nuestra Tableta de Chocolate Blanco Ecol\u00f3gico, una experiencia gourmet <strong>hecha para los verdaderos amantes del chocolate.<\/strong> <strong>Elaborada con ingredientes ecol\u00f3gicos de alta calidad<\/strong>, esta tableta es testimonio de nuestro compromiso con la excelencia y la sostenibilidad, y ofrece un sabor cremoso y suave que deleita el paladar.<\/p>\n<p style=\"text-align: left\">Elaboramos la Tableta de Chocolate Blanco Ecol\u00f3gico con pura manteca de cacao ecol\u00f3gico, az\u00facar de ca\u00f1a ecol\u00f3gico y leche entera ecol\u00f3gica. El resultado es una textura sedosa y un sabor dulce y equilibrado. Cada trozo de esta tableta revela la esencia del chocolate blanco en su forma m\u00e1s pura, proporcionando un sabor \u00fanico.  <\/p>\n<p style=\"text-align: left\">Elegir ingredientes ecol\u00f3gicos no s\u00f3lo garantiza un sabor superior, sino que tambi\u00e9n refleja nuestro compromiso con unas pr\u00e1cticas agr\u00edcolas sostenibles y \u00e9ticas. Al optar por cacao, az\u00facar y leche de origen ecol\u00f3gico, nos aseguramos de que cada tableta de chocolate blanco se produzca sin utilizar pesticidas qu\u00edmicos, fertilizantes artificiales ni organismos modificados gen\u00e9ticamente. <\/p>\n<p style=\"text-align: left\">Este cuidado del origen y la elaboraci\u00f3n de los ingredientes se traduce en un producto final m\u00e1s sano para ti y, sobre todo, mejor para el medio ambiente.<\/p>\n<p style=\"text-align: left\">Saborea nuestra Tableta de Chocolate Blanco Ecol\u00f3gico y descubre la combinaci\u00f3n perfecta de sabor, calidad y conciencia medioambiental. Convierte tus momentos de indulgencia en una experiencia de lujo consciente con nuestra Tableta de Chocolate Blanco Ecol\u00f3gico. <\/p>\n<\/div>\n<\/div>\n<\/div>\n<\/div>\n","protected":false},"excerpt":{"rendered":"<p>Descubre la pureza y delicadeza de nuestra Tableta de Chocolate Blanco Ecol\u00f3gico. Elaborada con ingredientes ecol\u00f3gicos de alta calidad, ofrece un sabor suave y cremoso. <\/p>\n","protected":false},"featured_media":9496,"comment_status":"open","ping_status":"closed","template":"","meta":[],"product_brand":[],"product_cat":[200],"product_tag":[],"class_list":{"0":"post-9600","1":"product","2":"type-product","3":"status-publish","4":"has-post-thumbnail","6":"product_cat-tabletas-de-chocolate","7":"edicoes-saludable","9":"first","10":"instock","11":"shipping-taxable","12":"purchasable","13":"product-type-simple"},"yoast_head":"<!-- This site is optimized with the Yoast SEO plugin v27.2 - https:\/\/yoast.com\/product\/yoast-seo-wordpress\/ -->\n<title>Chocolate blanco ecol\u00f3gico | Tableta de chocolate<\/title>\n<meta name=\"description\" content=\"Elaborada con ingredientes ecol\u00f3gicos de alta calidad, esta tableta de chocolate blanco ecol\u00f3gico ofrece un sabor suave y cremoso.\" \/>\n<meta name=\"robots\" content=\"index, follow, max-snippet:-1, max-image-preview:large, max-video-preview:-1\" \/>\n<link rel=\"canonical\" href=\"https:\/\/simchocolate.com\/es\/produto\/tableta-de-chocolate-blanco-ecologico\/\" \/>\n<meta property=\"og:locale\" content=\"es_ES\" \/>\n<meta property=\"og:type\" content=\"article\" \/>\n<meta property=\"og:title\" content=\"Chocolate blanco ecol\u00f3gico | Tableta de chocolate\" \/>\n<meta property=\"og:description\" content=\"Elaborada con ingredientes ecol\u00f3gicos de alta calidad, esta tableta de chocolate blanco ecol\u00f3gico ofrece un sabor suave y cremoso.\" \/>\n<meta property=\"og:url\" content=\"https:\/\/simchocolate.com\/es\/produto\/tableta-de-chocolate-blanco-ecologico\/\" \/>\n<meta property=\"og:site_name\" content=\"SIM Chocolate\" \/>\n<meta property=\"article:publisher\" content=\"https:\/\/www.facebook.com\/SimBombons\" \/>\n<meta property=\"og:image\" content=\"https:\/\/simchocolate.com\/wp-content\/uploads\/2023\/10\/brnaco-scaled.jpg\" \/>\n\t<meta property=\"og:image:width\" content=\"2560\" \/>\n\t<meta property=\"og:image:height\" content=\"2560\" \/>\n\t<meta property=\"og:image:type\" content=\"image\/jpeg\" \/>\n<meta name=\"twitter:card\" content=\"summary_large_image\" \/>\n<meta name=\"twitter:label1\" content=\"Tiempo de lectura\" \/>\n\t<meta name=\"twitter:data1\" content=\"1 minuto\" \/>\n<script type=\"application\/ld+json\" class=\"yoast-schema-graph\">{\"@context\":\"https:\/\/schema.org\",\"@graph\":[{\"@type\":\"WebPage\",\"@id\":\"https:\/\/simchocolate.com\/es\/produto\/tableta-de-chocolate-blanco-ecologico\/\",\"url\":\"https:\/\/simchocolate.com\/es\/produto\/tableta-de-chocolate-blanco-ecologico\/\",\"name\":\"Chocolate blanco ecol\u00f3gico | Tableta de chocolate\",\"isPartOf\":{\"@id\":\"https:\/\/simchocolate.com\/es\/#website\"},\"primaryImageOfPage\":{\"@id\":\"https:\/\/simchocolate.com\/es\/produto\/tableta-de-chocolate-blanco-ecologico\/#primaryimage\"},\"image\":{\"@id\":\"https:\/\/simchocolate.com\/es\/produto\/tableta-de-chocolate-blanco-ecologico\/#primaryimage\"},\"thumbnailUrl\":\"https:\/\/simchocolate.com\/wp-content\/uploads\/2023\/10\/brnaco-scaled.jpg\",\"datePublished\":\"2023-10-20T18:08:31+00:00\",\"description\":\"Elaborada con ingredientes ecol\u00f3gicos de alta calidad, esta tableta de chocolate blanco ecol\u00f3gico ofrece un sabor suave y cremoso.\",\"breadcrumb\":{\"@id\":\"https:\/\/simchocolate.com\/es\/produto\/tableta-de-chocolate-blanco-ecologico\/#breadcrumb\"},\"inLanguage\":\"es\",\"potentialAction\":[{\"@type\":\"ReadAction\",\"target\":[\"https:\/\/simchocolate.com\/es\/produto\/tableta-de-chocolate-blanco-ecologico\/\"]}]},{\"@type\":\"ImageObject\",\"inLanguage\":\"es\",\"@id\":\"https:\/\/simchocolate.com\/es\/produto\/tableta-de-chocolate-blanco-ecologico\/#primaryimage\",\"url\":\"https:\/\/simchocolate.com\/wp-content\/uploads\/2023\/10\/brnaco-scaled.jpg\",\"contentUrl\":\"https:\/\/simchocolate.com\/wp-content\/uploads\/2023\/10\/brnaco-scaled.jpg\",\"width\":2560,\"height\":2560,\"caption\":\"tableta de chocolate blanco ecol\u00f3gico\"},{\"@type\":\"BreadcrumbList\",\"@id\":\"https:\/\/simchocolate.com\/es\/produto\/tableta-de-chocolate-blanco-ecologico\/#breadcrumb\",\"itemListElement\":[{\"@type\":\"ListItem\",\"position\":1,\"name\":\"In\u00edcio\",\"item\":\"https:\/\/simchocolate.com\/es\/\"},{\"@type\":\"ListItem\",\"position\":2,\"name\":\"Productos\",\"item\":\"https:\/\/simchocolate.com\/es\/shop\/\"},{\"@type\":\"ListItem\",\"position\":3,\"name\":\"Tableta de chocolate blanco ecol\u00f3gico\"}]},{\"@type\":\"WebSite\",\"@id\":\"https:\/\/simchocolate.com\/es\/#website\",\"url\":\"https:\/\/simchocolate.com\/es\/\",\"name\":\"SIM Chocolate\",\"description\":\"Do amor incondicional entre uma m\u00e3e e sua filha, nasce a marca SIM Bombons no Natal de 2014\",\"potentialAction\":[{\"@type\":\"SearchAction\",\"target\":{\"@type\":\"EntryPoint\",\"urlTemplate\":\"https:\/\/simchocolate.com\/es\/?s={search_term_string}\"},\"query-input\":{\"@type\":\"PropertyValueSpecification\",\"valueRequired\":true,\"valueName\":\"search_term_string\"}}],\"inLanguage\":\"es\"}]}<\/script>\n<!-- \/ Yoast SEO plugin. -->","yoast_head_json":{"title":"Chocolate blanco ecol\u00f3gico | Tableta de chocolate","description":"Elaborada con ingredientes ecol\u00f3gicos de alta calidad, esta tableta de chocolate blanco ecol\u00f3gico ofrece un sabor suave y cremoso.","robots":{"index":"index","follow":"follow","max-snippet":"max-snippet:-1","max-image-preview":"max-image-preview:large","max-video-preview":"max-video-preview:-1"},"canonical":"https:\/\/simchocolate.com\/es\/produto\/tableta-de-chocolate-blanco-ecologico\/","og_locale":"es_ES","og_type":"article","og_title":"Chocolate blanco ecol\u00f3gico | Tableta de chocolate","og_description":"Elaborada con ingredientes ecol\u00f3gicos de alta calidad, esta tableta de chocolate blanco ecol\u00f3gico ofrece un sabor suave y cremoso.","og_url":"https:\/\/simchocolate.com\/es\/produto\/tableta-de-chocolate-blanco-ecologico\/","og_site_name":"SIM Chocolate","article_publisher":"https:\/\/www.facebook.com\/SimBombons","og_image":[{"width":2560,"height":2560,"url":"https:\/\/simchocolate.com\/wp-content\/uploads\/2023\/10\/brnaco-scaled.jpg","type":"image\/jpeg"}],"twitter_card":"summary_large_image","twitter_misc":{"Tiempo de lectura":"1 minuto"},"schema":{"@context":"https:\/\/schema.org","@graph":[{"@type":"WebPage","@id":"https:\/\/simchocolate.com\/es\/produto\/tableta-de-chocolate-blanco-ecologico\/","url":"https:\/\/simchocolate.com\/es\/produto\/tableta-de-chocolate-blanco-ecologico\/","name":"Chocolate blanco ecol\u00f3gico | Tableta de chocolate","isPartOf":{"@id":"https:\/\/simchocolate.com\/es\/#website"},"primaryImageOfPage":{"@id":"https:\/\/simchocolate.com\/es\/produto\/tableta-de-chocolate-blanco-ecologico\/#primaryimage"},"image":{"@id":"https:\/\/simchocolate.com\/es\/produto\/tableta-de-chocolate-blanco-ecologico\/#primaryimage"},"thumbnailUrl":"https:\/\/simchocolate.com\/wp-content\/uploads\/2023\/10\/brnaco-scaled.jpg","datePublished":"2023-10-20T18:08:31+00:00","description":"Elaborada con ingredientes ecol\u00f3gicos de alta calidad, esta tableta de chocolate blanco ecol\u00f3gico ofrece un sabor suave y cremoso.","breadcrumb":{"@id":"https:\/\/simchocolate.com\/es\/produto\/tableta-de-chocolate-blanco-ecologico\/#breadcrumb"},"inLanguage":"es","potentialAction":[{"@type":"ReadAction","target":["https:\/\/simchocolate.com\/es\/produto\/tableta-de-chocolate-blanco-ecologico\/"]}]},{"@type":"ImageObject","inLanguage":"es","@id":"https:\/\/simchocolate.com\/es\/produto\/tableta-de-chocolate-blanco-ecologico\/#primaryimage","url":"https:\/\/simchocolate.com\/wp-content\/uploads\/2023\/10\/brnaco-scaled.jpg","contentUrl":"https:\/\/simchocolate.com\/wp-content\/uploads\/2023\/10\/brnaco-scaled.jpg","width":2560,"height":2560,"caption":"tableta de chocolate blanco ecol\u00f3gico"},{"@type":"BreadcrumbList","@id":"https:\/\/simchocolate.com\/es\/produto\/tableta-de-chocolate-blanco-ecologico\/#breadcrumb","itemListElement":[{"@type":"ListItem","position":1,"name":"In\u00edcio","item":"https:\/\/simchocolate.com\/es\/"},{"@type":"ListItem","position":2,"name":"Productos","item":"https:\/\/simchocolate.com\/es\/shop\/"},{"@type":"ListItem","position":3,"name":"Tableta de chocolate blanco ecol\u00f3gico"}]},{"@type":"WebSite","@id":"https:\/\/simchocolate.com\/es\/#website","url":"https:\/\/simchocolate.com\/es\/","name":"SIM Chocolate","description":"Do amor incondicional entre uma m\u00e3e e sua filha, nasce a marca SIM Bombons no Natal de 2014","potentialAction":[{"@type":"SearchAction","target":{"@type":"EntryPoint","urlTemplate":"https:\/\/simchocolate.com\/es\/?s={search_term_string}"},"query-input":{"@type":"PropertyValueSpecification","valueRequired":true,"valueName":"search_term_string"}}],"inLanguage":"es"}]}},"_links":{"self":[{"href":"https:\/\/simchocolate.com\/es\/wp-json\/wp\/v2\/product\/9600","targetHints":{"allow":["GET"]}}],"collection":[{"href":"https:\/\/simchocolate.com\/es\/wp-json\/wp\/v2\/product"}],"about":[{"href":"https:\/\/simchocolate.com\/es\/wp-json\/wp\/v2\/types\/product"}],"replies":[{"embeddable":true,"href":"https:\/\/simchocolate.com\/es\/wp-json\/wp\/v2\/comments?post=9600"}],"wp:featuredmedia":[{"embeddable":true,"href":"https:\/\/simchocolate.com\/es\/wp-json\/wp\/v2\/media\/9496"}],"wp:attachment":[{"href":"https:\/\/simchocolate.com\/es\/wp-json\/wp\/v2\/media?parent=9600"}],"wp:term":[{"taxonomy":"product_brand","embeddable":true,"href":"https:\/\/simchocolate.com\/es\/wp-json\/wp\/v2\/product_brand?post=9600"},{"taxonomy":"product_cat","embeddable":true,"href":"https:\/\/simchocolate.com\/es\/wp-json\/wp\/v2\/product_cat?post=9600"},{"taxonomy":"product_tag","embeddable":true,"href":"https:\/\/simchocolate.com\/es\/wp-json\/wp\/v2\/product_tag?post=9600"}],"curies":[{"name":"wp","href":"https:\/\/api.w.org\/{rel}","templated":true}]}}