{"id":9604,"date":"2023-10-20T16:55:01","date_gmt":"2023-10-20T16:55:01","guid":{"rendered":"https:\/\/simchocolate.com\/produto\/5-bigotes-de-chocolate\/"},"modified":"2023-10-20T16:55:01","modified_gmt":"2023-10-20T16:55:01","slug":"5-bigotes-de-chocolate","status":"publish","type":"product","link":"https:\/\/simchocolate.com\/es\/produto\/5-bigotes-de-chocolate\/","title":{"rendered":"5 Bigotes de chocolate"},"content":{"rendered":"<h5 style=\"text-align: left;\"><strong>5 Bigotes de chocolate<\/strong><\/h5>\n<p style=\"text-align: left;\">Nuestra caja de 5 bigotes de chocolate es una opci\u00f3n innovadora para quienes buscan un regalo \u00fanico y divertido. <strong>Cada bomb\u00f3n est\u00e1 moldeado en forma de bigote, aportando un toque de creatividad y originalidad<\/strong>. Elaborados con chocolate de primera calidad, estos bigotes son perfectos para cualquier ocasi\u00f3n especial, como cumplea\u00f1os, fiestas tem\u00e1ticas o como regalo divertido para amigos y familiares. La caja tiene un dise\u00f1o elegante y es ideal para quienes aprecian tanto la calidad como la presentaci\u00f3n.    <strong>Sorprende con un regalo que combine sabor y estilo de forma \u00fanica<\/strong><\/p>\n<p style=\"text-align: left;\"><strong>*Mantener a una temperatura entre 16\u00ba &#8211; 20\u00ba grados<\/strong><\/p>\n","protected":false},"excerpt":{"rendered":"<p>Una encantadora caja con 5 bigotes de chocolate, perfecta para regalos creativos y celebraciones.<\/p>\n","protected":false},"featured_media":9610,"comment_status":"closed","ping_status":"closed","template":"","meta":[],"product_brand":[],"product_cat":[190],"product_tag":[223,224],"class_list":{"0":"post-9604","1":"product","2":"type-product","3":"status-publish","4":"has-post-thumbnail","6":"product_cat-todo-el-chocolate","7":"product_tag-bigotes","8":"product_tag-bigotes-de-chocolate","9":"edicoes-especial-si","11":"first","12":"instock","13":"shipping-taxable","14":"purchasable","15":"product-type-simple"},"yoast_head":"<!-- This site is optimized with the Yoast SEO plugin v27.5 - https:\/\/yoast.com\/product\/yoast-seo-wordpress\/ -->\n<title>Bigotes de chocolate | Bombones creativos y tem\u00e1ticos<\/title>\n<meta name=\"description\" content=\"Caja de 5 Bigotitos de Chocolate, una divertida selecci\u00f3n de bombones con forma de bigote. Ideales para regalos y ocasiones especiales, con sabor y creatividad\" \/>\n<meta name=\"robots\" content=\"index, follow, max-snippet:-1, max-image-preview:large, max-video-preview:-1\" \/>\n<link rel=\"canonical\" href=\"https:\/\/simchocolate.com\/es\/produto\/5-bigotes-de-chocolate\/\" \/>\n<meta property=\"og:locale\" content=\"es_ES\" \/>\n<meta property=\"og:type\" content=\"article\" \/>\n<meta property=\"og:title\" content=\"Bigotes de chocolate | Bombones creativos y tem\u00e1ticos\" \/>\n<meta property=\"og:description\" content=\"Caja de 5 Bigotitos de Chocolate, una divertida selecci\u00f3n de bombones con forma de bigote. Ideales para regalos y ocasiones especiales, con sabor y creatividad\" \/>\n<meta property=\"og:url\" content=\"https:\/\/simchocolate.com\/es\/produto\/5-bigotes-de-chocolate\/\" \/>\n<meta property=\"og:site_name\" content=\"SIM Chocolate\" \/>\n<meta property=\"article:publisher\" content=\"https:\/\/www.facebook.com\/SimBombons\" \/>\n<meta property=\"og:image\" content=\"https:\/\/simchocolate.com\/wp-content\/uploads\/2023\/10\/BX0012-v3.jpg\" \/>\n\t<meta property=\"og:image:width\" content=\"2251\" \/>\n\t<meta property=\"og:image:height\" content=\"2250\" \/>\n\t<meta property=\"og:image:type\" content=\"image\/jpeg\" \/>\n<meta name=\"twitter:card\" content=\"summary_large_image\" \/>\n<meta name=\"twitter:label1\" content=\"Tiempo de lectura\" \/>\n\t<meta name=\"twitter:data1\" content=\"1 minuto\" \/>\n<script type=\"application\/ld+json\" class=\"yoast-schema-graph\">{\"@context\":\"https:\\\/\\\/schema.org\",\"@graph\":[{\"@type\":\"WebPage\",\"@id\":\"https:\\\/\\\/simchocolate.com\\\/es\\\/produto\\\/5-bigotes-de-chocolate\\\/\",\"url\":\"https:\\\/\\\/simchocolate.com\\\/es\\\/produto\\\/5-bigotes-de-chocolate\\\/\",\"name\":\"Bigotes de chocolate | Bombones creativos y tem\u00e1ticos\",\"isPartOf\":{\"@id\":\"https:\\\/\\\/simchocolate.com\\\/es\\\/#website\"},\"primaryImageOfPage\":{\"@id\":\"https:\\\/\\\/simchocolate.com\\\/es\\\/produto\\\/5-bigotes-de-chocolate\\\/#primaryimage\"},\"image\":{\"@id\":\"https:\\\/\\\/simchocolate.com\\\/es\\\/produto\\\/5-bigotes-de-chocolate\\\/#primaryimage\"},\"thumbnailUrl\":\"https:\\\/\\\/simchocolate.com\\\/wp-content\\\/uploads\\\/2023\\\/10\\\/BX0012-v3.jpg\",\"datePublished\":\"2023-10-20T16:55:01+00:00\",\"description\":\"Caja de 5 Bigotitos de Chocolate, una divertida selecci\u00f3n de bombones con forma de bigote. Ideales para regalos y ocasiones especiales, con sabor y creatividad\",\"breadcrumb\":{\"@id\":\"https:\\\/\\\/simchocolate.com\\\/es\\\/produto\\\/5-bigotes-de-chocolate\\\/#breadcrumb\"},\"inLanguage\":\"es\",\"potentialAction\":[{\"@type\":\"ReadAction\",\"target\":[\"https:\\\/\\\/simchocolate.com\\\/es\\\/produto\\\/5-bigotes-de-chocolate\\\/\"]}]},{\"@type\":\"ImageObject\",\"inLanguage\":\"es\",\"@id\":\"https:\\\/\\\/simchocolate.com\\\/es\\\/produto\\\/5-bigotes-de-chocolate\\\/#primaryimage\",\"url\":\"https:\\\/\\\/simchocolate.com\\\/wp-content\\\/uploads\\\/2023\\\/10\\\/BX0012-v3.jpg\",\"contentUrl\":\"https:\\\/\\\/simchocolate.com\\\/wp-content\\\/uploads\\\/2023\\\/10\\\/BX0012-v3.jpg\",\"width\":2251,\"height\":2250,\"caption\":\"5 bigodes de chocolate\"},{\"@type\":\"BreadcrumbList\",\"@id\":\"https:\\\/\\\/simchocolate.com\\\/es\\\/produto\\\/5-bigotes-de-chocolate\\\/#breadcrumb\",\"itemListElement\":[{\"@type\":\"ListItem\",\"position\":1,\"name\":\"In\u00edcio\",\"item\":\"https:\\\/\\\/simchocolate.com\\\/es\\\/\"},{\"@type\":\"ListItem\",\"position\":2,\"name\":\"Productos\",\"item\":\"https:\\\/\\\/simchocolate.com\\\/es\\\/shop\\\/\"},{\"@type\":\"ListItem\",\"position\":3,\"name\":\"5 Bigotes de chocolate\"}]},{\"@type\":\"WebSite\",\"@id\":\"https:\\\/\\\/simchocolate.com\\\/es\\\/#website\",\"url\":\"https:\\\/\\\/simchocolate.com\\\/es\\\/\",\"name\":\"SIM Chocolate\",\"description\":\"Do amor incondicional entre uma m\u00e3e e sua filha, nasce a marca SIM Bombons no Natal de 2014\",\"potentialAction\":[{\"@type\":\"SearchAction\",\"target\":{\"@type\":\"EntryPoint\",\"urlTemplate\":\"https:\\\/\\\/simchocolate.com\\\/es\\\/?s={search_term_string}\"},\"query-input\":{\"@type\":\"PropertyValueSpecification\",\"valueRequired\":true,\"valueName\":\"search_term_string\"}}],\"inLanguage\":\"es\"}]}<\/script>\n<!-- \/ Yoast SEO plugin. -->","yoast_head_json":{"title":"Bigotes de chocolate | Bombones creativos y tem\u00e1ticos","description":"Caja de 5 Bigotitos de Chocolate, una divertida selecci\u00f3n de bombones con forma de bigote. Ideales para regalos y ocasiones especiales, con sabor y creatividad","robots":{"index":"index","follow":"follow","max-snippet":"max-snippet:-1","max-image-preview":"max-image-preview:large","max-video-preview":"max-video-preview:-1"},"canonical":"https:\/\/simchocolate.com\/es\/produto\/5-bigotes-de-chocolate\/","og_locale":"es_ES","og_type":"article","og_title":"Bigotes de chocolate | Bombones creativos y tem\u00e1ticos","og_description":"Caja de 5 Bigotitos de Chocolate, una divertida selecci\u00f3n de bombones con forma de bigote. Ideales para regalos y ocasiones especiales, con sabor y creatividad","og_url":"https:\/\/simchocolate.com\/es\/produto\/5-bigotes-de-chocolate\/","og_site_name":"SIM Chocolate","article_publisher":"https:\/\/www.facebook.com\/SimBombons","og_image":[{"width":2251,"height":2250,"url":"https:\/\/simchocolate.com\/wp-content\/uploads\/2023\/10\/BX0012-v3.jpg","type":"image\/jpeg"}],"twitter_card":"summary_large_image","twitter_misc":{"Tiempo de lectura":"1 minuto"},"schema":{"@context":"https:\/\/schema.org","@graph":[{"@type":"WebPage","@id":"https:\/\/simchocolate.com\/es\/produto\/5-bigotes-de-chocolate\/","url":"https:\/\/simchocolate.com\/es\/produto\/5-bigotes-de-chocolate\/","name":"Bigotes de chocolate | Bombones creativos y tem\u00e1ticos","isPartOf":{"@id":"https:\/\/simchocolate.com\/es\/#website"},"primaryImageOfPage":{"@id":"https:\/\/simchocolate.com\/es\/produto\/5-bigotes-de-chocolate\/#primaryimage"},"image":{"@id":"https:\/\/simchocolate.com\/es\/produto\/5-bigotes-de-chocolate\/#primaryimage"},"thumbnailUrl":"https:\/\/simchocolate.com\/wp-content\/uploads\/2023\/10\/BX0012-v3.jpg","datePublished":"2023-10-20T16:55:01+00:00","description":"Caja de 5 Bigotitos de Chocolate, una divertida selecci\u00f3n de bombones con forma de bigote. Ideales para regalos y ocasiones especiales, con sabor y creatividad","breadcrumb":{"@id":"https:\/\/simchocolate.com\/es\/produto\/5-bigotes-de-chocolate\/#breadcrumb"},"inLanguage":"es","potentialAction":[{"@type":"ReadAction","target":["https:\/\/simchocolate.com\/es\/produto\/5-bigotes-de-chocolate\/"]}]},{"@type":"ImageObject","inLanguage":"es","@id":"https:\/\/simchocolate.com\/es\/produto\/5-bigotes-de-chocolate\/#primaryimage","url":"https:\/\/simchocolate.com\/wp-content\/uploads\/2023\/10\/BX0012-v3.jpg","contentUrl":"https:\/\/simchocolate.com\/wp-content\/uploads\/2023\/10\/BX0012-v3.jpg","width":2251,"height":2250,"caption":"5 bigodes de chocolate"},{"@type":"BreadcrumbList","@id":"https:\/\/simchocolate.com\/es\/produto\/5-bigotes-de-chocolate\/#breadcrumb","itemListElement":[{"@type":"ListItem","position":1,"name":"In\u00edcio","item":"https:\/\/simchocolate.com\/es\/"},{"@type":"ListItem","position":2,"name":"Productos","item":"https:\/\/simchocolate.com\/es\/shop\/"},{"@type":"ListItem","position":3,"name":"5 Bigotes de chocolate"}]},{"@type":"WebSite","@id":"https:\/\/simchocolate.com\/es\/#website","url":"https:\/\/simchocolate.com\/es\/","name":"SIM Chocolate","description":"Do amor incondicional entre uma m\u00e3e e sua filha, nasce a marca SIM Bombons no Natal de 2014","potentialAction":[{"@type":"SearchAction","target":{"@type":"EntryPoint","urlTemplate":"https:\/\/simchocolate.com\/es\/?s={search_term_string}"},"query-input":{"@type":"PropertyValueSpecification","valueRequired":true,"valueName":"search_term_string"}}],"inLanguage":"es"}]}},"_links":{"self":[{"href":"https:\/\/simchocolate.com\/es\/wp-json\/wp\/v2\/product\/9604","targetHints":{"allow":["GET"]}}],"collection":[{"href":"https:\/\/simchocolate.com\/es\/wp-json\/wp\/v2\/product"}],"about":[{"href":"https:\/\/simchocolate.com\/es\/wp-json\/wp\/v2\/types\/product"}],"replies":[{"embeddable":true,"href":"https:\/\/simchocolate.com\/es\/wp-json\/wp\/v2\/comments?post=9604"}],"wp:featuredmedia":[{"embeddable":true,"href":"https:\/\/simchocolate.com\/es\/wp-json\/wp\/v2\/media\/9610"}],"wp:attachment":[{"href":"https:\/\/simchocolate.com\/es\/wp-json\/wp\/v2\/media?parent=9604"}],"wp:term":[{"taxonomy":"product_brand","embeddable":true,"href":"https:\/\/simchocolate.com\/es\/wp-json\/wp\/v2\/product_brand?post=9604"},{"taxonomy":"product_cat","embeddable":true,"href":"https:\/\/simchocolate.com\/es\/wp-json\/wp\/v2\/product_cat?post=9604"},{"taxonomy":"product_tag","embeddable":true,"href":"https:\/\/simchocolate.com\/es\/wp-json\/wp\/v2\/product_tag?post=9604"}],"curies":[{"name":"wp","href":"https:\/\/api.w.org\/{rel}","templated":true}]}}