{"id":9605,"date":"2023-10-20T18:08:39","date_gmt":"2023-10-20T18:08:39","guid":{"rendered":"https:\/\/simchocolate.com\/produto\/tableta-de-chocolate-con-leche-ecologico\/"},"modified":"2023-10-20T18:08:39","modified_gmt":"2023-10-20T18:08:39","slug":"tableta-de-chocolate-con-leche-ecologico","status":"publish","type":"product","link":"https:\/\/simchocolate.com\/es\/produto\/tableta-de-chocolate-con-leche-ecologico\/","title":{"rendered":"Tableta de chocolate con leche ecol\u00f3gico"},"content":{"rendered":"<div class=\"flex flex-grow flex-col max-w-full\">\n<div class=\"min-h-[20px] text-message flex w-full flex-col items-end gap-2 whitespace-pre-wrap break-words [.text-message+&amp;]:mt-5 overflow-x-auto\" dir=\"auto\" data-message-author-role=\"assistant\" data-message-id=\"685b47e2-985e-4271-99c5-c95ebb762bd2\">\n<div class=\"flex w-full flex-col gap-1 empty:hidden first:pt-[3px]\">\n<div class=\"markdown prose w-full break-words dark:prose-invert dark\">\n<h5 style=\"text-align: left\">  la tentaci\u00f3n ecol\u00f3gica que te mereces<\/h5>\n<p style=\"text-align: left\">Descubre el sublime placer de nuestra Tableta de Chocolate con Leche Ecol\u00f3gico, una aut\u00e9ntica celebraci\u00f3n del sabor puro y la calidad ecol\u00f3gica. Desarrollada para los amantes del chocolate que buscan <strong>una opci\u00f3n deliciosa y responsable. <\/strong>  <\/p>\n<p style=\"text-align: left\"><strong>Elaborada con ingredientes 100% ecol\u00f3gicos<\/strong>, nuestra barra combina la cremosa suavidad de la leche entera con la rica profundidad del cacao seleccionado. El resultado es un chocolate que ofrece una textura sedosa y un sabor que se funde en la boca, proporcionando una experiencia de degustaci\u00f3n \u00fanica. Cada trozo es m\u00e1gico y alude a la sencillez y pureza de los ingredientes.  <\/p>\n<p style=\"text-align: left\">La producci\u00f3n de esta barra sigue estrictas normas de certificaci\u00f3n ecol\u00f3gica, que garantizan que todos los ingredientes se cultivan sin utilizar pesticidas ni fertilizantes sint\u00e9ticos. El cacao utilizado procede de fuentes sostenibles, apoyando pr\u00e1cticas agr\u00edcolas responsables y promoviendo el bienestar de las comunidades locales. En resumen, al elegir nuestra Tableta de Chocolate con Leche Ecol\u00f3gico, no s\u00f3lo saboreas un chocolate de calidad superior, sino que tambi\u00e9n contribuyes a un futuro m\u00e1s sostenible y \u00e9tico.  <\/p>\n<p style=\"text-align: left\">Experimenta la diferencia del chocolate ecol\u00f3gico y descubre c\u00f3mo nuestra Tableta de Chocolate con Leche Ecol\u00f3gico<strong>redefine el placer del chocolate con un enfoque consciente y delicioso.<\/strong><\/p>\n<p>&nbsp;<\/p>\n<\/div>\n<\/div>\n<\/div>\n<\/div>\n","protected":false},"excerpt":{"rendered":"<p>Elaborada con ingredientes 100% ecol\u00f3gicos, esta barrita combina la suavidad de la leche con el rico sabor del cacao, ofreciendo un sabor delicioso y sostenible.<\/p>\n","protected":false},"featured_media":9607,"comment_status":"open","ping_status":"closed","template":"","meta":[],"product_brand":[],"product_cat":[200],"product_tag":[],"class_list":{"0":"post-9605","1":"product","2":"type-product","3":"status-publish","4":"has-post-thumbnail","6":"product_cat-tabletas-de-chocolate","7":"edicoes-saludable","9":"first","10":"instock","11":"shipping-taxable","12":"purchasable","13":"product-type-simple"},"yoast_head":"<!-- This site is optimized with the Yoast SEO plugin v27.2 - https:\/\/yoast.com\/product\/yoast-seo-wordpress\/ -->\n<title>Chocolate ecol\u00f3gico | Tableta de chocolate con leche<\/title>\n<meta name=\"description\" content=\"Elaborada con ingredientes 100% ecol\u00f3gicos, esta tableta de chocolate ecol\u00f3gico combina la leche con el rico sabor del cacao, ofreciendo un sabor delicioso.\" \/>\n<meta name=\"robots\" content=\"index, follow, max-snippet:-1, max-image-preview:large, max-video-preview:-1\" \/>\n<link rel=\"canonical\" href=\"https:\/\/simchocolate.com\/es\/produto\/tableta-de-chocolate-con-leche-ecologico\/\" \/>\n<meta property=\"og:locale\" content=\"es_ES\" \/>\n<meta property=\"og:type\" content=\"article\" \/>\n<meta property=\"og:title\" content=\"Chocolate ecol\u00f3gico | Tableta de chocolate con leche\" \/>\n<meta property=\"og:description\" content=\"Elaborada con ingredientes 100% ecol\u00f3gicos, esta tableta de chocolate ecol\u00f3gico combina la leche con el rico sabor del cacao, ofreciendo un sabor delicioso.\" \/>\n<meta property=\"og:url\" content=\"https:\/\/simchocolate.com\/es\/produto\/tableta-de-chocolate-con-leche-ecologico\/\" \/>\n<meta property=\"og:site_name\" content=\"SIM Chocolate\" \/>\n<meta property=\"article:publisher\" content=\"https:\/\/www.facebook.com\/SimBombons\" \/>\n<meta property=\"og:image\" content=\"https:\/\/simchocolate.com\/wp-content\/uploads\/2023\/10\/bio-leite-scaled.jpg\" \/>\n\t<meta property=\"og:image:width\" content=\"2560\" \/>\n\t<meta property=\"og:image:height\" content=\"2560\" \/>\n\t<meta property=\"og:image:type\" content=\"image\/jpeg\" \/>\n<meta name=\"twitter:card\" content=\"summary_large_image\" \/>\n<meta name=\"twitter:label1\" content=\"Tiempo de lectura\" \/>\n\t<meta name=\"twitter:data1\" content=\"1 minuto\" \/>\n<script type=\"application\/ld+json\" class=\"yoast-schema-graph\">{\"@context\":\"https:\/\/schema.org\",\"@graph\":[{\"@type\":\"WebPage\",\"@id\":\"https:\/\/simchocolate.com\/es\/produto\/tableta-de-chocolate-con-leche-ecologico\/\",\"url\":\"https:\/\/simchocolate.com\/es\/produto\/tableta-de-chocolate-con-leche-ecologico\/\",\"name\":\"Chocolate ecol\u00f3gico | Tableta de chocolate con leche\",\"isPartOf\":{\"@id\":\"https:\/\/simchocolate.com\/es\/#website\"},\"primaryImageOfPage\":{\"@id\":\"https:\/\/simchocolate.com\/es\/produto\/tableta-de-chocolate-con-leche-ecologico\/#primaryimage\"},\"image\":{\"@id\":\"https:\/\/simchocolate.com\/es\/produto\/tableta-de-chocolate-con-leche-ecologico\/#primaryimage\"},\"thumbnailUrl\":\"https:\/\/simchocolate.com\/wp-content\/uploads\/2023\/10\/bio-leite-scaled.jpg\",\"datePublished\":\"2023-10-20T18:08:39+00:00\",\"description\":\"Elaborada con ingredientes 100% ecol\u00f3gicos, esta tableta de chocolate ecol\u00f3gico combina la leche con el rico sabor del cacao, ofreciendo un sabor delicioso.\",\"breadcrumb\":{\"@id\":\"https:\/\/simchocolate.com\/es\/produto\/tableta-de-chocolate-con-leche-ecologico\/#breadcrumb\"},\"inLanguage\":\"es\",\"potentialAction\":[{\"@type\":\"ReadAction\",\"target\":[\"https:\/\/simchocolate.com\/es\/produto\/tableta-de-chocolate-con-leche-ecologico\/\"]}]},{\"@type\":\"ImageObject\",\"inLanguage\":\"es\",\"@id\":\"https:\/\/simchocolate.com\/es\/produto\/tableta-de-chocolate-con-leche-ecologico\/#primaryimage\",\"url\":\"https:\/\/simchocolate.com\/wp-content\/uploads\/2023\/10\/bio-leite-scaled.jpg\",\"contentUrl\":\"https:\/\/simchocolate.com\/wp-content\/uploads\/2023\/10\/bio-leite-scaled.jpg\",\"width\":2560,\"height\":2560,\"caption\":\"chocolate bio\"},{\"@type\":\"BreadcrumbList\",\"@id\":\"https:\/\/simchocolate.com\/es\/produto\/tableta-de-chocolate-con-leche-ecologico\/#breadcrumb\",\"itemListElement\":[{\"@type\":\"ListItem\",\"position\":1,\"name\":\"In\u00edcio\",\"item\":\"https:\/\/simchocolate.com\/es\/\"},{\"@type\":\"ListItem\",\"position\":2,\"name\":\"Productos\",\"item\":\"https:\/\/simchocolate.com\/es\/shop\/\"},{\"@type\":\"ListItem\",\"position\":3,\"name\":\"Tableta de chocolate con leche ecol\u00f3gico\"}]},{\"@type\":\"WebSite\",\"@id\":\"https:\/\/simchocolate.com\/es\/#website\",\"url\":\"https:\/\/simchocolate.com\/es\/\",\"name\":\"SIM Chocolate\",\"description\":\"Do amor incondicional entre uma m\u00e3e e sua filha, nasce a marca SIM Bombons no Natal de 2014\",\"potentialAction\":[{\"@type\":\"SearchAction\",\"target\":{\"@type\":\"EntryPoint\",\"urlTemplate\":\"https:\/\/simchocolate.com\/es\/?s={search_term_string}\"},\"query-input\":{\"@type\":\"PropertyValueSpecification\",\"valueRequired\":true,\"valueName\":\"search_term_string\"}}],\"inLanguage\":\"es\"}]}<\/script>\n<!-- \/ Yoast SEO plugin. -->","yoast_head_json":{"title":"Chocolate ecol\u00f3gico | Tableta de chocolate con leche","description":"Elaborada con ingredientes 100% ecol\u00f3gicos, esta tableta de chocolate ecol\u00f3gico combina la leche con el rico sabor del cacao, ofreciendo un sabor delicioso.","robots":{"index":"index","follow":"follow","max-snippet":"max-snippet:-1","max-image-preview":"max-image-preview:large","max-video-preview":"max-video-preview:-1"},"canonical":"https:\/\/simchocolate.com\/es\/produto\/tableta-de-chocolate-con-leche-ecologico\/","og_locale":"es_ES","og_type":"article","og_title":"Chocolate ecol\u00f3gico | Tableta de chocolate con leche","og_description":"Elaborada con ingredientes 100% ecol\u00f3gicos, esta tableta de chocolate ecol\u00f3gico combina la leche con el rico sabor del cacao, ofreciendo un sabor delicioso.","og_url":"https:\/\/simchocolate.com\/es\/produto\/tableta-de-chocolate-con-leche-ecologico\/","og_site_name":"SIM Chocolate","article_publisher":"https:\/\/www.facebook.com\/SimBombons","og_image":[{"width":2560,"height":2560,"url":"https:\/\/simchocolate.com\/wp-content\/uploads\/2023\/10\/bio-leite-scaled.jpg","type":"image\/jpeg"}],"twitter_card":"summary_large_image","twitter_misc":{"Tiempo de lectura":"1 minuto"},"schema":{"@context":"https:\/\/schema.org","@graph":[{"@type":"WebPage","@id":"https:\/\/simchocolate.com\/es\/produto\/tableta-de-chocolate-con-leche-ecologico\/","url":"https:\/\/simchocolate.com\/es\/produto\/tableta-de-chocolate-con-leche-ecologico\/","name":"Chocolate ecol\u00f3gico | Tableta de chocolate con leche","isPartOf":{"@id":"https:\/\/simchocolate.com\/es\/#website"},"primaryImageOfPage":{"@id":"https:\/\/simchocolate.com\/es\/produto\/tableta-de-chocolate-con-leche-ecologico\/#primaryimage"},"image":{"@id":"https:\/\/simchocolate.com\/es\/produto\/tableta-de-chocolate-con-leche-ecologico\/#primaryimage"},"thumbnailUrl":"https:\/\/simchocolate.com\/wp-content\/uploads\/2023\/10\/bio-leite-scaled.jpg","datePublished":"2023-10-20T18:08:39+00:00","description":"Elaborada con ingredientes 100% ecol\u00f3gicos, esta tableta de chocolate ecol\u00f3gico combina la leche con el rico sabor del cacao, ofreciendo un sabor delicioso.","breadcrumb":{"@id":"https:\/\/simchocolate.com\/es\/produto\/tableta-de-chocolate-con-leche-ecologico\/#breadcrumb"},"inLanguage":"es","potentialAction":[{"@type":"ReadAction","target":["https:\/\/simchocolate.com\/es\/produto\/tableta-de-chocolate-con-leche-ecologico\/"]}]},{"@type":"ImageObject","inLanguage":"es","@id":"https:\/\/simchocolate.com\/es\/produto\/tableta-de-chocolate-con-leche-ecologico\/#primaryimage","url":"https:\/\/simchocolate.com\/wp-content\/uploads\/2023\/10\/bio-leite-scaled.jpg","contentUrl":"https:\/\/simchocolate.com\/wp-content\/uploads\/2023\/10\/bio-leite-scaled.jpg","width":2560,"height":2560,"caption":"chocolate bio"},{"@type":"BreadcrumbList","@id":"https:\/\/simchocolate.com\/es\/produto\/tableta-de-chocolate-con-leche-ecologico\/#breadcrumb","itemListElement":[{"@type":"ListItem","position":1,"name":"In\u00edcio","item":"https:\/\/simchocolate.com\/es\/"},{"@type":"ListItem","position":2,"name":"Productos","item":"https:\/\/simchocolate.com\/es\/shop\/"},{"@type":"ListItem","position":3,"name":"Tableta de chocolate con leche ecol\u00f3gico"}]},{"@type":"WebSite","@id":"https:\/\/simchocolate.com\/es\/#website","url":"https:\/\/simchocolate.com\/es\/","name":"SIM Chocolate","description":"Do amor incondicional entre uma m\u00e3e e sua filha, nasce a marca SIM Bombons no Natal de 2014","potentialAction":[{"@type":"SearchAction","target":{"@type":"EntryPoint","urlTemplate":"https:\/\/simchocolate.com\/es\/?s={search_term_string}"},"query-input":{"@type":"PropertyValueSpecification","valueRequired":true,"valueName":"search_term_string"}}],"inLanguage":"es"}]}},"_links":{"self":[{"href":"https:\/\/simchocolate.com\/es\/wp-json\/wp\/v2\/product\/9605","targetHints":{"allow":["GET"]}}],"collection":[{"href":"https:\/\/simchocolate.com\/es\/wp-json\/wp\/v2\/product"}],"about":[{"href":"https:\/\/simchocolate.com\/es\/wp-json\/wp\/v2\/types\/product"}],"replies":[{"embeddable":true,"href":"https:\/\/simchocolate.com\/es\/wp-json\/wp\/v2\/comments?post=9605"}],"wp:featuredmedia":[{"embeddable":true,"href":"https:\/\/simchocolate.com\/es\/wp-json\/wp\/v2\/media\/9607"}],"wp:attachment":[{"href":"https:\/\/simchocolate.com\/es\/wp-json\/wp\/v2\/media?parent=9605"}],"wp:term":[{"taxonomy":"product_brand","embeddable":true,"href":"https:\/\/simchocolate.com\/es\/wp-json\/wp\/v2\/product_brand?post=9605"},{"taxonomy":"product_cat","embeddable":true,"href":"https:\/\/simchocolate.com\/es\/wp-json\/wp\/v2\/product_cat?post=9605"},{"taxonomy":"product_tag","embeddable":true,"href":"https:\/\/simchocolate.com\/es\/wp-json\/wp\/v2\/product_tag?post=9605"}],"curies":[{"name":"wp","href":"https:\/\/api.w.org\/{rel}","templated":true}]}}