{"id":9611,"date":"2023-10-20T16:54:52","date_gmt":"2023-10-20T16:54:52","guid":{"rendered":"https:\/\/simchocolate.com\/produto\/caja-de-chocolate-vegano\/"},"modified":"2023-10-20T16:54:52","modified_gmt":"2023-10-20T16:54:52","slug":"caja-de-chocolate-vegano","status":"publish","type":"product","link":"https:\/\/simchocolate.com\/es\/produto\/caja-de-chocolate-vegano\/","title":{"rendered":"Caja de chocolate vegano"},"content":{"rendered":"<div class=\"flex flex-grow flex-col max-w-full\">\n<div class=\"min-h-[20px] text-message flex flex-col items-start whitespace-pre-wrap break-words [.text-message+&amp;]:mt-5 juice:w-full juice:items-end overflow-x-auto gap-2\" dir=\"auto\" data-message-author-role=\"assistant\" data-message-id=\"fd9110c1-6faf-41ba-a065-39c3e8628c0f\">\n<div class=\"flex w-full flex-col gap-1 juice:empty:hidden juice:first:pt-[3px]\">\n<div class=\"markdown prose w-full break-words dark:prose-invert dark\">\n<h5 style=\"text-align: left;\">La experiencia perfecta del chocolate vegano<\/h5>\n<p style=\"text-align: left;\">Presentamos nuestra Caja Vegana de 9 Bombones, una colecci\u00f3n cuidadosamente elaborada que celebra la riqueza y diversidad del chocolate, <strong>totalmente libre de ingredientes de origen animal<\/strong>. Esta caja es una obra maestra artesanal, ideal para quienes siguen una dieta vegana y para todos los amantes del chocolate que buscan una experiencia gourmet \u00fanica. <\/p>\n<p style=\"text-align: left;\">Cada bomb\u00f3n de esta colecci\u00f3n se elabora con ingredientes 100% veganos, seleccionados a mano por su calidad y sabor excepcionales. Adem\u00e1s, la combinaci\u00f3n de sabores ofrece un viaje sensorial que va del dulzor suave al intenso, satisfaciendo incluso a los paladares m\u00e1s exigentes. La textura cremosa y el profundo sabor del chocolate de primera calidad hacen de cada bocado un momento de puro placer.  <\/p>\n<p style=\"text-align: left;\"><strong>Prueba lo mejor del chocolate vegano y reg\u00e1late una experiencia de sabor sin igual<\/strong>. Ya sea para ti o para sorprender a alguien especial, nuestra caja vegana es la elecci\u00f3n perfecta para quienes valoran la calidad, el sabor y la responsabilidad medioambiental. <\/p>\n<p style=\"text-align: left;\">Del\u00e9itate con esta colecci\u00f3n exclusiva y descubre lo mejor que puede ofrecer el chocolate, sumergi\u00e9ndote en una experiencia sensorial \u00fanica. Adem\u00e1s, perm\u00edtete explorar los ricos sabores y la perfecci\u00f3n artesanal de esta selecci\u00f3n especial, y <strong>siente la verdadera esencia del chocolate de alta gama.<\/strong> <\/p>\n<p style=\"text-align: left;\"><strong>*Mantener a una temperatura entre 16\u00ba &#8211; 20\u00ba grados<\/strong><\/p>\n<\/div>\n<\/div>\n<\/div>\n<\/div>\n<div class=\"mt-1 flex gap-3 empty:hidden juice:-ml-3\">\n<div class=\"items-center justify-start rounded-xl p-1 flex\">\n<div class=\"flex items-center\">\n<div class=\"flex items-center pb-0.5 juice:pb-0\"><\/div>\n<\/div>\n<\/div>\n<\/div>\n","protected":false},"excerpt":{"rendered":"<p>Descubre nuestra Caja de Chocolate Vegana, donde los ricos sabores y los ingredientes 100% naturales sin az\u00facares a\u00f1adidos se unen para crear una experiencia de sabor inigualable.<\/p>\n<p><strong>Esta caja contiene 9 bombones \u00fanicos:<\/strong><\/p>\n<ul>\n<li>  3 Bombones veganos de almendra<\/li>\n<li>  3 Bombones veganos de anacardos<\/li>\n<li>  3 Bombones veganos de avellana<\/li>\n<\/ul>\n","protected":false},"featured_media":9621,"comment_status":"open","ping_status":"closed","template":"","meta":[],"product_brand":[],"product_cat":[189],"product_tag":[],"class_list":{"0":"post-9611","1":"product","2":"type-product","3":"status-publish","4":"has-post-thumbnail","6":"product_cat-caja-de-bombones","7":"edicoes-especial-si","8":"edicoes-saludable","10":"first","11":"instock","12":"shipping-taxable","13":"purchasable","14":"product-type-simple"},"yoast_head":"<!-- This site is optimized with the Yoast SEO plugin v27.2 - https:\/\/yoast.com\/product\/yoast-seo-wordpress\/ -->\n<title>Chocolate Vegano | Caja de 9 Bombones Gourmet<\/title>\n<meta name=\"description\" content=\"Descubre nuestra Caja de Chocolate Vegana, a la que a\u00f1adimos ricos sabores e ingredientes 100% naturales sin az\u00facares a\u00f1adidos.\" \/>\n<meta name=\"robots\" content=\"index, follow, max-snippet:-1, max-image-preview:large, max-video-preview:-1\" \/>\n<link rel=\"canonical\" href=\"https:\/\/simchocolate.com\/es\/produto\/caja-de-chocolate-vegano\/\" \/>\n<meta property=\"og:locale\" content=\"es_ES\" \/>\n<meta property=\"og:type\" content=\"article\" \/>\n<meta property=\"og:title\" content=\"Chocolate Vegano | Caja de 9 Bombones Gourmet\" \/>\n<meta property=\"og:description\" content=\"Descubre nuestra Caja de Chocolate Vegana, a la que a\u00f1adimos ricos sabores e ingredientes 100% naturales sin az\u00facares a\u00f1adidos.\" \/>\n<meta property=\"og:url\" content=\"https:\/\/simchocolate.com\/es\/produto\/caja-de-chocolate-vegano\/\" \/>\n<meta property=\"og:site_name\" content=\"SIM Chocolate\" \/>\n<meta property=\"article:publisher\" content=\"https:\/\/www.facebook.com\/SimBombons\" \/>\n<meta property=\"og:image\" content=\"https:\/\/simchocolate.com\/wp-content\/uploads\/2023\/10\/IMG_0812.jpg\" \/>\n\t<meta property=\"og:image:width\" content=\"1000\" \/>\n\t<meta property=\"og:image:height\" content=\"1000\" \/>\n\t<meta property=\"og:image:type\" content=\"image\/jpeg\" \/>\n<meta name=\"twitter:card\" content=\"summary_large_image\" \/>\n<meta name=\"twitter:label1\" content=\"Tiempo de lectura\" \/>\n\t<meta name=\"twitter:data1\" content=\"1 minuto\" \/>\n<script type=\"application\/ld+json\" class=\"yoast-schema-graph\">{\"@context\":\"https:\/\/schema.org\",\"@graph\":[{\"@type\":\"WebPage\",\"@id\":\"https:\/\/simchocolate.com\/es\/produto\/caja-de-chocolate-vegano\/\",\"url\":\"https:\/\/simchocolate.com\/es\/produto\/caja-de-chocolate-vegano\/\",\"name\":\"Chocolate Vegano | Caja de 9 Bombones Gourmet\",\"isPartOf\":{\"@id\":\"https:\/\/simchocolate.com\/es\/#website\"},\"primaryImageOfPage\":{\"@id\":\"https:\/\/simchocolate.com\/es\/produto\/caja-de-chocolate-vegano\/#primaryimage\"},\"image\":{\"@id\":\"https:\/\/simchocolate.com\/es\/produto\/caja-de-chocolate-vegano\/#primaryimage\"},\"thumbnailUrl\":\"https:\/\/simchocolate.com\/wp-content\/uploads\/2023\/10\/IMG_0812.jpg\",\"datePublished\":\"2023-10-20T16:54:52+00:00\",\"description\":\"Descubre nuestra Caja de Chocolate Vegana, a la que a\u00f1adimos ricos sabores e ingredientes 100% naturales sin az\u00facares a\u00f1adidos.\",\"breadcrumb\":{\"@id\":\"https:\/\/simchocolate.com\/es\/produto\/caja-de-chocolate-vegano\/#breadcrumb\"},\"inLanguage\":\"es\",\"potentialAction\":[{\"@type\":\"ReadAction\",\"target\":[\"https:\/\/simchocolate.com\/es\/produto\/caja-de-chocolate-vegano\/\"]}]},{\"@type\":\"ImageObject\",\"inLanguage\":\"es\",\"@id\":\"https:\/\/simchocolate.com\/es\/produto\/caja-de-chocolate-vegano\/#primaryimage\",\"url\":\"https:\/\/simchocolate.com\/wp-content\/uploads\/2023\/10\/IMG_0812.jpg\",\"contentUrl\":\"https:\/\/simchocolate.com\/wp-content\/uploads\/2023\/10\/IMG_0812.jpg\",\"width\":1000,\"height\":1000,\"caption\":\"caixa de chocolate vegan\"},{\"@type\":\"BreadcrumbList\",\"@id\":\"https:\/\/simchocolate.com\/es\/produto\/caja-de-chocolate-vegano\/#breadcrumb\",\"itemListElement\":[{\"@type\":\"ListItem\",\"position\":1,\"name\":\"In\u00edcio\",\"item\":\"https:\/\/simchocolate.com\/es\/\"},{\"@type\":\"ListItem\",\"position\":2,\"name\":\"Productos\",\"item\":\"https:\/\/simchocolate.com\/es\/shop\/\"},{\"@type\":\"ListItem\",\"position\":3,\"name\":\"Caja de chocolate vegano\"}]},{\"@type\":\"WebSite\",\"@id\":\"https:\/\/simchocolate.com\/es\/#website\",\"url\":\"https:\/\/simchocolate.com\/es\/\",\"name\":\"SIM Chocolate\",\"description\":\"Do amor incondicional entre uma m\u00e3e e sua filha, nasce a marca SIM Bombons no Natal de 2014\",\"potentialAction\":[{\"@type\":\"SearchAction\",\"target\":{\"@type\":\"EntryPoint\",\"urlTemplate\":\"https:\/\/simchocolate.com\/es\/?s={search_term_string}\"},\"query-input\":{\"@type\":\"PropertyValueSpecification\",\"valueRequired\":true,\"valueName\":\"search_term_string\"}}],\"inLanguage\":\"es\"}]}<\/script>\n<!-- \/ Yoast SEO plugin. -->","yoast_head_json":{"title":"Chocolate Vegano | Caja de 9 Bombones Gourmet","description":"Descubre nuestra Caja de Chocolate Vegana, a la que a\u00f1adimos ricos sabores e ingredientes 100% naturales sin az\u00facares a\u00f1adidos.","robots":{"index":"index","follow":"follow","max-snippet":"max-snippet:-1","max-image-preview":"max-image-preview:large","max-video-preview":"max-video-preview:-1"},"canonical":"https:\/\/simchocolate.com\/es\/produto\/caja-de-chocolate-vegano\/","og_locale":"es_ES","og_type":"article","og_title":"Chocolate Vegano | Caja de 9 Bombones Gourmet","og_description":"Descubre nuestra Caja de Chocolate Vegana, a la que a\u00f1adimos ricos sabores e ingredientes 100% naturales sin az\u00facares a\u00f1adidos.","og_url":"https:\/\/simchocolate.com\/es\/produto\/caja-de-chocolate-vegano\/","og_site_name":"SIM Chocolate","article_publisher":"https:\/\/www.facebook.com\/SimBombons","og_image":[{"width":1000,"height":1000,"url":"https:\/\/simchocolate.com\/wp-content\/uploads\/2023\/10\/IMG_0812.jpg","type":"image\/jpeg"}],"twitter_card":"summary_large_image","twitter_misc":{"Tiempo de lectura":"1 minuto"},"schema":{"@context":"https:\/\/schema.org","@graph":[{"@type":"WebPage","@id":"https:\/\/simchocolate.com\/es\/produto\/caja-de-chocolate-vegano\/","url":"https:\/\/simchocolate.com\/es\/produto\/caja-de-chocolate-vegano\/","name":"Chocolate Vegano | Caja de 9 Bombones Gourmet","isPartOf":{"@id":"https:\/\/simchocolate.com\/es\/#website"},"primaryImageOfPage":{"@id":"https:\/\/simchocolate.com\/es\/produto\/caja-de-chocolate-vegano\/#primaryimage"},"image":{"@id":"https:\/\/simchocolate.com\/es\/produto\/caja-de-chocolate-vegano\/#primaryimage"},"thumbnailUrl":"https:\/\/simchocolate.com\/wp-content\/uploads\/2023\/10\/IMG_0812.jpg","datePublished":"2023-10-20T16:54:52+00:00","description":"Descubre nuestra Caja de Chocolate Vegana, a la que a\u00f1adimos ricos sabores e ingredientes 100% naturales sin az\u00facares a\u00f1adidos.","breadcrumb":{"@id":"https:\/\/simchocolate.com\/es\/produto\/caja-de-chocolate-vegano\/#breadcrumb"},"inLanguage":"es","potentialAction":[{"@type":"ReadAction","target":["https:\/\/simchocolate.com\/es\/produto\/caja-de-chocolate-vegano\/"]}]},{"@type":"ImageObject","inLanguage":"es","@id":"https:\/\/simchocolate.com\/es\/produto\/caja-de-chocolate-vegano\/#primaryimage","url":"https:\/\/simchocolate.com\/wp-content\/uploads\/2023\/10\/IMG_0812.jpg","contentUrl":"https:\/\/simchocolate.com\/wp-content\/uploads\/2023\/10\/IMG_0812.jpg","width":1000,"height":1000,"caption":"caixa de chocolate vegan"},{"@type":"BreadcrumbList","@id":"https:\/\/simchocolate.com\/es\/produto\/caja-de-chocolate-vegano\/#breadcrumb","itemListElement":[{"@type":"ListItem","position":1,"name":"In\u00edcio","item":"https:\/\/simchocolate.com\/es\/"},{"@type":"ListItem","position":2,"name":"Productos","item":"https:\/\/simchocolate.com\/es\/shop\/"},{"@type":"ListItem","position":3,"name":"Caja de chocolate vegano"}]},{"@type":"WebSite","@id":"https:\/\/simchocolate.com\/es\/#website","url":"https:\/\/simchocolate.com\/es\/","name":"SIM Chocolate","description":"Do amor incondicional entre uma m\u00e3e e sua filha, nasce a marca SIM Bombons no Natal de 2014","potentialAction":[{"@type":"SearchAction","target":{"@type":"EntryPoint","urlTemplate":"https:\/\/simchocolate.com\/es\/?s={search_term_string}"},"query-input":{"@type":"PropertyValueSpecification","valueRequired":true,"valueName":"search_term_string"}}],"inLanguage":"es"}]}},"_links":{"self":[{"href":"https:\/\/simchocolate.com\/es\/wp-json\/wp\/v2\/product\/9611","targetHints":{"allow":["GET"]}}],"collection":[{"href":"https:\/\/simchocolate.com\/es\/wp-json\/wp\/v2\/product"}],"about":[{"href":"https:\/\/simchocolate.com\/es\/wp-json\/wp\/v2\/types\/product"}],"replies":[{"embeddable":true,"href":"https:\/\/simchocolate.com\/es\/wp-json\/wp\/v2\/comments?post=9611"}],"wp:featuredmedia":[{"embeddable":true,"href":"https:\/\/simchocolate.com\/es\/wp-json\/wp\/v2\/media\/9621"}],"wp:attachment":[{"href":"https:\/\/simchocolate.com\/es\/wp-json\/wp\/v2\/media?parent=9611"}],"wp:term":[{"taxonomy":"product_brand","embeddable":true,"href":"https:\/\/simchocolate.com\/es\/wp-json\/wp\/v2\/product_brand?post=9611"},{"taxonomy":"product_cat","embeddable":true,"href":"https:\/\/simchocolate.com\/es\/wp-json\/wp\/v2\/product_cat?post=9611"},{"taxonomy":"product_tag","embeddable":true,"href":"https:\/\/simchocolate.com\/es\/wp-json\/wp\/v2\/product_tag?post=9611"}],"curies":[{"name":"wp","href":"https:\/\/api.w.org\/{rel}","templated":true}]}}