{"id":9622,"date":"2023-10-20T16:54:54","date_gmt":"2023-10-20T16:54:54","guid":{"rendered":"https:\/\/simchocolate.com\/produto\/caja-de-vinos-y-licores\/"},"modified":"2025-12-02T17:14:45","modified_gmt":"2025-12-02T17:14:45","slug":"caja-de-vinos-y-licores","status":"publish","type":"product","link":"https:\/\/simchocolate.com\/es\/produto\/caja-de-vinos-y-licores\/","title":{"rendered":"Caja de vinos y licores"},"content":{"rendered":"<div class=\"flex flex-grow flex-col max-w-full\">\n<div class=\"min-h-[20px] text-message flex flex-col items-start whitespace-pre-wrap break-words [.text-message+&amp;]:mt-5 juice:w-full juice:items-end overflow-x-auto gap-2\" dir=\"auto\" data-message-author-role=\"assistant\" data-message-id=\"23770723-0580-44d4-9675-bff91e29d8f4\">\n<div class=\"flex w-full flex-col gap-1 juice:empty:hidden juice:first:pt-[3px]\">\n<div class=\"markdown prose w-full break-words dark:prose-invert dark\">\n<h5 style=\"text-align: left\"><strong>Bombones de Brandy Salado<\/strong><\/h5>\n<p style=\"text-align: left\">Experimenta una innovadora fusi\u00f3n de sabores con nuestros bombones con Vino Brandy Salado. Este bomb\u00f3n \u00fanico combina el sabor salado del brandy con chocolate de primera calidad, creando un delicioso contraste entre dulce y salado. Cada bomb\u00f3n se elabora artesanalmente para que sorprenda y deleite el paladar.  <\/p>\n<h5 style=\"text-align: left\"><strong>Bombones de vino de Oporto<\/strong><\/h5>\n<p style=\"text-align: left\">Descubre la elegancia de nuestros bombones de Vino de Oporto, donde el chocolate refinado se une al sabor con cuerpo del vino de Oporto. Este bomb\u00f3n ofrece una experiencia de sabor profunda y compleja, con notas afrutadas y un toque de la robustez caracter\u00edstica del Oporto. Cada bocado revela la armon\u00eda entre el chocolate y el vino, creando una experiencia sensorial \u00fanica e inolvidable.  <\/p>\n<h5 style=\"text-align: left\"><strong>Bombones de moscatel<\/strong><\/h5>\n<p style=\"text-align: left\">La sofisticaci\u00f3n de nuestros bombones de moscatel consiste en fusionar el sabor dulce y arom\u00e1tico del vino moscatel con el chocolate de alta calidad. Este bomb\u00f3n delicadamente elaborado aporta una capa de sabor y sofisticaci\u00f3n al paladar. El Moscatel, conocido por su sabor caracter\u00edstico, lleva la experiencia del chocolate a un nuevo nivel de refinamiento.  <\/p>\n<h5 style=\"text-align: left\"><strong>El regalo ideal<\/strong><\/h5>\n<p style=\"text-align: left\">La Caja de Espirituosos de Vino es la elecci\u00f3n perfecta para regalar o saborear en ocasiones especiales. Esta sofisticada caja contiene <strong>nueve bombones<\/strong>: tres bombones de Brandy Salado, tres bombones de Vino de Oporto y tres bombones de Moscatel. Esta caja se ha dise\u00f1ado cuidadosamente para ofrecer una experiencia \u00fanica a los amantes del chocolate y el vino. Ya sea para celebrar una ocasi\u00f3n especial, como cumplea\u00f1os, vacaciones o simplemente para disfrutar a diario, nuestros bombones prometen complacer incluso a los paladares m\u00e1s exigentes.   <\/p>\n<p style=\"text-align: left\">\n<\/div>\n<\/div>\n<\/div>\n<\/div>\n","protected":false},"excerpt":{"rendered":"<p>Descubre la armon\u00eda \u00fanica de nuestros Bombones Espirituosos, una colecci\u00f3n exclusiva que combina el refinamiento del chocolate artesanal con el extraordinario sabor del brandy, el moscatel y el vino de Oporto.<\/p>\n<p><strong>Esta caja contiene 9 bombones \u00fanicos:<\/strong><\/p>\n<ul>\n<li>  3 Bombones de Brandy Salado<\/li>\n<li>  3 bombones de vino de Oporto<\/li>\n<li>  3 chocolates moscatel<\/li>\n<\/ul>\n","protected":false},"featured_media":9633,"comment_status":"open","ping_status":"closed","template":"","meta":[],"product_brand":[],"product_cat":[189],"product_tag":[],"class_list":{"0":"post-9622","1":"product","2":"type-product","3":"status-publish","4":"has-post-thumbnail","6":"product_cat-caja-de-bombones","7":"edicoes-con-alcohol","8":"edicoes-especial-si","10":"first","11":"instock","12":"shipping-taxable","13":"purchasable","14":"product-type-simple"},"yoast_head":"<!-- This site is optimized with the Yoast SEO plugin v27.2 - https:\/\/yoast.com\/product\/yoast-seo-wordpress\/ -->\n<title>Bombones con vino | Caja de vinos y licores<\/title>\n<meta name=\"description\" content=\"Descubre la armon\u00eda \u00fanica de nuestros chocolates con vino, una colecci\u00f3n que combina el chocolate con el extraordinario sabor del brandy, el moscatel y el vino de Oporto.\" \/>\n<meta name=\"robots\" content=\"index, follow, max-snippet:-1, max-image-preview:large, max-video-preview:-1\" \/>\n<link rel=\"canonical\" href=\"https:\/\/simchocolate.com\/es\/produto\/caja-de-vinos-y-licores\/\" \/>\n<meta property=\"og:locale\" content=\"es_ES\" \/>\n<meta property=\"og:type\" content=\"article\" \/>\n<meta property=\"og:title\" content=\"Bombones con vino | Caja de vinos y licores\" \/>\n<meta property=\"og:description\" content=\"Descubre la armon\u00eda \u00fanica de nuestros chocolates con vino, una colecci\u00f3n que combina el chocolate con el extraordinario sabor del brandy, el moscatel y el vino de Oporto.\" \/>\n<meta property=\"og:url\" content=\"https:\/\/simchocolate.com\/es\/produto\/caja-de-vinos-y-licores\/\" \/>\n<meta property=\"og:site_name\" content=\"SIM Chocolate\" \/>\n<meta property=\"article:publisher\" content=\"https:\/\/www.facebook.com\/SimBombons\" \/>\n<meta property=\"article:modified_time\" content=\"2025-12-02T17:14:45+00:00\" \/>\n<meta property=\"og:image\" content=\"https:\/\/simchocolate.com\/wp-content\/uploads\/2023\/10\/IMG_9679-scaled.jpg\" \/>\n\t<meta property=\"og:image:width\" content=\"2560\" \/>\n\t<meta property=\"og:image:height\" content=\"2560\" \/>\n\t<meta property=\"og:image:type\" content=\"image\/jpeg\" \/>\n<meta name=\"twitter:card\" content=\"summary_large_image\" \/>\n<meta name=\"twitter:label1\" content=\"Tiempo de lectura\" \/>\n\t<meta name=\"twitter:data1\" content=\"1 minuto\" \/>\n<script type=\"application\/ld+json\" class=\"yoast-schema-graph\">{\"@context\":\"https:\/\/schema.org\",\"@graph\":[{\"@type\":\"WebPage\",\"@id\":\"https:\/\/simchocolate.com\/es\/produto\/caja-de-vinos-y-licores\/\",\"url\":\"https:\/\/simchocolate.com\/es\/produto\/caja-de-vinos-y-licores\/\",\"name\":\"Bombones con vino | Caja de vinos y licores\",\"isPartOf\":{\"@id\":\"https:\/\/simchocolate.com\/es\/#website\"},\"primaryImageOfPage\":{\"@id\":\"https:\/\/simchocolate.com\/es\/produto\/caja-de-vinos-y-licores\/#primaryimage\"},\"image\":{\"@id\":\"https:\/\/simchocolate.com\/es\/produto\/caja-de-vinos-y-licores\/#primaryimage\"},\"thumbnailUrl\":\"https:\/\/simchocolate.com\/wp-content\/uploads\/2023\/10\/IMG_9679-scaled.jpg\",\"datePublished\":\"2023-10-20T16:54:54+00:00\",\"dateModified\":\"2025-12-02T17:14:45+00:00\",\"description\":\"Descubre la armon\u00eda \u00fanica de nuestros chocolates con vino, una colecci\u00f3n que combina el chocolate con el extraordinario sabor del brandy, el moscatel y el vino de Oporto.\",\"breadcrumb\":{\"@id\":\"https:\/\/simchocolate.com\/es\/produto\/caja-de-vinos-y-licores\/#breadcrumb\"},\"inLanguage\":\"es\",\"potentialAction\":[{\"@type\":\"ReadAction\",\"target\":[\"https:\/\/simchocolate.com\/es\/produto\/caja-de-vinos-y-licores\/\"]}]},{\"@type\":\"ImageObject\",\"inLanguage\":\"es\",\"@id\":\"https:\/\/simchocolate.com\/es\/produto\/caja-de-vinos-y-licores\/#primaryimage\",\"url\":\"https:\/\/simchocolate.com\/wp-content\/uploads\/2023\/10\/IMG_9679-scaled.jpg\",\"contentUrl\":\"https:\/\/simchocolate.com\/wp-content\/uploads\/2023\/10\/IMG_9679-scaled.jpg\",\"width\":2560,\"height\":2560},{\"@type\":\"BreadcrumbList\",\"@id\":\"https:\/\/simchocolate.com\/es\/produto\/caja-de-vinos-y-licores\/#breadcrumb\",\"itemListElement\":[{\"@type\":\"ListItem\",\"position\":1,\"name\":\"In\u00edcio\",\"item\":\"https:\/\/simchocolate.com\/es\/\"},{\"@type\":\"ListItem\",\"position\":2,\"name\":\"Productos\",\"item\":\"https:\/\/simchocolate.com\/es\/shop\/\"},{\"@type\":\"ListItem\",\"position\":3,\"name\":\"Caja de vinos y licores\"}]},{\"@type\":\"WebSite\",\"@id\":\"https:\/\/simchocolate.com\/es\/#website\",\"url\":\"https:\/\/simchocolate.com\/es\/\",\"name\":\"SIM Chocolate\",\"description\":\"Do amor incondicional entre uma m\u00e3e e sua filha, nasce a marca SIM Bombons no Natal de 2014\",\"potentialAction\":[{\"@type\":\"SearchAction\",\"target\":{\"@type\":\"EntryPoint\",\"urlTemplate\":\"https:\/\/simchocolate.com\/es\/?s={search_term_string}\"},\"query-input\":{\"@type\":\"PropertyValueSpecification\",\"valueRequired\":true,\"valueName\":\"search_term_string\"}}],\"inLanguage\":\"es\"}]}<\/script>\n<!-- \/ Yoast SEO plugin. -->","yoast_head_json":{"title":"Bombones con vino | Caja de vinos y licores","description":"Descubre la armon\u00eda \u00fanica de nuestros chocolates con vino, una colecci\u00f3n que combina el chocolate con el extraordinario sabor del brandy, el moscatel y el vino de Oporto.","robots":{"index":"index","follow":"follow","max-snippet":"max-snippet:-1","max-image-preview":"max-image-preview:large","max-video-preview":"max-video-preview:-1"},"canonical":"https:\/\/simchocolate.com\/es\/produto\/caja-de-vinos-y-licores\/","og_locale":"es_ES","og_type":"article","og_title":"Bombones con vino | Caja de vinos y licores","og_description":"Descubre la armon\u00eda \u00fanica de nuestros chocolates con vino, una colecci\u00f3n que combina el chocolate con el extraordinario sabor del brandy, el moscatel y el vino de Oporto.","og_url":"https:\/\/simchocolate.com\/es\/produto\/caja-de-vinos-y-licores\/","og_site_name":"SIM Chocolate","article_publisher":"https:\/\/www.facebook.com\/SimBombons","article_modified_time":"2025-12-02T17:14:45+00:00","og_image":[{"width":2560,"height":2560,"url":"https:\/\/simchocolate.com\/wp-content\/uploads\/2023\/10\/IMG_9679-scaled.jpg","type":"image\/jpeg"}],"twitter_card":"summary_large_image","twitter_misc":{"Tiempo de lectura":"1 minuto"},"schema":{"@context":"https:\/\/schema.org","@graph":[{"@type":"WebPage","@id":"https:\/\/simchocolate.com\/es\/produto\/caja-de-vinos-y-licores\/","url":"https:\/\/simchocolate.com\/es\/produto\/caja-de-vinos-y-licores\/","name":"Bombones con vino | Caja de vinos y licores","isPartOf":{"@id":"https:\/\/simchocolate.com\/es\/#website"},"primaryImageOfPage":{"@id":"https:\/\/simchocolate.com\/es\/produto\/caja-de-vinos-y-licores\/#primaryimage"},"image":{"@id":"https:\/\/simchocolate.com\/es\/produto\/caja-de-vinos-y-licores\/#primaryimage"},"thumbnailUrl":"https:\/\/simchocolate.com\/wp-content\/uploads\/2023\/10\/IMG_9679-scaled.jpg","datePublished":"2023-10-20T16:54:54+00:00","dateModified":"2025-12-02T17:14:45+00:00","description":"Descubre la armon\u00eda \u00fanica de nuestros chocolates con vino, una colecci\u00f3n que combina el chocolate con el extraordinario sabor del brandy, el moscatel y el vino de Oporto.","breadcrumb":{"@id":"https:\/\/simchocolate.com\/es\/produto\/caja-de-vinos-y-licores\/#breadcrumb"},"inLanguage":"es","potentialAction":[{"@type":"ReadAction","target":["https:\/\/simchocolate.com\/es\/produto\/caja-de-vinos-y-licores\/"]}]},{"@type":"ImageObject","inLanguage":"es","@id":"https:\/\/simchocolate.com\/es\/produto\/caja-de-vinos-y-licores\/#primaryimage","url":"https:\/\/simchocolate.com\/wp-content\/uploads\/2023\/10\/IMG_9679-scaled.jpg","contentUrl":"https:\/\/simchocolate.com\/wp-content\/uploads\/2023\/10\/IMG_9679-scaled.jpg","width":2560,"height":2560},{"@type":"BreadcrumbList","@id":"https:\/\/simchocolate.com\/es\/produto\/caja-de-vinos-y-licores\/#breadcrumb","itemListElement":[{"@type":"ListItem","position":1,"name":"In\u00edcio","item":"https:\/\/simchocolate.com\/es\/"},{"@type":"ListItem","position":2,"name":"Productos","item":"https:\/\/simchocolate.com\/es\/shop\/"},{"@type":"ListItem","position":3,"name":"Caja de vinos y licores"}]},{"@type":"WebSite","@id":"https:\/\/simchocolate.com\/es\/#website","url":"https:\/\/simchocolate.com\/es\/","name":"SIM Chocolate","description":"Do amor incondicional entre uma m\u00e3e e sua filha, nasce a marca SIM Bombons no Natal de 2014","potentialAction":[{"@type":"SearchAction","target":{"@type":"EntryPoint","urlTemplate":"https:\/\/simchocolate.com\/es\/?s={search_term_string}"},"query-input":{"@type":"PropertyValueSpecification","valueRequired":true,"valueName":"search_term_string"}}],"inLanguage":"es"}]}},"_links":{"self":[{"href":"https:\/\/simchocolate.com\/es\/wp-json\/wp\/v2\/product\/9622","targetHints":{"allow":["GET"]}}],"collection":[{"href":"https:\/\/simchocolate.com\/es\/wp-json\/wp\/v2\/product"}],"about":[{"href":"https:\/\/simchocolate.com\/es\/wp-json\/wp\/v2\/types\/product"}],"replies":[{"embeddable":true,"href":"https:\/\/simchocolate.com\/es\/wp-json\/wp\/v2\/comments?post=9622"}],"wp:featuredmedia":[{"embeddable":true,"href":"https:\/\/simchocolate.com\/es\/wp-json\/wp\/v2\/media\/9633"}],"wp:attachment":[{"href":"https:\/\/simchocolate.com\/es\/wp-json\/wp\/v2\/media?parent=9622"}],"wp:term":[{"taxonomy":"product_brand","embeddable":true,"href":"https:\/\/simchocolate.com\/es\/wp-json\/wp\/v2\/product_brand?post=9622"},{"taxonomy":"product_cat","embeddable":true,"href":"https:\/\/simchocolate.com\/es\/wp-json\/wp\/v2\/product_cat?post=9622"},{"taxonomy":"product_tag","embeddable":true,"href":"https:\/\/simchocolate.com\/es\/wp-json\/wp\/v2\/product_tag?post=9622"}],"curies":[{"name":"wp","href":"https:\/\/api.w.org\/{rel}","templated":true}]}}