{"id":9636,"date":"2023-10-20T16:54:31","date_gmt":"2023-10-20T16:54:31","guid":{"rendered":"https:\/\/simchocolate.com\/produto\/caja-inbictus\/"},"modified":"2025-12-02T17:14:53","modified_gmt":"2025-12-02T17:14:53","slug":"caja-inbictus","status":"publish","type":"product","link":"https:\/\/simchocolate.com\/es\/produto\/caja-inbictus\/","title":{"rendered":"Caja Inbictus"},"content":{"rendered":"<h5 style=\"text-align: left\">La combinaci\u00f3n perfecta<\/h5>\n<p style=\"text-align: left\">La Caja Inbictus de 9 Bombones de Vino de Oporto es un homenaje a la tradici\u00f3n y el lujo. Cada bomb\u00f3n hecho a mano se prepara meticulosamente con chocolate de primera calidad y se rellena con el rico y aterciopelado sabor del vino de Oporto. Perfectos para ocasiones especiales o como capricho personal, estos bombones ofrecen una experiencia \u00fanica que combina lo mejor del chocolate con la sofisticaci\u00f3n de uno de los vinos m\u00e1s emblem\u00e1ticos de Portugal. Un regalo gourmet ideal para los amantes del chocolate y el vino.   <\/p>\n","protected":false},"excerpt":{"rendered":"<p>Caja Inbictus con 9 bombones rellenos de vino de Oporto, que combina lo mejor del chocolate y el vino.<\/p>\n","protected":false},"featured_media":9644,"comment_status":"open","ping_status":"closed","template":"","meta":[],"product_brand":[],"product_cat":[189],"product_tag":[225],"class_list":{"0":"post-9636","1":"product","2":"type-product","3":"status-publish","4":"has-post-thumbnail","6":"product_cat-caja-de-bombones","7":"product_tag-inbictus","8":"edicoes-con-alcohol","9":"edicoes-especial-si","11":"first","12":"instock","13":"shipping-taxable","14":"purchasable","15":"product-type-simple"},"yoast_head":"<!-- This site is optimized with the Yoast SEO plugin v27.2 - https:\/\/yoast.com\/product\/yoast-seo-wordpress\/ -->\n<title>Caja Inbictus | S\u00ed Chocolate<\/title>\n<meta name=\"description\" content=\"Disfruta de la Caja Inbictus de 9 Bombones de Vino de Oporto. Una combinaci\u00f3n gourmet de chocolate de primera calidad y el exquisito sabor del vino de Oporto.\" \/>\n<meta name=\"robots\" content=\"index, follow, max-snippet:-1, max-image-preview:large, max-video-preview:-1\" \/>\n<link rel=\"canonical\" href=\"https:\/\/simchocolate.com\/es\/produto\/caja-inbictus\/\" \/>\n<meta property=\"og:locale\" content=\"es_ES\" \/>\n<meta property=\"og:type\" content=\"article\" \/>\n<meta property=\"og:title\" content=\"Caja Inbictus | S\u00ed Chocolate\" \/>\n<meta property=\"og:description\" content=\"Disfruta de la Caja Inbictus de 9 Bombones de Vino de Oporto. Una combinaci\u00f3n gourmet de chocolate de primera calidad y el exquisito sabor del vino de Oporto.\" \/>\n<meta property=\"og:url\" content=\"https:\/\/simchocolate.com\/es\/produto\/caja-inbictus\/\" \/>\n<meta property=\"og:site_name\" content=\"SIM Chocolate\" \/>\n<meta property=\"article:publisher\" content=\"https:\/\/www.facebook.com\/SimBombons\" \/>\n<meta property=\"article:modified_time\" content=\"2025-12-02T17:14:53+00:00\" \/>\n<meta property=\"og:image\" content=\"https:\/\/simchocolate.com\/wp-content\/uploads\/2023\/10\/IMG_9686-scaled.jpg\" \/>\n\t<meta property=\"og:image:width\" content=\"2560\" \/>\n\t<meta property=\"og:image:height\" content=\"2560\" \/>\n\t<meta property=\"og:image:type\" content=\"image\/jpeg\" \/>\n<meta name=\"twitter:card\" content=\"summary_large_image\" \/>\n<script type=\"application\/ld+json\" class=\"yoast-schema-graph\">{\"@context\":\"https:\/\/schema.org\",\"@graph\":[{\"@type\":\"WebPage\",\"@id\":\"https:\/\/simchocolate.com\/es\/produto\/caja-inbictus\/\",\"url\":\"https:\/\/simchocolate.com\/es\/produto\/caja-inbictus\/\",\"name\":\"Caja Inbictus | S\u00ed Chocolate\",\"isPartOf\":{\"@id\":\"https:\/\/simchocolate.com\/es\/#website\"},\"primaryImageOfPage\":{\"@id\":\"https:\/\/simchocolate.com\/es\/produto\/caja-inbictus\/#primaryimage\"},\"image\":{\"@id\":\"https:\/\/simchocolate.com\/es\/produto\/caja-inbictus\/#primaryimage\"},\"thumbnailUrl\":\"https:\/\/simchocolate.com\/wp-content\/uploads\/2023\/10\/IMG_9686-scaled.jpg\",\"datePublished\":\"2023-10-20T16:54:31+00:00\",\"dateModified\":\"2025-12-02T17:14:53+00:00\",\"description\":\"Disfruta de la Caja Inbictus de 9 Bombones de Vino de Oporto. Una combinaci\u00f3n gourmet de chocolate de primera calidad y el exquisito sabor del vino de Oporto.\",\"breadcrumb\":{\"@id\":\"https:\/\/simchocolate.com\/es\/produto\/caja-inbictus\/#breadcrumb\"},\"inLanguage\":\"es\",\"potentialAction\":[{\"@type\":\"ReadAction\",\"target\":[\"https:\/\/simchocolate.com\/es\/produto\/caja-inbictus\/\"]}]},{\"@type\":\"ImageObject\",\"inLanguage\":\"es\",\"@id\":\"https:\/\/simchocolate.com\/es\/produto\/caja-inbictus\/#primaryimage\",\"url\":\"https:\/\/simchocolate.com\/wp-content\/uploads\/2023\/10\/IMG_9686-scaled.jpg\",\"contentUrl\":\"https:\/\/simchocolate.com\/wp-content\/uploads\/2023\/10\/IMG_9686-scaled.jpg\",\"width\":2560,\"height\":2560,\"caption\":\"caja inbictus\"},{\"@type\":\"BreadcrumbList\",\"@id\":\"https:\/\/simchocolate.com\/es\/produto\/caja-inbictus\/#breadcrumb\",\"itemListElement\":[{\"@type\":\"ListItem\",\"position\":1,\"name\":\"In\u00edcio\",\"item\":\"https:\/\/simchocolate.com\/es\/\"},{\"@type\":\"ListItem\",\"position\":2,\"name\":\"Productos\",\"item\":\"https:\/\/simchocolate.com\/es\/shop\/\"},{\"@type\":\"ListItem\",\"position\":3,\"name\":\"Caja Inbictus\"}]},{\"@type\":\"WebSite\",\"@id\":\"https:\/\/simchocolate.com\/es\/#website\",\"url\":\"https:\/\/simchocolate.com\/es\/\",\"name\":\"SIM Chocolate\",\"description\":\"Do amor incondicional entre uma m\u00e3e e sua filha, nasce a marca SIM Bombons no Natal de 2014\",\"potentialAction\":[{\"@type\":\"SearchAction\",\"target\":{\"@type\":\"EntryPoint\",\"urlTemplate\":\"https:\/\/simchocolate.com\/es\/?s={search_term_string}\"},\"query-input\":{\"@type\":\"PropertyValueSpecification\",\"valueRequired\":true,\"valueName\":\"search_term_string\"}}],\"inLanguage\":\"es\"}]}<\/script>\n<!-- \/ Yoast SEO plugin. -->","yoast_head_json":{"title":"Caja Inbictus | S\u00ed Chocolate","description":"Disfruta de la Caja Inbictus de 9 Bombones de Vino de Oporto. Una combinaci\u00f3n gourmet de chocolate de primera calidad y el exquisito sabor del vino de Oporto.","robots":{"index":"index","follow":"follow","max-snippet":"max-snippet:-1","max-image-preview":"max-image-preview:large","max-video-preview":"max-video-preview:-1"},"canonical":"https:\/\/simchocolate.com\/es\/produto\/caja-inbictus\/","og_locale":"es_ES","og_type":"article","og_title":"Caja Inbictus | S\u00ed Chocolate","og_description":"Disfruta de la Caja Inbictus de 9 Bombones de Vino de Oporto. Una combinaci\u00f3n gourmet de chocolate de primera calidad y el exquisito sabor del vino de Oporto.","og_url":"https:\/\/simchocolate.com\/es\/produto\/caja-inbictus\/","og_site_name":"SIM Chocolate","article_publisher":"https:\/\/www.facebook.com\/SimBombons","article_modified_time":"2025-12-02T17:14:53+00:00","og_image":[{"width":2560,"height":2560,"url":"https:\/\/simchocolate.com\/wp-content\/uploads\/2023\/10\/IMG_9686-scaled.jpg","type":"image\/jpeg"}],"twitter_card":"summary_large_image","schema":{"@context":"https:\/\/schema.org","@graph":[{"@type":"WebPage","@id":"https:\/\/simchocolate.com\/es\/produto\/caja-inbictus\/","url":"https:\/\/simchocolate.com\/es\/produto\/caja-inbictus\/","name":"Caja Inbictus | S\u00ed Chocolate","isPartOf":{"@id":"https:\/\/simchocolate.com\/es\/#website"},"primaryImageOfPage":{"@id":"https:\/\/simchocolate.com\/es\/produto\/caja-inbictus\/#primaryimage"},"image":{"@id":"https:\/\/simchocolate.com\/es\/produto\/caja-inbictus\/#primaryimage"},"thumbnailUrl":"https:\/\/simchocolate.com\/wp-content\/uploads\/2023\/10\/IMG_9686-scaled.jpg","datePublished":"2023-10-20T16:54:31+00:00","dateModified":"2025-12-02T17:14:53+00:00","description":"Disfruta de la Caja Inbictus de 9 Bombones de Vino de Oporto. Una combinaci\u00f3n gourmet de chocolate de primera calidad y el exquisito sabor del vino de Oporto.","breadcrumb":{"@id":"https:\/\/simchocolate.com\/es\/produto\/caja-inbictus\/#breadcrumb"},"inLanguage":"es","potentialAction":[{"@type":"ReadAction","target":["https:\/\/simchocolate.com\/es\/produto\/caja-inbictus\/"]}]},{"@type":"ImageObject","inLanguage":"es","@id":"https:\/\/simchocolate.com\/es\/produto\/caja-inbictus\/#primaryimage","url":"https:\/\/simchocolate.com\/wp-content\/uploads\/2023\/10\/IMG_9686-scaled.jpg","contentUrl":"https:\/\/simchocolate.com\/wp-content\/uploads\/2023\/10\/IMG_9686-scaled.jpg","width":2560,"height":2560,"caption":"caja inbictus"},{"@type":"BreadcrumbList","@id":"https:\/\/simchocolate.com\/es\/produto\/caja-inbictus\/#breadcrumb","itemListElement":[{"@type":"ListItem","position":1,"name":"In\u00edcio","item":"https:\/\/simchocolate.com\/es\/"},{"@type":"ListItem","position":2,"name":"Productos","item":"https:\/\/simchocolate.com\/es\/shop\/"},{"@type":"ListItem","position":3,"name":"Caja Inbictus"}]},{"@type":"WebSite","@id":"https:\/\/simchocolate.com\/es\/#website","url":"https:\/\/simchocolate.com\/es\/","name":"SIM Chocolate","description":"Do amor incondicional entre uma m\u00e3e e sua filha, nasce a marca SIM Bombons no Natal de 2014","potentialAction":[{"@type":"SearchAction","target":{"@type":"EntryPoint","urlTemplate":"https:\/\/simchocolate.com\/es\/?s={search_term_string}"},"query-input":{"@type":"PropertyValueSpecification","valueRequired":true,"valueName":"search_term_string"}}],"inLanguage":"es"}]}},"_links":{"self":[{"href":"https:\/\/simchocolate.com\/es\/wp-json\/wp\/v2\/product\/9636","targetHints":{"allow":["GET"]}}],"collection":[{"href":"https:\/\/simchocolate.com\/es\/wp-json\/wp\/v2\/product"}],"about":[{"href":"https:\/\/simchocolate.com\/es\/wp-json\/wp\/v2\/types\/product"}],"replies":[{"embeddable":true,"href":"https:\/\/simchocolate.com\/es\/wp-json\/wp\/v2\/comments?post=9636"}],"wp:featuredmedia":[{"embeddable":true,"href":"https:\/\/simchocolate.com\/es\/wp-json\/wp\/v2\/media\/9644"}],"wp:attachment":[{"href":"https:\/\/simchocolate.com\/es\/wp-json\/wp\/v2\/media?parent=9636"}],"wp:term":[{"taxonomy":"product_brand","embeddable":true,"href":"https:\/\/simchocolate.com\/es\/wp-json\/wp\/v2\/product_brand?post=9636"},{"taxonomy":"product_cat","embeddable":true,"href":"https:\/\/simchocolate.com\/es\/wp-json\/wp\/v2\/product_cat?post=9636"},{"taxonomy":"product_tag","embeddable":true,"href":"https:\/\/simchocolate.com\/es\/wp-json\/wp\/v2\/product_tag?post=9636"}],"curies":[{"name":"wp","href":"https:\/\/api.w.org\/{rel}","templated":true}]}}