{"id":9650,"date":"2023-10-20T16:51:37","date_gmt":"2023-10-20T16:51:37","guid":{"rendered":"https:\/\/simchocolate.com\/produto\/bombon-de-avellana\/"},"modified":"2023-10-20T16:51:37","modified_gmt":"2023-10-20T16:51:37","slug":"bombon-de-avellana","status":"publish","type":"product","link":"https:\/\/simchocolate.com\/es\/produto\/bombon-de-avellana\/","title":{"rendered":"Bomb\u00f3n de avellana"},"content":{"rendered":"<div class=\"flex-1 overflow-hidden\">\n<div class=\"h-full\">\n<div class=\"react-scroll-to-bottom--css-seehz-79elbk h-full\">\n<div class=\"react-scroll-to-bottom--css-seehz-1n7m0yu\">\n<div class=\"flex flex-col text-sm md:pb-9\">\n<div class=\"w-full text-token-text-primary\" dir=\"auto\" data-testid=\"conversation-turn-103\" data-scroll-anchor=\"true\">\n<div class=\"text-base py-[18px] px-3 md:px-4 m-auto md:px-5 lg:px-1 xl:px-5\">\n<div class=\"mx-auto flex flex-1 gap-4 text-base md:gap-5 lg:gap-6 md:max-w-3xl lg:max-w-[40rem] xl:max-w-[48rem]\">\n<div class=\"group\/conversation-turn relative flex w-full min-w-0 flex-col agent-turn\">\n<div class=\"flex-col gap-1 md:gap-3\">\n<div class=\"flex flex-grow flex-col max-w-full\">\n<div class=\"min-h-[20px] text-message flex w-full flex-col items-end gap-2 whitespace-pre-wrap break-words [.text-message+&amp;]:mt-5 overflow-x-auto\" dir=\"auto\" data-message-author-role=\"assistant\" data-message-id=\"f202f12a-bb63-49b0-9144-ccaf835e6ea7\">\n<div class=\"flex w-full flex-col gap-1 empty:hidden first:pt-[3px]\">\n<div class=\"markdown prose w-full break-words dark:prose-invert dark\">\n<h5 style=\"text-align: left\">Un cl\u00e1sico de sofisticaci\u00f3n y sabor<\/h5>\n<p style=\"text-align: left\">Descubre el refinamiento y la elegancia del Bomb\u00f3n de Avellana, donde <strong>el irresistible crujido de las avellanas se une a la cremosa suavidad del chocolate<\/strong>. Este bomb\u00f3n es una celebraci\u00f3n de sabores cl\u00e1sicos y excelencia artesanal, que crea una sofisticada experiencia de degustaci\u00f3n. <\/p>\n<p style=\"text-align: left\">Elaboramos los Bombones de Avellana con sumo cuidado, utilizando chocolate de alta calidad que envuelve generosamente avellanas tostadas y crujientes. Seleccionamos cuidadosamente las avellanas y las tostamos para liberar su textura crujiente y su profundo sabor, que se funde perfectamente con el chocolate, creando una armoniosa combinaci\u00f3n de suavidad y crujido. <\/p>\n<p style=\"text-align: left\">Cada bomb\u00f3n se elabora con un <strong>compromiso de calidad y sofisticaci\u00f3n<\/strong>. Utilizamos ingredientes de primera calidad y t\u00e9cnicas de confiter\u00eda tradicionales para garantizar que cada bomb\u00f3n sea una peque\u00f1a obra de arte. El resultado es un bomb\u00f3n que no s\u00f3lo deleita el paladar, sino que a\u00f1ade un toque de elegancia.  <\/p>\n<p style=\"text-align: left\">D\u00e9jate envolver por la combinaci\u00f3n perfecta de chocolate y avellanas y descubre por qu\u00e9 el Bomb\u00f3n <strong>de Avellana<\/strong> es uno de los bombones favoritos entre los amantes del chocolate gourmet. Celebra momentos especiales y \u00fanicos o simplemente disfruta de un capricho sofisticado con este bomb\u00f3n que destila calidad y placer en cada bocado. <\/p>\n<\/div>\n<\/div>\n<\/div>\n<\/div>\n<\/div>\n<\/div>\n<\/div>\n<\/div>\n<\/div>\n<\/div>\n<\/div>\n<\/div>\n<\/div>\n<\/div>\n","protected":false},"excerpt":{"rendered":"<p>Date un capricho con nuestro Bomb\u00f3n de Avellana, una armoniosa combinaci\u00f3n de crujientes avellanas y chocolate de primera calidad.<\/p>\n","protected":false},"featured_media":9651,"comment_status":"closed","ping_status":"closed","template":"","meta":[],"product_brand":[],"product_cat":[187],"product_tag":[],"class_list":{"0":"post-9650","1":"product","2":"type-product","3":"status-publish","4":"has-post-thumbnail","6":"product_cat-bombones","8":"first","9":"outofstock","10":"shipping-taxable","11":"purchasable","12":"product-type-simple"},"yoast_head":"<!-- This site is optimized with the Yoast SEO plugin v27.5 - https:\/\/yoast.com\/product\/yoast-seo-wordpress\/ -->\n<title>Bomb\u00f3n de avellana | S\u00cd Chocolate<\/title>\n<meta name=\"description\" content=\"Date un capricho con nuestro Bomb\u00f3n de Avellana, una armoniosa combinaci\u00f3n de crujientes avellanas y chocolate de primera calidad que te har\u00e1 la boca agua.\" \/>\n<meta name=\"robots\" content=\"index, follow, max-snippet:-1, max-image-preview:large, max-video-preview:-1\" \/>\n<link rel=\"canonical\" href=\"https:\/\/simchocolate.com\/es\/produto\/bombon-de-avellana\/\" \/>\n<meta property=\"og:locale\" content=\"es_ES\" \/>\n<meta property=\"og:type\" content=\"article\" \/>\n<meta property=\"og:title\" content=\"Bomb\u00f3n de avellana | S\u00cd Chocolate\" \/>\n<meta property=\"og:description\" content=\"Date un capricho con nuestro Bomb\u00f3n de Avellana, una armoniosa combinaci\u00f3n de crujientes avellanas y chocolate de primera calidad que te har\u00e1 la boca agua.\" \/>\n<meta property=\"og:url\" content=\"https:\/\/simchocolate.com\/es\/produto\/bombon-de-avellana\/\" \/>\n<meta property=\"og:site_name\" content=\"SIM Chocolate\" \/>\n<meta property=\"article:publisher\" content=\"https:\/\/www.facebook.com\/SimBombons\" \/>\n<meta property=\"og:image\" content=\"https:\/\/simchocolate.com\/wp-content\/uploads\/2023\/10\/BB0014.jpg\" \/>\n\t<meta property=\"og:image:width\" content=\"1150\" \/>\n\t<meta property=\"og:image:height\" content=\"1150\" \/>\n\t<meta property=\"og:image:type\" content=\"image\/jpeg\" \/>\n<meta name=\"twitter:card\" content=\"summary_large_image\" \/>\n<meta name=\"twitter:label1\" content=\"Tiempo de lectura\" \/>\n\t<meta name=\"twitter:data1\" content=\"1 minuto\" \/>\n<script type=\"application\/ld+json\" class=\"yoast-schema-graph\">{\"@context\":\"https:\\\/\\\/schema.org\",\"@graph\":[{\"@type\":\"WebPage\",\"@id\":\"https:\\\/\\\/simchocolate.com\\\/es\\\/produto\\\/bombon-de-avellana\\\/\",\"url\":\"https:\\\/\\\/simchocolate.com\\\/es\\\/produto\\\/bombon-de-avellana\\\/\",\"name\":\"Bomb\u00f3n de avellana | S\u00cd Chocolate\",\"isPartOf\":{\"@id\":\"https:\\\/\\\/simchocolate.com\\\/es\\\/#website\"},\"primaryImageOfPage\":{\"@id\":\"https:\\\/\\\/simchocolate.com\\\/es\\\/produto\\\/bombon-de-avellana\\\/#primaryimage\"},\"image\":{\"@id\":\"https:\\\/\\\/simchocolate.com\\\/es\\\/produto\\\/bombon-de-avellana\\\/#primaryimage\"},\"thumbnailUrl\":\"https:\\\/\\\/simchocolate.com\\\/wp-content\\\/uploads\\\/2023\\\/10\\\/BB0014.jpg\",\"datePublished\":\"2023-10-20T16:51:37+00:00\",\"description\":\"Date un capricho con nuestro Bomb\u00f3n de Avellana, una armoniosa combinaci\u00f3n de crujientes avellanas y chocolate de primera calidad que te har\u00e1 la boca agua.\",\"breadcrumb\":{\"@id\":\"https:\\\/\\\/simchocolate.com\\\/es\\\/produto\\\/bombon-de-avellana\\\/#breadcrumb\"},\"inLanguage\":\"es\",\"potentialAction\":[{\"@type\":\"ReadAction\",\"target\":[\"https:\\\/\\\/simchocolate.com\\\/es\\\/produto\\\/bombon-de-avellana\\\/\"]}]},{\"@type\":\"ImageObject\",\"inLanguage\":\"es\",\"@id\":\"https:\\\/\\\/simchocolate.com\\\/es\\\/produto\\\/bombon-de-avellana\\\/#primaryimage\",\"url\":\"https:\\\/\\\/simchocolate.com\\\/wp-content\\\/uploads\\\/2023\\\/10\\\/BB0014.jpg\",\"contentUrl\":\"https:\\\/\\\/simchocolate.com\\\/wp-content\\\/uploads\\\/2023\\\/10\\\/BB0014.jpg\",\"width\":1150,\"height\":1150,\"caption\":\"bombom avel\u00e3\"},{\"@type\":\"BreadcrumbList\",\"@id\":\"https:\\\/\\\/simchocolate.com\\\/es\\\/produto\\\/bombon-de-avellana\\\/#breadcrumb\",\"itemListElement\":[{\"@type\":\"ListItem\",\"position\":1,\"name\":\"In\u00edcio\",\"item\":\"https:\\\/\\\/simchocolate.com\\\/es\\\/\"},{\"@type\":\"ListItem\",\"position\":2,\"name\":\"Productos\",\"item\":\"https:\\\/\\\/simchocolate.com\\\/es\\\/shop\\\/\"},{\"@type\":\"ListItem\",\"position\":3,\"name\":\"Bomb\u00f3n de avellana\"}]},{\"@type\":\"WebSite\",\"@id\":\"https:\\\/\\\/simchocolate.com\\\/es\\\/#website\",\"url\":\"https:\\\/\\\/simchocolate.com\\\/es\\\/\",\"name\":\"SIM Chocolate\",\"description\":\"Do amor incondicional entre uma m\u00e3e e sua filha, nasce a marca SIM Bombons no Natal de 2014\",\"potentialAction\":[{\"@type\":\"SearchAction\",\"target\":{\"@type\":\"EntryPoint\",\"urlTemplate\":\"https:\\\/\\\/simchocolate.com\\\/es\\\/?s={search_term_string}\"},\"query-input\":{\"@type\":\"PropertyValueSpecification\",\"valueRequired\":true,\"valueName\":\"search_term_string\"}}],\"inLanguage\":\"es\"}]}<\/script>\n<!-- \/ Yoast SEO plugin. -->","yoast_head_json":{"title":"Bomb\u00f3n de avellana | S\u00cd Chocolate","description":"Date un capricho con nuestro Bomb\u00f3n de Avellana, una armoniosa combinaci\u00f3n de crujientes avellanas y chocolate de primera calidad que te har\u00e1 la boca agua.","robots":{"index":"index","follow":"follow","max-snippet":"max-snippet:-1","max-image-preview":"max-image-preview:large","max-video-preview":"max-video-preview:-1"},"canonical":"https:\/\/simchocolate.com\/es\/produto\/bombon-de-avellana\/","og_locale":"es_ES","og_type":"article","og_title":"Bomb\u00f3n de avellana | S\u00cd Chocolate","og_description":"Date un capricho con nuestro Bomb\u00f3n de Avellana, una armoniosa combinaci\u00f3n de crujientes avellanas y chocolate de primera calidad que te har\u00e1 la boca agua.","og_url":"https:\/\/simchocolate.com\/es\/produto\/bombon-de-avellana\/","og_site_name":"SIM Chocolate","article_publisher":"https:\/\/www.facebook.com\/SimBombons","og_image":[{"width":1150,"height":1150,"url":"https:\/\/simchocolate.com\/wp-content\/uploads\/2023\/10\/BB0014.jpg","type":"image\/jpeg"}],"twitter_card":"summary_large_image","twitter_misc":{"Tiempo de lectura":"1 minuto"},"schema":{"@context":"https:\/\/schema.org","@graph":[{"@type":"WebPage","@id":"https:\/\/simchocolate.com\/es\/produto\/bombon-de-avellana\/","url":"https:\/\/simchocolate.com\/es\/produto\/bombon-de-avellana\/","name":"Bomb\u00f3n de avellana | S\u00cd Chocolate","isPartOf":{"@id":"https:\/\/simchocolate.com\/es\/#website"},"primaryImageOfPage":{"@id":"https:\/\/simchocolate.com\/es\/produto\/bombon-de-avellana\/#primaryimage"},"image":{"@id":"https:\/\/simchocolate.com\/es\/produto\/bombon-de-avellana\/#primaryimage"},"thumbnailUrl":"https:\/\/simchocolate.com\/wp-content\/uploads\/2023\/10\/BB0014.jpg","datePublished":"2023-10-20T16:51:37+00:00","description":"Date un capricho con nuestro Bomb\u00f3n de Avellana, una armoniosa combinaci\u00f3n de crujientes avellanas y chocolate de primera calidad que te har\u00e1 la boca agua.","breadcrumb":{"@id":"https:\/\/simchocolate.com\/es\/produto\/bombon-de-avellana\/#breadcrumb"},"inLanguage":"es","potentialAction":[{"@type":"ReadAction","target":["https:\/\/simchocolate.com\/es\/produto\/bombon-de-avellana\/"]}]},{"@type":"ImageObject","inLanguage":"es","@id":"https:\/\/simchocolate.com\/es\/produto\/bombon-de-avellana\/#primaryimage","url":"https:\/\/simchocolate.com\/wp-content\/uploads\/2023\/10\/BB0014.jpg","contentUrl":"https:\/\/simchocolate.com\/wp-content\/uploads\/2023\/10\/BB0014.jpg","width":1150,"height":1150,"caption":"bombom avel\u00e3"},{"@type":"BreadcrumbList","@id":"https:\/\/simchocolate.com\/es\/produto\/bombon-de-avellana\/#breadcrumb","itemListElement":[{"@type":"ListItem","position":1,"name":"In\u00edcio","item":"https:\/\/simchocolate.com\/es\/"},{"@type":"ListItem","position":2,"name":"Productos","item":"https:\/\/simchocolate.com\/es\/shop\/"},{"@type":"ListItem","position":3,"name":"Bomb\u00f3n de avellana"}]},{"@type":"WebSite","@id":"https:\/\/simchocolate.com\/es\/#website","url":"https:\/\/simchocolate.com\/es\/","name":"SIM Chocolate","description":"Do amor incondicional entre uma m\u00e3e e sua filha, nasce a marca SIM Bombons no Natal de 2014","potentialAction":[{"@type":"SearchAction","target":{"@type":"EntryPoint","urlTemplate":"https:\/\/simchocolate.com\/es\/?s={search_term_string}"},"query-input":{"@type":"PropertyValueSpecification","valueRequired":true,"valueName":"search_term_string"}}],"inLanguage":"es"}]}},"_links":{"self":[{"href":"https:\/\/simchocolate.com\/es\/wp-json\/wp\/v2\/product\/9650","targetHints":{"allow":["GET"]}}],"collection":[{"href":"https:\/\/simchocolate.com\/es\/wp-json\/wp\/v2\/product"}],"about":[{"href":"https:\/\/simchocolate.com\/es\/wp-json\/wp\/v2\/types\/product"}],"replies":[{"embeddable":true,"href":"https:\/\/simchocolate.com\/es\/wp-json\/wp\/v2\/comments?post=9650"}],"wp:featuredmedia":[{"embeddable":true,"href":"https:\/\/simchocolate.com\/es\/wp-json\/wp\/v2\/media\/9651"}],"wp:attachment":[{"href":"https:\/\/simchocolate.com\/es\/wp-json\/wp\/v2\/media?parent=9650"}],"wp:term":[{"taxonomy":"product_brand","embeddable":true,"href":"https:\/\/simchocolate.com\/es\/wp-json\/wp\/v2\/product_brand?post=9650"},{"taxonomy":"product_cat","embeddable":true,"href":"https:\/\/simchocolate.com\/es\/wp-json\/wp\/v2\/product_cat?post=9650"},{"taxonomy":"product_tag","embeddable":true,"href":"https:\/\/simchocolate.com\/es\/wp-json\/wp\/v2\/product_tag?post=9650"}],"curies":[{"name":"wp","href":"https:\/\/api.w.org\/{rel}","templated":true}]}}