{"id":9658,"date":"2023-10-20T16:50:52","date_gmt":"2023-10-20T16:50:52","guid":{"rendered":"https:\/\/simchocolate.com\/produto\/mango-pina\/"},"modified":"2023-10-20T16:50:52","modified_gmt":"2023-10-20T16:50:52","slug":"mango-pina","status":"publish","type":"product","link":"https:\/\/simchocolate.com\/es\/produto\/mango-pina\/","title":{"rendered":"Mango Pi\u00f1a"},"content":{"rendered":"<p style=\"text-align: left\">El Bomb\u00f3n de Mango y Pi\u00f1a ofrece una explosi\u00f3n tropical de sabor en cada bocado. Elaborado con ingredientes frescos y seleccionados, este bomb\u00f3n combina la dulzura natural del mango con el toque refrescante de la pi\u00f1a, envuelto en una capa de chocolate gourmet. Ideal para momentos especiales o simplemente para disfrutar de un capricho ex\u00f3tico, este bomb\u00f3n es perfecto para quienes aprecian las combinaciones afrutadas y sofisticadas. Descubre una nueva forma de saborear el chocolate, con una fusi\u00f3n de frutas tropicales y lo mejor de la reposter\u00eda artesana.   <\/p>\n<p style=\"text-align: left\"><strong data-start=\"1886\" data-end=\"1910\">M\u00e9todo de conservaci\u00f3n:<\/strong><br data-start=\"1910\" data-end=\"1913\"><em data-start=\"1913\" data-end=\"1962\">Conservar a una temperatura entre 16\u00ba &#8211; 20\u00ba grados.<\/em><\/p>\n","protected":false},"excerpt":{"rendered":"<p>Una deliciosa fusi\u00f3n tropical de fruta fresca y chocolate de primera calidad, ideal para los amantes de los sabores ex\u00f3ticos.<\/p>\n","protected":false},"featured_media":10399,"comment_status":"open","ping_status":"closed","template":"","meta":[],"product_brand":[],"product_cat":[187],"product_tag":[228],"class_list":{"0":"post-9658","1":"product","2":"type-product","3":"status-publish","4":"has-post-thumbnail","6":"product_cat-bombones","7":"product_tag-mango-pina","9":"first","10":"instock","11":"shipping-taxable","12":"purchasable","13":"product-type-simple"},"yoast_head":"<!-- This site is optimized with the Yoast SEO plugin v27.2 - https:\/\/yoast.com\/product\/yoast-seo-wordpress\/ -->\n<title>Mango Pi\u00f1a | S\u00cd Chocolate<\/title>\n<meta name=\"description\" content=\"Saborea el Bomb\u00f3n de Mango y Pi\u00f1a, una combinaci\u00f3n tropical de mango dulce y pi\u00f1a refrescante, envuelta en chocolate gourmet.\" \/>\n<meta name=\"robots\" content=\"index, follow, max-snippet:-1, max-image-preview:large, max-video-preview:-1\" \/>\n<link rel=\"canonical\" href=\"https:\/\/simchocolate.com\/es\/produto\/mango-pina\/\" \/>\n<meta property=\"og:locale\" content=\"es_ES\" \/>\n<meta property=\"og:type\" content=\"article\" \/>\n<meta property=\"og:title\" content=\"Mango Pi\u00f1a | S\u00cd Chocolate\" \/>\n<meta property=\"og:description\" content=\"Saborea el Bomb\u00f3n de Mango y Pi\u00f1a, una combinaci\u00f3n tropical de mango dulce y pi\u00f1a refrescante, envuelta en chocolate gourmet.\" \/>\n<meta property=\"og:url\" content=\"https:\/\/simchocolate.com\/es\/produto\/mango-pina\/\" \/>\n<meta property=\"og:site_name\" content=\"SIM Chocolate\" \/>\n<meta property=\"article:publisher\" content=\"https:\/\/www.facebook.com\/SimBombons\" \/>\n<meta property=\"og:image\" content=\"https:\/\/simchocolate.com\/wp-content\/uploads\/2023\/10\/Manga-Anan\u00b4s-Photoroom-8.jpg\" \/>\n\t<meta property=\"og:image:width\" content=\"1280\" \/>\n\t<meta property=\"og:image:height\" content=\"1280\" \/>\n\t<meta property=\"og:image:type\" content=\"image\/jpeg\" \/>\n<meta name=\"twitter:card\" content=\"summary_large_image\" \/>\n<meta name=\"twitter:label1\" content=\"Tiempo de lectura\" \/>\n\t<meta name=\"twitter:data1\" content=\"1 minuto\" \/>\n<script type=\"application\/ld+json\" class=\"yoast-schema-graph\">{\"@context\":\"https:\/\/schema.org\",\"@graph\":[{\"@type\":\"WebPage\",\"@id\":\"https:\/\/simchocolate.com\/es\/produto\/mango-pina\/\",\"url\":\"https:\/\/simchocolate.com\/es\/produto\/mango-pina\/\",\"name\":\"Mango Pi\u00f1a | S\u00cd Chocolate\",\"isPartOf\":{\"@id\":\"https:\/\/simchocolate.com\/es\/#website\"},\"primaryImageOfPage\":{\"@id\":\"https:\/\/simchocolate.com\/es\/produto\/mango-pina\/#primaryimage\"},\"image\":{\"@id\":\"https:\/\/simchocolate.com\/es\/produto\/mango-pina\/#primaryimage\"},\"thumbnailUrl\":\"https:\/\/simchocolate.com\/wp-content\/uploads\/2023\/10\/FINAL-INTEIRO-20.jpg\",\"datePublished\":\"2023-10-20T16:50:52+00:00\",\"description\":\"Saborea el Bomb\u00f3n de Mango y Pi\u00f1a, una combinaci\u00f3n tropical de mango dulce y pi\u00f1a refrescante, envuelta en chocolate gourmet.\",\"breadcrumb\":{\"@id\":\"https:\/\/simchocolate.com\/es\/produto\/mango-pina\/#breadcrumb\"},\"inLanguage\":\"es\",\"potentialAction\":[{\"@type\":\"ReadAction\",\"target\":[\"https:\/\/simchocolate.com\/es\/produto\/mango-pina\/\"]}]},{\"@type\":\"ImageObject\",\"inLanguage\":\"es\",\"@id\":\"https:\/\/simchocolate.com\/es\/produto\/mango-pina\/#primaryimage\",\"url\":\"https:\/\/simchocolate.com\/wp-content\/uploads\/2023\/10\/FINAL-INTEIRO-20.jpg\",\"contentUrl\":\"https:\/\/simchocolate.com\/wp-content\/uploads\/2023\/10\/FINAL-INTEIRO-20.jpg\",\"width\":1000,\"height\":1000,\"caption\":\"bombom manga anan\u00e1s\"},{\"@type\":\"BreadcrumbList\",\"@id\":\"https:\/\/simchocolate.com\/es\/produto\/mango-pina\/#breadcrumb\",\"itemListElement\":[{\"@type\":\"ListItem\",\"position\":1,\"name\":\"In\u00edcio\",\"item\":\"https:\/\/simchocolate.com\/es\/\"},{\"@type\":\"ListItem\",\"position\":2,\"name\":\"Productos\",\"item\":\"https:\/\/simchocolate.com\/es\/shop\/\"},{\"@type\":\"ListItem\",\"position\":3,\"name\":\"Mango Pi\u00f1a\"}]},{\"@type\":\"WebSite\",\"@id\":\"https:\/\/simchocolate.com\/es\/#website\",\"url\":\"https:\/\/simchocolate.com\/es\/\",\"name\":\"SIM Chocolate\",\"description\":\"Do amor incondicional entre uma m\u00e3e e sua filha, nasce a marca SIM Bombons no Natal de 2014\",\"potentialAction\":[{\"@type\":\"SearchAction\",\"target\":{\"@type\":\"EntryPoint\",\"urlTemplate\":\"https:\/\/simchocolate.com\/es\/?s={search_term_string}\"},\"query-input\":{\"@type\":\"PropertyValueSpecification\",\"valueRequired\":true,\"valueName\":\"search_term_string\"}}],\"inLanguage\":\"es\"}]}<\/script>\n<!-- \/ Yoast SEO plugin. -->","yoast_head_json":{"title":"Mango Pi\u00f1a | S\u00cd Chocolate","description":"Saborea el Bomb\u00f3n de Mango y Pi\u00f1a, una combinaci\u00f3n tropical de mango dulce y pi\u00f1a refrescante, envuelta en chocolate gourmet.","robots":{"index":"index","follow":"follow","max-snippet":"max-snippet:-1","max-image-preview":"max-image-preview:large","max-video-preview":"max-video-preview:-1"},"canonical":"https:\/\/simchocolate.com\/es\/produto\/mango-pina\/","og_locale":"es_ES","og_type":"article","og_title":"Mango Pi\u00f1a | S\u00cd Chocolate","og_description":"Saborea el Bomb\u00f3n de Mango y Pi\u00f1a, una combinaci\u00f3n tropical de mango dulce y pi\u00f1a refrescante, envuelta en chocolate gourmet.","og_url":"https:\/\/simchocolate.com\/es\/produto\/mango-pina\/","og_site_name":"SIM Chocolate","article_publisher":"https:\/\/www.facebook.com\/SimBombons","og_image":[{"width":1280,"height":1280,"url":"https:\/\/simchocolate.com\/wp-content\/uploads\/2023\/10\/Manga-Anan\u00b4s-Photoroom-8.jpg","type":"image\/jpeg"}],"twitter_card":"summary_large_image","twitter_misc":{"Tiempo de lectura":"1 minuto"},"schema":{"@context":"https:\/\/schema.org","@graph":[{"@type":"WebPage","@id":"https:\/\/simchocolate.com\/es\/produto\/mango-pina\/","url":"https:\/\/simchocolate.com\/es\/produto\/mango-pina\/","name":"Mango Pi\u00f1a | S\u00cd Chocolate","isPartOf":{"@id":"https:\/\/simchocolate.com\/es\/#website"},"primaryImageOfPage":{"@id":"https:\/\/simchocolate.com\/es\/produto\/mango-pina\/#primaryimage"},"image":{"@id":"https:\/\/simchocolate.com\/es\/produto\/mango-pina\/#primaryimage"},"thumbnailUrl":"https:\/\/simchocolate.com\/wp-content\/uploads\/2023\/10\/FINAL-INTEIRO-20.jpg","datePublished":"2023-10-20T16:50:52+00:00","description":"Saborea el Bomb\u00f3n de Mango y Pi\u00f1a, una combinaci\u00f3n tropical de mango dulce y pi\u00f1a refrescante, envuelta en chocolate gourmet.","breadcrumb":{"@id":"https:\/\/simchocolate.com\/es\/produto\/mango-pina\/#breadcrumb"},"inLanguage":"es","potentialAction":[{"@type":"ReadAction","target":["https:\/\/simchocolate.com\/es\/produto\/mango-pina\/"]}]},{"@type":"ImageObject","inLanguage":"es","@id":"https:\/\/simchocolate.com\/es\/produto\/mango-pina\/#primaryimage","url":"https:\/\/simchocolate.com\/wp-content\/uploads\/2023\/10\/FINAL-INTEIRO-20.jpg","contentUrl":"https:\/\/simchocolate.com\/wp-content\/uploads\/2023\/10\/FINAL-INTEIRO-20.jpg","width":1000,"height":1000,"caption":"bombom manga anan\u00e1s"},{"@type":"BreadcrumbList","@id":"https:\/\/simchocolate.com\/es\/produto\/mango-pina\/#breadcrumb","itemListElement":[{"@type":"ListItem","position":1,"name":"In\u00edcio","item":"https:\/\/simchocolate.com\/es\/"},{"@type":"ListItem","position":2,"name":"Productos","item":"https:\/\/simchocolate.com\/es\/shop\/"},{"@type":"ListItem","position":3,"name":"Mango Pi\u00f1a"}]},{"@type":"WebSite","@id":"https:\/\/simchocolate.com\/es\/#website","url":"https:\/\/simchocolate.com\/es\/","name":"SIM Chocolate","description":"Do amor incondicional entre uma m\u00e3e e sua filha, nasce a marca SIM Bombons no Natal de 2014","potentialAction":[{"@type":"SearchAction","target":{"@type":"EntryPoint","urlTemplate":"https:\/\/simchocolate.com\/es\/?s={search_term_string}"},"query-input":{"@type":"PropertyValueSpecification","valueRequired":true,"valueName":"search_term_string"}}],"inLanguage":"es"}]}},"_links":{"self":[{"href":"https:\/\/simchocolate.com\/es\/wp-json\/wp\/v2\/product\/9658","targetHints":{"allow":["GET"]}}],"collection":[{"href":"https:\/\/simchocolate.com\/es\/wp-json\/wp\/v2\/product"}],"about":[{"href":"https:\/\/simchocolate.com\/es\/wp-json\/wp\/v2\/types\/product"}],"replies":[{"embeddable":true,"href":"https:\/\/simchocolate.com\/es\/wp-json\/wp\/v2\/comments?post=9658"}],"wp:featuredmedia":[{"embeddable":true,"href":"https:\/\/simchocolate.com\/es\/wp-json\/wp\/v2\/media\/10399"}],"wp:attachment":[{"href":"https:\/\/simchocolate.com\/es\/wp-json\/wp\/v2\/media?parent=9658"}],"wp:term":[{"taxonomy":"product_brand","embeddable":true,"href":"https:\/\/simchocolate.com\/es\/wp-json\/wp\/v2\/product_brand?post=9658"},{"taxonomy":"product_cat","embeddable":true,"href":"https:\/\/simchocolate.com\/es\/wp-json\/wp\/v2\/product_cat?post=9658"},{"taxonomy":"product_tag","embeddable":true,"href":"https:\/\/simchocolate.com\/es\/wp-json\/wp\/v2\/product_tag?post=9658"}],"curies":[{"name":"wp","href":"https:\/\/api.w.org\/{rel}","templated":true}]}}