{"id":9659,"date":"2023-10-20T16:51:33","date_gmt":"2023-10-20T16:51:33","guid":{"rendered":"https:\/\/simchocolate.com\/produto\/bombon-de-platano-y-cacahuete\/"},"modified":"2023-10-20T16:51:33","modified_gmt":"2023-10-20T16:51:33","slug":"bombon-de-platano-y-cacahuete","status":"publish","type":"product","link":"https:\/\/simchocolate.com\/es\/produto\/bombon-de-platano-y-cacahuete\/","title":{"rendered":"Bomb\u00f3n de pl\u00e1tano y cacahuete"},"content":{"rendered":"<h5 style=\"text-align: left\">Una explosi\u00f3n de sabor y textura<\/h5>\n<p style=\"text-align: left\">Explora el delicioso mundo de los Bombones de Pl\u00e1tano y Cacahuete, <strong>una creaci\u00f3n gourmet que armoniza la dulzura del pl\u00e1tano con el crujiente de los cacahuetes.<\/strong> Este bomb\u00f3n, envuelto en una capa de chocolate de primera calidad, proporciona una experiencia sensorial inigualable y satisface los paladares m\u00e1s exigentes. Lo que lo convierte en la elecci\u00f3n perfecta para cualquier ocasi\u00f3n. <\/p>\n<p style=\"text-align: left\">Nuestros confiteros elaboran cuidadosamente cada bomb\u00f3n para ofrecer una combinaci\u00f3n perfecta de sabores y texturas. El relleno de pl\u00e1tano, con su sabor naturalmente dulce y suave, se mezcla sublimemente con los crujientes cacahuetes, creando un delicioso y equilibrado contraste. Adem\u00e1s, la capa de chocolate a\u00f1ade un toque de riqueza y profundidad, completando la experiencia de degustaci\u00f3n con una lujosa nota final.  <\/p>\n<p style=\"text-align: left\">Nuestra receta exclusiva utiliza ingredientes seleccionados para garantizar la mejor calidad. Afinamos y fundimos el chocolate con precisi\u00f3n, mientras preparamos el relleno de pl\u00e1tano y cacahuete para conseguir la textura perfecta, garantizando que cada bomb\u00f3n sea una explosi\u00f3n de sabor. <\/p>\n<p style=\"text-align: left\">Envasamos cuidadosamente cada bomb\u00f3n para preservar su frescura y sabor, asegur\u00e1ndonos de que llega a ti con la misma calidad y atenci\u00f3n al detalle con que fue creado. De este modo, proporcionamos una experiencia \u00fanica en cada degustaci\u00f3n. <\/p>\n<p style=\"text-align: left\"><strong>Perm\u00edtete un momento de placer absoluto<\/strong> y descubre la combinaci\u00f3n perfecta de pl\u00e1tano, cacahuetes y chocolate. <strong>Una creaci\u00f3n que lleva el concepto de bombones artesanales a un nuevo nivel.<\/strong><\/p>\n<p style=\"text-align: left\">\n","protected":false},"excerpt":{"rendered":"<p>Date un capricho con nuestro Bomb\u00f3n de pl\u00e1tano y cacahuete, donde la suavidad del pl\u00e1tano se une al crujiente de los cacahuetes en un irresistible chocolate.<\/p>\n","protected":false},"featured_media":9665,"comment_status":"closed","ping_status":"closed","template":"","meta":[],"product_brand":[],"product_cat":[187],"product_tag":[],"class_list":{"0":"post-9659","1":"product","2":"type-product","3":"status-publish","4":"has-post-thumbnail","6":"product_cat-bombones","8":"first","9":"outofstock","10":"shipping-taxable","11":"purchasable","12":"product-type-simple"},"yoast_head":"<!-- This site is optimized with the Yoast SEO plugin v27.2 - https:\/\/yoast.com\/product\/yoast-seo-wordpress\/ -->\n<title>Bomb\u00f3n de pl\u00e1tano y cacahuete | S\u00ed Chocolate<\/title>\n<meta name=\"description\" content=\"Del\u00e9itate con nuestro Bomb\u00f3n de pl\u00e1tano y cacahuete, donde la suavidad del pl\u00e1tano se une al crujiente de los cacahuetes en un irresistible bomb\u00f3n.\" \/>\n<meta name=\"robots\" content=\"index, follow, max-snippet:-1, max-image-preview:large, max-video-preview:-1\" \/>\n<link rel=\"canonical\" href=\"https:\/\/simchocolate.com\/es\/produto\/bombon-de-platano-y-cacahuete\/\" \/>\n<meta property=\"og:locale\" content=\"es_ES\" \/>\n<meta property=\"og:type\" content=\"article\" \/>\n<meta property=\"og:title\" content=\"Bomb\u00f3n de pl\u00e1tano y cacahuete | S\u00ed Chocolate\" \/>\n<meta property=\"og:description\" content=\"Del\u00e9itate con nuestro Bomb\u00f3n de pl\u00e1tano y cacahuete, donde la suavidad del pl\u00e1tano se une al crujiente de los cacahuetes en un irresistible bomb\u00f3n.\" \/>\n<meta property=\"og:url\" content=\"https:\/\/simchocolate.com\/es\/produto\/bombon-de-platano-y-cacahuete\/\" \/>\n<meta property=\"og:site_name\" content=\"SIM Chocolate\" \/>\n<meta property=\"article:publisher\" content=\"https:\/\/www.facebook.com\/SimBombons\" \/>\n<meta property=\"og:image\" content=\"https:\/\/simchocolate.com\/wp-content\/uploads\/2023\/10\/BB0013.jpg\" \/>\n\t<meta property=\"og:image:width\" content=\"1150\" \/>\n\t<meta property=\"og:image:height\" content=\"1150\" \/>\n\t<meta property=\"og:image:type\" content=\"image\/jpeg\" \/>\n<meta name=\"twitter:card\" content=\"summary_large_image\" \/>\n<meta name=\"twitter:label1\" content=\"Tiempo de lectura\" \/>\n\t<meta name=\"twitter:data1\" content=\"1 minuto\" \/>\n<script type=\"application\/ld+json\" class=\"yoast-schema-graph\">{\"@context\":\"https:\/\/schema.org\",\"@graph\":[{\"@type\":\"WebPage\",\"@id\":\"https:\/\/simchocolate.com\/es\/produto\/bombon-de-platano-y-cacahuete\/\",\"url\":\"https:\/\/simchocolate.com\/es\/produto\/bombon-de-platano-y-cacahuete\/\",\"name\":\"Bomb\u00f3n de pl\u00e1tano y cacahuete | S\u00ed Chocolate\",\"isPartOf\":{\"@id\":\"https:\/\/simchocolate.com\/es\/#website\"},\"primaryImageOfPage\":{\"@id\":\"https:\/\/simchocolate.com\/es\/produto\/bombon-de-platano-y-cacahuete\/#primaryimage\"},\"image\":{\"@id\":\"https:\/\/simchocolate.com\/es\/produto\/bombon-de-platano-y-cacahuete\/#primaryimage\"},\"thumbnailUrl\":\"https:\/\/simchocolate.com\/wp-content\/uploads\/2023\/10\/BB0013.jpg\",\"datePublished\":\"2023-10-20T16:51:33+00:00\",\"description\":\"Del\u00e9itate con nuestro Bomb\u00f3n de pl\u00e1tano y cacahuete, donde la suavidad del pl\u00e1tano se une al crujiente de los cacahuetes en un irresistible bomb\u00f3n.\",\"breadcrumb\":{\"@id\":\"https:\/\/simchocolate.com\/es\/produto\/bombon-de-platano-y-cacahuete\/#breadcrumb\"},\"inLanguage\":\"es\",\"potentialAction\":[{\"@type\":\"ReadAction\",\"target\":[\"https:\/\/simchocolate.com\/es\/produto\/bombon-de-platano-y-cacahuete\/\"]}]},{\"@type\":\"ImageObject\",\"inLanguage\":\"es\",\"@id\":\"https:\/\/simchocolate.com\/es\/produto\/bombon-de-platano-y-cacahuete\/#primaryimage\",\"url\":\"https:\/\/simchocolate.com\/wp-content\/uploads\/2023\/10\/BB0013.jpg\",\"contentUrl\":\"https:\/\/simchocolate.com\/wp-content\/uploads\/2023\/10\/BB0013.jpg\",\"width\":1150,\"height\":1150,\"caption\":\"bombom banana amendoim\"},{\"@type\":\"BreadcrumbList\",\"@id\":\"https:\/\/simchocolate.com\/es\/produto\/bombon-de-platano-y-cacahuete\/#breadcrumb\",\"itemListElement\":[{\"@type\":\"ListItem\",\"position\":1,\"name\":\"In\u00edcio\",\"item\":\"https:\/\/simchocolate.com\/es\/\"},{\"@type\":\"ListItem\",\"position\":2,\"name\":\"Productos\",\"item\":\"https:\/\/simchocolate.com\/es\/shop\/\"},{\"@type\":\"ListItem\",\"position\":3,\"name\":\"Bomb\u00f3n de pl\u00e1tano y cacahuete\"}]},{\"@type\":\"WebSite\",\"@id\":\"https:\/\/simchocolate.com\/es\/#website\",\"url\":\"https:\/\/simchocolate.com\/es\/\",\"name\":\"SIM Chocolate\",\"description\":\"Do amor incondicional entre uma m\u00e3e e sua filha, nasce a marca SIM Bombons no Natal de 2014\",\"potentialAction\":[{\"@type\":\"SearchAction\",\"target\":{\"@type\":\"EntryPoint\",\"urlTemplate\":\"https:\/\/simchocolate.com\/es\/?s={search_term_string}\"},\"query-input\":{\"@type\":\"PropertyValueSpecification\",\"valueRequired\":true,\"valueName\":\"search_term_string\"}}],\"inLanguage\":\"es\"}]}<\/script>\n<!-- \/ Yoast SEO plugin. -->","yoast_head_json":{"title":"Bomb\u00f3n de pl\u00e1tano y cacahuete | S\u00ed Chocolate","description":"Del\u00e9itate con nuestro Bomb\u00f3n de pl\u00e1tano y cacahuete, donde la suavidad del pl\u00e1tano se une al crujiente de los cacahuetes en un irresistible bomb\u00f3n.","robots":{"index":"index","follow":"follow","max-snippet":"max-snippet:-1","max-image-preview":"max-image-preview:large","max-video-preview":"max-video-preview:-1"},"canonical":"https:\/\/simchocolate.com\/es\/produto\/bombon-de-platano-y-cacahuete\/","og_locale":"es_ES","og_type":"article","og_title":"Bomb\u00f3n de pl\u00e1tano y cacahuete | S\u00ed Chocolate","og_description":"Del\u00e9itate con nuestro Bomb\u00f3n de pl\u00e1tano y cacahuete, donde la suavidad del pl\u00e1tano se une al crujiente de los cacahuetes en un irresistible bomb\u00f3n.","og_url":"https:\/\/simchocolate.com\/es\/produto\/bombon-de-platano-y-cacahuete\/","og_site_name":"SIM Chocolate","article_publisher":"https:\/\/www.facebook.com\/SimBombons","og_image":[{"width":1150,"height":1150,"url":"https:\/\/simchocolate.com\/wp-content\/uploads\/2023\/10\/BB0013.jpg","type":"image\/jpeg"}],"twitter_card":"summary_large_image","twitter_misc":{"Tiempo de lectura":"1 minuto"},"schema":{"@context":"https:\/\/schema.org","@graph":[{"@type":"WebPage","@id":"https:\/\/simchocolate.com\/es\/produto\/bombon-de-platano-y-cacahuete\/","url":"https:\/\/simchocolate.com\/es\/produto\/bombon-de-platano-y-cacahuete\/","name":"Bomb\u00f3n de pl\u00e1tano y cacahuete | S\u00ed Chocolate","isPartOf":{"@id":"https:\/\/simchocolate.com\/es\/#website"},"primaryImageOfPage":{"@id":"https:\/\/simchocolate.com\/es\/produto\/bombon-de-platano-y-cacahuete\/#primaryimage"},"image":{"@id":"https:\/\/simchocolate.com\/es\/produto\/bombon-de-platano-y-cacahuete\/#primaryimage"},"thumbnailUrl":"https:\/\/simchocolate.com\/wp-content\/uploads\/2023\/10\/BB0013.jpg","datePublished":"2023-10-20T16:51:33+00:00","description":"Del\u00e9itate con nuestro Bomb\u00f3n de pl\u00e1tano y cacahuete, donde la suavidad del pl\u00e1tano se une al crujiente de los cacahuetes en un irresistible bomb\u00f3n.","breadcrumb":{"@id":"https:\/\/simchocolate.com\/es\/produto\/bombon-de-platano-y-cacahuete\/#breadcrumb"},"inLanguage":"es","potentialAction":[{"@type":"ReadAction","target":["https:\/\/simchocolate.com\/es\/produto\/bombon-de-platano-y-cacahuete\/"]}]},{"@type":"ImageObject","inLanguage":"es","@id":"https:\/\/simchocolate.com\/es\/produto\/bombon-de-platano-y-cacahuete\/#primaryimage","url":"https:\/\/simchocolate.com\/wp-content\/uploads\/2023\/10\/BB0013.jpg","contentUrl":"https:\/\/simchocolate.com\/wp-content\/uploads\/2023\/10\/BB0013.jpg","width":1150,"height":1150,"caption":"bombom banana amendoim"},{"@type":"BreadcrumbList","@id":"https:\/\/simchocolate.com\/es\/produto\/bombon-de-platano-y-cacahuete\/#breadcrumb","itemListElement":[{"@type":"ListItem","position":1,"name":"In\u00edcio","item":"https:\/\/simchocolate.com\/es\/"},{"@type":"ListItem","position":2,"name":"Productos","item":"https:\/\/simchocolate.com\/es\/shop\/"},{"@type":"ListItem","position":3,"name":"Bomb\u00f3n de pl\u00e1tano y cacahuete"}]},{"@type":"WebSite","@id":"https:\/\/simchocolate.com\/es\/#website","url":"https:\/\/simchocolate.com\/es\/","name":"SIM Chocolate","description":"Do amor incondicional entre uma m\u00e3e e sua filha, nasce a marca SIM Bombons no Natal de 2014","potentialAction":[{"@type":"SearchAction","target":{"@type":"EntryPoint","urlTemplate":"https:\/\/simchocolate.com\/es\/?s={search_term_string}"},"query-input":{"@type":"PropertyValueSpecification","valueRequired":true,"valueName":"search_term_string"}}],"inLanguage":"es"}]}},"_links":{"self":[{"href":"https:\/\/simchocolate.com\/es\/wp-json\/wp\/v2\/product\/9659","targetHints":{"allow":["GET"]}}],"collection":[{"href":"https:\/\/simchocolate.com\/es\/wp-json\/wp\/v2\/product"}],"about":[{"href":"https:\/\/simchocolate.com\/es\/wp-json\/wp\/v2\/types\/product"}],"replies":[{"embeddable":true,"href":"https:\/\/simchocolate.com\/es\/wp-json\/wp\/v2\/comments?post=9659"}],"wp:featuredmedia":[{"embeddable":true,"href":"https:\/\/simchocolate.com\/es\/wp-json\/wp\/v2\/media\/9665"}],"wp:attachment":[{"href":"https:\/\/simchocolate.com\/es\/wp-json\/wp\/v2\/media?parent=9659"}],"wp:term":[{"taxonomy":"product_brand","embeddable":true,"href":"https:\/\/simchocolate.com\/es\/wp-json\/wp\/v2\/product_brand?post=9659"},{"taxonomy":"product_cat","embeddable":true,"href":"https:\/\/simchocolate.com\/es\/wp-json\/wp\/v2\/product_cat?post=9659"},{"taxonomy":"product_tag","embeddable":true,"href":"https:\/\/simchocolate.com\/es\/wp-json\/wp\/v2\/product_tag?post=9659"}],"curies":[{"name":"wp","href":"https:\/\/api.w.org\/{rel}","templated":true}]}}