{"id":9666,"date":"2023-10-20T16:51:14","date_gmt":"2023-10-20T16:51:14","guid":{"rendered":"https:\/\/simchocolate.com\/produto\/bombones-de-aceite-de-oliva\/"},"modified":"2023-10-20T16:51:14","modified_gmt":"2023-10-20T16:51:14","slug":"bombones-de-aceite-de-oliva","status":"publish","type":"product","link":"https:\/\/simchocolate.com\/es\/produto\/bombones-de-aceite-de-oliva\/","title":{"rendered":"Bombones de aceite de oliva"},"content":{"rendered":"<h5 style=\"text-align: left;\">Un sabor \u00fanico y encantador<\/h5>\n<p style=\"text-align: left;\">El Bomb\u00f3n de Aceite de Oliva es una experiencia \u00fanica que combina la riqueza del aceite de oliva de primera calidad con el intenso sabor del chocolate artesano. Cada bomb\u00f3n se elabora cuidadosamente para realzar la suavidad y las notas afrutadas del aceite de oliva, creando un maridaje perfecto con el chocolate de alta calidad. <\/p>\n<p style=\"text-align: left;\">Ideal para los amantes de las experiencias gastron\u00f3micas diferentes, este bomb\u00f3n es una aut\u00e9ntica obra maestra que sorprende y deleita los sentidos.<\/p>\n<p style=\"text-align: left;\">Disfruta de un momento de puro lujo con este bomb\u00f3n gourmet.<\/p>\n<p><strong>*Mantener a una temperatura entre 16\u00ba &#8211; 20\u00ba grados<\/strong><\/p>\n","protected":false},"excerpt":{"rendered":"<p>Una combinaci\u00f3n gourmet y sorprendente que combina la suavidad del aceite de oliva con la intensidad del chocolate para crear un sabor \u00fanico.<\/p>\n","protected":false},"featured_media":9668,"comment_status":"closed","ping_status":"closed","template":"","meta":[],"product_brand":[],"product_cat":[187],"product_tag":[],"class_list":{"0":"post-9666","1":"product","2":"type-product","3":"status-publish","4":"has-post-thumbnail","6":"product_cat-bombones","8":"first","9":"instock","10":"shipping-taxable","11":"purchasable","12":"product-type-simple"},"yoast_head":"<!-- This site is optimized with the Yoast SEO plugin v27.2 - https:\/\/yoast.com\/product\/yoast-seo-wordpress\/ -->\n<title>Bombones de aceite de oliva | SIM Chocolate<\/title>\n<meta name=\"description\" content=\"Prueba el Bomb\u00f3n de Aceite de Oliva, una combinaci\u00f3n gourmet de chocolate y aceite de oliva de primera calidad. Un sabor \u00fanico y sofisticado para los amantes del chocolate artesano.\" \/>\n<meta name=\"robots\" content=\"index, follow, max-snippet:-1, max-image-preview:large, max-video-preview:-1\" \/>\n<link rel=\"canonical\" href=\"https:\/\/simchocolate.com\/es\/produto\/bombones-de-aceite-de-oliva\/\" \/>\n<meta property=\"og:locale\" content=\"es_ES\" \/>\n<meta property=\"og:type\" content=\"article\" \/>\n<meta property=\"og:title\" content=\"Bombones de aceite de oliva | SIM Chocolate\" \/>\n<meta property=\"og:description\" content=\"Prueba el Bomb\u00f3n de Aceite de Oliva, una combinaci\u00f3n gourmet de chocolate y aceite de oliva de primera calidad. Un sabor \u00fanico y sofisticado para los amantes del chocolate artesano.\" \/>\n<meta property=\"og:url\" content=\"https:\/\/simchocolate.com\/es\/produto\/bombones-de-aceite-de-oliva\/\" \/>\n<meta property=\"og:site_name\" content=\"SIM Chocolate\" \/>\n<meta property=\"article:publisher\" content=\"https:\/\/www.facebook.com\/SimBombons\" \/>\n<meta property=\"og:image\" content=\"https:\/\/simchocolate.com\/wp-content\/uploads\/2023\/10\/FINAL-INTEIRO-15.jpg\" \/>\n\t<meta property=\"og:image:width\" content=\"1000\" \/>\n\t<meta property=\"og:image:height\" content=\"1000\" \/>\n\t<meta property=\"og:image:type\" content=\"image\/jpeg\" \/>\n<meta name=\"twitter:card\" content=\"summary_large_image\" \/>\n<meta name=\"twitter:label1\" content=\"Tiempo de lectura\" \/>\n\t<meta name=\"twitter:data1\" content=\"1 minuto\" \/>\n<script type=\"application\/ld+json\" class=\"yoast-schema-graph\">{\"@context\":\"https:\/\/schema.org\",\"@graph\":[{\"@type\":\"WebPage\",\"@id\":\"https:\/\/simchocolate.com\/es\/produto\/bombones-de-aceite-de-oliva\/\",\"url\":\"https:\/\/simchocolate.com\/es\/produto\/bombones-de-aceite-de-oliva\/\",\"name\":\"Bombones de aceite de oliva | SIM Chocolate\",\"isPartOf\":{\"@id\":\"https:\/\/simchocolate.com\/es\/#website\"},\"primaryImageOfPage\":{\"@id\":\"https:\/\/simchocolate.com\/es\/produto\/bombones-de-aceite-de-oliva\/#primaryimage\"},\"image\":{\"@id\":\"https:\/\/simchocolate.com\/es\/produto\/bombones-de-aceite-de-oliva\/#primaryimage\"},\"thumbnailUrl\":\"https:\/\/simchocolate.com\/wp-content\/uploads\/2023\/10\/FINAL-INTEIRO-15.jpg\",\"datePublished\":\"2023-10-20T16:51:14+00:00\",\"description\":\"Prueba el Bomb\u00f3n de Aceite de Oliva, una combinaci\u00f3n gourmet de chocolate y aceite de oliva de primera calidad. Un sabor \u00fanico y sofisticado para los amantes del chocolate artesano.\",\"breadcrumb\":{\"@id\":\"https:\/\/simchocolate.com\/es\/produto\/bombones-de-aceite-de-oliva\/#breadcrumb\"},\"inLanguage\":\"es\",\"potentialAction\":[{\"@type\":\"ReadAction\",\"target\":[\"https:\/\/simchocolate.com\/es\/produto\/bombones-de-aceite-de-oliva\/\"]}]},{\"@type\":\"ImageObject\",\"inLanguage\":\"es\",\"@id\":\"https:\/\/simchocolate.com\/es\/produto\/bombones-de-aceite-de-oliva\/#primaryimage\",\"url\":\"https:\/\/simchocolate.com\/wp-content\/uploads\/2023\/10\/FINAL-INTEIRO-15.jpg\",\"contentUrl\":\"https:\/\/simchocolate.com\/wp-content\/uploads\/2023\/10\/FINAL-INTEIRO-15.jpg\",\"width\":1000,\"height\":1000,\"caption\":\"bombom de azeite\"},{\"@type\":\"BreadcrumbList\",\"@id\":\"https:\/\/simchocolate.com\/es\/produto\/bombones-de-aceite-de-oliva\/#breadcrumb\",\"itemListElement\":[{\"@type\":\"ListItem\",\"position\":1,\"name\":\"In\u00edcio\",\"item\":\"https:\/\/simchocolate.com\/es\/\"},{\"@type\":\"ListItem\",\"position\":2,\"name\":\"Productos\",\"item\":\"https:\/\/simchocolate.com\/es\/shop\/\"},{\"@type\":\"ListItem\",\"position\":3,\"name\":\"Bombones de aceite de oliva\"}]},{\"@type\":\"WebSite\",\"@id\":\"https:\/\/simchocolate.com\/es\/#website\",\"url\":\"https:\/\/simchocolate.com\/es\/\",\"name\":\"SIM Chocolate\",\"description\":\"Do amor incondicional entre uma m\u00e3e e sua filha, nasce a marca SIM Bombons no Natal de 2014\",\"potentialAction\":[{\"@type\":\"SearchAction\",\"target\":{\"@type\":\"EntryPoint\",\"urlTemplate\":\"https:\/\/simchocolate.com\/es\/?s={search_term_string}\"},\"query-input\":{\"@type\":\"PropertyValueSpecification\",\"valueRequired\":true,\"valueName\":\"search_term_string\"}}],\"inLanguage\":\"es\"}]}<\/script>\n<!-- \/ Yoast SEO plugin. -->","yoast_head_json":{"title":"Bombones de aceite de oliva | SIM Chocolate","description":"Prueba el Bomb\u00f3n de Aceite de Oliva, una combinaci\u00f3n gourmet de chocolate y aceite de oliva de primera calidad. Un sabor \u00fanico y sofisticado para los amantes del chocolate artesano.","robots":{"index":"index","follow":"follow","max-snippet":"max-snippet:-1","max-image-preview":"max-image-preview:large","max-video-preview":"max-video-preview:-1"},"canonical":"https:\/\/simchocolate.com\/es\/produto\/bombones-de-aceite-de-oliva\/","og_locale":"es_ES","og_type":"article","og_title":"Bombones de aceite de oliva | SIM Chocolate","og_description":"Prueba el Bomb\u00f3n de Aceite de Oliva, una combinaci\u00f3n gourmet de chocolate y aceite de oliva de primera calidad. Un sabor \u00fanico y sofisticado para los amantes del chocolate artesano.","og_url":"https:\/\/simchocolate.com\/es\/produto\/bombones-de-aceite-de-oliva\/","og_site_name":"SIM Chocolate","article_publisher":"https:\/\/www.facebook.com\/SimBombons","og_image":[{"width":1000,"height":1000,"url":"https:\/\/simchocolate.com\/wp-content\/uploads\/2023\/10\/FINAL-INTEIRO-15.jpg","type":"image\/jpeg"}],"twitter_card":"summary_large_image","twitter_misc":{"Tiempo de lectura":"1 minuto"},"schema":{"@context":"https:\/\/schema.org","@graph":[{"@type":"WebPage","@id":"https:\/\/simchocolate.com\/es\/produto\/bombones-de-aceite-de-oliva\/","url":"https:\/\/simchocolate.com\/es\/produto\/bombones-de-aceite-de-oliva\/","name":"Bombones de aceite de oliva | SIM Chocolate","isPartOf":{"@id":"https:\/\/simchocolate.com\/es\/#website"},"primaryImageOfPage":{"@id":"https:\/\/simchocolate.com\/es\/produto\/bombones-de-aceite-de-oliva\/#primaryimage"},"image":{"@id":"https:\/\/simchocolate.com\/es\/produto\/bombones-de-aceite-de-oliva\/#primaryimage"},"thumbnailUrl":"https:\/\/simchocolate.com\/wp-content\/uploads\/2023\/10\/FINAL-INTEIRO-15.jpg","datePublished":"2023-10-20T16:51:14+00:00","description":"Prueba el Bomb\u00f3n de Aceite de Oliva, una combinaci\u00f3n gourmet de chocolate y aceite de oliva de primera calidad. Un sabor \u00fanico y sofisticado para los amantes del chocolate artesano.","breadcrumb":{"@id":"https:\/\/simchocolate.com\/es\/produto\/bombones-de-aceite-de-oliva\/#breadcrumb"},"inLanguage":"es","potentialAction":[{"@type":"ReadAction","target":["https:\/\/simchocolate.com\/es\/produto\/bombones-de-aceite-de-oliva\/"]}]},{"@type":"ImageObject","inLanguage":"es","@id":"https:\/\/simchocolate.com\/es\/produto\/bombones-de-aceite-de-oliva\/#primaryimage","url":"https:\/\/simchocolate.com\/wp-content\/uploads\/2023\/10\/FINAL-INTEIRO-15.jpg","contentUrl":"https:\/\/simchocolate.com\/wp-content\/uploads\/2023\/10\/FINAL-INTEIRO-15.jpg","width":1000,"height":1000,"caption":"bombom de azeite"},{"@type":"BreadcrumbList","@id":"https:\/\/simchocolate.com\/es\/produto\/bombones-de-aceite-de-oliva\/#breadcrumb","itemListElement":[{"@type":"ListItem","position":1,"name":"In\u00edcio","item":"https:\/\/simchocolate.com\/es\/"},{"@type":"ListItem","position":2,"name":"Productos","item":"https:\/\/simchocolate.com\/es\/shop\/"},{"@type":"ListItem","position":3,"name":"Bombones de aceite de oliva"}]},{"@type":"WebSite","@id":"https:\/\/simchocolate.com\/es\/#website","url":"https:\/\/simchocolate.com\/es\/","name":"SIM Chocolate","description":"Do amor incondicional entre uma m\u00e3e e sua filha, nasce a marca SIM Bombons no Natal de 2014","potentialAction":[{"@type":"SearchAction","target":{"@type":"EntryPoint","urlTemplate":"https:\/\/simchocolate.com\/es\/?s={search_term_string}"},"query-input":{"@type":"PropertyValueSpecification","valueRequired":true,"valueName":"search_term_string"}}],"inLanguage":"es"}]}},"_links":{"self":[{"href":"https:\/\/simchocolate.com\/es\/wp-json\/wp\/v2\/product\/9666","targetHints":{"allow":["GET"]}}],"collection":[{"href":"https:\/\/simchocolate.com\/es\/wp-json\/wp\/v2\/product"}],"about":[{"href":"https:\/\/simchocolate.com\/es\/wp-json\/wp\/v2\/types\/product"}],"replies":[{"embeddable":true,"href":"https:\/\/simchocolate.com\/es\/wp-json\/wp\/v2\/comments?post=9666"}],"wp:featuredmedia":[{"embeddable":true,"href":"https:\/\/simchocolate.com\/es\/wp-json\/wp\/v2\/media\/9668"}],"wp:attachment":[{"href":"https:\/\/simchocolate.com\/es\/wp-json\/wp\/v2\/media?parent=9666"}],"wp:term":[{"taxonomy":"product_brand","embeddable":true,"href":"https:\/\/simchocolate.com\/es\/wp-json\/wp\/v2\/product_brand?post=9666"},{"taxonomy":"product_cat","embeddable":true,"href":"https:\/\/simchocolate.com\/es\/wp-json\/wp\/v2\/product_cat?post=9666"},{"taxonomy":"product_tag","embeddable":true,"href":"https:\/\/simchocolate.com\/es\/wp-json\/wp\/v2\/product_tag?post=9666"}],"curies":[{"name":"wp","href":"https:\/\/api.w.org\/{rel}","templated":true}]}}