{"id":9684,"date":"2023-10-20T16:51:29","date_gmt":"2023-10-20T16:51:29","guid":{"rendered":"https:\/\/simchocolate.com\/produto\/bombon-de-miel\/"},"modified":"2023-10-20T16:51:29","modified_gmt":"2023-10-20T16:51:29","slug":"bombon-de-miel","status":"publish","type":"product","link":"https:\/\/simchocolate.com\/es\/produto\/bombon-de-miel\/","title":{"rendered":"Bomb\u00f3n de miel"},"content":{"rendered":"<p style=\"text-align: left;\">Experimenta la exquisitez de nuestros Bombones de Miel, <strong>un verdadero manjar que combina la suavidad del chocolate de primera calidad con la dulzura natural de la miel.<\/strong> Cada bomb\u00f3n se elabora cuidadosamente para ofrecer una experiencia de sabor sofisticada y deliciosa.<\/p>\n<p style=\"text-align: left;\">El Bomb\u00f3n de Miel est\u00e1 envuelto en una capa de chocolate artesano de alta calidad, que le da una textura rica y cremosa. En su interior hay un relleno de miel pura y delicada, que aporta un toque de dulzor natural y un aroma sutilmente floral. La combinaci\u00f3n de chocolate y miel crea un equilibrio perfecto entre la intensidad del cacao y la dulce suavidad, dando como resultado una experiencia sensorial \u00fanica.  <\/p>\n<p style=\"text-align: left;\"><strong>Elaborado con ingredientes seleccionados y t\u00e9cnicas artesanales<\/strong>, este bomb\u00f3n es ideal para quienes aprecian el placer de los sabores refinados y sofisticados. La suavidad del chocolate y la pureza de la miel se funden para crear un sabor extraordinario. <\/p>\n<p style=\"text-align: left;\"><strong>Los bombones de miel son una elecci\u00f3n excelente para quienes valoran la calidad y un sabor excepcional<\/strong>. Cada bocado es una delicia que lleva el chocolate a un nuevo nivel de sofisticaci\u00f3n, haciendo que cualquier momento sea a\u00fan m\u00e1s memorable. <\/p>\n","protected":false},"excerpt":{"rendered":"<p>Bomb\u00f3n de miel con un suave y dulce relleno de miel, envuelto en chocolate de primera calidad.<\/p>\n","protected":false},"featured_media":9696,"comment_status":"closed","ping_status":"closed","template":"","meta":[],"product_brand":[],"product_cat":[187],"product_tag":[],"class_list":{"0":"post-9684","1":"product","2":"type-product","3":"status-publish","4":"has-post-thumbnail","6":"product_cat-bombones","8":"first","9":"instock","10":"shipping-taxable","11":"purchasable","12":"product-type-simple"},"yoast_head":"<!-- This site is optimized with the Yoast SEO plugin v27.2 - https:\/\/yoast.com\/product\/yoast-seo-wordpress\/ -->\n<title>Bomb\u00f3n de Miel | S\u00ed Chocolate<\/title>\n<meta name=\"description\" content=\"Descubre el Bomb\u00f3n de Miel, una deliciosa combinaci\u00f3n de chocolate de primera calidad y el dulce sabor natural de la miel. Un capricho irresistible para momentos especiales.\" \/>\n<meta name=\"robots\" content=\"index, follow, max-snippet:-1, max-image-preview:large, max-video-preview:-1\" \/>\n<link rel=\"canonical\" href=\"https:\/\/simchocolate.com\/es\/produto\/bombon-de-miel\/\" \/>\n<meta property=\"og:locale\" content=\"es_ES\" \/>\n<meta property=\"og:type\" content=\"article\" \/>\n<meta property=\"og:title\" content=\"Bomb\u00f3n de Miel | S\u00ed Chocolate\" \/>\n<meta property=\"og:description\" content=\"Descubre el Bomb\u00f3n de Miel, una deliciosa combinaci\u00f3n de chocolate de primera calidad y el dulce sabor natural de la miel. Un capricho irresistible para momentos especiales.\" \/>\n<meta property=\"og:url\" content=\"https:\/\/simchocolate.com\/es\/produto\/bombon-de-miel\/\" \/>\n<meta property=\"og:site_name\" content=\"SIM Chocolate\" \/>\n<meta property=\"article:publisher\" content=\"https:\/\/www.facebook.com\/SimBombons\" \/>\n<meta property=\"og:image\" content=\"https:\/\/simchocolate.com\/wp-content\/uploads\/2023\/10\/FINAL-INTEIRO-9.jpg\" \/>\n\t<meta property=\"og:image:width\" content=\"1000\" \/>\n\t<meta property=\"og:image:height\" content=\"1000\" \/>\n\t<meta property=\"og:image:type\" content=\"image\/jpeg\" \/>\n<meta name=\"twitter:card\" content=\"summary_large_image\" \/>\n<meta name=\"twitter:label1\" content=\"Tiempo de lectura\" \/>\n\t<meta name=\"twitter:data1\" content=\"1 minuto\" \/>\n<script type=\"application\/ld+json\" class=\"yoast-schema-graph\">{\"@context\":\"https:\/\/schema.org\",\"@graph\":[{\"@type\":\"WebPage\",\"@id\":\"https:\/\/simchocolate.com\/es\/produto\/bombon-de-miel\/\",\"url\":\"https:\/\/simchocolate.com\/es\/produto\/bombon-de-miel\/\",\"name\":\"Bomb\u00f3n de Miel | S\u00ed Chocolate\",\"isPartOf\":{\"@id\":\"https:\/\/simchocolate.com\/es\/#website\"},\"primaryImageOfPage\":{\"@id\":\"https:\/\/simchocolate.com\/es\/produto\/bombon-de-miel\/#primaryimage\"},\"image\":{\"@id\":\"https:\/\/simchocolate.com\/es\/produto\/bombon-de-miel\/#primaryimage\"},\"thumbnailUrl\":\"https:\/\/simchocolate.com\/wp-content\/uploads\/2023\/10\/FINAL-INTEIRO-9.jpg\",\"datePublished\":\"2023-10-20T16:51:29+00:00\",\"description\":\"Descubre el Bomb\u00f3n de Miel, una deliciosa combinaci\u00f3n de chocolate de primera calidad y el dulce sabor natural de la miel. Un capricho irresistible para momentos especiales.\",\"breadcrumb\":{\"@id\":\"https:\/\/simchocolate.com\/es\/produto\/bombon-de-miel\/#breadcrumb\"},\"inLanguage\":\"es\",\"potentialAction\":[{\"@type\":\"ReadAction\",\"target\":[\"https:\/\/simchocolate.com\/es\/produto\/bombon-de-miel\/\"]}]},{\"@type\":\"ImageObject\",\"inLanguage\":\"es\",\"@id\":\"https:\/\/simchocolate.com\/es\/produto\/bombon-de-miel\/#primaryimage\",\"url\":\"https:\/\/simchocolate.com\/wp-content\/uploads\/2023\/10\/FINAL-INTEIRO-9.jpg\",\"contentUrl\":\"https:\/\/simchocolate.com\/wp-content\/uploads\/2023\/10\/FINAL-INTEIRO-9.jpg\",\"width\":1000,\"height\":1000,\"caption\":\"bombom de mel\"},{\"@type\":\"BreadcrumbList\",\"@id\":\"https:\/\/simchocolate.com\/es\/produto\/bombon-de-miel\/#breadcrumb\",\"itemListElement\":[{\"@type\":\"ListItem\",\"position\":1,\"name\":\"In\u00edcio\",\"item\":\"https:\/\/simchocolate.com\/es\/\"},{\"@type\":\"ListItem\",\"position\":2,\"name\":\"Productos\",\"item\":\"https:\/\/simchocolate.com\/es\/shop\/\"},{\"@type\":\"ListItem\",\"position\":3,\"name\":\"Bomb\u00f3n de miel\"}]},{\"@type\":\"WebSite\",\"@id\":\"https:\/\/simchocolate.com\/es\/#website\",\"url\":\"https:\/\/simchocolate.com\/es\/\",\"name\":\"SIM Chocolate\",\"description\":\"Do amor incondicional entre uma m\u00e3e e sua filha, nasce a marca SIM Bombons no Natal de 2014\",\"potentialAction\":[{\"@type\":\"SearchAction\",\"target\":{\"@type\":\"EntryPoint\",\"urlTemplate\":\"https:\/\/simchocolate.com\/es\/?s={search_term_string}\"},\"query-input\":{\"@type\":\"PropertyValueSpecification\",\"valueRequired\":true,\"valueName\":\"search_term_string\"}}],\"inLanguage\":\"es\"}]}<\/script>\n<!-- \/ Yoast SEO plugin. -->","yoast_head_json":{"title":"Bomb\u00f3n de Miel | S\u00ed Chocolate","description":"Descubre el Bomb\u00f3n de Miel, una deliciosa combinaci\u00f3n de chocolate de primera calidad y el dulce sabor natural de la miel. Un capricho irresistible para momentos especiales.","robots":{"index":"index","follow":"follow","max-snippet":"max-snippet:-1","max-image-preview":"max-image-preview:large","max-video-preview":"max-video-preview:-1"},"canonical":"https:\/\/simchocolate.com\/es\/produto\/bombon-de-miel\/","og_locale":"es_ES","og_type":"article","og_title":"Bomb\u00f3n de Miel | S\u00ed Chocolate","og_description":"Descubre el Bomb\u00f3n de Miel, una deliciosa combinaci\u00f3n de chocolate de primera calidad y el dulce sabor natural de la miel. Un capricho irresistible para momentos especiales.","og_url":"https:\/\/simchocolate.com\/es\/produto\/bombon-de-miel\/","og_site_name":"SIM Chocolate","article_publisher":"https:\/\/www.facebook.com\/SimBombons","og_image":[{"width":1000,"height":1000,"url":"https:\/\/simchocolate.com\/wp-content\/uploads\/2023\/10\/FINAL-INTEIRO-9.jpg","type":"image\/jpeg"}],"twitter_card":"summary_large_image","twitter_misc":{"Tiempo de lectura":"1 minuto"},"schema":{"@context":"https:\/\/schema.org","@graph":[{"@type":"WebPage","@id":"https:\/\/simchocolate.com\/es\/produto\/bombon-de-miel\/","url":"https:\/\/simchocolate.com\/es\/produto\/bombon-de-miel\/","name":"Bomb\u00f3n de Miel | S\u00ed Chocolate","isPartOf":{"@id":"https:\/\/simchocolate.com\/es\/#website"},"primaryImageOfPage":{"@id":"https:\/\/simchocolate.com\/es\/produto\/bombon-de-miel\/#primaryimage"},"image":{"@id":"https:\/\/simchocolate.com\/es\/produto\/bombon-de-miel\/#primaryimage"},"thumbnailUrl":"https:\/\/simchocolate.com\/wp-content\/uploads\/2023\/10\/FINAL-INTEIRO-9.jpg","datePublished":"2023-10-20T16:51:29+00:00","description":"Descubre el Bomb\u00f3n de Miel, una deliciosa combinaci\u00f3n de chocolate de primera calidad y el dulce sabor natural de la miel. Un capricho irresistible para momentos especiales.","breadcrumb":{"@id":"https:\/\/simchocolate.com\/es\/produto\/bombon-de-miel\/#breadcrumb"},"inLanguage":"es","potentialAction":[{"@type":"ReadAction","target":["https:\/\/simchocolate.com\/es\/produto\/bombon-de-miel\/"]}]},{"@type":"ImageObject","inLanguage":"es","@id":"https:\/\/simchocolate.com\/es\/produto\/bombon-de-miel\/#primaryimage","url":"https:\/\/simchocolate.com\/wp-content\/uploads\/2023\/10\/FINAL-INTEIRO-9.jpg","contentUrl":"https:\/\/simchocolate.com\/wp-content\/uploads\/2023\/10\/FINAL-INTEIRO-9.jpg","width":1000,"height":1000,"caption":"bombom de mel"},{"@type":"BreadcrumbList","@id":"https:\/\/simchocolate.com\/es\/produto\/bombon-de-miel\/#breadcrumb","itemListElement":[{"@type":"ListItem","position":1,"name":"In\u00edcio","item":"https:\/\/simchocolate.com\/es\/"},{"@type":"ListItem","position":2,"name":"Productos","item":"https:\/\/simchocolate.com\/es\/shop\/"},{"@type":"ListItem","position":3,"name":"Bomb\u00f3n de miel"}]},{"@type":"WebSite","@id":"https:\/\/simchocolate.com\/es\/#website","url":"https:\/\/simchocolate.com\/es\/","name":"SIM Chocolate","description":"Do amor incondicional entre uma m\u00e3e e sua filha, nasce a marca SIM Bombons no Natal de 2014","potentialAction":[{"@type":"SearchAction","target":{"@type":"EntryPoint","urlTemplate":"https:\/\/simchocolate.com\/es\/?s={search_term_string}"},"query-input":{"@type":"PropertyValueSpecification","valueRequired":true,"valueName":"search_term_string"}}],"inLanguage":"es"}]}},"_links":{"self":[{"href":"https:\/\/simchocolate.com\/es\/wp-json\/wp\/v2\/product\/9684","targetHints":{"allow":["GET"]}}],"collection":[{"href":"https:\/\/simchocolate.com\/es\/wp-json\/wp\/v2\/product"}],"about":[{"href":"https:\/\/simchocolate.com\/es\/wp-json\/wp\/v2\/types\/product"}],"replies":[{"embeddable":true,"href":"https:\/\/simchocolate.com\/es\/wp-json\/wp\/v2\/comments?post=9684"}],"wp:featuredmedia":[{"embeddable":true,"href":"https:\/\/simchocolate.com\/es\/wp-json\/wp\/v2\/media\/9696"}],"wp:attachment":[{"href":"https:\/\/simchocolate.com\/es\/wp-json\/wp\/v2\/media?parent=9684"}],"wp:term":[{"taxonomy":"product_brand","embeddable":true,"href":"https:\/\/simchocolate.com\/es\/wp-json\/wp\/v2\/product_brand?post=9684"},{"taxonomy":"product_cat","embeddable":true,"href":"https:\/\/simchocolate.com\/es\/wp-json\/wp\/v2\/product_cat?post=9684"},{"taxonomy":"product_tag","embeddable":true,"href":"https:\/\/simchocolate.com\/es\/wp-json\/wp\/v2\/product_tag?post=9684"}],"curies":[{"name":"wp","href":"https:\/\/api.w.org\/{rel}","templated":true}]}}