{"id":9688,"date":"2023-10-20T16:51:26","date_gmt":"2023-10-20T16:51:26","guid":{"rendered":"https:\/\/simchocolate.com\/produto\/bombon-frutos-del-bosque\/"},"modified":"2023-10-20T16:51:26","modified_gmt":"2023-10-20T16:51:26","slug":"bombon-frutos-del-bosque","status":"publish","type":"product","link":"https:\/\/simchocolate.com\/es\/produto\/bombon-frutos-del-bosque\/","title":{"rendered":"Bomb\u00f3n Frutos del Bosque"},"content":{"rendered":"<p style=\"text-align: left;\">Bombom Frutos do Bosque ofrece una aut\u00e9ntica explosi\u00f3n de sabores afrutados envueltos en chocolate de primera calidad. Elaborado con una exquisita selecci\u00f3n de bayas silvestres como ar\u00e1ndanos, frambuesas y moras, su cremoso relleno combina la frescura y acidez de la fruta con la suave dulzura del chocolate. Cada bomb\u00f3n es una obra maestra artesanal, dise\u00f1ada para proporcionar una experiencia gustativa rica y equilibrada. La suave textura del relleno armoniza perfectamente con el crujiente del chocolate, creando una sofisticada combinaci\u00f3n que complace incluso a los paladares m\u00e1s exigentes. Este bomb\u00f3n es la elecci\u00f3n perfecta para quienes buscan un equilibrio entre el sabor afrutado y el toque refinado del chocolate artesano. Tanto si se trata de una celebraci\u00f3n como de un simple momento de placer, Bombom Frutos do Bosque convierte cualquier ocasi\u00f3n en un acontecimiento memorable.     <\/p>\n","protected":false},"excerpt":{"rendered":"<p>Bomb\u00f3n Frutos do Bosque con relleno afrutado y salado, envuelto en chocolate de primera calidad.<\/p>\n","protected":false},"featured_media":9704,"comment_status":"closed","ping_status":"closed","template":"","meta":[],"product_brand":[],"product_cat":[187],"product_tag":[230],"class_list":{"0":"post-9688","1":"product","2":"type-product","3":"status-publish","4":"has-post-thumbnail","6":"product_cat-bombones","7":"product_tag-frutos-del-bosque","9":"first","10":"instock","11":"shipping-taxable","12":"purchasable","13":"product-type-simple"},"yoast_head":"<!-- This site is optimized with the Yoast SEO plugin v27.2 - https:\/\/yoast.com\/product\/yoast-seo-wordpress\/ -->\n<title>Bomb\u00f3n Frutos do Bosque | S\u00ed Chocolate<\/title>\n<meta name=\"description\" content=\"Descubre el intenso sabor de Bombom Frutos do Bosque, con un relleno cremoso y afrutado envuelto en chocolate artesano de alta calidad.\" \/>\n<meta name=\"robots\" content=\"index, follow, max-snippet:-1, max-image-preview:large, max-video-preview:-1\" \/>\n<link rel=\"canonical\" href=\"https:\/\/simchocolate.com\/es\/produto\/bombon-frutos-del-bosque\/\" \/>\n<meta property=\"og:locale\" content=\"es_ES\" \/>\n<meta property=\"og:type\" content=\"article\" \/>\n<meta property=\"og:title\" content=\"Bomb\u00f3n Frutos do Bosque | S\u00ed Chocolate\" \/>\n<meta property=\"og:description\" content=\"Descubre el intenso sabor de Bombom Frutos do Bosque, con un relleno cremoso y afrutado envuelto en chocolate artesano de alta calidad.\" \/>\n<meta property=\"og:url\" content=\"https:\/\/simchocolate.com\/es\/produto\/bombon-frutos-del-bosque\/\" \/>\n<meta property=\"og:site_name\" content=\"SIM Chocolate\" \/>\n<meta property=\"article:publisher\" content=\"https:\/\/www.facebook.com\/SimBombons\" \/>\n<meta property=\"og:image\" content=\"https:\/\/simchocolate.com\/wp-content\/uploads\/2023\/10\/BOMBOM-FINAL-OPCAO-1-9.jpg\" \/>\n\t<meta property=\"og:image:width\" content=\"1000\" \/>\n\t<meta property=\"og:image:height\" content=\"1000\" \/>\n\t<meta property=\"og:image:type\" content=\"image\/jpeg\" \/>\n<meta name=\"twitter:card\" content=\"summary_large_image\" \/>\n<meta name=\"twitter:label1\" content=\"Tiempo de lectura\" \/>\n\t<meta name=\"twitter:data1\" content=\"1 minuto\" \/>\n<script type=\"application\/ld+json\" class=\"yoast-schema-graph\">{\"@context\":\"https:\/\/schema.org\",\"@graph\":[{\"@type\":\"WebPage\",\"@id\":\"https:\/\/simchocolate.com\/es\/produto\/bombon-frutos-del-bosque\/\",\"url\":\"https:\/\/simchocolate.com\/es\/produto\/bombon-frutos-del-bosque\/\",\"name\":\"Bomb\u00f3n Frutos do Bosque | S\u00ed Chocolate\",\"isPartOf\":{\"@id\":\"https:\/\/simchocolate.com\/es\/#website\"},\"primaryImageOfPage\":{\"@id\":\"https:\/\/simchocolate.com\/es\/produto\/bombon-frutos-del-bosque\/#primaryimage\"},\"image\":{\"@id\":\"https:\/\/simchocolate.com\/es\/produto\/bombon-frutos-del-bosque\/#primaryimage\"},\"thumbnailUrl\":\"https:\/\/simchocolate.com\/wp-content\/uploads\/2023\/10\/BOMBOM-FINAL-OPCAO-1-9.jpg\",\"datePublished\":\"2023-10-20T16:51:26+00:00\",\"description\":\"Descubre el intenso sabor de Bombom Frutos do Bosque, con un relleno cremoso y afrutado envuelto en chocolate artesano de alta calidad.\",\"breadcrumb\":{\"@id\":\"https:\/\/simchocolate.com\/es\/produto\/bombon-frutos-del-bosque\/#breadcrumb\"},\"inLanguage\":\"es\",\"potentialAction\":[{\"@type\":\"ReadAction\",\"target\":[\"https:\/\/simchocolate.com\/es\/produto\/bombon-frutos-del-bosque\/\"]}]},{\"@type\":\"ImageObject\",\"inLanguage\":\"es\",\"@id\":\"https:\/\/simchocolate.com\/es\/produto\/bombon-frutos-del-bosque\/#primaryimage\",\"url\":\"https:\/\/simchocolate.com\/wp-content\/uploads\/2023\/10\/BOMBOM-FINAL-OPCAO-1-9.jpg\",\"contentUrl\":\"https:\/\/simchocolate.com\/wp-content\/uploads\/2023\/10\/BOMBOM-FINAL-OPCAO-1-9.jpg\",\"width\":1000,\"height\":1000,\"caption\":\"bombom frutos do bosque\"},{\"@type\":\"BreadcrumbList\",\"@id\":\"https:\/\/simchocolate.com\/es\/produto\/bombon-frutos-del-bosque\/#breadcrumb\",\"itemListElement\":[{\"@type\":\"ListItem\",\"position\":1,\"name\":\"In\u00edcio\",\"item\":\"https:\/\/simchocolate.com\/es\/\"},{\"@type\":\"ListItem\",\"position\":2,\"name\":\"Productos\",\"item\":\"https:\/\/simchocolate.com\/es\/shop\/\"},{\"@type\":\"ListItem\",\"position\":3,\"name\":\"Bomb\u00f3n Frutos del Bosque\"}]},{\"@type\":\"WebSite\",\"@id\":\"https:\/\/simchocolate.com\/es\/#website\",\"url\":\"https:\/\/simchocolate.com\/es\/\",\"name\":\"SIM Chocolate\",\"description\":\"Do amor incondicional entre uma m\u00e3e e sua filha, nasce a marca SIM Bombons no Natal de 2014\",\"potentialAction\":[{\"@type\":\"SearchAction\",\"target\":{\"@type\":\"EntryPoint\",\"urlTemplate\":\"https:\/\/simchocolate.com\/es\/?s={search_term_string}\"},\"query-input\":{\"@type\":\"PropertyValueSpecification\",\"valueRequired\":true,\"valueName\":\"search_term_string\"}}],\"inLanguage\":\"es\"}]}<\/script>\n<!-- \/ Yoast SEO plugin. -->","yoast_head_json":{"title":"Bomb\u00f3n Frutos do Bosque | S\u00ed Chocolate","description":"Descubre el intenso sabor de Bombom Frutos do Bosque, con un relleno cremoso y afrutado envuelto en chocolate artesano de alta calidad.","robots":{"index":"index","follow":"follow","max-snippet":"max-snippet:-1","max-image-preview":"max-image-preview:large","max-video-preview":"max-video-preview:-1"},"canonical":"https:\/\/simchocolate.com\/es\/produto\/bombon-frutos-del-bosque\/","og_locale":"es_ES","og_type":"article","og_title":"Bomb\u00f3n Frutos do Bosque | S\u00ed Chocolate","og_description":"Descubre el intenso sabor de Bombom Frutos do Bosque, con un relleno cremoso y afrutado envuelto en chocolate artesano de alta calidad.","og_url":"https:\/\/simchocolate.com\/es\/produto\/bombon-frutos-del-bosque\/","og_site_name":"SIM Chocolate","article_publisher":"https:\/\/www.facebook.com\/SimBombons","og_image":[{"width":1000,"height":1000,"url":"https:\/\/simchocolate.com\/wp-content\/uploads\/2023\/10\/BOMBOM-FINAL-OPCAO-1-9.jpg","type":"image\/jpeg"}],"twitter_card":"summary_large_image","twitter_misc":{"Tiempo de lectura":"1 minuto"},"schema":{"@context":"https:\/\/schema.org","@graph":[{"@type":"WebPage","@id":"https:\/\/simchocolate.com\/es\/produto\/bombon-frutos-del-bosque\/","url":"https:\/\/simchocolate.com\/es\/produto\/bombon-frutos-del-bosque\/","name":"Bomb\u00f3n Frutos do Bosque | S\u00ed Chocolate","isPartOf":{"@id":"https:\/\/simchocolate.com\/es\/#website"},"primaryImageOfPage":{"@id":"https:\/\/simchocolate.com\/es\/produto\/bombon-frutos-del-bosque\/#primaryimage"},"image":{"@id":"https:\/\/simchocolate.com\/es\/produto\/bombon-frutos-del-bosque\/#primaryimage"},"thumbnailUrl":"https:\/\/simchocolate.com\/wp-content\/uploads\/2023\/10\/BOMBOM-FINAL-OPCAO-1-9.jpg","datePublished":"2023-10-20T16:51:26+00:00","description":"Descubre el intenso sabor de Bombom Frutos do Bosque, con un relleno cremoso y afrutado envuelto en chocolate artesano de alta calidad.","breadcrumb":{"@id":"https:\/\/simchocolate.com\/es\/produto\/bombon-frutos-del-bosque\/#breadcrumb"},"inLanguage":"es","potentialAction":[{"@type":"ReadAction","target":["https:\/\/simchocolate.com\/es\/produto\/bombon-frutos-del-bosque\/"]}]},{"@type":"ImageObject","inLanguage":"es","@id":"https:\/\/simchocolate.com\/es\/produto\/bombon-frutos-del-bosque\/#primaryimage","url":"https:\/\/simchocolate.com\/wp-content\/uploads\/2023\/10\/BOMBOM-FINAL-OPCAO-1-9.jpg","contentUrl":"https:\/\/simchocolate.com\/wp-content\/uploads\/2023\/10\/BOMBOM-FINAL-OPCAO-1-9.jpg","width":1000,"height":1000,"caption":"bombom frutos do bosque"},{"@type":"BreadcrumbList","@id":"https:\/\/simchocolate.com\/es\/produto\/bombon-frutos-del-bosque\/#breadcrumb","itemListElement":[{"@type":"ListItem","position":1,"name":"In\u00edcio","item":"https:\/\/simchocolate.com\/es\/"},{"@type":"ListItem","position":2,"name":"Productos","item":"https:\/\/simchocolate.com\/es\/shop\/"},{"@type":"ListItem","position":3,"name":"Bomb\u00f3n Frutos del Bosque"}]},{"@type":"WebSite","@id":"https:\/\/simchocolate.com\/es\/#website","url":"https:\/\/simchocolate.com\/es\/","name":"SIM Chocolate","description":"Do amor incondicional entre uma m\u00e3e e sua filha, nasce a marca SIM Bombons no Natal de 2014","potentialAction":[{"@type":"SearchAction","target":{"@type":"EntryPoint","urlTemplate":"https:\/\/simchocolate.com\/es\/?s={search_term_string}"},"query-input":{"@type":"PropertyValueSpecification","valueRequired":true,"valueName":"search_term_string"}}],"inLanguage":"es"}]}},"_links":{"self":[{"href":"https:\/\/simchocolate.com\/es\/wp-json\/wp\/v2\/product\/9688","targetHints":{"allow":["GET"]}}],"collection":[{"href":"https:\/\/simchocolate.com\/es\/wp-json\/wp\/v2\/product"}],"about":[{"href":"https:\/\/simchocolate.com\/es\/wp-json\/wp\/v2\/types\/product"}],"replies":[{"embeddable":true,"href":"https:\/\/simchocolate.com\/es\/wp-json\/wp\/v2\/comments?post=9688"}],"wp:featuredmedia":[{"embeddable":true,"href":"https:\/\/simchocolate.com\/es\/wp-json\/wp\/v2\/media\/9704"}],"wp:attachment":[{"href":"https:\/\/simchocolate.com\/es\/wp-json\/wp\/v2\/media?parent=9688"}],"wp:term":[{"taxonomy":"product_brand","embeddable":true,"href":"https:\/\/simchocolate.com\/es\/wp-json\/wp\/v2\/product_brand?post=9688"},{"taxonomy":"product_cat","embeddable":true,"href":"https:\/\/simchocolate.com\/es\/wp-json\/wp\/v2\/product_cat?post=9688"},{"taxonomy":"product_tag","embeddable":true,"href":"https:\/\/simchocolate.com\/es\/wp-json\/wp\/v2\/product_tag?post=9688"}],"curies":[{"name":"wp","href":"https:\/\/api.w.org\/{rel}","templated":true}]}}