{"id":9710,"date":"2023-10-20T16:51:01","date_gmt":"2023-10-20T16:51:01","guid":{"rendered":"https:\/\/simchocolate.com\/produto\/bombones-de-citricos\/"},"modified":"2023-10-20T16:51:01","modified_gmt":"2023-10-20T16:51:01","slug":"bombones-de-citricos","status":"publish","type":"product","link":"https:\/\/simchocolate.com\/es\/produto\/bombones-de-citricos\/","title":{"rendered":"Bombones de c\u00edtricos"},"content":{"rendered":"<h5 style=\"text-align: left\">Una explosi\u00f3n de c\u00edtricos<\/h5>\n<p style=\"text-align: left\">Bombom Citrinos ofrece una explosi\u00f3n de sabor con su refrescante combinaci\u00f3n de chocolate y c\u00edtricos. Cada bomb\u00f3n est\u00e1 meticulosamente elaborado con un relleno de c\u00edtricos que combina armoniosamente con el chocolate de alta calidad. Ideal para quienes aprecian un toque de c\u00edtricos en su chocolate, este bomb\u00f3n es perfecto para momentos indulgentes o como regalo sofisticado.  <\/p>\n<p style=\"text-align: left\">La combinaci\u00f3n de frescura y suavidad proporciona una experiencia de sabor \u00fanica y memorable.<\/p>\n","protected":false},"excerpt":{"rendered":"<p>Bombones de c\u00edtricos rellenos de c\u00edtricos y chocolate de primera calidad. Un toque de frescura y sofisticaci\u00f3n en cada bocado. <\/p>\n","protected":false},"featured_media":9713,"comment_status":"closed","ping_status":"closed","template":"","meta":[],"product_brand":[],"product_cat":[187],"product_tag":[231],"class_list":{"0":"post-9710","1":"product","2":"type-product","3":"status-publish","4":"has-post-thumbnail","6":"product_cat-bombones","7":"product_tag-citricos","9":"first","10":"instock","11":"shipping-taxable","12":"purchasable","13":"product-type-simple"},"yoast_head":"<!-- This site is optimized with the Yoast SEO plugin v27.2 - https:\/\/yoast.com\/product\/yoast-seo-wordpress\/ -->\n<title>Bombones de c\u00edtricos | S\u00ed Chocolate<\/title>\n<meta name=\"description\" content=\"Prueba Bombom Citrinos, una deliciosa combinaci\u00f3n de chocolate y c\u00edtricos. Un sabor refrescante y gourmet que deleita el paladar.\" \/>\n<meta name=\"robots\" content=\"index, follow, max-snippet:-1, max-image-preview:large, max-video-preview:-1\" \/>\n<link rel=\"canonical\" href=\"https:\/\/simchocolate.com\/es\/produto\/bombones-de-citricos\/\" \/>\n<meta property=\"og:locale\" content=\"es_ES\" \/>\n<meta property=\"og:type\" content=\"article\" \/>\n<meta property=\"og:title\" content=\"Bombones de c\u00edtricos | S\u00ed Chocolate\" \/>\n<meta property=\"og:description\" content=\"Prueba Bombom Citrinos, una deliciosa combinaci\u00f3n de chocolate y c\u00edtricos. Un sabor refrescante y gourmet que deleita el paladar.\" \/>\n<meta property=\"og:url\" content=\"https:\/\/simchocolate.com\/es\/produto\/bombones-de-citricos\/\" \/>\n<meta property=\"og:site_name\" content=\"SIM Chocolate\" \/>\n<meta property=\"article:publisher\" content=\"https:\/\/www.facebook.com\/SimBombons\" \/>\n<meta property=\"og:image\" content=\"https:\/\/simchocolate.com\/wp-content\/uploads\/2023\/10\/BB0006.jpg\" \/>\n\t<meta property=\"og:image:width\" content=\"1150\" \/>\n\t<meta property=\"og:image:height\" content=\"1150\" \/>\n\t<meta property=\"og:image:type\" content=\"image\/jpeg\" \/>\n<meta name=\"twitter:card\" content=\"summary_large_image\" \/>\n<script type=\"application\/ld+json\" class=\"yoast-schema-graph\">{\"@context\":\"https:\/\/schema.org\",\"@graph\":[{\"@type\":\"WebPage\",\"@id\":\"https:\/\/simchocolate.com\/es\/produto\/bombones-de-citricos\/\",\"url\":\"https:\/\/simchocolate.com\/es\/produto\/bombones-de-citricos\/\",\"name\":\"Bombones de c\u00edtricos | S\u00ed Chocolate\",\"isPartOf\":{\"@id\":\"https:\/\/simchocolate.com\/es\/#website\"},\"primaryImageOfPage\":{\"@id\":\"https:\/\/simchocolate.com\/es\/produto\/bombones-de-citricos\/#primaryimage\"},\"image\":{\"@id\":\"https:\/\/simchocolate.com\/es\/produto\/bombones-de-citricos\/#primaryimage\"},\"thumbnailUrl\":\"https:\/\/simchocolate.com\/wp-content\/uploads\/2023\/10\/BB0006.jpg\",\"datePublished\":\"2023-10-20T16:51:01+00:00\",\"description\":\"Prueba Bombom Citrinos, una deliciosa combinaci\u00f3n de chocolate y c\u00edtricos. Un sabor refrescante y gourmet que deleita el paladar.\",\"breadcrumb\":{\"@id\":\"https:\/\/simchocolate.com\/es\/produto\/bombones-de-citricos\/#breadcrumb\"},\"inLanguage\":\"es\",\"potentialAction\":[{\"@type\":\"ReadAction\",\"target\":[\"https:\/\/simchocolate.com\/es\/produto\/bombones-de-citricos\/\"]}]},{\"@type\":\"ImageObject\",\"inLanguage\":\"es\",\"@id\":\"https:\/\/simchocolate.com\/es\/produto\/bombones-de-citricos\/#primaryimage\",\"url\":\"https:\/\/simchocolate.com\/wp-content\/uploads\/2023\/10\/BB0006.jpg\",\"contentUrl\":\"https:\/\/simchocolate.com\/wp-content\/uploads\/2023\/10\/BB0006.jpg\",\"width\":1150,\"height\":1150,\"caption\":\"bombom citrinos\"},{\"@type\":\"BreadcrumbList\",\"@id\":\"https:\/\/simchocolate.com\/es\/produto\/bombones-de-citricos\/#breadcrumb\",\"itemListElement\":[{\"@type\":\"ListItem\",\"position\":1,\"name\":\"In\u00edcio\",\"item\":\"https:\/\/simchocolate.com\/es\/\"},{\"@type\":\"ListItem\",\"position\":2,\"name\":\"Productos\",\"item\":\"https:\/\/simchocolate.com\/es\/shop\/\"},{\"@type\":\"ListItem\",\"position\":3,\"name\":\"Bombones de c\u00edtricos\"}]},{\"@type\":\"WebSite\",\"@id\":\"https:\/\/simchocolate.com\/es\/#website\",\"url\":\"https:\/\/simchocolate.com\/es\/\",\"name\":\"SIM Chocolate\",\"description\":\"Do amor incondicional entre uma m\u00e3e e sua filha, nasce a marca SIM Bombons no Natal de 2014\",\"potentialAction\":[{\"@type\":\"SearchAction\",\"target\":{\"@type\":\"EntryPoint\",\"urlTemplate\":\"https:\/\/simchocolate.com\/es\/?s={search_term_string}\"},\"query-input\":{\"@type\":\"PropertyValueSpecification\",\"valueRequired\":true,\"valueName\":\"search_term_string\"}}],\"inLanguage\":\"es\"}]}<\/script>\n<!-- \/ Yoast SEO plugin. -->","yoast_head_json":{"title":"Bombones de c\u00edtricos | S\u00ed Chocolate","description":"Prueba Bombom Citrinos, una deliciosa combinaci\u00f3n de chocolate y c\u00edtricos. Un sabor refrescante y gourmet que deleita el paladar.","robots":{"index":"index","follow":"follow","max-snippet":"max-snippet:-1","max-image-preview":"max-image-preview:large","max-video-preview":"max-video-preview:-1"},"canonical":"https:\/\/simchocolate.com\/es\/produto\/bombones-de-citricos\/","og_locale":"es_ES","og_type":"article","og_title":"Bombones de c\u00edtricos | S\u00ed Chocolate","og_description":"Prueba Bombom Citrinos, una deliciosa combinaci\u00f3n de chocolate y c\u00edtricos. Un sabor refrescante y gourmet que deleita el paladar.","og_url":"https:\/\/simchocolate.com\/es\/produto\/bombones-de-citricos\/","og_site_name":"SIM Chocolate","article_publisher":"https:\/\/www.facebook.com\/SimBombons","og_image":[{"width":1150,"height":1150,"url":"https:\/\/simchocolate.com\/wp-content\/uploads\/2023\/10\/BB0006.jpg","type":"image\/jpeg"}],"twitter_card":"summary_large_image","schema":{"@context":"https:\/\/schema.org","@graph":[{"@type":"WebPage","@id":"https:\/\/simchocolate.com\/es\/produto\/bombones-de-citricos\/","url":"https:\/\/simchocolate.com\/es\/produto\/bombones-de-citricos\/","name":"Bombones de c\u00edtricos | S\u00ed Chocolate","isPartOf":{"@id":"https:\/\/simchocolate.com\/es\/#website"},"primaryImageOfPage":{"@id":"https:\/\/simchocolate.com\/es\/produto\/bombones-de-citricos\/#primaryimage"},"image":{"@id":"https:\/\/simchocolate.com\/es\/produto\/bombones-de-citricos\/#primaryimage"},"thumbnailUrl":"https:\/\/simchocolate.com\/wp-content\/uploads\/2023\/10\/BB0006.jpg","datePublished":"2023-10-20T16:51:01+00:00","description":"Prueba Bombom Citrinos, una deliciosa combinaci\u00f3n de chocolate y c\u00edtricos. Un sabor refrescante y gourmet que deleita el paladar.","breadcrumb":{"@id":"https:\/\/simchocolate.com\/es\/produto\/bombones-de-citricos\/#breadcrumb"},"inLanguage":"es","potentialAction":[{"@type":"ReadAction","target":["https:\/\/simchocolate.com\/es\/produto\/bombones-de-citricos\/"]}]},{"@type":"ImageObject","inLanguage":"es","@id":"https:\/\/simchocolate.com\/es\/produto\/bombones-de-citricos\/#primaryimage","url":"https:\/\/simchocolate.com\/wp-content\/uploads\/2023\/10\/BB0006.jpg","contentUrl":"https:\/\/simchocolate.com\/wp-content\/uploads\/2023\/10\/BB0006.jpg","width":1150,"height":1150,"caption":"bombom citrinos"},{"@type":"BreadcrumbList","@id":"https:\/\/simchocolate.com\/es\/produto\/bombones-de-citricos\/#breadcrumb","itemListElement":[{"@type":"ListItem","position":1,"name":"In\u00edcio","item":"https:\/\/simchocolate.com\/es\/"},{"@type":"ListItem","position":2,"name":"Productos","item":"https:\/\/simchocolate.com\/es\/shop\/"},{"@type":"ListItem","position":3,"name":"Bombones de c\u00edtricos"}]},{"@type":"WebSite","@id":"https:\/\/simchocolate.com\/es\/#website","url":"https:\/\/simchocolate.com\/es\/","name":"SIM Chocolate","description":"Do amor incondicional entre uma m\u00e3e e sua filha, nasce a marca SIM Bombons no Natal de 2014","potentialAction":[{"@type":"SearchAction","target":{"@type":"EntryPoint","urlTemplate":"https:\/\/simchocolate.com\/es\/?s={search_term_string}"},"query-input":{"@type":"PropertyValueSpecification","valueRequired":true,"valueName":"search_term_string"}}],"inLanguage":"es"}]}},"_links":{"self":[{"href":"https:\/\/simchocolate.com\/es\/wp-json\/wp\/v2\/product\/9710","targetHints":{"allow":["GET"]}}],"collection":[{"href":"https:\/\/simchocolate.com\/es\/wp-json\/wp\/v2\/product"}],"about":[{"href":"https:\/\/simchocolate.com\/es\/wp-json\/wp\/v2\/types\/product"}],"replies":[{"embeddable":true,"href":"https:\/\/simchocolate.com\/es\/wp-json\/wp\/v2\/comments?post=9710"}],"wp:featuredmedia":[{"embeddable":true,"href":"https:\/\/simchocolate.com\/es\/wp-json\/wp\/v2\/media\/9713"}],"wp:attachment":[{"href":"https:\/\/simchocolate.com\/es\/wp-json\/wp\/v2\/media?parent=9710"}],"wp:term":[{"taxonomy":"product_brand","embeddable":true,"href":"https:\/\/simchocolate.com\/es\/wp-json\/wp\/v2\/product_brand?post=9710"},{"taxonomy":"product_cat","embeddable":true,"href":"https:\/\/simchocolate.com\/es\/wp-json\/wp\/v2\/product_cat?post=9710"},{"taxonomy":"product_tag","embeddable":true,"href":"https:\/\/simchocolate.com\/es\/wp-json\/wp\/v2\/product_tag?post=9710"}],"curies":[{"name":"wp","href":"https:\/\/api.w.org\/{rel}","templated":true}]}}