{"id":9711,"date":"2023-10-20T16:50:55","date_gmt":"2023-10-20T16:50:55","guid":{"rendered":"https:\/\/simchocolate.com\/produto\/bombon-de-malagueta\/"},"modified":"2025-12-02T17:15:25","modified_gmt":"2025-12-02T17:15:25","slug":"bombon-de-malagueta","status":"publish","type":"product","link":"https:\/\/simchocolate.com\/es\/produto\/bombon-de-malagueta\/","title":{"rendered":"Bomb\u00f3n de malagueta"},"content":{"rendered":"<p style=\"text-align: left;\">Los bombones de Malagueta ofrecen una experiencia \u00fanica a los amantes del chocolate que aprecian un toque de aventura. Cada bomb\u00f3n se elabora cuidadosamente con chocolate de primera calidad, relleno de una mezcla de guindillas que proporciona un sabor picante e intrigante. La combinaci\u00f3n de chocolate rico y cremoso con la intensidad de la guindilla crea una explosi\u00f3n de sabores que desaf\u00eda y deleita el paladar. Ideal para quienes les gusta experimentar nuevas sensaciones y a\u00f1adir un toque de atrevimiento a sus momentos de indulgencia.   <\/p>\n","protected":false},"excerpt":{"rendered":"<p>Un chocolate gourmet con un toque picante de guindilla. Ideal para quienes buscan una experiencia de sabor intensa e innovadora. <\/p>\n","protected":false},"featured_media":9717,"comment_status":"closed","ping_status":"closed","template":"","meta":[],"product_brand":[],"product_cat":[187],"product_tag":[],"class_list":{"0":"post-9711","1":"product","2":"type-product","3":"status-publish","4":"has-post-thumbnail","6":"product_cat-bombones","8":"first","9":"instock","10":"shipping-taxable","11":"purchasable","12":"product-type-simple"},"yoast_head":"<!-- This site is optimized with the Yoast SEO plugin v27.2 - https:\/\/yoast.com\/product\/yoast-seo-wordpress\/ -->\n<title>Bomb\u00f3n de malagueta | S\u00ed Chocolate<\/title>\n<meta name=\"description\" content=\"Prueba Bombom Malagueta, una atrevida combinaci\u00f3n de chocolate gourmet con un toque picante de guindilla. Una aut\u00e9ntica explosi\u00f3n de sabores.\" \/>\n<meta name=\"robots\" content=\"index, follow, max-snippet:-1, max-image-preview:large, max-video-preview:-1\" \/>\n<link rel=\"canonical\" href=\"https:\/\/simchocolate.com\/es\/produto\/bombon-de-malagueta\/\" \/>\n<meta property=\"og:locale\" content=\"es_ES\" \/>\n<meta property=\"og:type\" content=\"article\" \/>\n<meta property=\"og:title\" content=\"Bomb\u00f3n de malagueta | S\u00ed Chocolate\" \/>\n<meta property=\"og:description\" content=\"Prueba Bombom Malagueta, una atrevida combinaci\u00f3n de chocolate gourmet con un toque picante de guindilla. Una aut\u00e9ntica explosi\u00f3n de sabores.\" \/>\n<meta property=\"og:url\" content=\"https:\/\/simchocolate.com\/es\/produto\/bombon-de-malagueta\/\" \/>\n<meta property=\"og:site_name\" content=\"SIM Chocolate\" \/>\n<meta property=\"article:publisher\" content=\"https:\/\/www.facebook.com\/SimBombons\" \/>\n<meta property=\"article:modified_time\" content=\"2025-12-02T17:15:25+00:00\" \/>\n<meta property=\"og:image\" content=\"https:\/\/simchocolate.com\/wp-content\/uploads\/2023\/10\/BOMBOM-FINAL-OPCAO-1-23.jpg\" \/>\n\t<meta property=\"og:image:width\" content=\"1000\" \/>\n\t<meta property=\"og:image:height\" content=\"1000\" \/>\n\t<meta property=\"og:image:type\" content=\"image\/jpeg\" \/>\n<meta name=\"twitter:card\" content=\"summary_large_image\" \/>\n<script type=\"application\/ld+json\" class=\"yoast-schema-graph\">{\"@context\":\"https:\/\/schema.org\",\"@graph\":[{\"@type\":\"WebPage\",\"@id\":\"https:\/\/simchocolate.com\/es\/produto\/bombon-de-malagueta\/\",\"url\":\"https:\/\/simchocolate.com\/es\/produto\/bombon-de-malagueta\/\",\"name\":\"Bomb\u00f3n de malagueta | S\u00ed Chocolate\",\"isPartOf\":{\"@id\":\"https:\/\/simchocolate.com\/es\/#website\"},\"primaryImageOfPage\":{\"@id\":\"https:\/\/simchocolate.com\/es\/produto\/bombon-de-malagueta\/#primaryimage\"},\"image\":{\"@id\":\"https:\/\/simchocolate.com\/es\/produto\/bombon-de-malagueta\/#primaryimage\"},\"thumbnailUrl\":\"https:\/\/simchocolate.com\/wp-content\/uploads\/2023\/10\/BOMBOM-FINAL-OPCAO-1-23.jpg\",\"datePublished\":\"2023-10-20T16:50:55+00:00\",\"dateModified\":\"2025-12-02T17:15:25+00:00\",\"description\":\"Prueba Bombom Malagueta, una atrevida combinaci\u00f3n de chocolate gourmet con un toque picante de guindilla. Una aut\u00e9ntica explosi\u00f3n de sabores.\",\"breadcrumb\":{\"@id\":\"https:\/\/simchocolate.com\/es\/produto\/bombon-de-malagueta\/#breadcrumb\"},\"inLanguage\":\"es\",\"potentialAction\":[{\"@type\":\"ReadAction\",\"target\":[\"https:\/\/simchocolate.com\/es\/produto\/bombon-de-malagueta\/\"]}]},{\"@type\":\"ImageObject\",\"inLanguage\":\"es\",\"@id\":\"https:\/\/simchocolate.com\/es\/produto\/bombon-de-malagueta\/#primaryimage\",\"url\":\"https:\/\/simchocolate.com\/wp-content\/uploads\/2023\/10\/BOMBOM-FINAL-OPCAO-1-23.jpg\",\"contentUrl\":\"https:\/\/simchocolate.com\/wp-content\/uploads\/2023\/10\/BOMBOM-FINAL-OPCAO-1-23.jpg\",\"width\":1000,\"height\":1000,\"caption\":\"caramelo de chile\"},{\"@type\":\"BreadcrumbList\",\"@id\":\"https:\/\/simchocolate.com\/es\/produto\/bombon-de-malagueta\/#breadcrumb\",\"itemListElement\":[{\"@type\":\"ListItem\",\"position\":1,\"name\":\"In\u00edcio\",\"item\":\"https:\/\/simchocolate.com\/es\/\"},{\"@type\":\"ListItem\",\"position\":2,\"name\":\"Productos\",\"item\":\"https:\/\/simchocolate.com\/es\/shop\/\"},{\"@type\":\"ListItem\",\"position\":3,\"name\":\"Bomb\u00f3n de malagueta\"}]},{\"@type\":\"WebSite\",\"@id\":\"https:\/\/simchocolate.com\/es\/#website\",\"url\":\"https:\/\/simchocolate.com\/es\/\",\"name\":\"SIM Chocolate\",\"description\":\"Do amor incondicional entre uma m\u00e3e e sua filha, nasce a marca SIM Bombons no Natal de 2014\",\"potentialAction\":[{\"@type\":\"SearchAction\",\"target\":{\"@type\":\"EntryPoint\",\"urlTemplate\":\"https:\/\/simchocolate.com\/es\/?s={search_term_string}\"},\"query-input\":{\"@type\":\"PropertyValueSpecification\",\"valueRequired\":true,\"valueName\":\"search_term_string\"}}],\"inLanguage\":\"es\"}]}<\/script>\n<!-- \/ Yoast SEO plugin. -->","yoast_head_json":{"title":"Bomb\u00f3n de malagueta | S\u00ed Chocolate","description":"Prueba Bombom Malagueta, una atrevida combinaci\u00f3n de chocolate gourmet con un toque picante de guindilla. Una aut\u00e9ntica explosi\u00f3n de sabores.","robots":{"index":"index","follow":"follow","max-snippet":"max-snippet:-1","max-image-preview":"max-image-preview:large","max-video-preview":"max-video-preview:-1"},"canonical":"https:\/\/simchocolate.com\/es\/produto\/bombon-de-malagueta\/","og_locale":"es_ES","og_type":"article","og_title":"Bomb\u00f3n de malagueta | S\u00ed Chocolate","og_description":"Prueba Bombom Malagueta, una atrevida combinaci\u00f3n de chocolate gourmet con un toque picante de guindilla. Una aut\u00e9ntica explosi\u00f3n de sabores.","og_url":"https:\/\/simchocolate.com\/es\/produto\/bombon-de-malagueta\/","og_site_name":"SIM Chocolate","article_publisher":"https:\/\/www.facebook.com\/SimBombons","article_modified_time":"2025-12-02T17:15:25+00:00","og_image":[{"width":1000,"height":1000,"url":"https:\/\/simchocolate.com\/wp-content\/uploads\/2023\/10\/BOMBOM-FINAL-OPCAO-1-23.jpg","type":"image\/jpeg"}],"twitter_card":"summary_large_image","schema":{"@context":"https:\/\/schema.org","@graph":[{"@type":"WebPage","@id":"https:\/\/simchocolate.com\/es\/produto\/bombon-de-malagueta\/","url":"https:\/\/simchocolate.com\/es\/produto\/bombon-de-malagueta\/","name":"Bomb\u00f3n de malagueta | S\u00ed Chocolate","isPartOf":{"@id":"https:\/\/simchocolate.com\/es\/#website"},"primaryImageOfPage":{"@id":"https:\/\/simchocolate.com\/es\/produto\/bombon-de-malagueta\/#primaryimage"},"image":{"@id":"https:\/\/simchocolate.com\/es\/produto\/bombon-de-malagueta\/#primaryimage"},"thumbnailUrl":"https:\/\/simchocolate.com\/wp-content\/uploads\/2023\/10\/BOMBOM-FINAL-OPCAO-1-23.jpg","datePublished":"2023-10-20T16:50:55+00:00","dateModified":"2025-12-02T17:15:25+00:00","description":"Prueba Bombom Malagueta, una atrevida combinaci\u00f3n de chocolate gourmet con un toque picante de guindilla. Una aut\u00e9ntica explosi\u00f3n de sabores.","breadcrumb":{"@id":"https:\/\/simchocolate.com\/es\/produto\/bombon-de-malagueta\/#breadcrumb"},"inLanguage":"es","potentialAction":[{"@type":"ReadAction","target":["https:\/\/simchocolate.com\/es\/produto\/bombon-de-malagueta\/"]}]},{"@type":"ImageObject","inLanguage":"es","@id":"https:\/\/simchocolate.com\/es\/produto\/bombon-de-malagueta\/#primaryimage","url":"https:\/\/simchocolate.com\/wp-content\/uploads\/2023\/10\/BOMBOM-FINAL-OPCAO-1-23.jpg","contentUrl":"https:\/\/simchocolate.com\/wp-content\/uploads\/2023\/10\/BOMBOM-FINAL-OPCAO-1-23.jpg","width":1000,"height":1000,"caption":"caramelo de chile"},{"@type":"BreadcrumbList","@id":"https:\/\/simchocolate.com\/es\/produto\/bombon-de-malagueta\/#breadcrumb","itemListElement":[{"@type":"ListItem","position":1,"name":"In\u00edcio","item":"https:\/\/simchocolate.com\/es\/"},{"@type":"ListItem","position":2,"name":"Productos","item":"https:\/\/simchocolate.com\/es\/shop\/"},{"@type":"ListItem","position":3,"name":"Bomb\u00f3n de malagueta"}]},{"@type":"WebSite","@id":"https:\/\/simchocolate.com\/es\/#website","url":"https:\/\/simchocolate.com\/es\/","name":"SIM Chocolate","description":"Do amor incondicional entre uma m\u00e3e e sua filha, nasce a marca SIM Bombons no Natal de 2014","potentialAction":[{"@type":"SearchAction","target":{"@type":"EntryPoint","urlTemplate":"https:\/\/simchocolate.com\/es\/?s={search_term_string}"},"query-input":{"@type":"PropertyValueSpecification","valueRequired":true,"valueName":"search_term_string"}}],"inLanguage":"es"}]}},"_links":{"self":[{"href":"https:\/\/simchocolate.com\/es\/wp-json\/wp\/v2\/product\/9711","targetHints":{"allow":["GET"]}}],"collection":[{"href":"https:\/\/simchocolate.com\/es\/wp-json\/wp\/v2\/product"}],"about":[{"href":"https:\/\/simchocolate.com\/es\/wp-json\/wp\/v2\/types\/product"}],"replies":[{"embeddable":true,"href":"https:\/\/simchocolate.com\/es\/wp-json\/wp\/v2\/comments?post=9711"}],"wp:featuredmedia":[{"embeddable":true,"href":"https:\/\/simchocolate.com\/es\/wp-json\/wp\/v2\/media\/9717"}],"wp:attachment":[{"href":"https:\/\/simchocolate.com\/es\/wp-json\/wp\/v2\/media?parent=9711"}],"wp:term":[{"taxonomy":"product_brand","embeddable":true,"href":"https:\/\/simchocolate.com\/es\/wp-json\/wp\/v2\/product_brand?post=9711"},{"taxonomy":"product_cat","embeddable":true,"href":"https:\/\/simchocolate.com\/es\/wp-json\/wp\/v2\/product_cat?post=9711"},{"taxonomy":"product_tag","embeddable":true,"href":"https:\/\/simchocolate.com\/es\/wp-json\/wp\/v2\/product_tag?post=9711"}],"curies":[{"name":"wp","href":"https:\/\/api.w.org\/{rel}","templated":true}]}}