{"id":9712,"date":"2023-10-20T16:51:09","date_gmt":"2023-10-20T16:51:09","guid":{"rendered":"https:\/\/simchocolate.com\/produto\/bombon-de-fruta-de-la-pasion\/"},"modified":"2025-12-02T17:15:21","modified_gmt":"2025-12-02T17:15:21","slug":"bombon-de-fruta-de-la-pasion","status":"publish","type":"product","link":"https:\/\/simchocolate.com\/es\/produto\/bombon-de-fruta-de-la-pasion\/","title":{"rendered":"Bomb\u00f3n de fruta de la pasi\u00f3n"},"content":{"rendered":"<p style=\"text-align: left;\">Descubre una experiencia sensorial \u00fanica con <em>Bombom Maracuj\u00e1<\/em>, una aut\u00e9ntica joya de la confiter\u00eda artesanal. Elaborado a mano por maestros chocolateros, este bomb\u00f3n combina el intenso sabor del chocolate de primera calidad con la frescura tropical de la fruta de la pasi\u00f3n, dando como resultado una fusi\u00f3n perfecta de dulzor y acidez. Cada bomb\u00f3n se elabora cuidadosamente con ingredientes seleccionados, proporcionando una textura suave y un sabor extraordinario.  <\/p>\n<p style=\"text-align: left;\">El chocolate, con su brillo satinado y su rico aroma, envuelve un relleno cremoso de fruta de la pasi\u00f3n fresca, aportando notas c\u00edtricas y refrescantes que despiertan el paladar con cada bocado. Esta combinaci\u00f3n no s\u00f3lo deleita a los amantes del chocolate, sino tambi\u00e9n a quienes buscan una opci\u00f3n ex\u00f3tica y sofisticada para regalar o saborear en ocasiones especiales. <\/p>\n<p style=\"text-align: left;\">Ideal para quienes buscan algo m\u00e1s all\u00e1 de lo ordinario, <em>Bombom Maracuj\u00e1<\/em> es una verdadera invitaci\u00f3n a un viaje a los tr\u00f3picos, donde el contraste entre lo dulce y lo \u00e1cido crea una explosi\u00f3n equilibrada y armoniosa de sabores. Su proceso de fabricaci\u00f3n artesanal garantiza la exclusividad y el cuidado de cada pieza, lo que lo convierte en una opci\u00f3n perfecta para ocasiones especiales, cestas de regalo gourmet o simplemente para quien quiera disfrutar de un capricho dulce y lujoso. <\/p>\n<p style=\"text-align: left;\">Saborea lo mejor del chocolate con nuestros bombones de fruta de la pasi\u00f3n.<\/p>\n<p>&nbsp;<\/p>\n","protected":false},"excerpt":{"rendered":"<p>Bomb\u00f3n de fruta de la pasi\u00f3n, hecho con chocolate de alta calidad y relleno de fruta de la pasi\u00f3n fresca. Un irresistible toque tropical. <\/p>\n","protected":false},"featured_media":9719,"comment_status":"closed","ping_status":"closed","template":"","meta":[],"product_brand":[],"product_cat":[187],"product_tag":[232],"class_list":{"0":"post-9712","1":"product","2":"type-product","3":"status-publish","4":"has-post-thumbnail","6":"product_cat-bombones","7":"product_tag-fruta-de-la-pasion","9":"first","10":"instock","11":"shipping-taxable","12":"purchasable","13":"product-type-simple"},"yoast_head":"<!-- This site is optimized with the Yoast SEO plugin v27.2 - https:\/\/yoast.com\/product\/yoast-seo-wordpress\/ -->\n<title>Bomb\u00f3n de fruta de la pasi\u00f3n | S\u00ed Chocolate<\/title>\n<meta name=\"description\" content=\"Disfruta de un sabor tropical con Bombom Maracuj\u00e1, una combinaci\u00f3n perfecta de chocolate artesano y la frescura de la fruta de la pasi\u00f3n.\" \/>\n<meta name=\"robots\" content=\"index, follow, max-snippet:-1, max-image-preview:large, max-video-preview:-1\" \/>\n<link rel=\"canonical\" href=\"https:\/\/simchocolate.com\/es\/produto\/bombon-de-fruta-de-la-pasion\/\" \/>\n<meta property=\"og:locale\" content=\"es_ES\" \/>\n<meta property=\"og:type\" content=\"article\" \/>\n<meta property=\"og:title\" content=\"Bomb\u00f3n de fruta de la pasi\u00f3n | S\u00ed Chocolate\" \/>\n<meta property=\"og:description\" content=\"Disfruta de un sabor tropical con Bombom Maracuj\u00e1, una combinaci\u00f3n perfecta de chocolate artesano y la frescura de la fruta de la pasi\u00f3n.\" \/>\n<meta property=\"og:url\" content=\"https:\/\/simchocolate.com\/es\/produto\/bombon-de-fruta-de-la-pasion\/\" \/>\n<meta property=\"og:site_name\" content=\"SIM Chocolate\" \/>\n<meta property=\"article:publisher\" content=\"https:\/\/www.facebook.com\/SimBombons\" \/>\n<meta property=\"article:modified_time\" content=\"2025-12-02T17:15:21+00:00\" \/>\n<meta property=\"og:image\" content=\"https:\/\/simchocolate.com\/wp-content\/uploads\/2023\/10\/FINAL-INTEIRO-14.jpg\" \/>\n\t<meta property=\"og:image:width\" content=\"1000\" \/>\n\t<meta property=\"og:image:height\" content=\"1000\" \/>\n\t<meta property=\"og:image:type\" content=\"image\/jpeg\" \/>\n<meta name=\"twitter:card\" content=\"summary_large_image\" \/>\n<meta name=\"twitter:label1\" content=\"Tiempo de lectura\" \/>\n\t<meta name=\"twitter:data1\" content=\"1 minuto\" \/>\n<script type=\"application\/ld+json\" class=\"yoast-schema-graph\">{\"@context\":\"https:\/\/schema.org\",\"@graph\":[{\"@type\":\"WebPage\",\"@id\":\"https:\/\/simchocolate.com\/es\/produto\/bombon-de-fruta-de-la-pasion\/\",\"url\":\"https:\/\/simchocolate.com\/es\/produto\/bombon-de-fruta-de-la-pasion\/\",\"name\":\"Bomb\u00f3n de fruta de la pasi\u00f3n | S\u00ed Chocolate\",\"isPartOf\":{\"@id\":\"https:\/\/simchocolate.com\/es\/#website\"},\"primaryImageOfPage\":{\"@id\":\"https:\/\/simchocolate.com\/es\/produto\/bombon-de-fruta-de-la-pasion\/#primaryimage\"},\"image\":{\"@id\":\"https:\/\/simchocolate.com\/es\/produto\/bombon-de-fruta-de-la-pasion\/#primaryimage\"},\"thumbnailUrl\":\"https:\/\/simchocolate.com\/wp-content\/uploads\/2023\/10\/FINAL-INTEIRO-14.jpg\",\"datePublished\":\"2023-10-20T16:51:09+00:00\",\"dateModified\":\"2025-12-02T17:15:21+00:00\",\"description\":\"Disfruta de un sabor tropical con Bombom Maracuj\u00e1, una combinaci\u00f3n perfecta de chocolate artesano y la frescura de la fruta de la pasi\u00f3n.\",\"breadcrumb\":{\"@id\":\"https:\/\/simchocolate.com\/es\/produto\/bombon-de-fruta-de-la-pasion\/#breadcrumb\"},\"inLanguage\":\"es\",\"potentialAction\":[{\"@type\":\"ReadAction\",\"target\":[\"https:\/\/simchocolate.com\/es\/produto\/bombon-de-fruta-de-la-pasion\/\"]}]},{\"@type\":\"ImageObject\",\"inLanguage\":\"es\",\"@id\":\"https:\/\/simchocolate.com\/es\/produto\/bombon-de-fruta-de-la-pasion\/#primaryimage\",\"url\":\"https:\/\/simchocolate.com\/wp-content\/uploads\/2023\/10\/FINAL-INTEIRO-14.jpg\",\"contentUrl\":\"https:\/\/simchocolate.com\/wp-content\/uploads\/2023\/10\/FINAL-INTEIRO-14.jpg\",\"width\":1000,\"height\":1000,\"caption\":\"bomb\u00f3n de fruta de la pasi\u00f3n\"},{\"@type\":\"BreadcrumbList\",\"@id\":\"https:\/\/simchocolate.com\/es\/produto\/bombon-de-fruta-de-la-pasion\/#breadcrumb\",\"itemListElement\":[{\"@type\":\"ListItem\",\"position\":1,\"name\":\"In\u00edcio\",\"item\":\"https:\/\/simchocolate.com\/es\/\"},{\"@type\":\"ListItem\",\"position\":2,\"name\":\"Productos\",\"item\":\"https:\/\/simchocolate.com\/es\/shop\/\"},{\"@type\":\"ListItem\",\"position\":3,\"name\":\"Bomb\u00f3n de fruta de la pasi\u00f3n\"}]},{\"@type\":\"WebSite\",\"@id\":\"https:\/\/simchocolate.com\/es\/#website\",\"url\":\"https:\/\/simchocolate.com\/es\/\",\"name\":\"SIM Chocolate\",\"description\":\"Do amor incondicional entre uma m\u00e3e e sua filha, nasce a marca SIM Bombons no Natal de 2014\",\"potentialAction\":[{\"@type\":\"SearchAction\",\"target\":{\"@type\":\"EntryPoint\",\"urlTemplate\":\"https:\/\/simchocolate.com\/es\/?s={search_term_string}\"},\"query-input\":{\"@type\":\"PropertyValueSpecification\",\"valueRequired\":true,\"valueName\":\"search_term_string\"}}],\"inLanguage\":\"es\"}]}<\/script>\n<!-- \/ Yoast SEO plugin. -->","yoast_head_json":{"title":"Bomb\u00f3n de fruta de la pasi\u00f3n | S\u00ed Chocolate","description":"Disfruta de un sabor tropical con Bombom Maracuj\u00e1, una combinaci\u00f3n perfecta de chocolate artesano y la frescura de la fruta de la pasi\u00f3n.","robots":{"index":"index","follow":"follow","max-snippet":"max-snippet:-1","max-image-preview":"max-image-preview:large","max-video-preview":"max-video-preview:-1"},"canonical":"https:\/\/simchocolate.com\/es\/produto\/bombon-de-fruta-de-la-pasion\/","og_locale":"es_ES","og_type":"article","og_title":"Bomb\u00f3n de fruta de la pasi\u00f3n | S\u00ed Chocolate","og_description":"Disfruta de un sabor tropical con Bombom Maracuj\u00e1, una combinaci\u00f3n perfecta de chocolate artesano y la frescura de la fruta de la pasi\u00f3n.","og_url":"https:\/\/simchocolate.com\/es\/produto\/bombon-de-fruta-de-la-pasion\/","og_site_name":"SIM Chocolate","article_publisher":"https:\/\/www.facebook.com\/SimBombons","article_modified_time":"2025-12-02T17:15:21+00:00","og_image":[{"width":1000,"height":1000,"url":"https:\/\/simchocolate.com\/wp-content\/uploads\/2023\/10\/FINAL-INTEIRO-14.jpg","type":"image\/jpeg"}],"twitter_card":"summary_large_image","twitter_misc":{"Tiempo de lectura":"1 minuto"},"schema":{"@context":"https:\/\/schema.org","@graph":[{"@type":"WebPage","@id":"https:\/\/simchocolate.com\/es\/produto\/bombon-de-fruta-de-la-pasion\/","url":"https:\/\/simchocolate.com\/es\/produto\/bombon-de-fruta-de-la-pasion\/","name":"Bomb\u00f3n de fruta de la pasi\u00f3n | S\u00ed Chocolate","isPartOf":{"@id":"https:\/\/simchocolate.com\/es\/#website"},"primaryImageOfPage":{"@id":"https:\/\/simchocolate.com\/es\/produto\/bombon-de-fruta-de-la-pasion\/#primaryimage"},"image":{"@id":"https:\/\/simchocolate.com\/es\/produto\/bombon-de-fruta-de-la-pasion\/#primaryimage"},"thumbnailUrl":"https:\/\/simchocolate.com\/wp-content\/uploads\/2023\/10\/FINAL-INTEIRO-14.jpg","datePublished":"2023-10-20T16:51:09+00:00","dateModified":"2025-12-02T17:15:21+00:00","description":"Disfruta de un sabor tropical con Bombom Maracuj\u00e1, una combinaci\u00f3n perfecta de chocolate artesano y la frescura de la fruta de la pasi\u00f3n.","breadcrumb":{"@id":"https:\/\/simchocolate.com\/es\/produto\/bombon-de-fruta-de-la-pasion\/#breadcrumb"},"inLanguage":"es","potentialAction":[{"@type":"ReadAction","target":["https:\/\/simchocolate.com\/es\/produto\/bombon-de-fruta-de-la-pasion\/"]}]},{"@type":"ImageObject","inLanguage":"es","@id":"https:\/\/simchocolate.com\/es\/produto\/bombon-de-fruta-de-la-pasion\/#primaryimage","url":"https:\/\/simchocolate.com\/wp-content\/uploads\/2023\/10\/FINAL-INTEIRO-14.jpg","contentUrl":"https:\/\/simchocolate.com\/wp-content\/uploads\/2023\/10\/FINAL-INTEIRO-14.jpg","width":1000,"height":1000,"caption":"bomb\u00f3n de fruta de la pasi\u00f3n"},{"@type":"BreadcrumbList","@id":"https:\/\/simchocolate.com\/es\/produto\/bombon-de-fruta-de-la-pasion\/#breadcrumb","itemListElement":[{"@type":"ListItem","position":1,"name":"In\u00edcio","item":"https:\/\/simchocolate.com\/es\/"},{"@type":"ListItem","position":2,"name":"Productos","item":"https:\/\/simchocolate.com\/es\/shop\/"},{"@type":"ListItem","position":3,"name":"Bomb\u00f3n de fruta de la pasi\u00f3n"}]},{"@type":"WebSite","@id":"https:\/\/simchocolate.com\/es\/#website","url":"https:\/\/simchocolate.com\/es\/","name":"SIM Chocolate","description":"Do amor incondicional entre uma m\u00e3e e sua filha, nasce a marca SIM Bombons no Natal de 2014","potentialAction":[{"@type":"SearchAction","target":{"@type":"EntryPoint","urlTemplate":"https:\/\/simchocolate.com\/es\/?s={search_term_string}"},"query-input":{"@type":"PropertyValueSpecification","valueRequired":true,"valueName":"search_term_string"}}],"inLanguage":"es"}]}},"_links":{"self":[{"href":"https:\/\/simchocolate.com\/es\/wp-json\/wp\/v2\/product\/9712","targetHints":{"allow":["GET"]}}],"collection":[{"href":"https:\/\/simchocolate.com\/es\/wp-json\/wp\/v2\/product"}],"about":[{"href":"https:\/\/simchocolate.com\/es\/wp-json\/wp\/v2\/types\/product"}],"replies":[{"embeddable":true,"href":"https:\/\/simchocolate.com\/es\/wp-json\/wp\/v2\/comments?post=9712"}],"wp:featuredmedia":[{"embeddable":true,"href":"https:\/\/simchocolate.com\/es\/wp-json\/wp\/v2\/media\/9719"}],"wp:attachment":[{"href":"https:\/\/simchocolate.com\/es\/wp-json\/wp\/v2\/media?parent=9712"}],"wp:term":[{"taxonomy":"product_brand","embeddable":true,"href":"https:\/\/simchocolate.com\/es\/wp-json\/wp\/v2\/product_brand?post=9712"},{"taxonomy":"product_cat","embeddable":true,"href":"https:\/\/simchocolate.com\/es\/wp-json\/wp\/v2\/product_cat?post=9712"},{"taxonomy":"product_tag","embeddable":true,"href":"https:\/\/simchocolate.com\/es\/wp-json\/wp\/v2\/product_tag?post=9712"}],"curies":[{"name":"wp","href":"https:\/\/api.w.org\/{rel}","templated":true}]}}