{"id":9725,"date":"2023-10-20T16:54:47","date_gmt":"2023-10-20T16:54:47","guid":{"rendered":"https:\/\/simchocolate.com\/produto\/caja-tropical-de-9-bombones\/"},"modified":"2023-10-20T16:54:47","modified_gmt":"2023-10-20T16:54:47","slug":"caja-tropical-de-9-bombones","status":"publish","type":"product","link":"https:\/\/simchocolate.com\/es\/produto\/caja-tropical-de-9-bombones\/","title":{"rendered":"Caja tropical de 9 bombones"},"content":{"rendered":"<h5 style=\"text-align: left;\">Caja de Bombones Tropicales &#8211; Una explosi\u00f3n de frescura y sabor<\/h5>\n<p style=\"text-align: left;\">Saborea la deliciosa combinaci\u00f3n de fruta fresca y jugosa con lo mejor del chocolate en nuestra Caja de Bombones de Frutas Ex\u00f3ticas. Esta exclusiva colecci\u00f3n contiene 9 bombones hechos a mano, cada uno de ellos cuidadosamente elaborado para proporcionar una experiencia sensorial \u00fanica. <\/p>\n<h5 style=\"text-align: left;\">Una exclusiva selecci\u00f3n de sabores afrutados<\/h5>\n<ul>\n<li style=\"text-align: left;\"><strong>3 Bombones Tropicales:<\/strong> Si\u00e9ntete transportado a un para\u00edso tropical con nuestros bombones que combinan frutas ex\u00f3ticas y suculentas con chocolate de primera calidad. Cada bocado es una explosi\u00f3n de sabores que captan la esencia de las frutas tropicales. <\/li>\n<li style=\"text-align: left;\"><strong>3 Bombones de Mango y Pi\u00f1a:<\/strong> Descubre la armoniosa fusi\u00f3n entre la dulzura del mango y la refrescante acidez de la pi\u00f1a. Envueltos en fino chocolate, estos bombones ofrecen una combinaci\u00f3n de sabores tan refrescante como maravillosa. <\/li>\n<li style=\"text-align: left;\"><strong>3 Bombones de Fruta<\/strong> de la Pasi\u00f3n<strong>:<\/strong> Del\u00e9itate con la intensidad arom\u00e1tica de la fruta de la pasi\u00f3n, cuya vibrante acidez y ex\u00f3tico sabor se equilibran con el rico y suave chocolate. Estos bombones son una experiencia que deleita los sentidos. <\/li>\n<\/ul>\n","protected":false},"excerpt":{"rendered":"<p>Una caja tropical de 9 bombones rellenos de frutas frescas, jugosas y ex\u00f3ticas. Ideal para los amantes de la frescura de la fruta y los sabores vibrantes mezclados con el mejor de los chocolates. <\/p>\n<p><strong>La caja consta de  <\/strong><\/p>\n<ul>\n<li>3 Bombones Tropicales,<\/li>\n<li>3 Bombones de Mango y Pi\u00f1a<\/li>\n<li>3 bombones de fruta de la pasi\u00f3n.<\/li>\n<\/ul>\n","protected":false},"featured_media":9737,"comment_status":"open","ping_status":"closed","template":"","meta":[],"product_brand":[],"product_cat":[189],"product_tag":[],"class_list":{"0":"post-9725","1":"product","2":"type-product","3":"status-publish","4":"has-post-thumbnail","6":"product_cat-caja-de-bombones","7":"edicoes-especial-si","9":"first","10":"instock","11":"shipping-taxable","12":"purchasable","13":"product-type-simple"},"yoast_head":"<!-- This site is optimized with the Yoast SEO plugin v27.2 - https:\/\/yoast.com\/product\/yoast-seo-wordpress\/ -->\n<title>Caja tropical de 9 bombones | S\u00cd Chocolate<\/title>\n<meta name=\"description\" content=\"Una caja tropical de 9 bombones rellenos de frutas frescas, jugosas y ex\u00f3ticas. Ideal para los amantes de la frescura de la fruta y los sabores vibrantes.\" \/>\n<meta name=\"robots\" content=\"index, follow, max-snippet:-1, max-image-preview:large, max-video-preview:-1\" \/>\n<link rel=\"canonical\" href=\"https:\/\/simchocolate.com\/es\/produto\/caja-tropical-de-9-bombones\/\" \/>\n<meta property=\"og:locale\" content=\"es_ES\" \/>\n<meta property=\"og:type\" content=\"article\" \/>\n<meta property=\"og:title\" content=\"Caja tropical de 9 bombones | S\u00cd Chocolate\" \/>\n<meta property=\"og:description\" content=\"Una caja tropical de 9 bombones rellenos de frutas frescas, jugosas y ex\u00f3ticas. Ideal para los amantes de la frescura de la fruta y los sabores vibrantes.\" \/>\n<meta property=\"og:url\" content=\"https:\/\/simchocolate.com\/es\/produto\/caja-tropical-de-9-bombones\/\" \/>\n<meta property=\"og:site_name\" content=\"SIM Chocolate\" \/>\n<meta property=\"article:publisher\" content=\"https:\/\/www.facebook.com\/SimBombons\" \/>\n<meta property=\"og:image\" content=\"https:\/\/simchocolate.com\/wp-content\/uploads\/2023\/10\/IMG_9753-2-scaled.jpg\" \/>\n\t<meta property=\"og:image:width\" content=\"2560\" \/>\n\t<meta property=\"og:image:height\" content=\"2560\" \/>\n\t<meta property=\"og:image:type\" content=\"image\/jpeg\" \/>\n<meta name=\"twitter:card\" content=\"summary_large_image\" \/>\n<meta name=\"twitter:label1\" content=\"Tiempo de lectura\" \/>\n\t<meta name=\"twitter:data1\" content=\"1 minuto\" \/>\n<script type=\"application\/ld+json\" class=\"yoast-schema-graph\">{\"@context\":\"https:\/\/schema.org\",\"@graph\":[{\"@type\":\"WebPage\",\"@id\":\"https:\/\/simchocolate.com\/es\/produto\/caja-tropical-de-9-bombones\/\",\"url\":\"https:\/\/simchocolate.com\/es\/produto\/caja-tropical-de-9-bombones\/\",\"name\":\"Caja tropical de 9 bombones | S\u00cd Chocolate\",\"isPartOf\":{\"@id\":\"https:\/\/simchocolate.com\/es\/#website\"},\"primaryImageOfPage\":{\"@id\":\"https:\/\/simchocolate.com\/es\/produto\/caja-tropical-de-9-bombones\/#primaryimage\"},\"image\":{\"@id\":\"https:\/\/simchocolate.com\/es\/produto\/caja-tropical-de-9-bombones\/#primaryimage\"},\"thumbnailUrl\":\"https:\/\/simchocolate.com\/wp-content\/uploads\/2023\/10\/IMG_9753-2-scaled.jpg\",\"datePublished\":\"2023-10-20T16:54:47+00:00\",\"description\":\"Una caja tropical de 9 bombones rellenos de frutas frescas, jugosas y ex\u00f3ticas. Ideal para los amantes de la frescura de la fruta y los sabores vibrantes.\",\"breadcrumb\":{\"@id\":\"https:\/\/simchocolate.com\/es\/produto\/caja-tropical-de-9-bombones\/#breadcrumb\"},\"inLanguage\":\"es\",\"potentialAction\":[{\"@type\":\"ReadAction\",\"target\":[\"https:\/\/simchocolate.com\/es\/produto\/caja-tropical-de-9-bombones\/\"]}]},{\"@type\":\"ImageObject\",\"inLanguage\":\"es\",\"@id\":\"https:\/\/simchocolate.com\/es\/produto\/caja-tropical-de-9-bombones\/#primaryimage\",\"url\":\"https:\/\/simchocolate.com\/wp-content\/uploads\/2023\/10\/IMG_9753-2-scaled.jpg\",\"contentUrl\":\"https:\/\/simchocolate.com\/wp-content\/uploads\/2023\/10\/IMG_9753-2-scaled.jpg\",\"width\":2560,\"height\":2560,\"caption\":\"caixa tropical\"},{\"@type\":\"BreadcrumbList\",\"@id\":\"https:\/\/simchocolate.com\/es\/produto\/caja-tropical-de-9-bombones\/#breadcrumb\",\"itemListElement\":[{\"@type\":\"ListItem\",\"position\":1,\"name\":\"In\u00edcio\",\"item\":\"https:\/\/simchocolate.com\/es\/\"},{\"@type\":\"ListItem\",\"position\":2,\"name\":\"Productos\",\"item\":\"https:\/\/simchocolate.com\/es\/shop\/\"},{\"@type\":\"ListItem\",\"position\":3,\"name\":\"Caja tropical de 9 bombones\"}]},{\"@type\":\"WebSite\",\"@id\":\"https:\/\/simchocolate.com\/es\/#website\",\"url\":\"https:\/\/simchocolate.com\/es\/\",\"name\":\"SIM Chocolate\",\"description\":\"Do amor incondicional entre uma m\u00e3e e sua filha, nasce a marca SIM Bombons no Natal de 2014\",\"potentialAction\":[{\"@type\":\"SearchAction\",\"target\":{\"@type\":\"EntryPoint\",\"urlTemplate\":\"https:\/\/simchocolate.com\/es\/?s={search_term_string}\"},\"query-input\":{\"@type\":\"PropertyValueSpecification\",\"valueRequired\":true,\"valueName\":\"search_term_string\"}}],\"inLanguage\":\"es\"}]}<\/script>\n<!-- \/ Yoast SEO plugin. -->","yoast_head_json":{"title":"Caja tropical de 9 bombones | S\u00cd Chocolate","description":"Una caja tropical de 9 bombones rellenos de frutas frescas, jugosas y ex\u00f3ticas. Ideal para los amantes de la frescura de la fruta y los sabores vibrantes.","robots":{"index":"index","follow":"follow","max-snippet":"max-snippet:-1","max-image-preview":"max-image-preview:large","max-video-preview":"max-video-preview:-1"},"canonical":"https:\/\/simchocolate.com\/es\/produto\/caja-tropical-de-9-bombones\/","og_locale":"es_ES","og_type":"article","og_title":"Caja tropical de 9 bombones | S\u00cd Chocolate","og_description":"Una caja tropical de 9 bombones rellenos de frutas frescas, jugosas y ex\u00f3ticas. Ideal para los amantes de la frescura de la fruta y los sabores vibrantes.","og_url":"https:\/\/simchocolate.com\/es\/produto\/caja-tropical-de-9-bombones\/","og_site_name":"SIM Chocolate","article_publisher":"https:\/\/www.facebook.com\/SimBombons","og_image":[{"width":2560,"height":2560,"url":"https:\/\/simchocolate.com\/wp-content\/uploads\/2023\/10\/IMG_9753-2-scaled.jpg","type":"image\/jpeg"}],"twitter_card":"summary_large_image","twitter_misc":{"Tiempo de lectura":"1 minuto"},"schema":{"@context":"https:\/\/schema.org","@graph":[{"@type":"WebPage","@id":"https:\/\/simchocolate.com\/es\/produto\/caja-tropical-de-9-bombones\/","url":"https:\/\/simchocolate.com\/es\/produto\/caja-tropical-de-9-bombones\/","name":"Caja tropical de 9 bombones | S\u00cd Chocolate","isPartOf":{"@id":"https:\/\/simchocolate.com\/es\/#website"},"primaryImageOfPage":{"@id":"https:\/\/simchocolate.com\/es\/produto\/caja-tropical-de-9-bombones\/#primaryimage"},"image":{"@id":"https:\/\/simchocolate.com\/es\/produto\/caja-tropical-de-9-bombones\/#primaryimage"},"thumbnailUrl":"https:\/\/simchocolate.com\/wp-content\/uploads\/2023\/10\/IMG_9753-2-scaled.jpg","datePublished":"2023-10-20T16:54:47+00:00","description":"Una caja tropical de 9 bombones rellenos de frutas frescas, jugosas y ex\u00f3ticas. Ideal para los amantes de la frescura de la fruta y los sabores vibrantes.","breadcrumb":{"@id":"https:\/\/simchocolate.com\/es\/produto\/caja-tropical-de-9-bombones\/#breadcrumb"},"inLanguage":"es","potentialAction":[{"@type":"ReadAction","target":["https:\/\/simchocolate.com\/es\/produto\/caja-tropical-de-9-bombones\/"]}]},{"@type":"ImageObject","inLanguage":"es","@id":"https:\/\/simchocolate.com\/es\/produto\/caja-tropical-de-9-bombones\/#primaryimage","url":"https:\/\/simchocolate.com\/wp-content\/uploads\/2023\/10\/IMG_9753-2-scaled.jpg","contentUrl":"https:\/\/simchocolate.com\/wp-content\/uploads\/2023\/10\/IMG_9753-2-scaled.jpg","width":2560,"height":2560,"caption":"caixa tropical"},{"@type":"BreadcrumbList","@id":"https:\/\/simchocolate.com\/es\/produto\/caja-tropical-de-9-bombones\/#breadcrumb","itemListElement":[{"@type":"ListItem","position":1,"name":"In\u00edcio","item":"https:\/\/simchocolate.com\/es\/"},{"@type":"ListItem","position":2,"name":"Productos","item":"https:\/\/simchocolate.com\/es\/shop\/"},{"@type":"ListItem","position":3,"name":"Caja tropical de 9 bombones"}]},{"@type":"WebSite","@id":"https:\/\/simchocolate.com\/es\/#website","url":"https:\/\/simchocolate.com\/es\/","name":"SIM Chocolate","description":"Do amor incondicional entre uma m\u00e3e e sua filha, nasce a marca SIM Bombons no Natal de 2014","potentialAction":[{"@type":"SearchAction","target":{"@type":"EntryPoint","urlTemplate":"https:\/\/simchocolate.com\/es\/?s={search_term_string}"},"query-input":{"@type":"PropertyValueSpecification","valueRequired":true,"valueName":"search_term_string"}}],"inLanguage":"es"}]}},"_links":{"self":[{"href":"https:\/\/simchocolate.com\/es\/wp-json\/wp\/v2\/product\/9725","targetHints":{"allow":["GET"]}}],"collection":[{"href":"https:\/\/simchocolate.com\/es\/wp-json\/wp\/v2\/product"}],"about":[{"href":"https:\/\/simchocolate.com\/es\/wp-json\/wp\/v2\/types\/product"}],"replies":[{"embeddable":true,"href":"https:\/\/simchocolate.com\/es\/wp-json\/wp\/v2\/comments?post=9725"}],"wp:featuredmedia":[{"embeddable":true,"href":"https:\/\/simchocolate.com\/es\/wp-json\/wp\/v2\/media\/9737"}],"wp:attachment":[{"href":"https:\/\/simchocolate.com\/es\/wp-json\/wp\/v2\/media?parent=9725"}],"wp:term":[{"taxonomy":"product_brand","embeddable":true,"href":"https:\/\/simchocolate.com\/es\/wp-json\/wp\/v2\/product_brand?post=9725"},{"taxonomy":"product_cat","embeddable":true,"href":"https:\/\/simchocolate.com\/es\/wp-json\/wp\/v2\/product_cat?post=9725"},{"taxonomy":"product_tag","embeddable":true,"href":"https:\/\/simchocolate.com\/es\/wp-json\/wp\/v2\/product_tag?post=9725"}],"curies":[{"name":"wp","href":"https:\/\/api.w.org\/{rel}","templated":true}]}}