{"id":9727,"date":"2023-10-20T16:54:21","date_gmt":"2023-10-20T16:54:21","guid":{"rendered":"https:\/\/simchocolate.com\/produto\/caja-para-enamorados\/"},"modified":"2023-10-20T16:54:21","modified_gmt":"2023-10-20T16:54:21","slug":"caja-para-enamorados","status":"publish","type":"product","link":"https:\/\/simchocolate.com\/es\/produto\/caja-para-enamorados\/","title":{"rendered":"Caja para enamorados"},"content":{"rendered":"<p>&nbsp;<\/p>\n<p style=\"text-align: center\"><strong>Qu\u00e9 incluye:<\/strong><\/p>\n<ul>\n<li style=\"text-align: center\"><strong>Variedad surtida:<\/strong> Del\u00e9itate con una cuidada selecci\u00f3n de bombones, cada uno de los cuales ofrece una experiencia de sabor \u00fanica. Desde ganaches aterciopelados hasta rellenos afrutados, frutos secos crujientes y especias ex\u00f3ticas, nuestra caja garantiza un sabor \u00fanico y es el regalo ideal para tu media naranja. <\/li>\n<\/ul>\n<p>&nbsp;<\/p>\n<ul>\n<li style=\"text-align: center\"><strong>Embalaje \u00fanico:<\/strong> Presentado en un embalaje elegante y rom\u00e1ntico, cada detalle de \u00abPara enamorados\u00bb refleja pasi\u00f3n y devoci\u00f3n. El regalo perfecto para ocasiones especiales o simplemente para mimar a tu ser querido. <\/li>\n<\/ul>\n","protected":false},"excerpt":{"rendered":"<p>Regala a tu media naranja un viaje sensorial con nuestra exquisita \u00abCaja &#8211; Mis Amantes\u00bb, repleta de una variedad de bombones \u00fanicos. Cada bomb\u00f3n es una obra maestra elaborada con los mejores ingredientes y un toque de rom\u00e1ntica elegancia. <\/p>\n<p>&nbsp;<\/p>\n<p>Esta caja contiene<strong> 9 bombones surtidos <\/strong>que convierten los peque\u00f1os momentos en recuerdos inolvidables.<\/p>\n","protected":false},"featured_media":9739,"comment_status":"closed","ping_status":"closed","template":"","meta":[],"product_brand":[],"product_cat":[189],"product_tag":[],"class_list":{"0":"post-9727","1":"product","2":"type-product","3":"status-publish","4":"has-post-thumbnail","6":"product_cat-caja-de-bombones","7":"edicoes-para-enamorados","9":"first","10":"outofstock","11":"shipping-taxable","12":"purchasable","13":"product-type-simple"},"yoast_head":"<!-- This site is optimized with the Yoast SEO plugin v27.5 - https:\/\/yoast.com\/product\/yoast-seo-wordpress\/ -->\n<title>Caja para enamorados - Caja de bombones - SIM Chocolate<\/title>\n<meta name=\"description\" content=\"Regala a tu media naranja un viaje sensorial con nuestra exquisita &quot;Caja - Mis Amantes&quot;, repleta de una variedad de bombones \u00fanicos. Cada bomb\u00f3n es una obra maestra elaborada con los mejores ingredientes y un toque de rom\u00e1ntica elegancia.  &nbsp; Esta caja contiene 9 bombones surtidos que convierten los peque\u00f1os momentos en recuerdos inolvidables.\" \/>\n<meta name=\"robots\" content=\"index, follow, max-snippet:-1, max-image-preview:large, max-video-preview:-1\" \/>\n<link rel=\"canonical\" href=\"https:\/\/simchocolate.com\/es\/produto\/caja-para-enamorados\/\" \/>\n<meta property=\"og:locale\" content=\"es_ES\" \/>\n<meta property=\"og:type\" content=\"article\" \/>\n<meta property=\"og:title\" content=\"Caja para enamorados - Caja de bombones - SIM Chocolate\" \/>\n<meta property=\"og:description\" content=\"Regala a tu media naranja un viaje sensorial con nuestra exquisita &quot;Caja - Mis Amantes&quot;, repleta de una variedad de bombones \u00fanicos. Cada bomb\u00f3n es una obra maestra elaborada con los mejores ingredientes y un toque de rom\u00e1ntica elegancia.  &nbsp; Esta caja contiene 9 bombones surtidos que convierten los peque\u00f1os momentos en recuerdos inolvidables.\" \/>\n<meta property=\"og:url\" content=\"https:\/\/simchocolate.com\/es\/produto\/caja-para-enamorados\/\" \/>\n<meta property=\"og:site_name\" content=\"SIM Chocolate\" \/>\n<meta property=\"article:publisher\" content=\"https:\/\/www.facebook.com\/SimBombons\" \/>\n<meta property=\"og:image\" content=\"https:\/\/simchocolate.com\/wp-content\/uploads\/2023\/10\/BX0004-2.jpg\" \/>\n\t<meta property=\"og:image:width\" content=\"1150\" \/>\n\t<meta property=\"og:image:height\" content=\"1150\" \/>\n\t<meta property=\"og:image:type\" content=\"image\/jpeg\" \/>\n<meta name=\"twitter:card\" content=\"summary_large_image\" \/>\n<script type=\"application\/ld+json\" class=\"yoast-schema-graph\">{\"@context\":\"https:\\\/\\\/schema.org\",\"@graph\":[{\"@type\":\"WebPage\",\"@id\":\"https:\\\/\\\/simchocolate.com\\\/es\\\/produto\\\/caja-para-enamorados\\\/\",\"url\":\"https:\\\/\\\/simchocolate.com\\\/es\\\/produto\\\/caja-para-enamorados\\\/\",\"name\":\"Caja para enamorados - Caja de bombones - SIM Chocolate\",\"isPartOf\":{\"@id\":\"https:\\\/\\\/simchocolate.com\\\/es\\\/#website\"},\"primaryImageOfPage\":{\"@id\":\"https:\\\/\\\/simchocolate.com\\\/es\\\/produto\\\/caja-para-enamorados\\\/#primaryimage\"},\"image\":{\"@id\":\"https:\\\/\\\/simchocolate.com\\\/es\\\/produto\\\/caja-para-enamorados\\\/#primaryimage\"},\"thumbnailUrl\":\"https:\\\/\\\/simchocolate.com\\\/wp-content\\\/uploads\\\/2023\\\/10\\\/BX0004-2.jpg\",\"datePublished\":\"2023-10-20T16:54:21+00:00\",\"description\":\"Regala a tu media naranja un viaje sensorial con nuestra exquisita \\\"Caja - Mis Amantes\\\", repleta de una variedad de bombones \u00fanicos. Cada bomb\u00f3n es una obra maestra elaborada con los mejores ingredientes y un toque de rom\u00e1ntica elegancia. &nbsp; Esta caja contiene 9 bombones surtidos que convierten los peque\u00f1os momentos en recuerdos inolvidables.\",\"breadcrumb\":{\"@id\":\"https:\\\/\\\/simchocolate.com\\\/es\\\/produto\\\/caja-para-enamorados\\\/#breadcrumb\"},\"inLanguage\":\"es\",\"potentialAction\":[{\"@type\":\"ReadAction\",\"target\":[\"https:\\\/\\\/simchocolate.com\\\/es\\\/produto\\\/caja-para-enamorados\\\/\"]}]},{\"@type\":\"ImageObject\",\"inLanguage\":\"es\",\"@id\":\"https:\\\/\\\/simchocolate.com\\\/es\\\/produto\\\/caja-para-enamorados\\\/#primaryimage\",\"url\":\"https:\\\/\\\/simchocolate.com\\\/wp-content\\\/uploads\\\/2023\\\/10\\\/BX0004-2.jpg\",\"contentUrl\":\"https:\\\/\\\/simchocolate.com\\\/wp-content\\\/uploads\\\/2023\\\/10\\\/BX0004-2.jpg\",\"width\":1150,\"height\":1150,\"caption\":\"prenda box my lover com bombons sortidos\"},{\"@type\":\"BreadcrumbList\",\"@id\":\"https:\\\/\\\/simchocolate.com\\\/es\\\/produto\\\/caja-para-enamorados\\\/#breadcrumb\",\"itemListElement\":[{\"@type\":\"ListItem\",\"position\":1,\"name\":\"In\u00edcio\",\"item\":\"https:\\\/\\\/simchocolate.com\\\/es\\\/\"},{\"@type\":\"ListItem\",\"position\":2,\"name\":\"Productos\",\"item\":\"https:\\\/\\\/simchocolate.com\\\/es\\\/shop\\\/\"},{\"@type\":\"ListItem\",\"position\":3,\"name\":\"Caja para enamorados\"}]},{\"@type\":\"WebSite\",\"@id\":\"https:\\\/\\\/simchocolate.com\\\/es\\\/#website\",\"url\":\"https:\\\/\\\/simchocolate.com\\\/es\\\/\",\"name\":\"SIM Chocolate\",\"description\":\"Do amor incondicional entre uma m\u00e3e e sua filha, nasce a marca SIM Bombons no Natal de 2014\",\"potentialAction\":[{\"@type\":\"SearchAction\",\"target\":{\"@type\":\"EntryPoint\",\"urlTemplate\":\"https:\\\/\\\/simchocolate.com\\\/es\\\/?s={search_term_string}\"},\"query-input\":{\"@type\":\"PropertyValueSpecification\",\"valueRequired\":true,\"valueName\":\"search_term_string\"}}],\"inLanguage\":\"es\"}]}<\/script>\n<!-- \/ Yoast SEO plugin. -->","yoast_head_json":{"title":"Caja para enamorados - Caja de bombones - SIM Chocolate","description":"Regala a tu media naranja un viaje sensorial con nuestra exquisita \"Caja - Mis Amantes\", repleta de una variedad de bombones \u00fanicos. Cada bomb\u00f3n es una obra maestra elaborada con los mejores ingredientes y un toque de rom\u00e1ntica elegancia.  &nbsp; Esta caja contiene 9 bombones surtidos que convierten los peque\u00f1os momentos en recuerdos inolvidables.","robots":{"index":"index","follow":"follow","max-snippet":"max-snippet:-1","max-image-preview":"max-image-preview:large","max-video-preview":"max-video-preview:-1"},"canonical":"https:\/\/simchocolate.com\/es\/produto\/caja-para-enamorados\/","og_locale":"es_ES","og_type":"article","og_title":"Caja para enamorados - Caja de bombones - SIM Chocolate","og_description":"Regala a tu media naranja un viaje sensorial con nuestra exquisita \"Caja - Mis Amantes\", repleta de una variedad de bombones \u00fanicos. Cada bomb\u00f3n es una obra maestra elaborada con los mejores ingredientes y un toque de rom\u00e1ntica elegancia.  &nbsp; Esta caja contiene 9 bombones surtidos que convierten los peque\u00f1os momentos en recuerdos inolvidables.","og_url":"https:\/\/simchocolate.com\/es\/produto\/caja-para-enamorados\/","og_site_name":"SIM Chocolate","article_publisher":"https:\/\/www.facebook.com\/SimBombons","og_image":[{"width":1150,"height":1150,"url":"https:\/\/simchocolate.com\/wp-content\/uploads\/2023\/10\/BX0004-2.jpg","type":"image\/jpeg"}],"twitter_card":"summary_large_image","schema":{"@context":"https:\/\/schema.org","@graph":[{"@type":"WebPage","@id":"https:\/\/simchocolate.com\/es\/produto\/caja-para-enamorados\/","url":"https:\/\/simchocolate.com\/es\/produto\/caja-para-enamorados\/","name":"Caja para enamorados - Caja de bombones - SIM Chocolate","isPartOf":{"@id":"https:\/\/simchocolate.com\/es\/#website"},"primaryImageOfPage":{"@id":"https:\/\/simchocolate.com\/es\/produto\/caja-para-enamorados\/#primaryimage"},"image":{"@id":"https:\/\/simchocolate.com\/es\/produto\/caja-para-enamorados\/#primaryimage"},"thumbnailUrl":"https:\/\/simchocolate.com\/wp-content\/uploads\/2023\/10\/BX0004-2.jpg","datePublished":"2023-10-20T16:54:21+00:00","description":"Regala a tu media naranja un viaje sensorial con nuestra exquisita \"Caja - Mis Amantes\", repleta de una variedad de bombones \u00fanicos. Cada bomb\u00f3n es una obra maestra elaborada con los mejores ingredientes y un toque de rom\u00e1ntica elegancia. &nbsp; Esta caja contiene 9 bombones surtidos que convierten los peque\u00f1os momentos en recuerdos inolvidables.","breadcrumb":{"@id":"https:\/\/simchocolate.com\/es\/produto\/caja-para-enamorados\/#breadcrumb"},"inLanguage":"es","potentialAction":[{"@type":"ReadAction","target":["https:\/\/simchocolate.com\/es\/produto\/caja-para-enamorados\/"]}]},{"@type":"ImageObject","inLanguage":"es","@id":"https:\/\/simchocolate.com\/es\/produto\/caja-para-enamorados\/#primaryimage","url":"https:\/\/simchocolate.com\/wp-content\/uploads\/2023\/10\/BX0004-2.jpg","contentUrl":"https:\/\/simchocolate.com\/wp-content\/uploads\/2023\/10\/BX0004-2.jpg","width":1150,"height":1150,"caption":"prenda box my lover com bombons sortidos"},{"@type":"BreadcrumbList","@id":"https:\/\/simchocolate.com\/es\/produto\/caja-para-enamorados\/#breadcrumb","itemListElement":[{"@type":"ListItem","position":1,"name":"In\u00edcio","item":"https:\/\/simchocolate.com\/es\/"},{"@type":"ListItem","position":2,"name":"Productos","item":"https:\/\/simchocolate.com\/es\/shop\/"},{"@type":"ListItem","position":3,"name":"Caja para enamorados"}]},{"@type":"WebSite","@id":"https:\/\/simchocolate.com\/es\/#website","url":"https:\/\/simchocolate.com\/es\/","name":"SIM Chocolate","description":"Do amor incondicional entre uma m\u00e3e e sua filha, nasce a marca SIM Bombons no Natal de 2014","potentialAction":[{"@type":"SearchAction","target":{"@type":"EntryPoint","urlTemplate":"https:\/\/simchocolate.com\/es\/?s={search_term_string}"},"query-input":{"@type":"PropertyValueSpecification","valueRequired":true,"valueName":"search_term_string"}}],"inLanguage":"es"}]}},"_links":{"self":[{"href":"https:\/\/simchocolate.com\/es\/wp-json\/wp\/v2\/product\/9727","targetHints":{"allow":["GET"]}}],"collection":[{"href":"https:\/\/simchocolate.com\/es\/wp-json\/wp\/v2\/product"}],"about":[{"href":"https:\/\/simchocolate.com\/es\/wp-json\/wp\/v2\/types\/product"}],"replies":[{"embeddable":true,"href":"https:\/\/simchocolate.com\/es\/wp-json\/wp\/v2\/comments?post=9727"}],"wp:featuredmedia":[{"embeddable":true,"href":"https:\/\/simchocolate.com\/es\/wp-json\/wp\/v2\/media\/9739"}],"wp:attachment":[{"href":"https:\/\/simchocolate.com\/es\/wp-json\/wp\/v2\/media?parent=9727"}],"wp:term":[{"taxonomy":"product_brand","embeddable":true,"href":"https:\/\/simchocolate.com\/es\/wp-json\/wp\/v2\/product_brand?post=9727"},{"taxonomy":"product_cat","embeddable":true,"href":"https:\/\/simchocolate.com\/es\/wp-json\/wp\/v2\/product_cat?post=9727"},{"taxonomy":"product_tag","embeddable":true,"href":"https:\/\/simchocolate.com\/es\/wp-json\/wp\/v2\/product_tag?post=9727"}],"curies":[{"name":"wp","href":"https:\/\/api.w.org\/{rel}","templated":true}]}}