{"id":9740,"date":"2023-10-20T16:54:15","date_gmt":"2023-10-20T16:54:15","guid":{"rendered":"https:\/\/simchocolate.com\/produto\/caja-de-9-bombones-avus\/"},"modified":"2025-12-02T17:15:23","modified_gmt":"2025-12-02T17:15:23","slug":"caja-de-9-bombones-avus","status":"publish","type":"product","link":"https:\/\/simchocolate.com\/es\/produto\/caja-de-9-bombones-avus\/","title":{"rendered":"Caja de 9 bombones Avus"},"content":{"rendered":"<h5 style=\"text-align: left;\">Un dulce homenaje a nuestros abuelos<\/h5>\n<p style=\"text-align: left;\"><strong>Dedica momentos especiales a tus abuelos con nuestra exclusiva Caja de 9 Bombones Avus.<\/strong>  Inspirada en el cari\u00f1o y la sabidur\u00eda de los abuelos, esta colecci\u00f3n es una celebraci\u00f3n de un d\u00eda muy especial, llena de sabores reconfortantes que despiertan recuerdos entra\u00f1ables.<\/p>\n<p style=\"text-align: left;\">Cada bomb\u00f3n es una obra maestra artesanal, creada con ingredientes seleccionados para garantizar una experiencia de sabor memorable. Desde bombones delicadamente elaborados hasta rellenos que combinan armoniosamente con cada capa de chocolate, esta caja es m\u00e1s que un regalo gourmet: es una<strong> expresi\u00f3n de gratitud y amor.<\/strong> <\/p>\n<p style=\"text-align: left;\">Cada detalle, desde el dise\u00f1o hasta el contenido, <strong>refleja la dedicaci\u00f3n a crear algo especial para unos abuelos que se merecen lo mejor<\/strong>. Deja que el sabor y la ternura de estos bombones creen momentos de felicidad compartida, celebrando los lazos familiares y la alegr\u00eda de tener unos abuelos tan especiales en nuestras vidas. <\/p>\n<p style=\"text-align: left;\"><strong data-start=\"1886\" data-end=\"1910\">M\u00e9todo de conservaci\u00f3n:<\/strong><br data-start=\"1910\" data-end=\"1913\"><em data-start=\"1913\" data-end=\"1962\">Conservar a una temperatura entre 16\u00ba &#8211; 20\u00ba grados.<\/em><\/p>\n","protected":false},"excerpt":{"rendered":"<p>Celebra el D\u00eda de los Abuelos con nuestra exclusiva Caja \u00bbAvus\u00bb, un dulce y cari\u00f1oso homenaje a los abuelos que son verdaderos tesoros en nuestras vidas.<\/p>\n<ul>\n<li>Cada caja contiene <strong>9 bombones de vino espumoso Vinh\u00e3o<\/strong><\/li>\n<\/ul>\n","protected":false},"featured_media":9759,"comment_status":"closed","ping_status":"closed","template":"","meta":[],"product_brand":[],"product_cat":[189],"product_tag":[],"class_list":{"0":"post-9740","1":"product","2":"type-product","3":"status-publish","4":"has-post-thumbnail","6":"product_cat-caja-de-bombones","7":"edicoes-con-alcohol","8":"edicoes-especial-si","10":"first","11":"instock","12":"shipping-taxable","13":"purchasable","14":"product-type-simple"},"yoast_head":"<!-- This site is optimized with the Yoast SEO plugin v27.2 - https:\/\/yoast.com\/product\/yoast-seo-wordpress\/ -->\n<title>SIM Chocolate<\/title>\n<meta name=\"description\" content=\"Celebra el D\u00eda de los Abuelos con nuestra exclusiva Caja &#039;&#039;Avus&#039;&#039;, un dulce y cari\u00f1oso homenaje a los abuelos que son verdaderos tesoros en nuestras vidas.\" \/>\n<meta name=\"robots\" content=\"index, follow, max-snippet:-1, max-image-preview:large, max-video-preview:-1\" \/>\n<link rel=\"canonical\" href=\"https:\/\/simchocolate.com\/es\/produto\/caja-de-9-bombones-avus\/\" \/>\n<meta property=\"og:locale\" content=\"es_ES\" \/>\n<meta property=\"og:type\" content=\"article\" \/>\n<meta property=\"og:description\" content=\"Celebra el D\u00eda de los Abuelos con nuestra exclusiva Caja &#039;&#039;Avus&#039;&#039;, un dulce y cari\u00f1oso homenaje a los abuelos que son verdaderos tesoros en nuestras vidas.\" \/>\n<meta property=\"og:url\" content=\"https:\/\/simchocolate.com\/es\/produto\/caja-de-9-bombones-avus\/\" \/>\n<meta property=\"og:site_name\" content=\"SIM Chocolate\" \/>\n<meta property=\"article:publisher\" content=\"https:\/\/www.facebook.com\/SimBombons\" \/>\n<meta property=\"article:modified_time\" content=\"2025-12-02T17:15:23+00:00\" \/>\n<meta property=\"og:image\" content=\"https:\/\/simchocolate.com\/wp-content\/uploads\/2023\/10\/IMG_9786-scaled.jpg\" \/>\n\t<meta property=\"og:image:width\" content=\"2560\" \/>\n\t<meta property=\"og:image:height\" content=\"2560\" \/>\n\t<meta property=\"og:image:type\" content=\"image\/jpeg\" \/>\n<meta name=\"twitter:card\" content=\"summary_large_image\" \/>\n<meta name=\"twitter:label1\" content=\"Tiempo de lectura\" \/>\n\t<meta name=\"twitter:data1\" content=\"1 minuto\" \/>\n<script type=\"application\/ld+json\" class=\"yoast-schema-graph\">{\"@context\":\"https:\/\/schema.org\",\"@graph\":[{\"@type\":\"WebPage\",\"@id\":\"https:\/\/simchocolate.com\/es\/produto\/caja-de-9-bombones-avus\/\",\"url\":\"https:\/\/simchocolate.com\/es\/produto\/caja-de-9-bombones-avus\/\",\"name\":\"\",\"isPartOf\":{\"@id\":\"https:\/\/simchocolate.com\/es\/#website\"},\"primaryImageOfPage\":{\"@id\":\"https:\/\/simchocolate.com\/es\/produto\/caja-de-9-bombones-avus\/#primaryimage\"},\"image\":{\"@id\":\"https:\/\/simchocolate.com\/es\/produto\/caja-de-9-bombones-avus\/#primaryimage\"},\"thumbnailUrl\":\"https:\/\/simchocolate.com\/wp-content\/uploads\/2023\/10\/IMG_9786-scaled.jpg\",\"datePublished\":\"2023-10-20T16:54:15+00:00\",\"dateModified\":\"2025-12-02T17:15:23+00:00\",\"description\":\"Celebra el D\u00eda de los Abuelos con nuestra exclusiva Caja ''Avus'', un dulce y cari\u00f1oso homenaje a los abuelos que son verdaderos tesoros en nuestras vidas.\",\"breadcrumb\":{\"@id\":\"https:\/\/simchocolate.com\/es\/produto\/caja-de-9-bombones-avus\/#breadcrumb\"},\"inLanguage\":\"es\",\"potentialAction\":[{\"@type\":\"ReadAction\",\"target\":[\"https:\/\/simchocolate.com\/es\/produto\/caja-de-9-bombones-avus\/\"]}]},{\"@type\":\"ImageObject\",\"inLanguage\":\"es\",\"@id\":\"https:\/\/simchocolate.com\/es\/produto\/caja-de-9-bombones-avus\/#primaryimage\",\"url\":\"https:\/\/simchocolate.com\/wp-content\/uploads\/2023\/10\/IMG_9786-scaled.jpg\",\"contentUrl\":\"https:\/\/simchocolate.com\/wp-content\/uploads\/2023\/10\/IMG_9786-scaled.jpg\",\"width\":2560,\"height\":2560,\"caption\":\"caixa avus\"},{\"@type\":\"BreadcrumbList\",\"@id\":\"https:\/\/simchocolate.com\/es\/produto\/caja-de-9-bombones-avus\/#breadcrumb\",\"itemListElement\":[{\"@type\":\"ListItem\",\"position\":1,\"name\":\"In\u00edcio\",\"item\":\"https:\/\/simchocolate.com\/es\/\"},{\"@type\":\"ListItem\",\"position\":2,\"name\":\"Productos\",\"item\":\"https:\/\/simchocolate.com\/es\/shop\/\"},{\"@type\":\"ListItem\",\"position\":3,\"name\":\"Caja de 9 bombones Avus\"}]},{\"@type\":\"WebSite\",\"@id\":\"https:\/\/simchocolate.com\/es\/#website\",\"url\":\"https:\/\/simchocolate.com\/es\/\",\"name\":\"SIM Chocolate\",\"description\":\"Do amor incondicional entre uma m\u00e3e e sua filha, nasce a marca SIM Bombons no Natal de 2014\",\"potentialAction\":[{\"@type\":\"SearchAction\",\"target\":{\"@type\":\"EntryPoint\",\"urlTemplate\":\"https:\/\/simchocolate.com\/es\/?s={search_term_string}\"},\"query-input\":{\"@type\":\"PropertyValueSpecification\",\"valueRequired\":true,\"valueName\":\"search_term_string\"}}],\"inLanguage\":\"es\"}]}<\/script>\n<!-- \/ Yoast SEO plugin. -->","yoast_head_json":{"title":"SIM Chocolate","description":"Celebra el D\u00eda de los Abuelos con nuestra exclusiva Caja ''Avus'', un dulce y cari\u00f1oso homenaje a los abuelos que son verdaderos tesoros en nuestras vidas.","robots":{"index":"index","follow":"follow","max-snippet":"max-snippet:-1","max-image-preview":"max-image-preview:large","max-video-preview":"max-video-preview:-1"},"canonical":"https:\/\/simchocolate.com\/es\/produto\/caja-de-9-bombones-avus\/","og_locale":"es_ES","og_type":"article","og_description":"Celebra el D\u00eda de los Abuelos con nuestra exclusiva Caja ''Avus'', un dulce y cari\u00f1oso homenaje a los abuelos que son verdaderos tesoros en nuestras vidas.","og_url":"https:\/\/simchocolate.com\/es\/produto\/caja-de-9-bombones-avus\/","og_site_name":"SIM Chocolate","article_publisher":"https:\/\/www.facebook.com\/SimBombons","article_modified_time":"2025-12-02T17:15:23+00:00","og_image":[{"width":2560,"height":2560,"url":"https:\/\/simchocolate.com\/wp-content\/uploads\/2023\/10\/IMG_9786-scaled.jpg","type":"image\/jpeg"}],"twitter_card":"summary_large_image","twitter_misc":{"Tiempo de lectura":"1 minuto"},"schema":{"@context":"https:\/\/schema.org","@graph":[{"@type":"WebPage","@id":"https:\/\/simchocolate.com\/es\/produto\/caja-de-9-bombones-avus\/","url":"https:\/\/simchocolate.com\/es\/produto\/caja-de-9-bombones-avus\/","name":"","isPartOf":{"@id":"https:\/\/simchocolate.com\/es\/#website"},"primaryImageOfPage":{"@id":"https:\/\/simchocolate.com\/es\/produto\/caja-de-9-bombones-avus\/#primaryimage"},"image":{"@id":"https:\/\/simchocolate.com\/es\/produto\/caja-de-9-bombones-avus\/#primaryimage"},"thumbnailUrl":"https:\/\/simchocolate.com\/wp-content\/uploads\/2023\/10\/IMG_9786-scaled.jpg","datePublished":"2023-10-20T16:54:15+00:00","dateModified":"2025-12-02T17:15:23+00:00","description":"Celebra el D\u00eda de los Abuelos con nuestra exclusiva Caja ''Avus'', un dulce y cari\u00f1oso homenaje a los abuelos que son verdaderos tesoros en nuestras vidas.","breadcrumb":{"@id":"https:\/\/simchocolate.com\/es\/produto\/caja-de-9-bombones-avus\/#breadcrumb"},"inLanguage":"es","potentialAction":[{"@type":"ReadAction","target":["https:\/\/simchocolate.com\/es\/produto\/caja-de-9-bombones-avus\/"]}]},{"@type":"ImageObject","inLanguage":"es","@id":"https:\/\/simchocolate.com\/es\/produto\/caja-de-9-bombones-avus\/#primaryimage","url":"https:\/\/simchocolate.com\/wp-content\/uploads\/2023\/10\/IMG_9786-scaled.jpg","contentUrl":"https:\/\/simchocolate.com\/wp-content\/uploads\/2023\/10\/IMG_9786-scaled.jpg","width":2560,"height":2560,"caption":"caixa avus"},{"@type":"BreadcrumbList","@id":"https:\/\/simchocolate.com\/es\/produto\/caja-de-9-bombones-avus\/#breadcrumb","itemListElement":[{"@type":"ListItem","position":1,"name":"In\u00edcio","item":"https:\/\/simchocolate.com\/es\/"},{"@type":"ListItem","position":2,"name":"Productos","item":"https:\/\/simchocolate.com\/es\/shop\/"},{"@type":"ListItem","position":3,"name":"Caja de 9 bombones Avus"}]},{"@type":"WebSite","@id":"https:\/\/simchocolate.com\/es\/#website","url":"https:\/\/simchocolate.com\/es\/","name":"SIM Chocolate","description":"Do amor incondicional entre uma m\u00e3e e sua filha, nasce a marca SIM Bombons no Natal de 2014","potentialAction":[{"@type":"SearchAction","target":{"@type":"EntryPoint","urlTemplate":"https:\/\/simchocolate.com\/es\/?s={search_term_string}"},"query-input":{"@type":"PropertyValueSpecification","valueRequired":true,"valueName":"search_term_string"}}],"inLanguage":"es"}]}},"_links":{"self":[{"href":"https:\/\/simchocolate.com\/es\/wp-json\/wp\/v2\/product\/9740","targetHints":{"allow":["GET"]}}],"collection":[{"href":"https:\/\/simchocolate.com\/es\/wp-json\/wp\/v2\/product"}],"about":[{"href":"https:\/\/simchocolate.com\/es\/wp-json\/wp\/v2\/types\/product"}],"replies":[{"embeddable":true,"href":"https:\/\/simchocolate.com\/es\/wp-json\/wp\/v2\/comments?post=9740"}],"wp:featuredmedia":[{"embeddable":true,"href":"https:\/\/simchocolate.com\/es\/wp-json\/wp\/v2\/media\/9759"}],"wp:attachment":[{"href":"https:\/\/simchocolate.com\/es\/wp-json\/wp\/v2\/media?parent=9740"}],"wp:term":[{"taxonomy":"product_brand","embeddable":true,"href":"https:\/\/simchocolate.com\/es\/wp-json\/wp\/v2\/product_brand?post=9740"},{"taxonomy":"product_cat","embeddable":true,"href":"https:\/\/simchocolate.com\/es\/wp-json\/wp\/v2\/product_cat?post=9740"},{"taxonomy":"product_tag","embeddable":true,"href":"https:\/\/simchocolate.com\/es\/wp-json\/wp\/v2\/product_tag?post=9740"}],"curies":[{"name":"wp","href":"https:\/\/api.w.org\/{rel}","templated":true}]}}