{"id":9763,"date":"2023-10-20T16:54:25","date_gmt":"2023-10-20T16:54:25","guid":{"rendered":"https:\/\/simchocolate.com\/produto\/buzon-de-identidad\/"},"modified":"2025-12-02T17:15:31","modified_gmt":"2025-12-02T17:15:31","slug":"buzon-de-identidad","status":"publish","type":"product","link":"https:\/\/simchocolate.com\/es\/produto\/buzon-de-identidad\/","title":{"rendered":"Buz\u00f3n de identidad"},"content":{"rendered":"<h5 style=\"text-align: left;\">Identidad caja de 9 bombones &#8211; <strong>\u00abEdici\u00f3n Orgullo<\/strong><\/h5>\n<p style=\"text-align: left;\">Nuestra Caja Identidad Exclusiva de 9 bombones es un delicioso y vibrante homenaje a la diversidad y el orgullo. Esta caja se ha elaborado cuidadosamente para reflejar los colores y el esp\u00edritu de la comunidad LGBT, haciendo que cada bomb\u00f3n sea \u00fanico y exclusivo. <\/p>\n<h5 style=\"text-align: left;\">VARIEDAD DE SABORES IRRESISTIBLES<\/h5>\n<p style=\"text-align: left;\"><strong>  La caja incluir\u00e1 9 bombones completamente \u00fanicos, hechos s\u00f3lo para esta edici\u00f3n.<\/strong><\/p>\n<ul style=\"text-align: left;\">\n<li>Bomb\u00f3n de flor de sal<\/li>\n<li>Bomb\u00f3n de frutos secos y lima<\/li>\n<li>Bomb\u00f3n de vino de Oporto<\/li>\n<li>Mango Caramelo<\/li>\n<li>Bombones de frutos rojos<\/li>\n<li>Bomb\u00f3n negro<\/li>\n<li>Bomb\u00f3n de coco<\/li>\n<li>Bomb\u00f3n de t\u00e9 verde y menta<\/li>\n<li>Bombones de pistacho y fresa<\/li>\n<\/ul>\n<h5 style=\"text-align: left;\">Embalaje conmemorativo:<\/h5>\n<p style=\"text-align: left;\">La caja viene en un envoltorio especial decorado con los colores del arco iris, lo que la convierte en un regalo visualmente atractivo y significativo.<\/p>\n","protected":false},"excerpt":{"rendered":"<p>Con bombones creados exclusivamente para reflejar la individualidad, el car\u00e1cter y la identidad de tus seres queridos, esta caja es la elecci\u00f3n perfecta para celebrar la singularidad y la esencia \u00fanica de cada persona.<\/p>\n<p> La<strong>caja contiene 9<\/strong> bombones<strong>exclusivos<\/strong>.<\/p>\n<p>&nbsp;<\/p>\n","protected":false},"featured_media":9764,"comment_status":"closed","ping_status":"closed","template":"","meta":[],"product_brand":[],"product_cat":[190],"product_tag":[233,234],"class_list":{"0":"post-9763","1":"product","2":"type-product","3":"status-publish","4":"has-post-thumbnail","6":"product_cat-todo-el-chocolate","7":"product_tag-identidad","8":"product_tag-lgbt","9":"edicoes-con-alcohol","10":"edicoes-especial-si","12":"first","13":"outofstock","14":"shipping-taxable","15":"purchasable","16":"product-type-simple"},"yoast_head":"<!-- This site is optimized with the Yoast SEO plugin v27.5 - https:\/\/yoast.com\/product\/yoast-seo-wordpress\/ -->\n<title>Buz\u00f3n de identidad | S\u00ed Chocolate<\/title>\n<meta name=\"description\" content=\"Descubre la Caja Identidad y celebra la diversidad con bombones personalizados y deliciosos, perfectos para momentos \u00fanicos.\" \/>\n<meta name=\"robots\" content=\"index, follow, max-snippet:-1, max-image-preview:large, max-video-preview:-1\" \/>\n<link rel=\"canonical\" href=\"https:\/\/simchocolate.com\/es\/produto\/buzon-de-identidad\/\" \/>\n<meta property=\"og:locale\" content=\"es_ES\" \/>\n<meta property=\"og:type\" content=\"article\" \/>\n<meta property=\"og:title\" content=\"Buz\u00f3n de identidad | S\u00ed Chocolate\" \/>\n<meta property=\"og:description\" content=\"Descubre la Caja Identidad y celebra la diversidad con bombones personalizados y deliciosos, perfectos para momentos \u00fanicos.\" \/>\n<meta property=\"og:url\" content=\"https:\/\/simchocolate.com\/es\/produto\/buzon-de-identidad\/\" \/>\n<meta property=\"og:site_name\" content=\"SIM Chocolate\" \/>\n<meta property=\"article:publisher\" content=\"https:\/\/www.facebook.com\/SimBombons\" \/>\n<meta property=\"article:modified_time\" content=\"2025-12-02T17:15:31+00:00\" \/>\n<meta property=\"og:image\" content=\"https:\/\/simchocolate.com\/wp-content\/uploads\/2023\/10\/BX0005.jpg\" \/>\n\t<meta property=\"og:image:width\" content=\"1150\" \/>\n\t<meta property=\"og:image:height\" content=\"1150\" \/>\n\t<meta property=\"og:image:type\" content=\"image\/jpeg\" \/>\n<meta name=\"twitter:card\" content=\"summary_large_image\" \/>\n<meta name=\"twitter:label1\" content=\"Tiempo de lectura\" \/>\n\t<meta name=\"twitter:data1\" content=\"1 minuto\" \/>\n<script type=\"application\/ld+json\" class=\"yoast-schema-graph\">{\"@context\":\"https:\\\/\\\/schema.org\",\"@graph\":[{\"@type\":\"WebPage\",\"@id\":\"https:\\\/\\\/simchocolate.com\\\/es\\\/produto\\\/buzon-de-identidad\\\/\",\"url\":\"https:\\\/\\\/simchocolate.com\\\/es\\\/produto\\\/buzon-de-identidad\\\/\",\"name\":\"Buz\u00f3n de identidad | S\u00ed Chocolate\",\"isPartOf\":{\"@id\":\"https:\\\/\\\/simchocolate.com\\\/es\\\/#website\"},\"primaryImageOfPage\":{\"@id\":\"https:\\\/\\\/simchocolate.com\\\/es\\\/produto\\\/buzon-de-identidad\\\/#primaryimage\"},\"image\":{\"@id\":\"https:\\\/\\\/simchocolate.com\\\/es\\\/produto\\\/buzon-de-identidad\\\/#primaryimage\"},\"thumbnailUrl\":\"https:\\\/\\\/simchocolate.com\\\/wp-content\\\/uploads\\\/2023\\\/10\\\/BX0005.jpg\",\"datePublished\":\"2023-10-20T16:54:25+00:00\",\"dateModified\":\"2025-12-02T17:15:31+00:00\",\"description\":\"Descubre la Caja Identidad y celebra la diversidad con bombones personalizados y deliciosos, perfectos para momentos \u00fanicos.\",\"breadcrumb\":{\"@id\":\"https:\\\/\\\/simchocolate.com\\\/es\\\/produto\\\/buzon-de-identidad\\\/#breadcrumb\"},\"inLanguage\":\"es\",\"potentialAction\":[{\"@type\":\"ReadAction\",\"target\":[\"https:\\\/\\\/simchocolate.com\\\/es\\\/produto\\\/buzon-de-identidad\\\/\"]}]},{\"@type\":\"ImageObject\",\"inLanguage\":\"es\",\"@id\":\"https:\\\/\\\/simchocolate.com\\\/es\\\/produto\\\/buzon-de-identidad\\\/#primaryimage\",\"url\":\"https:\\\/\\\/simchocolate.com\\\/wp-content\\\/uploads\\\/2023\\\/10\\\/BX0005.jpg\",\"contentUrl\":\"https:\\\/\\\/simchocolate.com\\\/wp-content\\\/uploads\\\/2023\\\/10\\\/BX0005.jpg\",\"width\":1150,\"height\":1150,\"caption\":\"buz\u00f3n de identidad\"},{\"@type\":\"BreadcrumbList\",\"@id\":\"https:\\\/\\\/simchocolate.com\\\/es\\\/produto\\\/buzon-de-identidad\\\/#breadcrumb\",\"itemListElement\":[{\"@type\":\"ListItem\",\"position\":1,\"name\":\"In\u00edcio\",\"item\":\"https:\\\/\\\/simchocolate.com\\\/es\\\/\"},{\"@type\":\"ListItem\",\"position\":2,\"name\":\"Productos\",\"item\":\"https:\\\/\\\/simchocolate.com\\\/es\\\/shop\\\/\"},{\"@type\":\"ListItem\",\"position\":3,\"name\":\"Buz\u00f3n de identidad\"}]},{\"@type\":\"WebSite\",\"@id\":\"https:\\\/\\\/simchocolate.com\\\/es\\\/#website\",\"url\":\"https:\\\/\\\/simchocolate.com\\\/es\\\/\",\"name\":\"SIM Chocolate\",\"description\":\"Do amor incondicional entre uma m\u00e3e e sua filha, nasce a marca SIM Bombons no Natal de 2014\",\"potentialAction\":[{\"@type\":\"SearchAction\",\"target\":{\"@type\":\"EntryPoint\",\"urlTemplate\":\"https:\\\/\\\/simchocolate.com\\\/es\\\/?s={search_term_string}\"},\"query-input\":{\"@type\":\"PropertyValueSpecification\",\"valueRequired\":true,\"valueName\":\"search_term_string\"}}],\"inLanguage\":\"es\"}]}<\/script>\n<!-- \/ Yoast SEO plugin. -->","yoast_head_json":{"title":"Buz\u00f3n de identidad | S\u00ed Chocolate","description":"Descubre la Caja Identidad y celebra la diversidad con bombones personalizados y deliciosos, perfectos para momentos \u00fanicos.","robots":{"index":"index","follow":"follow","max-snippet":"max-snippet:-1","max-image-preview":"max-image-preview:large","max-video-preview":"max-video-preview:-1"},"canonical":"https:\/\/simchocolate.com\/es\/produto\/buzon-de-identidad\/","og_locale":"es_ES","og_type":"article","og_title":"Buz\u00f3n de identidad | S\u00ed Chocolate","og_description":"Descubre la Caja Identidad y celebra la diversidad con bombones personalizados y deliciosos, perfectos para momentos \u00fanicos.","og_url":"https:\/\/simchocolate.com\/es\/produto\/buzon-de-identidad\/","og_site_name":"SIM Chocolate","article_publisher":"https:\/\/www.facebook.com\/SimBombons","article_modified_time":"2025-12-02T17:15:31+00:00","og_image":[{"width":1150,"height":1150,"url":"https:\/\/simchocolate.com\/wp-content\/uploads\/2023\/10\/BX0005.jpg","type":"image\/jpeg"}],"twitter_card":"summary_large_image","twitter_misc":{"Tiempo de lectura":"1 minuto"},"schema":{"@context":"https:\/\/schema.org","@graph":[{"@type":"WebPage","@id":"https:\/\/simchocolate.com\/es\/produto\/buzon-de-identidad\/","url":"https:\/\/simchocolate.com\/es\/produto\/buzon-de-identidad\/","name":"Buz\u00f3n de identidad | S\u00ed Chocolate","isPartOf":{"@id":"https:\/\/simchocolate.com\/es\/#website"},"primaryImageOfPage":{"@id":"https:\/\/simchocolate.com\/es\/produto\/buzon-de-identidad\/#primaryimage"},"image":{"@id":"https:\/\/simchocolate.com\/es\/produto\/buzon-de-identidad\/#primaryimage"},"thumbnailUrl":"https:\/\/simchocolate.com\/wp-content\/uploads\/2023\/10\/BX0005.jpg","datePublished":"2023-10-20T16:54:25+00:00","dateModified":"2025-12-02T17:15:31+00:00","description":"Descubre la Caja Identidad y celebra la diversidad con bombones personalizados y deliciosos, perfectos para momentos \u00fanicos.","breadcrumb":{"@id":"https:\/\/simchocolate.com\/es\/produto\/buzon-de-identidad\/#breadcrumb"},"inLanguage":"es","potentialAction":[{"@type":"ReadAction","target":["https:\/\/simchocolate.com\/es\/produto\/buzon-de-identidad\/"]}]},{"@type":"ImageObject","inLanguage":"es","@id":"https:\/\/simchocolate.com\/es\/produto\/buzon-de-identidad\/#primaryimage","url":"https:\/\/simchocolate.com\/wp-content\/uploads\/2023\/10\/BX0005.jpg","contentUrl":"https:\/\/simchocolate.com\/wp-content\/uploads\/2023\/10\/BX0005.jpg","width":1150,"height":1150,"caption":"buz\u00f3n de identidad"},{"@type":"BreadcrumbList","@id":"https:\/\/simchocolate.com\/es\/produto\/buzon-de-identidad\/#breadcrumb","itemListElement":[{"@type":"ListItem","position":1,"name":"In\u00edcio","item":"https:\/\/simchocolate.com\/es\/"},{"@type":"ListItem","position":2,"name":"Productos","item":"https:\/\/simchocolate.com\/es\/shop\/"},{"@type":"ListItem","position":3,"name":"Buz\u00f3n de identidad"}]},{"@type":"WebSite","@id":"https:\/\/simchocolate.com\/es\/#website","url":"https:\/\/simchocolate.com\/es\/","name":"SIM Chocolate","description":"Do amor incondicional entre uma m\u00e3e e sua filha, nasce a marca SIM Bombons no Natal de 2014","potentialAction":[{"@type":"SearchAction","target":{"@type":"EntryPoint","urlTemplate":"https:\/\/simchocolate.com\/es\/?s={search_term_string}"},"query-input":{"@type":"PropertyValueSpecification","valueRequired":true,"valueName":"search_term_string"}}],"inLanguage":"es"}]}},"_links":{"self":[{"href":"https:\/\/simchocolate.com\/es\/wp-json\/wp\/v2\/product\/9763","targetHints":{"allow":["GET"]}}],"collection":[{"href":"https:\/\/simchocolate.com\/es\/wp-json\/wp\/v2\/product"}],"about":[{"href":"https:\/\/simchocolate.com\/es\/wp-json\/wp\/v2\/types\/product"}],"replies":[{"embeddable":true,"href":"https:\/\/simchocolate.com\/es\/wp-json\/wp\/v2\/comments?post=9763"}],"wp:featuredmedia":[{"embeddable":true,"href":"https:\/\/simchocolate.com\/es\/wp-json\/wp\/v2\/media\/9764"}],"wp:attachment":[{"href":"https:\/\/simchocolate.com\/es\/wp-json\/wp\/v2\/media?parent=9763"}],"wp:term":[{"taxonomy":"product_brand","embeddable":true,"href":"https:\/\/simchocolate.com\/es\/wp-json\/wp\/v2\/product_brand?post=9763"},{"taxonomy":"product_cat","embeddable":true,"href":"https:\/\/simchocolate.com\/es\/wp-json\/wp\/v2\/product_cat?post=9763"},{"taxonomy":"product_tag","embeddable":true,"href":"https:\/\/simchocolate.com\/es\/wp-json\/wp\/v2\/product_tag?post=9763"}],"curies":[{"name":"wp","href":"https:\/\/api.w.org\/{rel}","templated":true}]}}