{"id":9767,"date":"2023-10-20T16:53:44","date_gmt":"2023-10-20T16:53:44","guid":{"rendered":"https:\/\/simchocolate.com\/produto\/bombon-crujiente-de-leche-dulce\/"},"modified":"2025-12-02T17:15:27","modified_gmt":"2025-12-02T17:15:27","slug":"bombon-crujiente-de-leche-dulce","status":"publish","type":"product","link":"https:\/\/simchocolate.com\/es\/produto\/bombon-crujiente-de-leche-dulce\/","title":{"rendered":"Bomb\u00f3n Crujiente de Leche Dulce"},"content":{"rendered":"<h5 style=\"text-align: left;\">Una experiencia \u00fanica de texturas y sabores<\/h5>\n<p style=\"text-align: left;\">El Bomb\u00f3n Crujiente de Dulce de Leche<strong> es la fusi\u00f3n perfecta de lo tradicional y lo innovador, aportando una irresistible combinaci\u00f3n de cremosidad y crujiente.<\/strong> Con una cobertura de chocolate de primera calidad que se deshace en la boca, este bomb\u00f3n revela un generoso relleno de suave y aterciopelado dulce de leche en su interior, contrastado con trocitos crujientes que llevan cada bocado al siguiente nivel.<\/p>\n<p style=\"text-align: left;\">La cremosidad del dulce de leche, con su sabor dulce y reconfortante, se complementa con la textura crujiente del crumble, creando una armon\u00eda perfecta entre las distintas capas.  <strong>Elaborado con ingredientes cuidadosamente seleccionados, este bomb\u00f3n ofrece una experiencia gourmet rica e inolvidable.<\/strong><\/p>\n<p style=\"text-align: left;\">Eleva cualquier ocasi\u00f3n con este bomb\u00f3n exclusivo, que ofrece una explosi\u00f3n de sabores y texturas en cada bocado.<\/p>\n<div class=\"qodef-content-grid qodef-description--in-grid\">\n<div class=\"woocommerce-tabs wc-tabs-wrapper\">\n<div id=\"tab-description\" class=\"woocommerce-Tabs-panel woocommerce-Tabs-panel--description panel entry-content wc-tab\" role=\"tabpanel\" aria-labelledby=\"tab-title-description\">\n<p style=\"text-align: left;\"><strong>*Mantener a una temperatura entre 16\u00ba &#8211; 20\u00ba grados<\/strong><\/p>\n<\/div>\n<\/div>\n<\/div>\n<div class=\"qodef-content-grid\"><\/div>\n","protected":false},"excerpt":{"rendered":"<p>Crujiente bomb\u00f3n de dulce de leche, elaborado con chocolate de alta calidad, relleno de cremoso dulce de leche y acabado con una capa crujiente.<\/p>\n","protected":false},"featured_media":9770,"comment_status":"closed","ping_status":"closed","template":"","meta":[],"product_brand":[],"product_cat":[187],"product_tag":[],"class_list":{"0":"post-9767","1":"product","2":"type-product","3":"status-publish","4":"has-post-thumbnail","6":"product_cat-bombones","8":"first","9":"instock","10":"shipping-taxable","11":"purchasable","12":"product-type-simple"},"yoast_head":"<!-- This site is optimized with the Yoast SEO plugin v27.2 - https:\/\/yoast.com\/product\/yoast-seo-wordpress\/ -->\n<title>Bomb\u00f3n Crujiente de Leche Dulce | YES Chocolate<\/title>\n<meta name=\"description\" content=\"Prueba el Bombom Doce Leite Crocante, una deliciosa combinaci\u00f3n de chocolate artesano con un cremoso relleno de dulce de leche y un toque crujiente.\" \/>\n<meta name=\"robots\" content=\"index, follow, max-snippet:-1, max-image-preview:large, max-video-preview:-1\" \/>\n<link rel=\"canonical\" href=\"https:\/\/simchocolate.com\/es\/produto\/bombon-crujiente-de-leche-dulce\/\" \/>\n<meta property=\"og:locale\" content=\"es_ES\" \/>\n<meta property=\"og:type\" content=\"article\" \/>\n<meta property=\"og:title\" content=\"Bomb\u00f3n Crujiente de Leche Dulce | YES Chocolate\" \/>\n<meta property=\"og:description\" content=\"Prueba el Bombom Doce Leite Crocante, una deliciosa combinaci\u00f3n de chocolate artesano con un cremoso relleno de dulce de leche y un toque crujiente.\" \/>\n<meta property=\"og:url\" content=\"https:\/\/simchocolate.com\/es\/produto\/bombon-crujiente-de-leche-dulce\/\" \/>\n<meta property=\"og:site_name\" content=\"SIM Chocolate\" \/>\n<meta property=\"article:publisher\" content=\"https:\/\/www.facebook.com\/SimBombons\" \/>\n<meta property=\"article:modified_time\" content=\"2025-12-02T17:15:27+00:00\" \/>\n<meta property=\"og:image\" content=\"https:\/\/simchocolate.com\/wp-content\/uploads\/2023\/10\/BOMBOM-FINAL-OPCAO-1-32.jpg\" \/>\n\t<meta property=\"og:image:width\" content=\"1000\" \/>\n\t<meta property=\"og:image:height\" content=\"1000\" \/>\n\t<meta property=\"og:image:type\" content=\"image\/jpeg\" \/>\n<meta name=\"twitter:card\" content=\"summary_large_image\" \/>\n<meta name=\"twitter:label1\" content=\"Tiempo de lectura\" \/>\n\t<meta name=\"twitter:data1\" content=\"1 minuto\" \/>\n<script type=\"application\/ld+json\" class=\"yoast-schema-graph\">{\"@context\":\"https:\/\/schema.org\",\"@graph\":[{\"@type\":\"WebPage\",\"@id\":\"https:\/\/simchocolate.com\/es\/produto\/bombon-crujiente-de-leche-dulce\/\",\"url\":\"https:\/\/simchocolate.com\/es\/produto\/bombon-crujiente-de-leche-dulce\/\",\"name\":\"Bomb\u00f3n Crujiente de Leche Dulce | YES Chocolate\",\"isPartOf\":{\"@id\":\"https:\/\/simchocolate.com\/es\/#website\"},\"primaryImageOfPage\":{\"@id\":\"https:\/\/simchocolate.com\/es\/produto\/bombon-crujiente-de-leche-dulce\/#primaryimage\"},\"image\":{\"@id\":\"https:\/\/simchocolate.com\/es\/produto\/bombon-crujiente-de-leche-dulce\/#primaryimage\"},\"thumbnailUrl\":\"https:\/\/simchocolate.com\/wp-content\/uploads\/2023\/10\/BOMBOM-FINAL-OPCAO-1-32.jpg\",\"datePublished\":\"2023-10-20T16:53:44+00:00\",\"dateModified\":\"2025-12-02T17:15:27+00:00\",\"description\":\"Prueba el Bombom Doce Leite Crocante, una deliciosa combinaci\u00f3n de chocolate artesano con un cremoso relleno de dulce de leche y un toque crujiente.\",\"breadcrumb\":{\"@id\":\"https:\/\/simchocolate.com\/es\/produto\/bombon-crujiente-de-leche-dulce\/#breadcrumb\"},\"inLanguage\":\"es\",\"potentialAction\":[{\"@type\":\"ReadAction\",\"target\":[\"https:\/\/simchocolate.com\/es\/produto\/bombon-crujiente-de-leche-dulce\/\"]}]},{\"@type\":\"ImageObject\",\"inLanguage\":\"es\",\"@id\":\"https:\/\/simchocolate.com\/es\/produto\/bombon-crujiente-de-leche-dulce\/#primaryimage\",\"url\":\"https:\/\/simchocolate.com\/wp-content\/uploads\/2023\/10\/BOMBOM-FINAL-OPCAO-1-32.jpg\",\"contentUrl\":\"https:\/\/simchocolate.com\/wp-content\/uploads\/2023\/10\/BOMBOM-FINAL-OPCAO-1-32.jpg\",\"width\":1000,\"height\":1000,\"caption\":\"bomb\u00f3n crujiente de dulce de leche\"},{\"@type\":\"BreadcrumbList\",\"@id\":\"https:\/\/simchocolate.com\/es\/produto\/bombon-crujiente-de-leche-dulce\/#breadcrumb\",\"itemListElement\":[{\"@type\":\"ListItem\",\"position\":1,\"name\":\"In\u00edcio\",\"item\":\"https:\/\/simchocolate.com\/es\/\"},{\"@type\":\"ListItem\",\"position\":2,\"name\":\"Productos\",\"item\":\"https:\/\/simchocolate.com\/es\/shop\/\"},{\"@type\":\"ListItem\",\"position\":3,\"name\":\"Bomb\u00f3n Crujiente de Leche Dulce\"}]},{\"@type\":\"WebSite\",\"@id\":\"https:\/\/simchocolate.com\/es\/#website\",\"url\":\"https:\/\/simchocolate.com\/es\/\",\"name\":\"SIM Chocolate\",\"description\":\"Do amor incondicional entre uma m\u00e3e e sua filha, nasce a marca SIM Bombons no Natal de 2014\",\"potentialAction\":[{\"@type\":\"SearchAction\",\"target\":{\"@type\":\"EntryPoint\",\"urlTemplate\":\"https:\/\/simchocolate.com\/es\/?s={search_term_string}\"},\"query-input\":{\"@type\":\"PropertyValueSpecification\",\"valueRequired\":true,\"valueName\":\"search_term_string\"}}],\"inLanguage\":\"es\"}]}<\/script>\n<!-- \/ Yoast SEO plugin. -->","yoast_head_json":{"title":"Bomb\u00f3n Crujiente de Leche Dulce | YES Chocolate","description":"Prueba el Bombom Doce Leite Crocante, una deliciosa combinaci\u00f3n de chocolate artesano con un cremoso relleno de dulce de leche y un toque crujiente.","robots":{"index":"index","follow":"follow","max-snippet":"max-snippet:-1","max-image-preview":"max-image-preview:large","max-video-preview":"max-video-preview:-1"},"canonical":"https:\/\/simchocolate.com\/es\/produto\/bombon-crujiente-de-leche-dulce\/","og_locale":"es_ES","og_type":"article","og_title":"Bomb\u00f3n Crujiente de Leche Dulce | YES Chocolate","og_description":"Prueba el Bombom Doce Leite Crocante, una deliciosa combinaci\u00f3n de chocolate artesano con un cremoso relleno de dulce de leche y un toque crujiente.","og_url":"https:\/\/simchocolate.com\/es\/produto\/bombon-crujiente-de-leche-dulce\/","og_site_name":"SIM Chocolate","article_publisher":"https:\/\/www.facebook.com\/SimBombons","article_modified_time":"2025-12-02T17:15:27+00:00","og_image":[{"width":1000,"height":1000,"url":"https:\/\/simchocolate.com\/wp-content\/uploads\/2023\/10\/BOMBOM-FINAL-OPCAO-1-32.jpg","type":"image\/jpeg"}],"twitter_card":"summary_large_image","twitter_misc":{"Tiempo de lectura":"1 minuto"},"schema":{"@context":"https:\/\/schema.org","@graph":[{"@type":"WebPage","@id":"https:\/\/simchocolate.com\/es\/produto\/bombon-crujiente-de-leche-dulce\/","url":"https:\/\/simchocolate.com\/es\/produto\/bombon-crujiente-de-leche-dulce\/","name":"Bomb\u00f3n Crujiente de Leche Dulce | YES Chocolate","isPartOf":{"@id":"https:\/\/simchocolate.com\/es\/#website"},"primaryImageOfPage":{"@id":"https:\/\/simchocolate.com\/es\/produto\/bombon-crujiente-de-leche-dulce\/#primaryimage"},"image":{"@id":"https:\/\/simchocolate.com\/es\/produto\/bombon-crujiente-de-leche-dulce\/#primaryimage"},"thumbnailUrl":"https:\/\/simchocolate.com\/wp-content\/uploads\/2023\/10\/BOMBOM-FINAL-OPCAO-1-32.jpg","datePublished":"2023-10-20T16:53:44+00:00","dateModified":"2025-12-02T17:15:27+00:00","description":"Prueba el Bombom Doce Leite Crocante, una deliciosa combinaci\u00f3n de chocolate artesano con un cremoso relleno de dulce de leche y un toque crujiente.","breadcrumb":{"@id":"https:\/\/simchocolate.com\/es\/produto\/bombon-crujiente-de-leche-dulce\/#breadcrumb"},"inLanguage":"es","potentialAction":[{"@type":"ReadAction","target":["https:\/\/simchocolate.com\/es\/produto\/bombon-crujiente-de-leche-dulce\/"]}]},{"@type":"ImageObject","inLanguage":"es","@id":"https:\/\/simchocolate.com\/es\/produto\/bombon-crujiente-de-leche-dulce\/#primaryimage","url":"https:\/\/simchocolate.com\/wp-content\/uploads\/2023\/10\/BOMBOM-FINAL-OPCAO-1-32.jpg","contentUrl":"https:\/\/simchocolate.com\/wp-content\/uploads\/2023\/10\/BOMBOM-FINAL-OPCAO-1-32.jpg","width":1000,"height":1000,"caption":"bomb\u00f3n crujiente de dulce de leche"},{"@type":"BreadcrumbList","@id":"https:\/\/simchocolate.com\/es\/produto\/bombon-crujiente-de-leche-dulce\/#breadcrumb","itemListElement":[{"@type":"ListItem","position":1,"name":"In\u00edcio","item":"https:\/\/simchocolate.com\/es\/"},{"@type":"ListItem","position":2,"name":"Productos","item":"https:\/\/simchocolate.com\/es\/shop\/"},{"@type":"ListItem","position":3,"name":"Bomb\u00f3n Crujiente de Leche Dulce"}]},{"@type":"WebSite","@id":"https:\/\/simchocolate.com\/es\/#website","url":"https:\/\/simchocolate.com\/es\/","name":"SIM Chocolate","description":"Do amor incondicional entre uma m\u00e3e e sua filha, nasce a marca SIM Bombons no Natal de 2014","potentialAction":[{"@type":"SearchAction","target":{"@type":"EntryPoint","urlTemplate":"https:\/\/simchocolate.com\/es\/?s={search_term_string}"},"query-input":{"@type":"PropertyValueSpecification","valueRequired":true,"valueName":"search_term_string"}}],"inLanguage":"es"}]}},"_links":{"self":[{"href":"https:\/\/simchocolate.com\/es\/wp-json\/wp\/v2\/product\/9767","targetHints":{"allow":["GET"]}}],"collection":[{"href":"https:\/\/simchocolate.com\/es\/wp-json\/wp\/v2\/product"}],"about":[{"href":"https:\/\/simchocolate.com\/es\/wp-json\/wp\/v2\/types\/product"}],"replies":[{"embeddable":true,"href":"https:\/\/simchocolate.com\/es\/wp-json\/wp\/v2\/comments?post=9767"}],"wp:featuredmedia":[{"embeddable":true,"href":"https:\/\/simchocolate.com\/es\/wp-json\/wp\/v2\/media\/9770"}],"wp:attachment":[{"href":"https:\/\/simchocolate.com\/es\/wp-json\/wp\/v2\/media?parent=9767"}],"wp:term":[{"taxonomy":"product_brand","embeddable":true,"href":"https:\/\/simchocolate.com\/es\/wp-json\/wp\/v2\/product_brand?post=9767"},{"taxonomy":"product_cat","embeddable":true,"href":"https:\/\/simchocolate.com\/es\/wp-json\/wp\/v2\/product_cat?post=9767"},{"taxonomy":"product_tag","embeddable":true,"href":"https:\/\/simchocolate.com\/es\/wp-json\/wp\/v2\/product_tag?post=9767"}],"curies":[{"name":"wp","href":"https:\/\/api.w.org\/{rel}","templated":true}]}}