{"id":9771,"date":"2023-10-20T16:53:48","date_gmt":"2023-10-20T16:53:48","guid":{"rendered":"https:\/\/simchocolate.com\/produto\/brandy-bombon-salado\/"},"modified":"2023-10-20T16:53:48","modified_gmt":"2023-10-20T16:53:48","slug":"brandy-bombon-salado","status":"publish","type":"product","link":"https:\/\/simchocolate.com\/es\/produto\/brandy-bombon-salado\/","title":{"rendered":"Brandy Bomb\u00f3n Salado"},"content":{"rendered":"<h5 style=\"text-align: left;\">Una experiencia gastron\u00f3mica innovadora<\/h5>\n<p style=\"text-align: left;\">Bombom Salgado com Aguardente es una verdadera obra maestra para los amantes de los sabores sofisticados e innovadores.  <strong>Este bomb\u00f3n ofrece una sorprendente combinaci\u00f3n de salado y dulce, enriquecida con brandy de primera calidad.<\/strong>  El chocolate artesano de alta calidad, suave y refinado, envuelve el delicado salado, mientras que el toque de brandy proporciona una explosi\u00f3n de sabores intensos e inusuales.<\/p>\n<p style=\"text-align: left;\">El brandy a\u00f1ade una profundidad \u00fanica, <strong>equilibrando perfectamente el sabor a chocolate con una nota alcoh\u00f3lica llamativa, creando una experiencia gustativa completa.<\/strong> Este bomb\u00f3n es ideal para quien busque un regalo gourmet distintivo o un capricho personal especial.<\/p>\n<p style=\"text-align: left;\">Perfecto para momentos de celebraci\u00f3n o para impresionar con un toque de sofisticaci\u00f3n, Bombom Salgado com Aguardente eleva el concepto tradicional de bomb\u00f3n, aportando una fusi\u00f3n innovadora que sorprende al paladar y hace que cada bocado sea memorable.<\/p>\n<p style=\"text-align: left;\"><strong>*Mantener a una temperatura entre 16\u00ba &#8211; 20\u00ba grados<\/strong><\/p>\n","protected":false},"excerpt":{"rendered":"<p>Una mezcla \u00fanica de sabores intensos y sofisticados, perfecta para los amantes del chocolate gourmet.<\/p>\n","protected":false},"featured_media":9772,"comment_status":"closed","ping_status":"closed","template":"","meta":[],"product_brand":[],"product_cat":[187],"product_tag":[],"class_list":{"0":"post-9771","1":"product","2":"type-product","3":"status-publish","4":"has-post-thumbnail","6":"product_cat-bombones","8":"first","9":"instock","10":"shipping-taxable","11":"purchasable","12":"product-type-simple"},"yoast_head":"<!-- This site is optimized with the Yoast SEO plugin v27.2 - https:\/\/yoast.com\/product\/yoast-seo-wordpress\/ -->\n<title>Brandy Bomb\u00f3n Salado | S\u00cd Chocolate<\/title>\n<meta name=\"description\" content=\"Descubre Bombom Salgado com Aguardente, una atrevida combinaci\u00f3n de chocolate y aguardiente, perfecta para los paladares m\u00e1s refinados.\" \/>\n<meta name=\"robots\" content=\"index, follow, max-snippet:-1, max-image-preview:large, max-video-preview:-1\" \/>\n<link rel=\"canonical\" href=\"https:\/\/simchocolate.com\/es\/produto\/brandy-bombon-salado\/\" \/>\n<meta property=\"og:locale\" content=\"es_ES\" \/>\n<meta property=\"og:type\" content=\"article\" \/>\n<meta property=\"og:title\" content=\"Brandy Bomb\u00f3n Salado | S\u00cd Chocolate\" \/>\n<meta property=\"og:description\" content=\"Descubre Bombom Salgado com Aguardente, una atrevida combinaci\u00f3n de chocolate y aguardiente, perfecta para los paladares m\u00e1s refinados.\" \/>\n<meta property=\"og:url\" content=\"https:\/\/simchocolate.com\/es\/produto\/brandy-bombon-salado\/\" \/>\n<meta property=\"og:site_name\" content=\"SIM Chocolate\" \/>\n<meta property=\"article:publisher\" content=\"https:\/\/www.facebook.com\/SimBombons\" \/>\n<meta property=\"og:image\" content=\"https:\/\/simchocolate.com\/wp-content\/uploads\/2023\/10\/FINAL-INTEIRO-11.jpg\" \/>\n\t<meta property=\"og:image:width\" content=\"1000\" \/>\n\t<meta property=\"og:image:height\" content=\"1000\" \/>\n\t<meta property=\"og:image:type\" content=\"image\/jpeg\" \/>\n<meta name=\"twitter:card\" content=\"summary_large_image\" \/>\n<meta name=\"twitter:label1\" content=\"Tiempo de lectura\" \/>\n\t<meta name=\"twitter:data1\" content=\"1 minuto\" \/>\n<script type=\"application\/ld+json\" class=\"yoast-schema-graph\">{\"@context\":\"https:\/\/schema.org\",\"@graph\":[{\"@type\":\"WebPage\",\"@id\":\"https:\/\/simchocolate.com\/es\/produto\/brandy-bombon-salado\/\",\"url\":\"https:\/\/simchocolate.com\/es\/produto\/brandy-bombon-salado\/\",\"name\":\"Brandy Bomb\u00f3n Salado | S\u00cd Chocolate\",\"isPartOf\":{\"@id\":\"https:\/\/simchocolate.com\/es\/#website\"},\"primaryImageOfPage\":{\"@id\":\"https:\/\/simchocolate.com\/es\/produto\/brandy-bombon-salado\/#primaryimage\"},\"image\":{\"@id\":\"https:\/\/simchocolate.com\/es\/produto\/brandy-bombon-salado\/#primaryimage\"},\"thumbnailUrl\":\"https:\/\/simchocolate.com\/wp-content\/uploads\/2023\/10\/FINAL-INTEIRO-11.jpg\",\"datePublished\":\"2023-10-20T16:53:48+00:00\",\"description\":\"Descubre Bombom Salgado com Aguardente, una atrevida combinaci\u00f3n de chocolate y aguardiente, perfecta para los paladares m\u00e1s refinados.\",\"breadcrumb\":{\"@id\":\"https:\/\/simchocolate.com\/es\/produto\/brandy-bombon-salado\/#breadcrumb\"},\"inLanguage\":\"es\",\"potentialAction\":[{\"@type\":\"ReadAction\",\"target\":[\"https:\/\/simchocolate.com\/es\/produto\/brandy-bombon-salado\/\"]}]},{\"@type\":\"ImageObject\",\"inLanguage\":\"es\",\"@id\":\"https:\/\/simchocolate.com\/es\/produto\/brandy-bombon-salado\/#primaryimage\",\"url\":\"https:\/\/simchocolate.com\/wp-content\/uploads\/2023\/10\/FINAL-INTEIRO-11.jpg\",\"contentUrl\":\"https:\/\/simchocolate.com\/wp-content\/uploads\/2023\/10\/FINAL-INTEIRO-11.jpg\",\"width\":1000,\"height\":1000,\"caption\":\"bombom salgado aguardente\"},{\"@type\":\"BreadcrumbList\",\"@id\":\"https:\/\/simchocolate.com\/es\/produto\/brandy-bombon-salado\/#breadcrumb\",\"itemListElement\":[{\"@type\":\"ListItem\",\"position\":1,\"name\":\"In\u00edcio\",\"item\":\"https:\/\/simchocolate.com\/es\/\"},{\"@type\":\"ListItem\",\"position\":2,\"name\":\"Productos\",\"item\":\"https:\/\/simchocolate.com\/es\/shop\/\"},{\"@type\":\"ListItem\",\"position\":3,\"name\":\"Brandy Bomb\u00f3n Salado\"}]},{\"@type\":\"WebSite\",\"@id\":\"https:\/\/simchocolate.com\/es\/#website\",\"url\":\"https:\/\/simchocolate.com\/es\/\",\"name\":\"SIM Chocolate\",\"description\":\"Do amor incondicional entre uma m\u00e3e e sua filha, nasce a marca SIM Bombons no Natal de 2014\",\"potentialAction\":[{\"@type\":\"SearchAction\",\"target\":{\"@type\":\"EntryPoint\",\"urlTemplate\":\"https:\/\/simchocolate.com\/es\/?s={search_term_string}\"},\"query-input\":{\"@type\":\"PropertyValueSpecification\",\"valueRequired\":true,\"valueName\":\"search_term_string\"}}],\"inLanguage\":\"es\"}]}<\/script>\n<!-- \/ Yoast SEO plugin. -->","yoast_head_json":{"title":"Brandy Bomb\u00f3n Salado | S\u00cd Chocolate","description":"Descubre Bombom Salgado com Aguardente, una atrevida combinaci\u00f3n de chocolate y aguardiente, perfecta para los paladares m\u00e1s refinados.","robots":{"index":"index","follow":"follow","max-snippet":"max-snippet:-1","max-image-preview":"max-image-preview:large","max-video-preview":"max-video-preview:-1"},"canonical":"https:\/\/simchocolate.com\/es\/produto\/brandy-bombon-salado\/","og_locale":"es_ES","og_type":"article","og_title":"Brandy Bomb\u00f3n Salado | S\u00cd Chocolate","og_description":"Descubre Bombom Salgado com Aguardente, una atrevida combinaci\u00f3n de chocolate y aguardiente, perfecta para los paladares m\u00e1s refinados.","og_url":"https:\/\/simchocolate.com\/es\/produto\/brandy-bombon-salado\/","og_site_name":"SIM Chocolate","article_publisher":"https:\/\/www.facebook.com\/SimBombons","og_image":[{"width":1000,"height":1000,"url":"https:\/\/simchocolate.com\/wp-content\/uploads\/2023\/10\/FINAL-INTEIRO-11.jpg","type":"image\/jpeg"}],"twitter_card":"summary_large_image","twitter_misc":{"Tiempo de lectura":"1 minuto"},"schema":{"@context":"https:\/\/schema.org","@graph":[{"@type":"WebPage","@id":"https:\/\/simchocolate.com\/es\/produto\/brandy-bombon-salado\/","url":"https:\/\/simchocolate.com\/es\/produto\/brandy-bombon-salado\/","name":"Brandy Bomb\u00f3n Salado | S\u00cd Chocolate","isPartOf":{"@id":"https:\/\/simchocolate.com\/es\/#website"},"primaryImageOfPage":{"@id":"https:\/\/simchocolate.com\/es\/produto\/brandy-bombon-salado\/#primaryimage"},"image":{"@id":"https:\/\/simchocolate.com\/es\/produto\/brandy-bombon-salado\/#primaryimage"},"thumbnailUrl":"https:\/\/simchocolate.com\/wp-content\/uploads\/2023\/10\/FINAL-INTEIRO-11.jpg","datePublished":"2023-10-20T16:53:48+00:00","description":"Descubre Bombom Salgado com Aguardente, una atrevida combinaci\u00f3n de chocolate y aguardiente, perfecta para los paladares m\u00e1s refinados.","breadcrumb":{"@id":"https:\/\/simchocolate.com\/es\/produto\/brandy-bombon-salado\/#breadcrumb"},"inLanguage":"es","potentialAction":[{"@type":"ReadAction","target":["https:\/\/simchocolate.com\/es\/produto\/brandy-bombon-salado\/"]}]},{"@type":"ImageObject","inLanguage":"es","@id":"https:\/\/simchocolate.com\/es\/produto\/brandy-bombon-salado\/#primaryimage","url":"https:\/\/simchocolate.com\/wp-content\/uploads\/2023\/10\/FINAL-INTEIRO-11.jpg","contentUrl":"https:\/\/simchocolate.com\/wp-content\/uploads\/2023\/10\/FINAL-INTEIRO-11.jpg","width":1000,"height":1000,"caption":"bombom salgado aguardente"},{"@type":"BreadcrumbList","@id":"https:\/\/simchocolate.com\/es\/produto\/brandy-bombon-salado\/#breadcrumb","itemListElement":[{"@type":"ListItem","position":1,"name":"In\u00edcio","item":"https:\/\/simchocolate.com\/es\/"},{"@type":"ListItem","position":2,"name":"Productos","item":"https:\/\/simchocolate.com\/es\/shop\/"},{"@type":"ListItem","position":3,"name":"Brandy Bomb\u00f3n Salado"}]},{"@type":"WebSite","@id":"https:\/\/simchocolate.com\/es\/#website","url":"https:\/\/simchocolate.com\/es\/","name":"SIM Chocolate","description":"Do amor incondicional entre uma m\u00e3e e sua filha, nasce a marca SIM Bombons no Natal de 2014","potentialAction":[{"@type":"SearchAction","target":{"@type":"EntryPoint","urlTemplate":"https:\/\/simchocolate.com\/es\/?s={search_term_string}"},"query-input":{"@type":"PropertyValueSpecification","valueRequired":true,"valueName":"search_term_string"}}],"inLanguage":"es"}]}},"_links":{"self":[{"href":"https:\/\/simchocolate.com\/es\/wp-json\/wp\/v2\/product\/9771","targetHints":{"allow":["GET"]}}],"collection":[{"href":"https:\/\/simchocolate.com\/es\/wp-json\/wp\/v2\/product"}],"about":[{"href":"https:\/\/simchocolate.com\/es\/wp-json\/wp\/v2\/types\/product"}],"replies":[{"embeddable":true,"href":"https:\/\/simchocolate.com\/es\/wp-json\/wp\/v2\/comments?post=9771"}],"wp:featuredmedia":[{"embeddable":true,"href":"https:\/\/simchocolate.com\/es\/wp-json\/wp\/v2\/media\/9772"}],"wp:attachment":[{"href":"https:\/\/simchocolate.com\/es\/wp-json\/wp\/v2\/media?parent=9771"}],"wp:term":[{"taxonomy":"product_brand","embeddable":true,"href":"https:\/\/simchocolate.com\/es\/wp-json\/wp\/v2\/product_brand?post=9771"},{"taxonomy":"product_cat","embeddable":true,"href":"https:\/\/simchocolate.com\/es\/wp-json\/wp\/v2\/product_cat?post=9771"},{"taxonomy":"product_tag","embeddable":true,"href":"https:\/\/simchocolate.com\/es\/wp-json\/wp\/v2\/product_tag?post=9771"}],"curies":[{"name":"wp","href":"https:\/\/api.w.org\/{rel}","templated":true}]}}