{"id":9774,"date":"2023-10-20T16:54:00","date_gmt":"2023-10-20T16:54:00","guid":{"rendered":"https:\/\/simchocolate.com\/produto\/bombon-de-azafran-yuzu\/"},"modified":"2023-10-20T16:54:00","modified_gmt":"2023-10-20T16:54:00","slug":"bombon-de-azafran-yuzu","status":"publish","type":"product","link":"https:\/\/simchocolate.com\/es\/produto\/bombon-de-azafran-yuzu\/","title":{"rendered":"Bomb\u00f3n de azafr\u00e1n yuzu"},"content":{"rendered":"<h5 style=\"text-align: left\">Una explosi\u00f3n de exotismo y sofisticaci\u00f3n<\/h5>\n<p style=\"text-align: left\"><strong>Perm\u00edtete un viaje sensorial<\/strong> \u00fanico con el Bomb\u00f3n de Yuzu y Azafr\u00e1n. Este innovador bomb\u00f3n combina toda la vibrante frescura del yuzu con la sutil sofisticaci\u00f3n del azafr\u00e1n, dando como resultado una experiencia de sabor realmente extraordinaria. Envuelto en chocolate de primera calidad, cada bocado es una armoniosa fusi\u00f3n de sabores ex\u00f3ticos que promete sorprender y deleitar.  <\/p>\n<p style=\"text-align: left\">El yuzu, un c\u00edtrico japon\u00e9s conocido por su sabor complejo y arom\u00e1tico, ofrece una explosi\u00f3n de frescor y un toque c\u00edtrico distintivo que despierta el paladar. Este sabor c\u00edtrico se complementa con el azafr\u00e1n, una de las especias m\u00e1s raras y valiosas del mundo, que a\u00f1ade una sutil y lujosa nota de tierra y flores.   <strong>Juntos, estos ingredientes crean un equilibrio perfecto, donde la acidez del yuzu se encuentra con la profundidad y elegancia del azafr\u00e1n.<\/strong><\/p>\n<p style=\"text-align: left\">El chocolate que envuelve el bomb\u00f3n se selecciona a mano para realzar y complementar los sabores \u00fanicos del yuzu y el azafr\u00e1n. <strong>Su textura suave y cremosa proporciona la base ideal para esta ex\u00f3tica combinaci\u00f3n<\/strong>, asegurando que este bomb\u00f3n sea una experiencia \u00fanica.<\/p>\n<p style=\"text-align: left\">Descubre la magia y la combinaci\u00f3n de este bomb\u00f3n y reg\u00e1late <strong>una experiencia gourmet, innovadora y sofisticada. <\/strong> <\/p>\n<p><strong>*Mantener a una temperatura entre 16\u00ba &#8211; 20\u00ba grados<\/strong><\/p>\n","protected":false},"excerpt":{"rendered":"<p>Descubre el exotismo del Bomb\u00f3n de Yuzu y Azafr\u00e1n, una combinaci\u00f3n \u00fanica de yuzu c\u00edtrico y el sutil toque del azafr\u00e1n, envuelto en chocolate de primera calidad.<\/p>\n","protected":false},"featured_media":9775,"comment_status":"closed","ping_status":"closed","template":"","meta":[],"product_brand":[],"product_cat":[187],"product_tag":[235],"class_list":{"0":"post-9774","1":"product","2":"type-product","3":"status-publish","4":"has-post-thumbnail","6":"product_cat-bombones","7":"product_tag-azafran-yuzu","9":"first","10":"outofstock","11":"shipping-taxable","12":"purchasable","13":"product-type-simple"},"yoast_head":"<!-- This site is optimized with the Yoast SEO plugin v27.5 - https:\/\/yoast.com\/product\/yoast-seo-wordpress\/ -->\n<title>Bomb\u00f3n de azafr\u00e1n yuzu | S\u00cd Chocolate<\/title>\n<meta name=\"description\" content=\"Descubre el exotismo del Bomb\u00f3n de Yuzu y Azafr\u00e1n, una combinaci\u00f3n \u00fanica de yuzu c\u00edtrico y el sutil toque del azafr\u00e1n, envuelto en chocolate de primera calidad.\" \/>\n<meta name=\"robots\" content=\"index, follow, max-snippet:-1, max-image-preview:large, max-video-preview:-1\" \/>\n<link rel=\"canonical\" href=\"https:\/\/simchocolate.com\/es\/produto\/bombon-de-azafran-yuzu\/\" \/>\n<meta property=\"og:locale\" content=\"es_ES\" \/>\n<meta property=\"og:type\" content=\"article\" \/>\n<meta property=\"og:title\" content=\"Bomb\u00f3n de azafr\u00e1n yuzu | S\u00cd Chocolate\" \/>\n<meta property=\"og:description\" content=\"Descubre el exotismo del Bomb\u00f3n de Yuzu y Azafr\u00e1n, una combinaci\u00f3n \u00fanica de yuzu c\u00edtrico y el sutil toque del azafr\u00e1n, envuelto en chocolate de primera calidad.\" \/>\n<meta property=\"og:url\" content=\"https:\/\/simchocolate.com\/es\/produto\/bombon-de-azafran-yuzu\/\" \/>\n<meta property=\"og:site_name\" content=\"SIM Chocolate\" \/>\n<meta property=\"article:publisher\" content=\"https:\/\/www.facebook.com\/SimBombons\" \/>\n<meta property=\"og:image\" content=\"https:\/\/simchocolate.com\/wp-content\/uploads\/2023\/10\/BB0043-v2.jpg\" \/>\n\t<meta property=\"og:image:width\" content=\"1150\" \/>\n\t<meta property=\"og:image:height\" content=\"1150\" \/>\n\t<meta property=\"og:image:type\" content=\"image\/jpeg\" \/>\n<meta name=\"twitter:card\" content=\"summary_large_image\" \/>\n<meta name=\"twitter:label1\" content=\"Tiempo de lectura\" \/>\n\t<meta name=\"twitter:data1\" content=\"1 minuto\" \/>\n<script type=\"application\/ld+json\" class=\"yoast-schema-graph\">{\"@context\":\"https:\\\/\\\/schema.org\",\"@graph\":[{\"@type\":\"WebPage\",\"@id\":\"https:\\\/\\\/simchocolate.com\\\/es\\\/produto\\\/bombon-de-azafran-yuzu\\\/\",\"url\":\"https:\\\/\\\/simchocolate.com\\\/es\\\/produto\\\/bombon-de-azafran-yuzu\\\/\",\"name\":\"Bomb\u00f3n de azafr\u00e1n yuzu | S\u00cd Chocolate\",\"isPartOf\":{\"@id\":\"https:\\\/\\\/simchocolate.com\\\/es\\\/#website\"},\"primaryImageOfPage\":{\"@id\":\"https:\\\/\\\/simchocolate.com\\\/es\\\/produto\\\/bombon-de-azafran-yuzu\\\/#primaryimage\"},\"image\":{\"@id\":\"https:\\\/\\\/simchocolate.com\\\/es\\\/produto\\\/bombon-de-azafran-yuzu\\\/#primaryimage\"},\"thumbnailUrl\":\"https:\\\/\\\/simchocolate.com\\\/wp-content\\\/uploads\\\/2023\\\/10\\\/BB0043-v2.jpg\",\"datePublished\":\"2023-10-20T16:54:00+00:00\",\"description\":\"Descubre el exotismo del Bomb\u00f3n de Yuzu y Azafr\u00e1n, una combinaci\u00f3n \u00fanica de yuzu c\u00edtrico y el sutil toque del azafr\u00e1n, envuelto en chocolate de primera calidad.\",\"breadcrumb\":{\"@id\":\"https:\\\/\\\/simchocolate.com\\\/es\\\/produto\\\/bombon-de-azafran-yuzu\\\/#breadcrumb\"},\"inLanguage\":\"es\",\"potentialAction\":[{\"@type\":\"ReadAction\",\"target\":[\"https:\\\/\\\/simchocolate.com\\\/es\\\/produto\\\/bombon-de-azafran-yuzu\\\/\"]}]},{\"@type\":\"ImageObject\",\"inLanguage\":\"es\",\"@id\":\"https:\\\/\\\/simchocolate.com\\\/es\\\/produto\\\/bombon-de-azafran-yuzu\\\/#primaryimage\",\"url\":\"https:\\\/\\\/simchocolate.com\\\/wp-content\\\/uploads\\\/2023\\\/10\\\/BB0043-v2.jpg\",\"contentUrl\":\"https:\\\/\\\/simchocolate.com\\\/wp-content\\\/uploads\\\/2023\\\/10\\\/BB0043-v2.jpg\",\"width\":1150,\"height\":1150,\"caption\":\"bombom yuzu a\u00e7afr\u00e3o\"},{\"@type\":\"BreadcrumbList\",\"@id\":\"https:\\\/\\\/simchocolate.com\\\/es\\\/produto\\\/bombon-de-azafran-yuzu\\\/#breadcrumb\",\"itemListElement\":[{\"@type\":\"ListItem\",\"position\":1,\"name\":\"In\u00edcio\",\"item\":\"https:\\\/\\\/simchocolate.com\\\/es\\\/\"},{\"@type\":\"ListItem\",\"position\":2,\"name\":\"Productos\",\"item\":\"https:\\\/\\\/simchocolate.com\\\/es\\\/shop\\\/\"},{\"@type\":\"ListItem\",\"position\":3,\"name\":\"Bomb\u00f3n de azafr\u00e1n yuzu\"}]},{\"@type\":\"WebSite\",\"@id\":\"https:\\\/\\\/simchocolate.com\\\/es\\\/#website\",\"url\":\"https:\\\/\\\/simchocolate.com\\\/es\\\/\",\"name\":\"SIM Chocolate\",\"description\":\"Do amor incondicional entre uma m\u00e3e e sua filha, nasce a marca SIM Bombons no Natal de 2014\",\"potentialAction\":[{\"@type\":\"SearchAction\",\"target\":{\"@type\":\"EntryPoint\",\"urlTemplate\":\"https:\\\/\\\/simchocolate.com\\\/es\\\/?s={search_term_string}\"},\"query-input\":{\"@type\":\"PropertyValueSpecification\",\"valueRequired\":true,\"valueName\":\"search_term_string\"}}],\"inLanguage\":\"es\"}]}<\/script>\n<!-- \/ Yoast SEO plugin. -->","yoast_head_json":{"title":"Bomb\u00f3n de azafr\u00e1n yuzu | S\u00cd Chocolate","description":"Descubre el exotismo del Bomb\u00f3n de Yuzu y Azafr\u00e1n, una combinaci\u00f3n \u00fanica de yuzu c\u00edtrico y el sutil toque del azafr\u00e1n, envuelto en chocolate de primera calidad.","robots":{"index":"index","follow":"follow","max-snippet":"max-snippet:-1","max-image-preview":"max-image-preview:large","max-video-preview":"max-video-preview:-1"},"canonical":"https:\/\/simchocolate.com\/es\/produto\/bombon-de-azafran-yuzu\/","og_locale":"es_ES","og_type":"article","og_title":"Bomb\u00f3n de azafr\u00e1n yuzu | S\u00cd Chocolate","og_description":"Descubre el exotismo del Bomb\u00f3n de Yuzu y Azafr\u00e1n, una combinaci\u00f3n \u00fanica de yuzu c\u00edtrico y el sutil toque del azafr\u00e1n, envuelto en chocolate de primera calidad.","og_url":"https:\/\/simchocolate.com\/es\/produto\/bombon-de-azafran-yuzu\/","og_site_name":"SIM Chocolate","article_publisher":"https:\/\/www.facebook.com\/SimBombons","og_image":[{"width":1150,"height":1150,"url":"https:\/\/simchocolate.com\/wp-content\/uploads\/2023\/10\/BB0043-v2.jpg","type":"image\/jpeg"}],"twitter_card":"summary_large_image","twitter_misc":{"Tiempo de lectura":"1 minuto"},"schema":{"@context":"https:\/\/schema.org","@graph":[{"@type":"WebPage","@id":"https:\/\/simchocolate.com\/es\/produto\/bombon-de-azafran-yuzu\/","url":"https:\/\/simchocolate.com\/es\/produto\/bombon-de-azafran-yuzu\/","name":"Bomb\u00f3n de azafr\u00e1n yuzu | S\u00cd Chocolate","isPartOf":{"@id":"https:\/\/simchocolate.com\/es\/#website"},"primaryImageOfPage":{"@id":"https:\/\/simchocolate.com\/es\/produto\/bombon-de-azafran-yuzu\/#primaryimage"},"image":{"@id":"https:\/\/simchocolate.com\/es\/produto\/bombon-de-azafran-yuzu\/#primaryimage"},"thumbnailUrl":"https:\/\/simchocolate.com\/wp-content\/uploads\/2023\/10\/BB0043-v2.jpg","datePublished":"2023-10-20T16:54:00+00:00","description":"Descubre el exotismo del Bomb\u00f3n de Yuzu y Azafr\u00e1n, una combinaci\u00f3n \u00fanica de yuzu c\u00edtrico y el sutil toque del azafr\u00e1n, envuelto en chocolate de primera calidad.","breadcrumb":{"@id":"https:\/\/simchocolate.com\/es\/produto\/bombon-de-azafran-yuzu\/#breadcrumb"},"inLanguage":"es","potentialAction":[{"@type":"ReadAction","target":["https:\/\/simchocolate.com\/es\/produto\/bombon-de-azafran-yuzu\/"]}]},{"@type":"ImageObject","inLanguage":"es","@id":"https:\/\/simchocolate.com\/es\/produto\/bombon-de-azafran-yuzu\/#primaryimage","url":"https:\/\/simchocolate.com\/wp-content\/uploads\/2023\/10\/BB0043-v2.jpg","contentUrl":"https:\/\/simchocolate.com\/wp-content\/uploads\/2023\/10\/BB0043-v2.jpg","width":1150,"height":1150,"caption":"bombom yuzu a\u00e7afr\u00e3o"},{"@type":"BreadcrumbList","@id":"https:\/\/simchocolate.com\/es\/produto\/bombon-de-azafran-yuzu\/#breadcrumb","itemListElement":[{"@type":"ListItem","position":1,"name":"In\u00edcio","item":"https:\/\/simchocolate.com\/es\/"},{"@type":"ListItem","position":2,"name":"Productos","item":"https:\/\/simchocolate.com\/es\/shop\/"},{"@type":"ListItem","position":3,"name":"Bomb\u00f3n de azafr\u00e1n yuzu"}]},{"@type":"WebSite","@id":"https:\/\/simchocolate.com\/es\/#website","url":"https:\/\/simchocolate.com\/es\/","name":"SIM Chocolate","description":"Do amor incondicional entre uma m\u00e3e e sua filha, nasce a marca SIM Bombons no Natal de 2014","potentialAction":[{"@type":"SearchAction","target":{"@type":"EntryPoint","urlTemplate":"https:\/\/simchocolate.com\/es\/?s={search_term_string}"},"query-input":{"@type":"PropertyValueSpecification","valueRequired":true,"valueName":"search_term_string"}}],"inLanguage":"es"}]}},"_links":{"self":[{"href":"https:\/\/simchocolate.com\/es\/wp-json\/wp\/v2\/product\/9774","targetHints":{"allow":["GET"]}}],"collection":[{"href":"https:\/\/simchocolate.com\/es\/wp-json\/wp\/v2\/product"}],"about":[{"href":"https:\/\/simchocolate.com\/es\/wp-json\/wp\/v2\/types\/product"}],"replies":[{"embeddable":true,"href":"https:\/\/simchocolate.com\/es\/wp-json\/wp\/v2\/comments?post=9774"}],"wp:featuredmedia":[{"embeddable":true,"href":"https:\/\/simchocolate.com\/es\/wp-json\/wp\/v2\/media\/9775"}],"wp:attachment":[{"href":"https:\/\/simchocolate.com\/es\/wp-json\/wp\/v2\/media?parent=9774"}],"wp:term":[{"taxonomy":"product_brand","embeddable":true,"href":"https:\/\/simchocolate.com\/es\/wp-json\/wp\/v2\/product_brand?post=9774"},{"taxonomy":"product_cat","embeddable":true,"href":"https:\/\/simchocolate.com\/es\/wp-json\/wp\/v2\/product_cat?post=9774"},{"taxonomy":"product_tag","embeddable":true,"href":"https:\/\/simchocolate.com\/es\/wp-json\/wp\/v2\/product_tag?post=9774"}],"curies":[{"name":"wp","href":"https:\/\/api.w.org\/{rel}","templated":true}]}}