{"id":9778,"date":"2023-10-20T16:51:53","date_gmt":"2023-10-20T16:51:53","guid":{"rendered":"https:\/\/simchocolate.com\/produto\/bombon-de-cafe\/"},"modified":"2023-10-20T16:51:53","modified_gmt":"2023-10-20T16:51:53","slug":"bombon-de-cafe","status":"publish","type":"product","link":"https:\/\/simchocolate.com\/es\/produto\/bombon-de-cafe\/","title":{"rendered":"Bomb\u00f3n de caf\u00e9"},"content":{"rendered":"<h5 style=\"text-align: left;\">La pasi\u00f3n por el caf\u00e9 con chocolate<\/h5>\n<p style=\"text-align: left;\">Descubre la verdadera pasi\u00f3n con nuestro bomb\u00f3n de caf\u00e9, una creaci\u00f3n gourmet que combina la intensidad del caf\u00e9 con la suavidad y la riqueza del chocolate de primera calidad. Este bomb\u00f3n es una celebraci\u00f3n de los sabores intensos y profundos que puede ofrecer el caf\u00e9, transformados en una experiencia de degustaci\u00f3n inolvidable. <\/p>\n<p style=\"text-align: left;\">Cada bomb\u00f3n se elabora cuidadosamente utilizando los mejores granos seleccionados para proporcionar un sabor aut\u00e9ntico y robusto. El chocolate de calidad superior se combina armoniosamente con el caf\u00e9, creando una fusi\u00f3n perfecta de amargo y dulce que da como resultado una sensaci\u00f3n rica y equilibrada. <\/p>\n<p style=\"text-align: left;\">Con nuestro bomb\u00f3n, ofrecemos un viaje sensorial, capturando la esencia de este amado sabor y llev\u00e1ndolo al mundo de la confiter\u00eda gourmet. Sum\u00e9rgete en un formato nuevo y emocionante y descubre por qu\u00e9 este bomb\u00f3n es una opci\u00f3n irresistible para los amantes del caf\u00e9 y el chocolate. <\/p>\n","protected":false},"excerpt":{"rendered":"<p>Disfruta de la intensidad de nuestro Bomb\u00f3n de Caf\u00e9, donde el robusto sabor del caf\u00e9 se combina a la perfecci\u00f3n con el chocolate de alta calidad.<\/p>\n","protected":false},"featured_media":9787,"comment_status":"closed","ping_status":"closed","template":"","meta":[],"product_brand":[],"product_cat":[187],"product_tag":[],"class_list":{"0":"post-9778","1":"product","2":"type-product","3":"status-publish","4":"has-post-thumbnail","6":"product_cat-bombones","8":"first","9":"instock","10":"shipping-taxable","11":"purchasable","12":"product-type-simple"},"yoast_head":"<!-- This site is optimized with the Yoast SEO plugin v27.2 - https:\/\/yoast.com\/product\/yoast-seo-wordpress\/ -->\n<title>SIM Chocolate<\/title>\n<meta name=\"description\" content=\"Disfruta de la intensidad de nuestro Bomb\u00f3n de Caf\u00e9, donde el robusto sabor del caf\u00e9 se combina a la perfecci\u00f3n con el chocolate de alta calidad.\" \/>\n<meta name=\"robots\" content=\"index, follow, max-snippet:-1, max-image-preview:large, max-video-preview:-1\" \/>\n<link rel=\"canonical\" href=\"https:\/\/simchocolate.com\/es\/produto\/bombon-de-cafe\/\" \/>\n<meta property=\"og:locale\" content=\"es_ES\" \/>\n<meta property=\"og:type\" content=\"article\" \/>\n<meta property=\"og:description\" content=\"Disfruta de la intensidad de nuestro Bomb\u00f3n de Caf\u00e9, donde el robusto sabor del caf\u00e9 se combina a la perfecci\u00f3n con el chocolate de alta calidad.\" \/>\n<meta property=\"og:url\" content=\"https:\/\/simchocolate.com\/es\/produto\/bombon-de-cafe\/\" \/>\n<meta property=\"og:site_name\" content=\"SIM Chocolate\" \/>\n<meta property=\"article:publisher\" content=\"https:\/\/www.facebook.com\/SimBombons\" \/>\n<meta property=\"og:image\" content=\"https:\/\/simchocolate.com\/wp-content\/uploads\/2023\/10\/FINAL-INTEIRO-1.png\" \/>\n\t<meta property=\"og:image:width\" content=\"1000\" \/>\n\t<meta property=\"og:image:height\" content=\"1000\" \/>\n\t<meta property=\"og:image:type\" content=\"image\/png\" \/>\n<meta name=\"twitter:card\" content=\"summary_large_image\" \/>\n<meta name=\"twitter:label1\" content=\"Tiempo de lectura\" \/>\n\t<meta name=\"twitter:data1\" content=\"1 minuto\" \/>\n<script type=\"application\/ld+json\" class=\"yoast-schema-graph\">{\"@context\":\"https:\/\/schema.org\",\"@graph\":[{\"@type\":\"WebPage\",\"@id\":\"https:\/\/simchocolate.com\/es\/produto\/bombon-de-cafe\/\",\"url\":\"https:\/\/simchocolate.com\/es\/produto\/bombon-de-cafe\/\",\"name\":\"\",\"isPartOf\":{\"@id\":\"https:\/\/simchocolate.com\/es\/#website\"},\"primaryImageOfPage\":{\"@id\":\"https:\/\/simchocolate.com\/es\/produto\/bombon-de-cafe\/#primaryimage\"},\"image\":{\"@id\":\"https:\/\/simchocolate.com\/es\/produto\/bombon-de-cafe\/#primaryimage\"},\"thumbnailUrl\":\"https:\/\/simchocolate.com\/wp-content\/uploads\/2023\/10\/FINAL-INTEIRO-1.png\",\"datePublished\":\"2023-10-20T16:51:53+00:00\",\"description\":\"Disfruta de la intensidad de nuestro Bomb\u00f3n de Caf\u00e9, donde el robusto sabor del caf\u00e9 se combina a la perfecci\u00f3n con el chocolate de alta calidad.\",\"breadcrumb\":{\"@id\":\"https:\/\/simchocolate.com\/es\/produto\/bombon-de-cafe\/#breadcrumb\"},\"inLanguage\":\"es\",\"potentialAction\":[{\"@type\":\"ReadAction\",\"target\":[\"https:\/\/simchocolate.com\/es\/produto\/bombon-de-cafe\/\"]}]},{\"@type\":\"ImageObject\",\"inLanguage\":\"es\",\"@id\":\"https:\/\/simchocolate.com\/es\/produto\/bombon-de-cafe\/#primaryimage\",\"url\":\"https:\/\/simchocolate.com\/wp-content\/uploads\/2023\/10\/FINAL-INTEIRO-1.png\",\"contentUrl\":\"https:\/\/simchocolate.com\/wp-content\/uploads\/2023\/10\/FINAL-INTEIRO-1.png\",\"width\":1000,\"height\":1000,\"caption\":\"bombom de caf\u00e9\"},{\"@type\":\"BreadcrumbList\",\"@id\":\"https:\/\/simchocolate.com\/es\/produto\/bombon-de-cafe\/#breadcrumb\",\"itemListElement\":[{\"@type\":\"ListItem\",\"position\":1,\"name\":\"In\u00edcio\",\"item\":\"https:\/\/simchocolate.com\/es\/\"},{\"@type\":\"ListItem\",\"position\":2,\"name\":\"Productos\",\"item\":\"https:\/\/simchocolate.com\/es\/shop\/\"},{\"@type\":\"ListItem\",\"position\":3,\"name\":\"Bomb\u00f3n de caf\u00e9\"}]},{\"@type\":\"WebSite\",\"@id\":\"https:\/\/simchocolate.com\/es\/#website\",\"url\":\"https:\/\/simchocolate.com\/es\/\",\"name\":\"SIM Chocolate\",\"description\":\"Do amor incondicional entre uma m\u00e3e e sua filha, nasce a marca SIM Bombons no Natal de 2014\",\"potentialAction\":[{\"@type\":\"SearchAction\",\"target\":{\"@type\":\"EntryPoint\",\"urlTemplate\":\"https:\/\/simchocolate.com\/es\/?s={search_term_string}\"},\"query-input\":{\"@type\":\"PropertyValueSpecification\",\"valueRequired\":true,\"valueName\":\"search_term_string\"}}],\"inLanguage\":\"es\"}]}<\/script>\n<!-- \/ Yoast SEO plugin. -->","yoast_head_json":{"title":"SIM Chocolate","description":"Disfruta de la intensidad de nuestro Bomb\u00f3n de Caf\u00e9, donde el robusto sabor del caf\u00e9 se combina a la perfecci\u00f3n con el chocolate de alta calidad.","robots":{"index":"index","follow":"follow","max-snippet":"max-snippet:-1","max-image-preview":"max-image-preview:large","max-video-preview":"max-video-preview:-1"},"canonical":"https:\/\/simchocolate.com\/es\/produto\/bombon-de-cafe\/","og_locale":"es_ES","og_type":"article","og_description":"Disfruta de la intensidad de nuestro Bomb\u00f3n de Caf\u00e9, donde el robusto sabor del caf\u00e9 se combina a la perfecci\u00f3n con el chocolate de alta calidad.","og_url":"https:\/\/simchocolate.com\/es\/produto\/bombon-de-cafe\/","og_site_name":"SIM Chocolate","article_publisher":"https:\/\/www.facebook.com\/SimBombons","og_image":[{"width":1000,"height":1000,"url":"https:\/\/simchocolate.com\/wp-content\/uploads\/2023\/10\/FINAL-INTEIRO-1.png","type":"image\/png"}],"twitter_card":"summary_large_image","twitter_misc":{"Tiempo de lectura":"1 minuto"},"schema":{"@context":"https:\/\/schema.org","@graph":[{"@type":"WebPage","@id":"https:\/\/simchocolate.com\/es\/produto\/bombon-de-cafe\/","url":"https:\/\/simchocolate.com\/es\/produto\/bombon-de-cafe\/","name":"","isPartOf":{"@id":"https:\/\/simchocolate.com\/es\/#website"},"primaryImageOfPage":{"@id":"https:\/\/simchocolate.com\/es\/produto\/bombon-de-cafe\/#primaryimage"},"image":{"@id":"https:\/\/simchocolate.com\/es\/produto\/bombon-de-cafe\/#primaryimage"},"thumbnailUrl":"https:\/\/simchocolate.com\/wp-content\/uploads\/2023\/10\/FINAL-INTEIRO-1.png","datePublished":"2023-10-20T16:51:53+00:00","description":"Disfruta de la intensidad de nuestro Bomb\u00f3n de Caf\u00e9, donde el robusto sabor del caf\u00e9 se combina a la perfecci\u00f3n con el chocolate de alta calidad.","breadcrumb":{"@id":"https:\/\/simchocolate.com\/es\/produto\/bombon-de-cafe\/#breadcrumb"},"inLanguage":"es","potentialAction":[{"@type":"ReadAction","target":["https:\/\/simchocolate.com\/es\/produto\/bombon-de-cafe\/"]}]},{"@type":"ImageObject","inLanguage":"es","@id":"https:\/\/simchocolate.com\/es\/produto\/bombon-de-cafe\/#primaryimage","url":"https:\/\/simchocolate.com\/wp-content\/uploads\/2023\/10\/FINAL-INTEIRO-1.png","contentUrl":"https:\/\/simchocolate.com\/wp-content\/uploads\/2023\/10\/FINAL-INTEIRO-1.png","width":1000,"height":1000,"caption":"bombom de caf\u00e9"},{"@type":"BreadcrumbList","@id":"https:\/\/simchocolate.com\/es\/produto\/bombon-de-cafe\/#breadcrumb","itemListElement":[{"@type":"ListItem","position":1,"name":"In\u00edcio","item":"https:\/\/simchocolate.com\/es\/"},{"@type":"ListItem","position":2,"name":"Productos","item":"https:\/\/simchocolate.com\/es\/shop\/"},{"@type":"ListItem","position":3,"name":"Bomb\u00f3n de caf\u00e9"}]},{"@type":"WebSite","@id":"https:\/\/simchocolate.com\/es\/#website","url":"https:\/\/simchocolate.com\/es\/","name":"SIM Chocolate","description":"Do amor incondicional entre uma m\u00e3e e sua filha, nasce a marca SIM Bombons no Natal de 2014","potentialAction":[{"@type":"SearchAction","target":{"@type":"EntryPoint","urlTemplate":"https:\/\/simchocolate.com\/es\/?s={search_term_string}"},"query-input":{"@type":"PropertyValueSpecification","valueRequired":true,"valueName":"search_term_string"}}],"inLanguage":"es"}]}},"_links":{"self":[{"href":"https:\/\/simchocolate.com\/es\/wp-json\/wp\/v2\/product\/9778","targetHints":{"allow":["GET"]}}],"collection":[{"href":"https:\/\/simchocolate.com\/es\/wp-json\/wp\/v2\/product"}],"about":[{"href":"https:\/\/simchocolate.com\/es\/wp-json\/wp\/v2\/types\/product"}],"replies":[{"embeddable":true,"href":"https:\/\/simchocolate.com\/es\/wp-json\/wp\/v2\/comments?post=9778"}],"wp:featuredmedia":[{"embeddable":true,"href":"https:\/\/simchocolate.com\/es\/wp-json\/wp\/v2\/media\/9787"}],"wp:attachment":[{"href":"https:\/\/simchocolate.com\/es\/wp-json\/wp\/v2\/media?parent=9778"}],"wp:term":[{"taxonomy":"product_brand","embeddable":true,"href":"https:\/\/simchocolate.com\/es\/wp-json\/wp\/v2\/product_brand?post=9778"},{"taxonomy":"product_cat","embeddable":true,"href":"https:\/\/simchocolate.com\/es\/wp-json\/wp\/v2\/product_cat?post=9778"},{"taxonomy":"product_tag","embeddable":true,"href":"https:\/\/simchocolate.com\/es\/wp-json\/wp\/v2\/product_tag?post=9778"}],"curies":[{"name":"wp","href":"https:\/\/api.w.org\/{rel}","templated":true}]}}